{"id":2886,"date":"2025-03-09T13:03:15","date_gmt":"2025-03-09T13:03:15","guid":{"rendered":"https:\/\/artstella-elixirs-floraux.com\/product\/vervain-15ml-phi\/"},"modified":"2025-07-12T15:25:53","modified_gmt":"2025-07-12T15:25:53","slug":"vervain-15ml-phi","status":"publish","type":"product","link":"https:\/\/artstella-elixirs-floraux.com\/en\/product\/vervain-15ml-phi\/","title":{"rendered":"VERVAIN 15ML PHI"},"content":{"rendered":"","protected":false},"excerpt":{"rendered":"<p><strong><em>Vervain (Verbena officinalis) (Verveine)<\/em><\/strong> Nous aide \u00e0 trouver la mesure dans nos actions. Pour respecter les autres comme ils sont.<\/p>","protected":false},"featured_media":2887,"template":"","meta":[],"product_brand":[],"product_cat":[127],"product_tag":[],"class_list":{"0":"post-2886","1":"product","2":"type-product","3":"status-publish","4":"has-post-thumbnail","6":"product_cat-les-fleurs-de-bach-phi","8":"first","9":"instock","10":"taxable","11":"shipping-taxable","12":"purchasable","13":"product-type-simple"},"etheme_brands":{"errors":{"invalid_taxonomy":["Invalid taxonomy."]},"error_data":[]},"jetpack_sharing_enabled":true,"jetpack-related-posts":[{"id":5960,"url":"https:\/\/artstella-elixirs-floraux.com\/en\/product\/verveine-10ml-deva\/","url_meta":{"origin":2886,"position":0},"title":"Verveine 10ml DEVA","author":"eveapprill","date":"9 March 2025","format":false,"excerpt":"Verveine - Vervain Verbena officinalis Mod\u00e9ration, tol\u00e9rance Pour les personnes autoritaires, \u00e9nergiques, qui ont des opinions fermes et qui veulent convertir les autres sans tenir compte de leur opinion. Pour l'exc\u00e8s d'enthousiasme conduisant \u00e0 l'extr\u00e9misme et au fanatisme.","rel":"","context":"Similar post","block_context":{"text":"Similar post","link":""},"img":{"alt_text":"","src":"","width":0,"height":0},"classes":[]},{"id":6044,"url":"https:\/\/artstella-elixirs-floraux.com\/en\/product\/elixir-ocean-n08-phi-15ml\/","url_meta":{"origin":2886,"position":1},"title":"ELIXIR OCEAN N\u00b008 PHI 15ML","author":"eveapprill","date":"9 March 2025","format":false,"excerpt":"L\u2019\u00e9lixir nous aide \u00e0 rester ouverts au nouveau, \u00e0 de nouvelles situations, \u00e0 une nouvelle relation et \u00e0 pouvoir s\u2019engager. L\u2019engagement est facilit\u00e9 \u00e9nerg\u00e9tiquement mais aussi les processus de r\u00e9solution des probl\u00e8mes. Il devient possible de l\u00e2cher prise de ce qui ne nous correspond plus (\u00e9galement l\u2019information de souffrance). Nous\u2026","rel":"","context":"Similar post","block_context":{"text":"Similar post","link":""},"img":{"alt_text":"","src":"https:\/\/i0.wp.com\/artstella-elixirs-floraux.com\/wp-content\/uploads\/2025\/03\/wp-image2046.png?resize=350%2C200&ssl=1","width":350,"height":200},"classes":[]},{"id":6207,"url":"https:\/\/artstella-elixirs-floraux.com\/en\/product\/elixir-ocean-n-24-phi-15ml\/","url_meta":{"origin":2886,"position":2},"title":"ELIXIR OCEAN N\u00b0 24 PHI 15ml","author":"eveapprill","date":"9 March 2025","format":false,"excerpt":"ELIXIR OCEAN N\u00b0 24\u00a0 aide les personnes qui manquent d\u2019orientation et se sentent perdus \u00e0 re-trouver une solidit\u00e9 int\u00e9rieure leur permettant de s\u2019ouvrir \u00e0 un partenariat dans une stabilit\u00e9 int\u00e9rieure. Il aidera \u00e9galement, au plan spirituel, \u00e0 pouvoir faire confiance en Dieu. Pour trouver un sens et du contenu \u00e0\u2026","rel":"","context":"Similar post","block_context":{"text":"Similar post","link":""},"img":{"alt_text":"","src":"https:\/\/i0.wp.com\/artstella-elixirs-floraux.com\/wp-content\/uploads\/2025\/03\/wp-image2198.png?resize=350%2C200&ssl=1","width":350,"height":200},"classes":[]},{"id":4014,"url":"https:\/\/artstella-elixirs-floraux.com\/en\/product\/cedron-verveine-15-ml-sylfos\/","url_meta":{"origin":2886,"position":3},"title":"CEDRON \/ VERVEINE ODORANTE SYLFOS","author":"eveapprill","date":"9 March 2025","format":false,"excerpt":"CEDRONAloysia citriodorata Confiance en soi, pers\u00e9v\u00e9rance. D\u00e9veloppe la confiance en soi, la sociabilit\u00e9, la compr\u00e9hension, l\u201dempathie, le respect d\u2019autrui et la compassion.","rel":"","context":"Similar post","block_context":{"text":"Similar post","link":""},"img":{"alt_text":"","src":"","width":0,"height":0},"classes":[]},{"id":3235,"url":"https:\/\/artstella-elixirs-floraux.com\/en\/product\/valeriane-15-ml-phi\/","url_meta":{"origin":2886,"position":4},"title":"VALERIANE 15 ML PHI","author":"eveapprill","date":"9 March 2025","format":false,"excerpt":"Val\u00e9riane (Valeriana officinalis) (Baldrian) Son action apaise \u00e9nerg\u00e9tiquement le corps et l'esprit. L'\u00e9lixir aide \u00e0 traverser les situations de stress avec la paix int\u00e9rieure.","rel":"","context":"Similar post","block_context":{"text":"Similar post","link":""},"img":{"alt_text":"","src":"https:\/\/i0.wp.com\/artstella-elixirs-floraux.com\/wp-content\/uploads\/2025\/03\/wp-image658.png?resize=350%2C200&ssl=1","width":350,"height":200},"classes":[]},{"id":6042,"url":"https:\/\/artstella-elixirs-floraux.com\/en\/product\/elixir-ocean-n07-phi-15ml\/","url_meta":{"origin":2886,"position":5},"title":"ELIXIR OCEAN N\u00b007 PHI 15ML","author":"eveapprill","date":"9 March 2025","format":false,"excerpt":"L\u2018\u00e9lixir soutient les processus d\u2019\u00e9volution. Apporte un soutien \u00e9nerg\u00e9tique au d\u00e9veloppement cellulaire, \u00e0 leur formation et transformation.\u00a0A l\u2019image de la chenille qui forme un cocon et du cocon sort un papillon, il nous aide \u00e0 murir et \u00e0 poursuivre notre d\u00e9veloppement. Pour atteindre nos buts dans la vie.","rel":"","context":"Similar post","block_context":{"text":"Similar post","link":""},"img":{"alt_text":"","src":"https:\/\/i0.wp.com\/artstella-elixirs-floraux.com\/wp-content\/uploads\/2025\/03\/wp-image2045.png?resize=350%2C200&ssl=1","width":350,"height":200},"classes":[]}],"_links":{"self":[{"href":"https:\/\/artstella-elixirs-floraux.com\/en\/wp-json\/wp\/v2\/product\/2886","targetHints":{"allow":["GET"]}}],"collection":[{"href":"https:\/\/artstella-elixirs-floraux.com\/en\/wp-json\/wp\/v2\/product"}],"about":[{"href":"https:\/\/artstella-elixirs-floraux.com\/en\/wp-json\/wp\/v2\/types\/product"}],"version-history":[{"count":1,"href":"https:\/\/artstella-elixirs-floraux.com\/en\/wp-json\/wp\/v2\/product\/2886\/revisions"}],"predecessor-version":[{"id":11009,"href":"https:\/\/artstella-elixirs-floraux.com\/en\/wp-json\/wp\/v2\/product\/2886\/revisions\/11009"}],"wp:featuredmedia":[{"embeddable":true,"href":"https:\/\/artstella-elixirs-floraux.com\/en\/wp-json\/wp\/v2\/media\/2887"}],"wp:attachment":[{"href":"https:\/\/artstella-elixirs-floraux.com\/en\/wp-json\/wp\/v2\/media?parent=2886"}],"wp:term":[{"taxonomy":"product_brand","embeddable":true,"href":"https:\/\/artstella-elixirs-floraux.com\/en\/wp-json\/wp\/v2\/product_brand?post=2886"},{"taxonomy":"product_cat","embeddable":true,"href":"https:\/\/artstella-elixirs-floraux.com\/en\/wp-json\/wp\/v2\/product_cat?post=2886"},{"taxonomy":"product_tag","embeddable":true,"href":"https:\/\/artstella-elixirs-floraux.com\/en\/wp-json\/wp\/v2\/product_tag?post=2886"}],"curies":[{"name":"wp","href":"https:\/\/api.w.org\/{rel}","templated":true}]}}