{"id":2889,"date":"2025-03-09T13:03:17","date_gmt":"2025-03-09T13:03:17","guid":{"rendered":"https:\/\/artstella-elixirs-floraux.com\/product\/vine-15-ml-phi\/"},"modified":"2025-07-12T15:24:45","modified_gmt":"2025-07-12T15:24:45","slug":"vine-15-ml-phi","status":"publish","type":"product","link":"https:\/\/artstella-elixirs-floraux.com\/en\/product\/vine-15-ml-phi\/","title":{"rendered":"VINE 15 ML PHI"},"content":{"rendered":"","protected":false},"excerpt":{"rendered":"<p><strong><em>Vine (Vitis vinifera) (Vigne)<\/em><\/strong><\/p>\n<p>Nous aide \u00e0 laisser aux autres la possibilit\u00e9 de se d\u00e9velopper et accro\u00eet notre autorit\u00e9 naturelle.<\/p>","protected":false},"featured_media":2890,"template":"","meta":[],"product_brand":[],"product_cat":[127],"product_tag":[],"class_list":{"0":"post-2889","1":"product","2":"type-product","3":"status-publish","4":"has-post-thumbnail","6":"product_cat-les-fleurs-de-bach-phi","8":"first","9":"instock","10":"taxable","11":"shipping-taxable","12":"purchasable","13":"product-type-simple"},"etheme_brands":{"errors":{"invalid_taxonomy":["Invalid taxonomy."]},"error_data":[]},"jetpack_sharing_enabled":true,"jetpack-related-posts":[{"id":5962,"url":"https:\/\/artstella-elixirs-floraux.com\/en\/product\/vigne-10ml-deva\/","url_meta":{"origin":2889,"position":0},"title":"Vigne 10ml DEVA","author":"eveapprill","date":"9 March 2025","format":false,"excerpt":"Vigne - Vine Vitis vinifera Service, respect d\u2019autrui Pour les individus s\u00fbrs d'eux-m\u00eames, autoritaires, dominateurs et \u00e9go\u00efstes. Pour \u00eatre au service des autres.","rel":"","context":"Similar post","block_context":{"text":"Similar post","link":""},"img":{"alt_text":"","src":"","width":0,"height":0},"classes":[]},{"id":3863,"url":"https:\/\/artstella-elixirs-floraux.com\/en\/product\/oursin-15-ml-phi\/","url_meta":{"origin":2889,"position":1},"title":"OURSIN 15 ML PHI","author":"eveapprill","date":"9 March 2025","format":false,"excerpt":"Oursin\u00a0(Echinotrix diadema) Seeigel L\u2019\u00e9lixir nous aide \u00e0 trouver notre juste place dans le couple et les autres relations humaines. Il nous aide \u00e0 trouver la distance juste entre la proximit\u00e9 et l\u2019\u00e9loignement. Nous apprenons \u00e0 prendre notre place tout en laissant leur place aux autres.","rel":"","context":"Similar post","block_context":{"text":"Similar post","link":""},"img":{"alt_text":"","src":"","width":0,"height":0},"classes":[]},{"id":3928,"url":"https:\/\/artstella-elixirs-floraux.com\/en\/product\/bouquetin-a-e-phi-15-ml\/","url_meta":{"origin":2889,"position":2},"title":"BOUQUETIN A.E PHI 15 ML","author":"eveapprill","date":"9 March 2025","format":false,"excerpt":"Bouquetin (Carpa ibex) Steinbock aide \u00e0 se regarder et \u00e0 d\u00e9velopper la chaleur du c\u0153ur.","rel":"","context":"Similar post","block_context":{"text":"Similar post","link":""},"img":{"alt_text":"","src":"","width":0,"height":0},"classes":[]},{"id":5165,"url":"https:\/\/artstella-elixirs-floraux.com\/en\/product\/poisson-ange-royal-15-ml-phi\/","url_meta":{"origin":2889,"position":3},"title":"POISSON ANGE ROYAL 15 ML PHI","author":"eveapprill","date":"9 March 2025","format":false,"excerpt":"Poisson ange-royal (Pygoplites diacanthus) Kaiserfisch Ce poisson vit au milieu du corail en groupe. Son \u00e9lixir favorise la communication et le sentiment d\u2019appartenance.","rel":"","context":"Similar post","block_context":{"text":"Similar post","link":""},"img":{"alt_text":"","src":"","width":0,"height":0},"classes":[]},{"id":5836,"url":"https:\/\/artstella-elixirs-floraux.com\/en\/product\/pingouin-penguin-spheniscus-humboldtii15-ml-phi\/","url_meta":{"origin":2889,"position":4},"title":"Pingouin &#8211; Penguin (Spheniscus humboldtii)15 ml PHI","author":"eveapprill","date":"9 March 2025","format":false,"excerpt":"Pingouin - Penguin (Spheniscus humboldtii)\u00a0 Cet \u00e9lixir nous aide \u00e0 d\u00e9passer les peurs et \u00e0 apprendre \u00e0 faire confiance. Il accro\u00eet notre confiance et notre capacit\u00e9 \u00e0 nous adapter \u00e0 des situations nouvelles.","rel":"","context":"Similar post","block_context":{"text":"Similar post","link":""},"img":{"alt_text":"","src":"","width":0,"height":0},"classes":[]},{"id":3930,"url":"https:\/\/artstella-elixirs-floraux.com\/en\/product\/cigogne-a-e-phi-15-ml\/","url_meta":{"origin":2889,"position":5},"title":"CIGOGNE A.E PHI 15 ML","author":"eveapprill","date":"9 March 2025","format":false,"excerpt":"Cigogne (Ciconia ciconia) Storch convient aux personnes stress\u00e9es et dispers\u00e9es, qui ont besoin de calme.","rel":"","context":"Similar post","block_context":{"text":"Similar post","link":""},"img":{"alt_text":"","src":"","width":0,"height":0},"classes":[]}],"_links":{"self":[{"href":"https:\/\/artstella-elixirs-floraux.com\/en\/wp-json\/wp\/v2\/product\/2889","targetHints":{"allow":["GET"]}}],"collection":[{"href":"https:\/\/artstella-elixirs-floraux.com\/en\/wp-json\/wp\/v2\/product"}],"about":[{"href":"https:\/\/artstella-elixirs-floraux.com\/en\/wp-json\/wp\/v2\/types\/product"}],"version-history":[{"count":1,"href":"https:\/\/artstella-elixirs-floraux.com\/en\/wp-json\/wp\/v2\/product\/2889\/revisions"}],"predecessor-version":[{"id":11008,"href":"https:\/\/artstella-elixirs-floraux.com\/en\/wp-json\/wp\/v2\/product\/2889\/revisions\/11008"}],"wp:featuredmedia":[{"embeddable":true,"href":"https:\/\/artstella-elixirs-floraux.com\/en\/wp-json\/wp\/v2\/media\/2890"}],"wp:attachment":[{"href":"https:\/\/artstella-elixirs-floraux.com\/en\/wp-json\/wp\/v2\/media?parent=2889"}],"wp:term":[{"taxonomy":"product_brand","embeddable":true,"href":"https:\/\/artstella-elixirs-floraux.com\/en\/wp-json\/wp\/v2\/product_brand?post=2889"},{"taxonomy":"product_cat","embeddable":true,"href":"https:\/\/artstella-elixirs-floraux.com\/en\/wp-json\/wp\/v2\/product_cat?post=2889"},{"taxonomy":"product_tag","embeddable":true,"href":"https:\/\/artstella-elixirs-floraux.com\/en\/wp-json\/wp\/v2\/product_tag?post=2889"}],"curies":[{"name":"wp","href":"https:\/\/api.w.org\/{rel}","templated":true}]}}