{"id":2892,"date":"2025-03-09T13:03:20","date_gmt":"2025-03-09T13:03:20","guid":{"rendered":"https:\/\/artstella-elixirs-floraux.com\/product\/walnut-15-ml-phi\/"},"modified":"2025-07-12T15:23:58","modified_gmt":"2025-07-12T15:23:58","slug":"walnut-15-ml-phi","status":"publish","type":"product","link":"https:\/\/artstella-elixirs-floraux.com\/en\/product\/walnut-15-ml-phi\/","title":{"rendered":"WALNUT 15 ML PHI"},"content":{"rendered":"","protected":false},"excerpt":{"rendered":"<p><strong><em>Walnut (Juglans regia) (Noyer) <\/em><\/strong>Nous soutient dans tous processus de transformation, lors de changements importants. Pour faciliter un nouveau d\u00e9part.<\/p>","protected":false},"featured_media":2893,"template":"","meta":[],"product_brand":[],"product_cat":[127],"product_tag":[],"class_list":{"0":"post-2892","1":"product","2":"type-product","3":"status-publish","4":"has-post-thumbnail","6":"product_cat-les-fleurs-de-bach-phi","8":"first","9":"instock","10":"taxable","11":"shipping-taxable","12":"purchasable","13":"product-type-simple"},"etheme_brands":{"errors":{"invalid_taxonomy":["Invalid taxonomy."]},"error_data":[]},"jetpack_sharing_enabled":true,"jetpack-related-posts":[{"id":5942,"url":"https:\/\/artstella-elixirs-floraux.com\/en\/product\/noyer-15ml-deva\/","url_meta":{"origin":2892,"position":0},"title":"Noyer 15ml DEVA","author":"eveapprill","date":"9 March 2025","format":false,"excerpt":"Noyer - Walnut Juglans regia Lib\u00e9ration des liens du pass\u00e9, protection Aide \u00e0 se d\u00e9barrasser des liens du pass\u00e9. Pour ceux qui ont besoin de se prot\u00e9ger des influences ext\u00e9rieures, surtout pendant les p\u00e9riodes de changement.","rel":"","context":"Similar post","block_context":{"text":"Similar post","link":""},"img":{"alt_text":"","src":"","width":0,"height":0},"classes":[]}],"_links":{"self":[{"href":"https:\/\/artstella-elixirs-floraux.com\/en\/wp-json\/wp\/v2\/product\/2892","targetHints":{"allow":["GET"]}}],"collection":[{"href":"https:\/\/artstella-elixirs-floraux.com\/en\/wp-json\/wp\/v2\/product"}],"about":[{"href":"https:\/\/artstella-elixirs-floraux.com\/en\/wp-json\/wp\/v2\/types\/product"}],"version-history":[{"count":1,"href":"https:\/\/artstella-elixirs-floraux.com\/en\/wp-json\/wp\/v2\/product\/2892\/revisions"}],"predecessor-version":[{"id":11007,"href":"https:\/\/artstella-elixirs-floraux.com\/en\/wp-json\/wp\/v2\/product\/2892\/revisions\/11007"}],"wp:featuredmedia":[{"embeddable":true,"href":"https:\/\/artstella-elixirs-floraux.com\/en\/wp-json\/wp\/v2\/media\/2893"}],"wp:attachment":[{"href":"https:\/\/artstella-elixirs-floraux.com\/en\/wp-json\/wp\/v2\/media?parent=2892"}],"wp:term":[{"taxonomy":"product_brand","embeddable":true,"href":"https:\/\/artstella-elixirs-floraux.com\/en\/wp-json\/wp\/v2\/product_brand?post=2892"},{"taxonomy":"product_cat","embeddable":true,"href":"https:\/\/artstella-elixirs-floraux.com\/en\/wp-json\/wp\/v2\/product_cat?post=2892"},{"taxonomy":"product_tag","embeddable":true,"href":"https:\/\/artstella-elixirs-floraux.com\/en\/wp-json\/wp\/v2\/product_tag?post=2892"}],"curies":[{"name":"wp","href":"https:\/\/api.w.org\/{rel}","templated":true}]}}