{"id":2931,"date":"2025-03-09T13:03:52","date_gmt":"2025-03-09T13:03:52","guid":{"rendered":"https:\/\/artstella-elixirs-floraux.com\/product\/diamant-15-ml-phi\/"},"modified":"2025-04-25T12:49:50","modified_gmt":"2025-04-25T12:49:50","slug":"diamant-15-ml-phi","status":"publish","type":"product","link":"https:\/\/artstella-elixirs-floraux.com\/en\/product\/diamant-15-ml-phi\/","title":{"rendered":"DIAMANT 15 ML PHI"},"content":{"rendered":"","protected":false},"excerpt":{"rendered":"<p><span style=\"color: #008000;\"><strong><em>Diamant (Diamant) <\/em><\/strong><\/span><\/p>\n<p>Il apporte la lumi\u00e8re dans les parties sombres de l&rsquo;\u00e2me. Clart\u00e9 et connaissance sereine contribuent \u00e0 la r\u00e9alisation de soi.<\/p>","protected":false},"featured_media":2932,"template":"","meta":[],"product_brand":[],"product_cat":[85],"product_tag":[],"class_list":{"0":"post-2931","1":"product","2":"type-product","3":"status-publish","4":"has-post-thumbnail","6":"product_cat-les-elixirs-de-pierres-precieuses","8":"first","9":"instock","10":"taxable","11":"shipping-taxable","12":"purchasable","13":"product-type-simple"},"etheme_brands":{"errors":{"invalid_taxonomy":["Invalid taxonomy."]},"error_data":[]},"jetpack_sharing_enabled":true,"jetpack-related-posts":[{"id":3003,"url":"https:\/\/artstella-elixirs-floraux.com\/en\/product\/diamant-herkimer-15-ml-phi\/","url_meta":{"origin":2931,"position":0},"title":"DIAMANT HERKIMER 15 ML PHI","author":"eveapprill","date":"9 March 2025","format":false,"excerpt":"Diamant de Herkimer Sert \u00e0 la purification et la clarification \u00e0 tous les niveaux. Il apporte d\u00e9tente et \u00e9quilibrage \u00e9nerg\u00e9tique. Il soutient la m\u00e9ditation et la vie des r\u00eaves.","rel":"","context":"Similar post","block_context":{"text":"Similar post","link":""},"img":{"alt_text":"","src":"https:\/\/i0.wp.com\/artstella-elixirs-floraux.com\/wp-content\/uploads\/2025\/03\/wp-image630.png?resize=350%2C200&ssl=1","width":350,"height":200},"classes":[]},{"id":4559,"url":"https:\/\/artstella-elixirs-floraux.com\/en\/product\/coffret-pierres-sup-26fl15-ml-phi\/","url_meta":{"origin":2931,"position":1},"title":"COFFRET PIERRES SUP (26FL)15 ML PHI","author":"eveapprill","date":"9 March 2025","format":false,"excerpt":"Contient 26 \u00e9lixirs de pierres pr\u00e9cieuses et de m\u00e9tal suppl\u00e9mentaires : Agathe, apatite, chrysob\u00e9ryl, opale de feu, fluorine, or, grenat, diamant de Herkimer, jaspe rouge, corail, cuivre, lapis-lazuli, magn\u00e9tite, malachite, moldavite, obsidienne, perle, platine, saphir bleu, argent, pierre de soleil, sugilite bleue, sugilite violette, oeil de tigre, topaze bleue, zircon.","rel":"","context":"Similar post","block_context":{"text":"Similar post","link":""},"img":{"alt_text":"","src":"","width":0,"height":0},"classes":[]},{"id":4542,"url":"https:\/\/artstella-elixirs-floraux.com\/en\/product\/coffret-pierres-precieuses-15-ml\/","url_meta":{"origin":2931,"position":2},"title":"COFFRET PIERRES PRECIEUSES 15 ML","author":"eveapprill","date":"9 March 2025","format":false,"excerpt":"\u00a0Les 20 \u00e9lixirs de pierres pr\u00e9cieuses Les pierres pr\u00e9cieuses sont un cadeau de la terre. Durant des millions d\u2019ann\u00e9es, elles se sont form\u00e9es en son sein jusqu\u2019\u00e0 ce que les hommes les d\u00e9couvrent et les mettent \u00e0 la lumi\u00e8re.","rel":"","context":"Similar post","block_context":{"text":"Similar post","link":""},"img":{"alt_text":"","src":"https:\/\/i0.wp.com\/artstella-elixirs-floraux.com\/wp-content\/uploads\/2025\/03\/wp-image1169.png?resize=350%2C200&ssl=1","width":350,"height":200,"srcset":"https:\/\/i0.wp.com\/artstella-elixirs-floraux.com\/wp-content\/uploads\/2025\/03\/wp-image1169.png?resize=350%2C200&ssl=1 1x, https:\/\/i0.wp.com\/artstella-elixirs-floraux.com\/wp-content\/uploads\/2025\/03\/wp-image1169.png?resize=525%2C300&ssl=1 1.5x, https:\/\/i0.wp.com\/artstella-elixirs-floraux.com\/wp-content\/uploads\/2025\/03\/wp-image1169.png?resize=700%2C400&ssl=1 2x"},"classes":[]},{"id":3588,"url":"https:\/\/artstella-elixirs-floraux.com\/en\/product\/hara-au-coeur-ltoe-15-ml\/","url_meta":{"origin":2931,"position":3},"title":"Hara to Heart LTOE 15 ml","author":"eveapprill","date":"9 March 2025","format":false,"excerpt":"Du hara au c\u0153ur\/Hara to Heart (Bulbophyllum lobbii - Asie du Sud-Est) Cet \u00e9lixir donne du c\u0153ur au centre, et s\u2019av\u00e8re tr\u00e8s efficace pour ceux qui h\u00e9sitent \u00e0 s\u2019incarner. Il ram\u00e8ne l\u2019\u00e9nergie au 2e chakra,","rel":"","context":"Similar post","block_context":{"text":"Similar post","link":""},"img":{"alt_text":"","src":"https:\/\/i0.wp.com\/artstella-elixirs-floraux.com\/wp-content\/uploads\/2025\/03\/495034bb-0110-4c4b-a090-0c4cb69f1a81.jpg?resize=350%2C200&ssl=1","width":350,"height":200,"srcset":"https:\/\/i0.wp.com\/artstella-elixirs-floraux.com\/wp-content\/uploads\/2025\/03\/495034bb-0110-4c4b-a090-0c4cb69f1a81.jpg?resize=350%2C200&ssl=1 1x, https:\/\/i0.wp.com\/artstella-elixirs-floraux.com\/wp-content\/uploads\/2025\/03\/495034bb-0110-4c4b-a090-0c4cb69f1a81.jpg?resize=525%2C300&ssl=1 1.5x, https:\/\/i0.wp.com\/artstella-elixirs-floraux.com\/wp-content\/uploads\/2025\/03\/495034bb-0110-4c4b-a090-0c4cb69f1a81.jpg?resize=700%2C400&ssl=1 2x"},"classes":[]}],"_links":{"self":[{"href":"https:\/\/artstella-elixirs-floraux.com\/en\/wp-json\/wp\/v2\/product\/2931","targetHints":{"allow":["GET"]}}],"collection":[{"href":"https:\/\/artstella-elixirs-floraux.com\/en\/wp-json\/wp\/v2\/product"}],"about":[{"href":"https:\/\/artstella-elixirs-floraux.com\/en\/wp-json\/wp\/v2\/types\/product"}],"version-history":[{"count":0,"href":"https:\/\/artstella-elixirs-floraux.com\/en\/wp-json\/wp\/v2\/product\/2931\/revisions"}],"wp:featuredmedia":[{"embeddable":true,"href":"https:\/\/artstella-elixirs-floraux.com\/en\/wp-json\/wp\/v2\/media\/2932"}],"wp:attachment":[{"href":"https:\/\/artstella-elixirs-floraux.com\/en\/wp-json\/wp\/v2\/media?parent=2931"}],"wp:term":[{"taxonomy":"product_brand","embeddable":true,"href":"https:\/\/artstella-elixirs-floraux.com\/en\/wp-json\/wp\/v2\/product_brand?post=2931"},{"taxonomy":"product_cat","embeddable":true,"href":"https:\/\/artstella-elixirs-floraux.com\/en\/wp-json\/wp\/v2\/product_cat?post=2931"},{"taxonomy":"product_tag","embeddable":true,"href":"https:\/\/artstella-elixirs-floraux.com\/en\/wp-json\/wp\/v2\/product_tag?post=2931"}],"curies":[{"name":"wp","href":"https:\/\/api.w.org\/{rel}","templated":true}]}}