{"id":2934,"date":"2025-03-09T13:03:54","date_gmt":"2025-03-09T13:03:54","guid":{"rendered":"https:\/\/artstella-elixirs-floraux.com\/product\/cristal-elestial-15-ml-phi\/"},"modified":"2025-06-08T12:53:17","modified_gmt":"2025-06-08T12:53:17","slug":"cristal-elestial-15-ml-phi","status":"publish","type":"product","link":"https:\/\/artstella-elixirs-floraux.com\/en\/product\/cristal-elestial-15-ml-phi\/","title":{"rendered":"CRISTAL ELESTIAL 15 ML PHI"},"content":{"rendered":"","protected":false},"excerpt":{"rendered":"<p><span style=\"color: #008000;\"><strong><em>Cristal Elestial (Elestialkristall) <\/em><\/strong><\/span><\/p>\n<p>Il aide \u00e0 voir o\u00f9 notre \u00ab\u00a0v\u00e9rit\u00e9\u00a0\u00bb n&rsquo;est pas en accord avec l&rsquo;harmonie universelle. A utiliser avec pr\u00e9caution. Il permet un \u00e9quilibrage \u00e9nerg\u00e9tique et dissous les blocages des chakras.<\/p>","protected":false},"featured_media":2935,"template":"","meta":[],"product_brand":[],"product_cat":[85],"product_tag":[],"class_list":{"0":"post-2934","1":"product","2":"type-product","3":"status-publish","4":"has-post-thumbnail","6":"product_cat-les-elixirs-de-pierres-precieuses","8":"first","9":"instock","10":"taxable","11":"shipping-taxable","12":"purchasable","13":"product-type-simple"},"etheme_brands":{"errors":{"invalid_taxonomy":["Invalid taxonomy."]},"error_data":[]},"jetpack_sharing_enabled":true,"jetpack-related-posts":[{"id":2928,"url":"https:\/\/artstella-elixirs-floraux.com\/en\/product\/cristal-de-roche-15-ml-phi\/","url_meta":{"origin":2934,"position":0},"title":"CRISTAL DE ROCHE 15 ML PHI","author":"eveapprill","date":"9 March 2025","format":false,"excerpt":"Cristal de roche (quartz incolore) (Bergkristal) A une action purifiante, d\u00e9sintoxicante sur le plan psychique. Il renforce la protection de l'aura.","rel":"","context":"Similar post","block_context":{"text":"Similar post","link":""},"img":{"alt_text":"","src":"https:\/\/i0.wp.com\/artstella-elixirs-floraux.com\/wp-content\/uploads\/2025\/03\/wp-image296.png?resize=350%2C200&ssl=1","width":350,"height":200},"classes":[]},{"id":4542,"url":"https:\/\/artstella-elixirs-floraux.com\/en\/product\/coffret-pierres-precieuses-15-ml\/","url_meta":{"origin":2934,"position":1},"title":"COFFRET PIERRES PRECIEUSES 15 ML","author":"eveapprill","date":"9 March 2025","format":false,"excerpt":"\u00a0Les 20 \u00e9lixirs de pierres pr\u00e9cieuses Les pierres pr\u00e9cieuses sont un cadeau de la terre. Durant des millions d\u2019ann\u00e9es, elles se sont form\u00e9es en son sein jusqu\u2019\u00e0 ce que les hommes les d\u00e9couvrent et les mettent \u00e0 la lumi\u00e8re.","rel":"","context":"Similar post","block_context":{"text":"Similar post","link":""},"img":{"alt_text":"","src":"https:\/\/i0.wp.com\/artstella-elixirs-floraux.com\/wp-content\/uploads\/2025\/03\/wp-image1169.png?resize=350%2C200&ssl=1","width":350,"height":200,"srcset":"https:\/\/i0.wp.com\/artstella-elixirs-floraux.com\/wp-content\/uploads\/2025\/03\/wp-image1169.png?resize=350%2C200&ssl=1 1x, https:\/\/i0.wp.com\/artstella-elixirs-floraux.com\/wp-content\/uploads\/2025\/03\/wp-image1169.png?resize=525%2C300&ssl=1 1.5x, https:\/\/i0.wp.com\/artstella-elixirs-floraux.com\/wp-content\/uploads\/2025\/03\/wp-image1169.png?resize=700%2C400&ssl=1 2x"},"classes":[]},{"id":6074,"url":"https:\/\/artstella-elixirs-floraux.com\/en\/product\/inner-peace-15-ml-ltoe\/","url_meta":{"origin":2934,"position":2},"title":"INNER PEACE 15 ML LTOE","author":"eveapprill","date":"9 March 2025","format":false,"excerpt":"Inner Peace - Dendrobium eximium Paix int\u00e9rieure Pr\u00e9pare \u00e0 exp\u00e9rimenter la vraie paix int\u00e9rieure, comme ceux qui ont atteint un haut d\u00e9veloppement de leur voyage spirituel. \u00ab\u00a0La paix surpassera toute compr\u00e9hension\u00a0\u00bb.","rel":"","context":"Similar post","block_context":{"text":"Similar post","link":""},"img":{"alt_text":"","src":"https:\/\/i0.wp.com\/artstella-elixirs-floraux.com\/wp-content\/uploads\/2025\/03\/wp-image2062.png?resize=350%2C200&ssl=1","width":350,"height":200,"srcset":"https:\/\/i0.wp.com\/artstella-elixirs-floraux.com\/wp-content\/uploads\/2025\/03\/wp-image2062.png?resize=350%2C200&ssl=1 1x, https:\/\/i0.wp.com\/artstella-elixirs-floraux.com\/wp-content\/uploads\/2025\/03\/wp-image2062.png?resize=525%2C300&ssl=1 1.5x, https:\/\/i0.wp.com\/artstella-elixirs-floraux.com\/wp-content\/uploads\/2025\/03\/wp-image2062.png?resize=700%2C400&ssl=1 2x, https:\/\/i0.wp.com\/artstella-elixirs-floraux.com\/wp-content\/uploads\/2025\/03\/wp-image2062.png?resize=1050%2C600&ssl=1 3x, https:\/\/i0.wp.com\/artstella-elixirs-floraux.com\/wp-content\/uploads\/2025\/03\/wp-image2062.png?resize=1400%2C800&ssl=1 4x"},"classes":[]},{"id":6093,"url":"https:\/\/artstella-elixirs-floraux.com\/en\/product\/collier-mammendorf-phi\/","url_meta":{"origin":2934,"position":3},"title":"COLLIER \u00ab\u00a0MAMMENDORF\u00a0\u00bb PHI","author":"eveapprill","date":"9 March 2025","format":false,"excerpt":"\u00a0 Le cercle de bl\u00e9 \"Mammendorf\"\u00a0 montre la perfection du nombre PHI de la g\u00e9om\u00e9trie sacr\u00e9 : le souvenir du lien de toute vie avec le divin. Cet \u00e9lixir r\u00e9g\u00e9n\u00e8re \u00e9nerg\u00e9tiquement l\u2019information dans son \u00e9tat originel. L\u2019\u00eatre humain peut se recentrer \u00e9nerg\u00e9tiquement. Avec un\u00a0 cristal de roche. plaqu\u00e9 or 24\u2026","rel":"","context":"Similar post","block_context":{"text":"Similar post","link":""},"img":{"alt_text":"","src":"https:\/\/i0.wp.com\/artstella-elixirs-floraux.com\/wp-content\/uploads\/2025\/03\/wp-image2128.png?resize=350%2C200&ssl=1","width":350,"height":200,"srcset":"https:\/\/i0.wp.com\/artstella-elixirs-floraux.com\/wp-content\/uploads\/2025\/03\/wp-image2128.png?resize=350%2C200&ssl=1 1x, https:\/\/i0.wp.com\/artstella-elixirs-floraux.com\/wp-content\/uploads\/2025\/03\/wp-image2128.png?resize=525%2C300&ssl=1 1.5x, https:\/\/i0.wp.com\/artstella-elixirs-floraux.com\/wp-content\/uploads\/2025\/03\/wp-image2128.png?resize=700%2C400&ssl=1 2x"},"classes":[]},{"id":4537,"url":"https:\/\/artstella-elixirs-floraux.com\/en\/product\/coffret-fleurs-classiques-15-ml\/","url_meta":{"origin":2934,"position":4},"title":"COFFRET FLEURS CLASSIQUES 15 ML","author":"eveapprill","date":"9 March 2025","format":false,"excerpt":"Elixirs de fleurs classiques : Correspondent aux 38 Fleurs de Bach avec le RQ5 rem\u00e8de d'urgence aux 5 fleurs et le RQ7 rem\u00e8de d'urgence aux 7 fleurs, r\u00e9alis\u00e9s avec la m\u00e9thode de transfert sans couper les fleurs.","rel":"","context":"Similar post","block_context":{"text":"Similar post","link":""},"img":{"alt_text":"","src":"https:\/\/i0.wp.com\/artstella-elixirs-floraux.com\/wp-content\/uploads\/2025\/03\/wp-image2354.png?resize=350%2C200&ssl=1","width":350,"height":200,"srcset":"https:\/\/i0.wp.com\/artstella-elixirs-floraux.com\/wp-content\/uploads\/2025\/03\/wp-image2354.png?resize=350%2C200&ssl=1 1x, https:\/\/i0.wp.com\/artstella-elixirs-floraux.com\/wp-content\/uploads\/2025\/03\/wp-image2354.png?resize=525%2C300&ssl=1 1.5x, https:\/\/i0.wp.com\/artstella-elixirs-floraux.com\/wp-content\/uploads\/2025\/03\/wp-image2354.png?resize=700%2C400&ssl=1 2x"},"classes":[]},{"id":3699,"url":"https:\/\/artstella-elixirs-floraux.com\/en\/product\/angelic-canopy-blue-spray\/","url_meta":{"origin":2934,"position":5},"title":"ANGELIC CANOPY BLUE SPRAY","author":"eveapprill","date":"5 September 2025","format":false,"excerpt":"Angelic canopy (La canop\u00e9e des Anges) Un spray tr\u00e8s puissant pour nettoyer l\u2019aura, mais aussi les espaces de vie et de travail. Profond\u00e9ment rassurant, il agit comme un baume pour l\u2019\u00e2me troubl\u00e9e. Nourrit ceux qui sont en grande peine, ont perdu l\u2019espoir. Peut \u00eatre donn\u00e9 aux animaux. Permet de mieux\u2026","rel":"","context":"Similar post","block_context":{"text":"Similar post","link":""},"img":{"alt_text":"","src":"https:\/\/i0.wp.com\/artstella-elixirs-floraux.com\/wp-content\/uploads\/2025\/03\/Angelic-Canopy-Blue-500.jpg?resize=350%2C200&ssl=1","width":350,"height":200},"classes":[]}],"_links":{"self":[{"href":"https:\/\/artstella-elixirs-floraux.com\/en\/wp-json\/wp\/v2\/product\/2934","targetHints":{"allow":["GET"]}}],"collection":[{"href":"https:\/\/artstella-elixirs-floraux.com\/en\/wp-json\/wp\/v2\/product"}],"about":[{"href":"https:\/\/artstella-elixirs-floraux.com\/en\/wp-json\/wp\/v2\/types\/product"}],"version-history":[{"count":0,"href":"https:\/\/artstella-elixirs-floraux.com\/en\/wp-json\/wp\/v2\/product\/2934\/revisions"}],"wp:featuredmedia":[{"embeddable":true,"href":"https:\/\/artstella-elixirs-floraux.com\/en\/wp-json\/wp\/v2\/media\/2935"}],"wp:attachment":[{"href":"https:\/\/artstella-elixirs-floraux.com\/en\/wp-json\/wp\/v2\/media?parent=2934"}],"wp:term":[{"taxonomy":"product_brand","embeddable":true,"href":"https:\/\/artstella-elixirs-floraux.com\/en\/wp-json\/wp\/v2\/product_brand?post=2934"},{"taxonomy":"product_cat","embeddable":true,"href":"https:\/\/artstella-elixirs-floraux.com\/en\/wp-json\/wp\/v2\/product_cat?post=2934"},{"taxonomy":"product_tag","embeddable":true,"href":"https:\/\/artstella-elixirs-floraux.com\/en\/wp-json\/wp\/v2\/product_tag?post=2934"}],"curies":[{"name":"wp","href":"https:\/\/api.w.org\/{rel}","templated":true}]}}