{"id":2953,"date":"2025-03-09T13:04:10","date_gmt":"2025-03-09T13:04:10","guid":{"rendered":"https:\/\/artstella-elixirs-floraux.com\/product\/rubis-15-ml-phi\/"},"modified":"2025-06-08T12:53:16","modified_gmt":"2025-06-08T12:53:16","slug":"rubis-15-ml-phi","status":"publish","type":"product","link":"https:\/\/artstella-elixirs-floraux.com\/en\/product\/rubis-15-ml-phi\/","title":{"rendered":"RUBIS 15 ML PHI"},"content":{"rendered":"","protected":false},"excerpt":{"rendered":"<p><span style=\"color: #008000;\"><strong><em>Rubis (Rubin) <\/em><\/strong><\/span><\/p>\n<p>Stimule et stabilise les chakras de base et du c\u0153ur. Fortifie le chakra du c\u0153ur.<\/p>","protected":false},"featured_media":2954,"template":"","meta":[],"product_brand":[],"product_cat":[85],"product_tag":[],"class_list":{"0":"post-2953","1":"product","2":"type-product","3":"status-publish","4":"has-post-thumbnail","6":"product_cat-les-elixirs-de-pierres-precieuses","8":"first","9":"instock","10":"taxable","11":"shipping-taxable","12":"purchasable","13":"product-type-simple"},"etheme_brands":{"errors":{"invalid_taxonomy":["Invalid taxonomy."]},"error_data":[]},"jetpack_sharing_enabled":true,"jetpack-related-posts":[{"id":2968,"url":"https:\/\/artstella-elixirs-floraux.com\/en\/product\/tourmaline-rose-15-ml-phi\/","url_meta":{"origin":2953,"position":0},"title":"TOURMALINE ROSE 15 ML PHI","author":"eveapprill","date":"9 March 2025","format":false,"excerpt":"Tourmaline rose (Turmalin rosa) Lib\u00e8re le chakra du c\u0153ur de blocages r\u00e9sultant d'exp\u00e9riences n\u00e9gatives de la vie. Lib\u00e8re le chakra du c\u0153ur et l'harmonise. \u00a0","rel":"","context":"Similar post","block_context":{"text":"Similar post","link":""},"img":{"alt_text":"","src":"https:\/\/i0.wp.com\/artstella-elixirs-floraux.com\/wp-content\/uploads\/2025\/03\/wp-image309.png?resize=350%2C200&ssl=1","width":350,"height":200},"classes":[]},{"id":2944,"url":"https:\/\/artstella-elixirs-floraux.com\/en\/product\/olivine-15-ml-phi\/","url_meta":{"origin":2953,"position":1},"title":"OLIVINE 15 ML PHI","author":"eveapprill","date":"9 March 2025","format":false,"excerpt":"Olivine (P\u00e9ridot, chrysolithe) (Olivin) Stimule les chakras du c\u0153ur et du plexus solaire. Les tensions et les crispations disparaissent. Nous nous ouvrons \u00e0 la joie et \u00e0 l'amour et savons intuitivement ce qu\u2019il convient de faire au bon moment.","rel":"","context":"Similar post","block_context":{"text":"Similar post","link":""},"img":{"alt_text":"","src":"https:\/\/i0.wp.com\/artstella-elixirs-floraux.com\/wp-content\/uploads\/2025\/03\/wp-image301.png?resize=350%2C200&ssl=1","width":350,"height":200},"classes":[]},{"id":5588,"url":"https:\/\/artstella-elixirs-floraux.com\/en\/product\/pyramide-kephren-phi-15-ml\/","url_meta":{"origin":2953,"position":2},"title":"PYRAMIDE Kephren PHI 15 ML","author":"eveapprill","date":"9 March 2025","format":false,"excerpt":"Pyramide de Kh\u00e9phren En partant du chakra du c\u0153ur, cette \u00e9nergie monte et communique avec le corps mental et les chakras sup\u00e9rieurs. L\u2019\u00e9lixir active \u00e9nergiquement le cerveau. Pour \u00e9quilibrer \u00e9nergiquement\u00a0 notre \u00e9volution.","rel":"","context":"Similar post","block_context":{"text":"Similar post","link":""},"img":{"alt_text":"","src":"https:\/\/i0.wp.com\/artstella-elixirs-floraux.com\/wp-content\/uploads\/2025\/03\/wp-image2169.png?resize=350%2C200&ssl=1","width":350,"height":200,"srcset":"https:\/\/i0.wp.com\/artstella-elixirs-floraux.com\/wp-content\/uploads\/2025\/03\/wp-image2169.png?resize=350%2C200&ssl=1 1x, https:\/\/i0.wp.com\/artstella-elixirs-floraux.com\/wp-content\/uploads\/2025\/03\/wp-image2169.png?resize=525%2C300&ssl=1 1.5x, https:\/\/i0.wp.com\/artstella-elixirs-floraux.com\/wp-content\/uploads\/2025\/03\/wp-image2169.png?resize=700%2C400&ssl=1 2x"},"classes":[]},{"id":3157,"url":"https:\/\/artstella-elixirs-floraux.com\/en\/product\/rose-pimprenelle-phi-15-ml\/","url_meta":{"origin":2953,"position":3},"title":"ROSE PIMPRENELLE PHI 15 ML","author":"eveapprill","date":"9 March 2025","format":false,"excerpt":"Rose Pimprenelle (Rosa spinosissima) Agit de mani\u00e8re harmonisante au niveau du plexus solaire et du chakra du c\u0153ur. Nous apprenons \u00e0 prendre de la distance et \u00e0 \u00eatre plus d\u00e9tendus. Cette rose permet au c\u0153ur de ressentir, mais non de se d\u00e9velopper. Elle apporte la chaleur du c\u0153ur et la\u2026","rel":"","context":"Similar post","block_context":{"text":"Similar post","link":""},"img":{"alt_text":"","src":"https:\/\/i0.wp.com\/artstella-elixirs-floraux.com\/wp-content\/uploads\/2025\/03\/wp-image400.png?resize=350%2C200&ssl=1","width":350,"height":200},"classes":[]},{"id":3243,"url":"https:\/\/artstella-elixirs-floraux.com\/en\/product\/lys-orange-15-ml-phi\/","url_meta":{"origin":2953,"position":4},"title":"LYS ORANGE 15 ML PHI","author":"eveapprill","date":"9 March 2025","format":false,"excerpt":"Lys orang\u00e9 (Lilium bulbiferum) (Feuerlilie) Unit le deuxi\u00e8me et le quatri\u00e8me chakra (sexuel et c\u0153ur). Il nous apprend \u00e0 acqu\u00e9rir une attitude juste face \u00e0 la sexualit\u00e9 et \u00e0 laisser monter nos \u00e9nergies jusqu'au niveau du c\u0153ur.","rel":"","context":"Similar post","block_context":{"text":"Similar post","link":""},"img":{"alt_text":"","src":"https:\/\/i0.wp.com\/artstella-elixirs-floraux.com\/wp-content\/uploads\/2025\/03\/wp-image662.png?resize=350%2C200&ssl=1","width":350,"height":200},"classes":[]},{"id":3588,"url":"https:\/\/artstella-elixirs-floraux.com\/en\/product\/hara-au-coeur-ltoe-15-ml\/","url_meta":{"origin":2953,"position":5},"title":"Hara to Heart LTOE 15 ml","author":"eveapprill","date":"9 March 2025","format":false,"excerpt":"Du hara au c\u0153ur\/Hara to Heart (Bulbophyllum lobbii - Asie du Sud-Est) Cet \u00e9lixir donne du c\u0153ur au centre, et s\u2019av\u00e8re tr\u00e8s efficace pour ceux qui h\u00e9sitent \u00e0 s\u2019incarner. Il ram\u00e8ne l\u2019\u00e9nergie au 2e chakra,","rel":"","context":"Similar post","block_context":{"text":"Similar post","link":""},"img":{"alt_text":"","src":"https:\/\/i0.wp.com\/artstella-elixirs-floraux.com\/wp-content\/uploads\/2025\/03\/495034bb-0110-4c4b-a090-0c4cb69f1a81.jpg?resize=350%2C200&ssl=1","width":350,"height":200,"srcset":"https:\/\/i0.wp.com\/artstella-elixirs-floraux.com\/wp-content\/uploads\/2025\/03\/495034bb-0110-4c4b-a090-0c4cb69f1a81.jpg?resize=350%2C200&ssl=1 1x, https:\/\/i0.wp.com\/artstella-elixirs-floraux.com\/wp-content\/uploads\/2025\/03\/495034bb-0110-4c4b-a090-0c4cb69f1a81.jpg?resize=525%2C300&ssl=1 1.5x, https:\/\/i0.wp.com\/artstella-elixirs-floraux.com\/wp-content\/uploads\/2025\/03\/495034bb-0110-4c4b-a090-0c4cb69f1a81.jpg?resize=700%2C400&ssl=1 2x"},"classes":[]}],"_links":{"self":[{"href":"https:\/\/artstella-elixirs-floraux.com\/en\/wp-json\/wp\/v2\/product\/2953","targetHints":{"allow":["GET"]}}],"collection":[{"href":"https:\/\/artstella-elixirs-floraux.com\/en\/wp-json\/wp\/v2\/product"}],"about":[{"href":"https:\/\/artstella-elixirs-floraux.com\/en\/wp-json\/wp\/v2\/types\/product"}],"version-history":[{"count":0,"href":"https:\/\/artstella-elixirs-floraux.com\/en\/wp-json\/wp\/v2\/product\/2953\/revisions"}],"wp:featuredmedia":[{"embeddable":true,"href":"https:\/\/artstella-elixirs-floraux.com\/en\/wp-json\/wp\/v2\/media\/2954"}],"wp:attachment":[{"href":"https:\/\/artstella-elixirs-floraux.com\/en\/wp-json\/wp\/v2\/media?parent=2953"}],"wp:term":[{"taxonomy":"product_brand","embeddable":true,"href":"https:\/\/artstella-elixirs-floraux.com\/en\/wp-json\/wp\/v2\/product_brand?post=2953"},{"taxonomy":"product_cat","embeddable":true,"href":"https:\/\/artstella-elixirs-floraux.com\/en\/wp-json\/wp\/v2\/product_cat?post=2953"},{"taxonomy":"product_tag","embeddable":true,"href":"https:\/\/artstella-elixirs-floraux.com\/en\/wp-json\/wp\/v2\/product_tag?post=2953"}],"curies":[{"name":"wp","href":"https:\/\/api.w.org\/{rel}","templated":true}]}}