{"id":2956,"date":"2025-03-09T13:04:13","date_gmt":"2025-03-09T13:04:13","guid":{"rendered":"https:\/\/artstella-elixirs-floraux.com\/product\/quartz-rutile-15-ml-phi\/"},"modified":"2025-05-27T22:27:38","modified_gmt":"2025-05-27T22:27:38","slug":"quartz-rutile-15-ml-phi","status":"publish","type":"product","link":"https:\/\/artstella-elixirs-floraux.com\/en\/product\/quartz-rutile-15-ml-phi\/","title":{"rendered":"QUARTZ RUTILE 15 ML PHI"},"content":{"rendered":"","protected":false},"excerpt":{"rendered":"<p><span style=\"color: #008000;\"><strong><em>Quartz rutile (Rutilquarz) <\/em><\/strong><\/span><\/p>\n<p>Aide \u00e0 trouver la racine de nos probl\u00e8mes et apporte la lumi\u00e8re dans notre \u00e2me.<\/p>","protected":false},"featured_media":2957,"template":"","meta":[],"product_brand":[],"product_cat":[85],"product_tag":[],"class_list":{"0":"post-2956","1":"product","2":"type-product","3":"status-publish","4":"has-post-thumbnail","6":"product_cat-les-elixirs-de-pierres-precieuses","8":"first","9":"instock","10":"taxable","11":"shipping-taxable","12":"purchasable","13":"product-type-simple"},"etheme_brands":{"errors":{"invalid_taxonomy":["Invalid taxonomy."]},"error_data":[]},"jetpack_sharing_enabled":true,"jetpack-related-posts":[{"id":2947,"url":"https:\/\/artstella-elixirs-floraux.com\/en\/product\/quartz-fume-phi-15-ml\/","url_meta":{"origin":2956,"position":0},"title":"QUARTZ FUME PHI 15 ML","author":"eveapprill","date":"9 March 2025","format":false,"excerpt":"Quartz fum\u00e9 (Rauchquarz) Aide \u00e0 voir les parties sombres de l'\u00e2me et \u00e0 les admettre. Nous apprenons ainsi \u00e0 nous accepter tels que nous sommes.","rel":"","context":"Similar post","block_context":{"text":"Similar post","link":""},"img":{"alt_text":"","src":"https:\/\/i0.wp.com\/artstella-elixirs-floraux.com\/wp-content\/uploads\/2025\/03\/wp-image302.png?resize=350%2C200&ssl=1","width":350,"height":200},"classes":[]},{"id":4542,"url":"https:\/\/artstella-elixirs-floraux.com\/en\/product\/coffret-pierres-precieuses-15-ml\/","url_meta":{"origin":2956,"position":1},"title":"COFFRET PIERRES PRECIEUSES 15 ML","author":"eveapprill","date":"9 March 2025","format":false,"excerpt":"\u00a0Les 20 \u00e9lixirs de pierres pr\u00e9cieuses Les pierres pr\u00e9cieuses sont un cadeau de la terre. Durant des millions d\u2019ann\u00e9es, elles se sont form\u00e9es en son sein jusqu\u2019\u00e0 ce que les hommes les d\u00e9couvrent et les mettent \u00e0 la lumi\u00e8re.","rel":"","context":"Similar post","block_context":{"text":"Similar post","link":""},"img":{"alt_text":"","src":"https:\/\/i0.wp.com\/artstella-elixirs-floraux.com\/wp-content\/uploads\/2025\/03\/wp-image1169.png?resize=350%2C200&ssl=1","width":350,"height":200,"srcset":"https:\/\/i0.wp.com\/artstella-elixirs-floraux.com\/wp-content\/uploads\/2025\/03\/wp-image1169.png?resize=350%2C200&ssl=1 1x, https:\/\/i0.wp.com\/artstella-elixirs-floraux.com\/wp-content\/uploads\/2025\/03\/wp-image1169.png?resize=525%2C300&ssl=1 1.5x, https:\/\/i0.wp.com\/artstella-elixirs-floraux.com\/wp-content\/uploads\/2025\/03\/wp-image1169.png?resize=700%2C400&ssl=1 2x"},"classes":[]},{"id":2950,"url":"https:\/\/artstella-elixirs-floraux.com\/en\/product\/quartz-rose-15-ml-phi\/","url_meta":{"origin":2956,"position":2},"title":"QUARTZ ROSE 15 ML PHI","author":"eveapprill","date":"9 March 2025","format":false,"excerpt":"Quartz rose (Rosenquarz) Dissout la n\u00e9gativit\u00e9 par la douceur et l'amour. Apporte une vibration douce, calme et pleine d'amour, harmonise le corps \u00e9motionnel.","rel":"","context":"Similar post","block_context":{"text":"Similar post","link":""},"img":{"alt_text":"","src":"https:\/\/i0.wp.com\/artstella-elixirs-floraux.com\/wp-content\/uploads\/2025\/03\/wp-image637.png?resize=350%2C200&ssl=1","width":350,"height":200},"classes":[]},{"id":2931,"url":"https:\/\/artstella-elixirs-floraux.com\/en\/product\/diamant-15-ml-phi\/","url_meta":{"origin":2956,"position":3},"title":"DIAMANT 15 ML PHI","author":"eveapprill","date":"9 March 2025","format":false,"excerpt":"Diamant (Diamant) Il apporte la lumi\u00e8re dans les parties sombres de l'\u00e2me. Clart\u00e9 et connaissance sereine contribuent \u00e0 la r\u00e9alisation de soi.","rel":"","context":"Similar post","block_context":{"text":"Similar post","link":""},"img":{"alt_text":"","src":"https:\/\/i0.wp.com\/artstella-elixirs-floraux.com\/wp-content\/uploads\/2025\/03\/wp-image297.png?resize=350%2C200&ssl=1","width":350,"height":200},"classes":[]},{"id":2928,"url":"https:\/\/artstella-elixirs-floraux.com\/en\/product\/cristal-de-roche-15-ml-phi\/","url_meta":{"origin":2956,"position":4},"title":"CRISTAL DE ROCHE 15 ML PHI","author":"eveapprill","date":"9 March 2025","format":false,"excerpt":"Cristal de roche (quartz incolore) (Bergkristal) A une action purifiante, d\u00e9sintoxicante sur le plan psychique. Il renforce la protection de l'aura.","rel":"","context":"Similar post","block_context":{"text":"Similar post","link":""},"img":{"alt_text":"","src":"https:\/\/i0.wp.com\/artstella-elixirs-floraux.com\/wp-content\/uploads\/2025\/03\/wp-image296.png?resize=350%2C200&ssl=1","width":350,"height":200},"classes":[]},{"id":5096,"url":"https:\/\/artstella-elixirs-floraux.com\/en\/product\/raspberry-rutile-7-5ml-alas-gem-sup\/","url_meta":{"origin":2956,"position":5},"title":"RASPBERRY RUTILE 7.5ML ALAS GEM SUP","author":"eveapprill","date":"9 March 2025","format":false,"excerpt":"Raspberry Rutile - \u00a0Rutile framboise Indication : manque de confiance dans ses capacit\u00e9s \u00e0 recevoir la guidance\u00a0du monde spirituel; d\u00e9sorientation apr\u00e8s un choc ou une exp\u00e9rience traumatisante\u00a0; facilement","rel":"","context":"Similar post","block_context":{"text":"Similar post","link":""},"img":{"alt_text":"","src":"https:\/\/i0.wp.com\/artstella-elixirs-floraux.com\/wp-content\/uploads\/2025\/03\/wp-image1415.png?resize=350%2C200&ssl=1","width":350,"height":200},"classes":[]}],"_links":{"self":[{"href":"https:\/\/artstella-elixirs-floraux.com\/en\/wp-json\/wp\/v2\/product\/2956","targetHints":{"allow":["GET"]}}],"collection":[{"href":"https:\/\/artstella-elixirs-floraux.com\/en\/wp-json\/wp\/v2\/product"}],"about":[{"href":"https:\/\/artstella-elixirs-floraux.com\/en\/wp-json\/wp\/v2\/types\/product"}],"version-history":[{"count":0,"href":"https:\/\/artstella-elixirs-floraux.com\/en\/wp-json\/wp\/v2\/product\/2956\/revisions"}],"wp:featuredmedia":[{"embeddable":true,"href":"https:\/\/artstella-elixirs-floraux.com\/en\/wp-json\/wp\/v2\/media\/2957"}],"wp:attachment":[{"href":"https:\/\/artstella-elixirs-floraux.com\/en\/wp-json\/wp\/v2\/media?parent=2956"}],"wp:term":[{"taxonomy":"product_brand","embeddable":true,"href":"https:\/\/artstella-elixirs-floraux.com\/en\/wp-json\/wp\/v2\/product_brand?post=2956"},{"taxonomy":"product_cat","embeddable":true,"href":"https:\/\/artstella-elixirs-floraux.com\/en\/wp-json\/wp\/v2\/product_cat?post=2956"},{"taxonomy":"product_tag","embeddable":true,"href":"https:\/\/artstella-elixirs-floraux.com\/en\/wp-json\/wp\/v2\/product_tag?post=2956"}],"curies":[{"name":"wp","href":"https:\/\/api.w.org\/{rel}","templated":true}]}}