{"id":2971,"date":"2025-03-09T13:04:24","date_gmt":"2025-03-09T13:04:24","guid":{"rendered":"https:\/\/artstella-elixirs-floraux.com\/product\/tourmaline-noire-15-ml-phi\/"},"modified":"2025-04-25T12:40:33","modified_gmt":"2025-04-25T12:40:33","slug":"tourmaline-noire-15-ml-phi","status":"publish","type":"product","link":"https:\/\/artstella-elixirs-floraux.com\/en\/product\/tourmaline-noire-15-ml-phi\/","title":{"rendered":"TOURMALINE NOIRE 15 ML PHI"},"content":{"rendered":"","protected":false},"excerpt":{"rendered":"<p><strong><em><span style=\"color: #008000;\">Tourmaline noire (Turmalin schwarz)<\/span> <\/em><\/strong><\/p>\n<p>Aide les \u00eatres soumis aux rayonnements d&rsquo;ordinateurs, d&rsquo;appareils \u00e9lectriques et d&rsquo;\u00e9crans. Contribue \u00e0 supprimer les vibrations n\u00e9gatives du corps et de l&rsquo;esprit.<\/p>","protected":false},"featured_media":2972,"template":"","meta":[],"product_brand":[],"product_cat":[85],"product_tag":[],"class_list":{"0":"post-2971","1":"product","2":"type-product","3":"status-publish","4":"has-post-thumbnail","6":"product_cat-les-elixirs-de-pierres-precieuses","8":"first","9":"instock","10":"taxable","11":"shipping-taxable","12":"purchasable","13":"product-type-simple"},"etheme_brands":{"errors":{"invalid_taxonomy":["Invalid taxonomy."]},"error_data":[]},"jetpack_sharing_enabled":true,"jetpack-related-posts":[{"id":5049,"url":"https:\/\/artstella-elixirs-floraux.com\/en\/product\/black-tourmaline-master-q-7-5-ml\/","url_meta":{"origin":2971,"position":0},"title":"BLACK TOURMALINE MASTER Q 7.5 ML","author":"eveapprill","date":"9 March 2025","format":false,"excerpt":"Black Tourmaline\/Master Quartz \u2013 Tourmaline noire \/quartz ma\u00eetre Indication flux d\u2019\u00e9nergie restreint dans certaines parties du corps\u00a0; haut niveau d\u2019\u00e9nergies toxiques dans les chakras\u00a0; incapacit\u00e9 \u00e0 int\u00e9grer l\u2019\u00e9nergie spirituelle avec la programmation de la survie.","rel":"","context":"Similar post","block_context":{"text":"Similar post","link":""},"img":{"alt_text":"","src":"https:\/\/i0.wp.com\/artstella-elixirs-floraux.com\/wp-content\/uploads\/2025\/03\/wp-image1400.png?resize=350%2C200&ssl=1","width":350,"height":200},"classes":[]},{"id":2974,"url":"https:\/\/artstella-elixirs-floraux.com\/en\/product\/tourmaline-melon-deau-15ml-phi\/","url_meta":{"origin":2971,"position":1},"title":"TOURMALINE MELON D&rsquo;EAU 15ML PHI","author":"eveapprill","date":"9 March 2025","format":false,"excerpt":"Tourmaline melon d\u2019eau (Wassermelonen Turmalin) Agit \u00e9nerg\u00e9tiquement sur la structuration et le renouvellement des cellules. Stimule les forces d'auto gu\u00e9rison","rel":"","context":"Similar post","block_context":{"text":"Similar post","link":""},"img":{"alt_text":"","src":"https:\/\/i0.wp.com\/artstella-elixirs-floraux.com\/wp-content\/uploads\/2025\/03\/wp-image311.png?resize=350%2C200&ssl=1","width":350,"height":200},"classes":[]},{"id":2968,"url":"https:\/\/artstella-elixirs-floraux.com\/en\/product\/tourmaline-rose-15-ml-phi\/","url_meta":{"origin":2971,"position":2},"title":"TOURMALINE ROSE 15 ML PHI","author":"eveapprill","date":"9 March 2025","format":false,"excerpt":"Tourmaline rose (Turmalin rosa) Lib\u00e8re le chakra du c\u0153ur de blocages r\u00e9sultant d'exp\u00e9riences n\u00e9gatives de la vie. Lib\u00e8re le chakra du c\u0153ur et l'harmonise. \u00a0","rel":"","context":"Similar post","block_context":{"text":"Similar post","link":""},"img":{"alt_text":"","src":"https:\/\/i0.wp.com\/artstella-elixirs-floraux.com\/wp-content\/uploads\/2025\/03\/wp-image309.png?resize=350%2C200&ssl=1","width":350,"height":200},"classes":[]},{"id":2964,"url":"https:\/\/artstella-elixirs-floraux.com\/en\/product\/tourmaline-bleue-15-ml-phi\/","url_meta":{"origin":2971,"position":3},"title":"TOURMALINE BLEUE 15 ML PHI","author":"eveapprill","date":"9 March 2025","format":false,"excerpt":"Tourmaline bleue (Indigolite) (Turmalin blau) D\u00e9noue les \u00e9motions bloqu\u00e9es au niveau du plexus solaire qui peuvent alors \u00eatre exprim\u00e9es verbalement. Correspond \u00e0 la partie r\u00e9ceptive de l'\u00eatre.","rel":"","context":"Similar post","block_context":{"text":"Similar post","link":""},"img":{"alt_text":"","src":"https:\/\/i0.wp.com\/artstella-elixirs-floraux.com\/wp-content\/uploads\/2025\/03\/wp-image308.png?resize=350%2C200&ssl=1","width":350,"height":200},"classes":[]},{"id":5053,"url":"https:\/\/artstella-elixirs-floraux.com\/en\/product\/blue-green-tourmaline-alas-r-30ml\/","url_meta":{"origin":2971,"position":4},"title":"BLUE GREEN TOURMALINE ALAS R 30ML","author":"eveapprill","date":"9 March 2025","format":false,"excerpt":"Blue Green Tourmaline \u2013 Tourmaline bleu vert Indication : agitation, trouble int\u00e9rieur\u00a0; alignement vertical faible\u00a0; exc\u00e8s d\u2019\u00e9nergie mentale bloquant le flux descendant des forces spirituelles\u00a0; peur et r\u00e9sistance au niveau du c\u0153ur","rel":"","context":"Similar post","block_context":{"text":"Similar post","link":""},"img":{"alt_text":"","src":"https:\/\/i0.wp.com\/artstella-elixirs-floraux.com\/wp-content\/uploads\/2025\/03\/wp-image1401.png?resize=350%2C200&ssl=1","width":350,"height":200},"classes":[]},{"id":4531,"url":"https:\/\/artstella-elixirs-floraux.com\/en\/product\/collier-paradies-phi\/","url_meta":{"origin":2971,"position":5},"title":"COLLIER PARADIES PHI","author":"eveapprill","date":"9 March 2025","format":false,"excerpt":"Le pendentif \u00ab\u00a0Paradise\u00a0\u00bb\u00a0: Energie vitale En verre souffl\u00e9 transparent avec une perle de tourmaline noire Renforce l\u2019\u00e9nergie vitale ainsi que les pens\u00e9es positives. Aide les personnes dans les situations difficiles \u00e0 voir positivement et \u00e0 se relier au Divin.","rel":"","context":"Similar post","block_context":{"text":"Similar post","link":""},"img":{"alt_text":"","src":"","width":0,"height":0},"classes":[]}],"_links":{"self":[{"href":"https:\/\/artstella-elixirs-floraux.com\/en\/wp-json\/wp\/v2\/product\/2971","targetHints":{"allow":["GET"]}}],"collection":[{"href":"https:\/\/artstella-elixirs-floraux.com\/en\/wp-json\/wp\/v2\/product"}],"about":[{"href":"https:\/\/artstella-elixirs-floraux.com\/en\/wp-json\/wp\/v2\/types\/product"}],"version-history":[{"count":0,"href":"https:\/\/artstella-elixirs-floraux.com\/en\/wp-json\/wp\/v2\/product\/2971\/revisions"}],"wp:featuredmedia":[{"embeddable":true,"href":"https:\/\/artstella-elixirs-floraux.com\/en\/wp-json\/wp\/v2\/media\/2972"}],"wp:attachment":[{"href":"https:\/\/artstella-elixirs-floraux.com\/en\/wp-json\/wp\/v2\/media?parent=2971"}],"wp:term":[{"taxonomy":"product_brand","embeddable":true,"href":"https:\/\/artstella-elixirs-floraux.com\/en\/wp-json\/wp\/v2\/product_brand?post=2971"},{"taxonomy":"product_cat","embeddable":true,"href":"https:\/\/artstella-elixirs-floraux.com\/en\/wp-json\/wp\/v2\/product_cat?post=2971"},{"taxonomy":"product_tag","embeddable":true,"href":"https:\/\/artstella-elixirs-floraux.com\/en\/wp-json\/wp\/v2\/product_tag?post=2971"}],"curies":[{"name":"wp","href":"https:\/\/api.w.org\/{rel}","templated":true}]}}