{"id":2980,"date":"2025-03-09T13:04:31","date_gmt":"2025-03-09T13:04:31","guid":{"rendered":"https:\/\/artstella-elixirs-floraux.com\/product\/agathe-15-ml-phi\/"},"modified":"2025-04-25T12:38:31","modified_gmt":"2025-04-25T12:38:31","slug":"agathe-15-ml-phi","status":"publish","type":"product","link":"https:\/\/artstella-elixirs-floraux.com\/en\/product\/agathe-15-ml-phi\/","title":{"rendered":"AGATHE 15 ML PHI"},"content":{"rendered":"","protected":false},"excerpt":{"rendered":"<p><span style=\"color: #008000;\"><strong><em>Agathe (Achat)<\/em><\/strong><\/span><\/p>\n<p>Apporte protection, force et enracinement. L&rsquo;\u00e9lixir procure un profond sentiment de s\u00e9curit\u00e9.<\/p>","protected":false},"featured_media":2981,"template":"","meta":[],"product_brand":[],"product_cat":[85],"product_tag":[],"class_list":{"0":"post-2980","1":"product","2":"type-product","3":"status-publish","4":"has-post-thumbnail","6":"product_cat-les-elixirs-de-pierres-precieuses","8":"first","9":"instock","10":"taxable","11":"shipping-taxable","12":"purchasable","13":"product-type-simple"},"etheme_brands":{"errors":{"invalid_taxonomy":["Invalid taxonomy."]},"error_data":[]},"jetpack_sharing_enabled":true,"jetpack-related-posts":[{"id":3322,"url":"https:\/\/artstella-elixirs-floraux.com\/en\/product\/aubepine-15-ml-phi\/","url_meta":{"origin":2980,"position":0},"title":"AUBEPINE 15 ML PHI","author":"eveapprill","date":"9 March 2025","format":false,"excerpt":"Aub\u00e9pine (Crataegus oxyacantha) (Weissdorn) L'\u00e9lixir dissout les profonds sentiments de tristesse et apporte une d\u00e9tente \u00e9motionnelle. Il aide \u00e0 l\u00e2cher prise et permet \u00e0 la vie de se r\u00e9animer en nous.","rel":"","context":"Similar post","block_context":{"text":"Similar post","link":""},"img":{"alt_text":"","src":"https:\/\/i0.wp.com\/artstella-elixirs-floraux.com\/wp-content\/uploads\/2025\/03\/wp-image701.png?resize=350%2C200&ssl=1","width":350,"height":200},"classes":[]},{"id":3456,"url":"https:\/\/artstella-elixirs-floraux.com\/en\/product\/cepe-dete-15-ml-phi\/","url_meta":{"origin":2980,"position":1},"title":"CEPE D&rsquo;ETE 15 ML PHI","author":"eveapprill","date":"9 March 2025","format":false,"excerpt":"C\u00e8pe d\u2019\u00e9t\u00e9 (Boletus aestivalis ou reticulatus) (Sommer-Steinpilz) L'\u00e9lixir relie \u00e0 la force de la terre, renforce par cet ancrage solide. Il apporte une protection \u00e9nerg\u00e9tique \u00e0 tout l'organisme.","rel":"","context":"Similar post","block_context":{"text":"Similar post","link":""},"img":{"alt_text":"","src":"https:\/\/i0.wp.com\/artstella-elixirs-floraux.com\/wp-content\/uploads\/2025\/03\/wp-image327.png?resize=350%2C200&ssl=1","width":350,"height":200},"classes":[]},{"id":3944,"url":"https:\/\/artstella-elixirs-floraux.com\/en\/product\/tigre-phi-15-ml\/","url_meta":{"origin":2980,"position":2},"title":"TIGRE PHI 15 ML","author":"eveapprill","date":"27 May 2025","format":false,"excerpt":"Tigre (Pantshera tigri) Tiger Cet \u00e9lixir nous procure la force de patienter et l'aide pour pouvoir agir au bon moment. Il favorise la flexibilit\u00e9.","rel":"","context":"Similar post","block_context":{"text":"Similar post","link":""},"img":{"alt_text":"","src":"","width":0,"height":0},"classes":[]},{"id":3324,"url":"https:\/\/artstella-elixirs-floraux.com\/en\/product\/citronnier-15-ml-phi\/","url_meta":{"origin":2980,"position":3},"title":"CITRONNIER 15 ML PHI","author":"eveapprill","date":"9 March 2025","format":false,"excerpt":"Citronnier (Citrus limon) (Zitrone) Purifie les plans subtils et apporte une clart\u00e9 nouvelle. L'\u00e9lixir renouvelle le sentiment de bien-\u00eatre.","rel":"","context":"Similar post","block_context":{"text":"Similar post","link":""},"img":{"alt_text":"","src":"https:\/\/i0.wp.com\/artstella-elixirs-floraux.com\/wp-content\/uploads\/2025\/03\/wp-image702.png?resize=350%2C200&ssl=1","width":350,"height":200},"classes":[]},{"id":3316,"url":"https:\/\/artstella-elixirs-floraux.com\/en\/product\/oseille-15-ml-phi\/","url_meta":{"origin":2980,"position":4},"title":"OSEILLE 15 ML PHI","author":"eveapprill","date":"9 March 2025","format":false,"excerpt":"Oseille (Rumex acetosa) (Sauerampfer) L'oseille est une championne de la survie, elle pousse dans des endroits charg\u00e9s. L'\u00e9lixir apporte force vitale, r\u00e9g\u00e9n\u00e9ration et r\u00e9sistance.","rel":"","context":"Similar post","block_context":{"text":"Similar post","link":""},"img":{"alt_text":"","src":"https:\/\/i0.wp.com\/artstella-elixirs-floraux.com\/wp-content\/uploads\/2025\/03\/wp-image698.png?resize=350%2C200&ssl=1","width":350,"height":200},"classes":[]},{"id":3092,"url":"https:\/\/artstella-elixirs-floraux.com\/en\/product\/teide-phi-15-ml\/","url_meta":{"origin":2980,"position":5},"title":"TEIDE PHI 15 ML","author":"eveapprill","date":"9 March 2025","format":false,"excerpt":"\u00c9lixir du volcan Te\u00efde Cet \u00e9lixir environnemental a \u00e9t\u00e9 r\u00e9alis\u00e9 sur le volcan du Te\u00efde ( 3 718 m) qui domine l\u2019\u00eele de T\u00e9n\u00e9riffe aux Canaries. Son action\u00a0: l\u2019\u00e9lixir permet \u00e0 la conscience de descendre au plan cellulaire, jusqu\u2019aux plus petites structures.","rel":"","context":"Similar post","block_context":{"text":"Similar post","link":""},"img":{"alt_text":"","src":"","width":0,"height":0},"classes":[]}],"_links":{"self":[{"href":"https:\/\/artstella-elixirs-floraux.com\/en\/wp-json\/wp\/v2\/product\/2980","targetHints":{"allow":["GET"]}}],"collection":[{"href":"https:\/\/artstella-elixirs-floraux.com\/en\/wp-json\/wp\/v2\/product"}],"about":[{"href":"https:\/\/artstella-elixirs-floraux.com\/en\/wp-json\/wp\/v2\/types\/product"}],"version-history":[{"count":0,"href":"https:\/\/artstella-elixirs-floraux.com\/en\/wp-json\/wp\/v2\/product\/2980\/revisions"}],"wp:featuredmedia":[{"embeddable":true,"href":"https:\/\/artstella-elixirs-floraux.com\/en\/wp-json\/wp\/v2\/media\/2981"}],"wp:attachment":[{"href":"https:\/\/artstella-elixirs-floraux.com\/en\/wp-json\/wp\/v2\/media?parent=2980"}],"wp:term":[{"taxonomy":"product_brand","embeddable":true,"href":"https:\/\/artstella-elixirs-floraux.com\/en\/wp-json\/wp\/v2\/product_brand?post=2980"},{"taxonomy":"product_cat","embeddable":true,"href":"https:\/\/artstella-elixirs-floraux.com\/en\/wp-json\/wp\/v2\/product_cat?post=2980"},{"taxonomy":"product_tag","embeddable":true,"href":"https:\/\/artstella-elixirs-floraux.com\/en\/wp-json\/wp\/v2\/product_tag?post=2980"}],"curies":[{"name":"wp","href":"https:\/\/api.w.org\/{rel}","templated":true}]}}