{"id":2985,"date":"2025-03-09T13:04:48","date_gmt":"2025-03-09T13:04:48","guid":{"rendered":"https:\/\/artstella-elixirs-floraux.com\/product\/apatite-phi-15-ml\/"},"modified":"2025-06-08T12:53:16","modified_gmt":"2025-06-08T12:53:16","slug":"apatite-phi-15-ml","status":"publish","type":"product","link":"https:\/\/artstella-elixirs-floraux.com\/en\/product\/apatite-phi-15-ml\/","title":{"rendered":"APATITE PHI 15 ML"},"content":{"rendered":"","protected":false},"excerpt":{"rendered":"<p><strong><em><span style=\"color: #008000;\">Apatite (<\/span>Apatit) <\/em><\/strong><\/p>\n<p>Favorise l&rsquo;apaisement, la clart\u00e9, la concentration et la m\u00e9ditation. Il soutient le travail de r\u00e9gression.<\/p>","protected":false},"featured_media":2986,"template":"","meta":[],"product_brand":[],"product_cat":[85],"product_tag":[],"class_list":{"0":"post-2985","1":"product","2":"type-product","3":"status-publish","4":"has-post-thumbnail","6":"product_cat-les-elixirs-de-pierres-precieuses","8":"first","9":"instock","10":"taxable","11":"shipping-taxable","12":"purchasable","13":"product-type-simple"},"etheme_brands":{"errors":{"invalid_taxonomy":["Invalid taxonomy."]},"error_data":[]},"jetpack_sharing_enabled":true,"jetpack-related-posts":[{"id":2898,"url":"https:\/\/artstella-elixirs-floraux.com\/en\/product\/white-chestnut-15-ml-phi\/","url_meta":{"origin":2985,"position":0},"title":"WHITE CHESTNUT 15 ML PHI","author":"eveapprill","date":"9 March 2025","format":false,"excerpt":"White chesnut (Aezsculus hippocastanum) Marronnier blanc) Apaise les pens\u00e9es et favorise la clart\u00e9 mentale.","rel":"","context":"Similar post","block_context":{"text":"Similar post","link":""},"img":{"alt_text":"","src":"https:\/\/i0.wp.com\/artstella-elixirs-floraux.com\/wp-content\/uploads\/2025\/03\/wp-image1102.png?resize=350%2C200&ssl=1","width":350,"height":200},"classes":[]},{"id":4559,"url":"https:\/\/artstella-elixirs-floraux.com\/en\/product\/coffret-pierres-sup-26fl15-ml-phi\/","url_meta":{"origin":2985,"position":1},"title":"COFFRET PIERRES SUP (26FL)15 ML PHI","author":"eveapprill","date":"9 March 2025","format":false,"excerpt":"Contient 26 \u00e9lixirs de pierres pr\u00e9cieuses et de m\u00e9tal suppl\u00e9mentaires : Agathe, apatite, chrysob\u00e9ryl, opale de feu, fluorine, or, grenat, diamant de Herkimer, jaspe rouge, corail, cuivre, lapis-lazuli, magn\u00e9tite, malachite, moldavite, obsidienne, perle, platine, saphir bleu, argent, pierre de soleil, sugilite bleue, sugilite violette, oeil de tigre, topaze bleue, zircon.","rel":"","context":"Similar post","block_context":{"text":"Similar post","link":""},"img":{"alt_text":"","src":"","width":0,"height":0},"classes":[]},{"id":3058,"url":"https:\/\/artstella-elixirs-floraux.com\/en\/product\/topaze-bleue-phi-15-ml\/","url_meta":{"origin":2985,"position":2},"title":"TOPAZE BLEUE PHI 15 ML","author":"eveapprill","date":"9 March 2025","format":false,"excerpt":"Topaze bleue (Topas) Favorise la cr\u00e9ativit\u00e9 et l'inspiration. Il apaise le mental et le clarifie, favorise l'effort spirituel et la tol\u00e9rance.","rel":"","context":"Similar post","block_context":{"text":"Similar post","link":""},"img":{"alt_text":"","src":"https:\/\/i0.wp.com\/artstella-elixirs-floraux.com\/wp-content\/uploads\/2025\/03\/wp-image651.png?resize=350%2C200&ssl=1","width":350,"height":200},"classes":[]},{"id":3003,"url":"https:\/\/artstella-elixirs-floraux.com\/en\/product\/diamant-herkimer-15-ml-phi\/","url_meta":{"origin":2985,"position":3},"title":"DIAMANT HERKIMER 15 ML PHI","author":"eveapprill","date":"9 March 2025","format":false,"excerpt":"Diamant de Herkimer Sert \u00e0 la purification et la clarification \u00e0 tous les niveaux. Il apporte d\u00e9tente et \u00e9quilibrage \u00e9nerg\u00e9tique. Il soutient la m\u00e9ditation et la vie des r\u00eaves.","rel":"","context":"Similar post","block_context":{"text":"Similar post","link":""},"img":{"alt_text":"","src":"https:\/\/i0.wp.com\/artstella-elixirs-floraux.com\/wp-content\/uploads\/2025\/03\/wp-image630.png?resize=350%2C200&ssl=1","width":350,"height":200},"classes":[]},{"id":2994,"url":"https:\/\/artstella-elixirs-floraux.com\/en\/product\/fluorit-15-ml-phi\/","url_meta":{"origin":2985,"position":4},"title":"FLUORIT 15 ML PHI","author":"eveapprill","date":"9 March 2025","format":false,"excerpt":"Fluorine ou fluorite (Fluorit) Produit un effet d'apaisement et de d\u00e9tente. Am\u00e9liore les capacit\u00e9s de concentration et met l'esprit en ordre.","rel":"","context":"Similar post","block_context":{"text":"Similar post","link":""},"img":{"alt_text":"","src":"https:\/\/i0.wp.com\/artstella-elixirs-floraux.com\/wp-content\/uploads\/2025\/03\/wp-image627.png?resize=350%2C200&ssl=1","width":350,"height":200,"srcset":"https:\/\/i0.wp.com\/artstella-elixirs-floraux.com\/wp-content\/uploads\/2025\/03\/wp-image627.png?resize=350%2C200&ssl=1 1x, https:\/\/i0.wp.com\/artstella-elixirs-floraux.com\/wp-content\/uploads\/2025\/03\/wp-image627.png?resize=525%2C300&ssl=1 1.5x, https:\/\/i0.wp.com\/artstella-elixirs-floraux.com\/wp-content\/uploads\/2025\/03\/wp-image627.png?resize=700%2C400&ssl=1 2x, https:\/\/i0.wp.com\/artstella-elixirs-floraux.com\/wp-content\/uploads\/2025\/03\/wp-image627.png?resize=1050%2C600&ssl=1 3x, https:\/\/i0.wp.com\/artstella-elixirs-floraux.com\/wp-content\/uploads\/2025\/03\/wp-image627.png?resize=1400%2C800&ssl=1 4x"},"classes":[]},{"id":3207,"url":"https:\/\/artstella-elixirs-floraux.com\/en\/product\/molene-phi-15-ml\/","url_meta":{"origin":2985,"position":5},"title":"MOLENE PHI 15 ML","author":"eveapprill","date":"9 March 2025","format":false,"excerpt":"Mol\u00e8ne (Verbascum Thapsus) (K\u00f6nnigskerze) Favorise l'\u00e9coute de notre voix int\u00e9rieure. Il aide \u00e0 trouver notre juste place dans un groupe et \u00e0 ne pas nous m\u00ealer de tout, ainsi qu'\u00e0 voir comment apporter notre soutient \u00e0 l'ensemble.","rel":"","context":"Similar post","block_context":{"text":"Similar post","link":""},"img":{"alt_text":"","src":"https:\/\/i0.wp.com\/artstella-elixirs-floraux.com\/wp-content\/uploads\/2025\/03\/wp-image386.png?resize=350%2C200&ssl=1","width":350,"height":200},"classes":[]}],"_links":{"self":[{"href":"https:\/\/artstella-elixirs-floraux.com\/en\/wp-json\/wp\/v2\/product\/2985","targetHints":{"allow":["GET"]}}],"collection":[{"href":"https:\/\/artstella-elixirs-floraux.com\/en\/wp-json\/wp\/v2\/product"}],"about":[{"href":"https:\/\/artstella-elixirs-floraux.com\/en\/wp-json\/wp\/v2\/types\/product"}],"version-history":[{"count":0,"href":"https:\/\/artstella-elixirs-floraux.com\/en\/wp-json\/wp\/v2\/product\/2985\/revisions"}],"wp:featuredmedia":[{"embeddable":true,"href":"https:\/\/artstella-elixirs-floraux.com\/en\/wp-json\/wp\/v2\/media\/2986"}],"wp:attachment":[{"href":"https:\/\/artstella-elixirs-floraux.com\/en\/wp-json\/wp\/v2\/media?parent=2985"}],"wp:term":[{"taxonomy":"product_brand","embeddable":true,"href":"https:\/\/artstella-elixirs-floraux.com\/en\/wp-json\/wp\/v2\/product_brand?post=2985"},{"taxonomy":"product_cat","embeddable":true,"href":"https:\/\/artstella-elixirs-floraux.com\/en\/wp-json\/wp\/v2\/product_cat?post=2985"},{"taxonomy":"product_tag","embeddable":true,"href":"https:\/\/artstella-elixirs-floraux.com\/en\/wp-json\/wp\/v2\/product_tag?post=2985"}],"curies":[{"name":"wp","href":"https:\/\/api.w.org\/{rel}","templated":true}]}}