{"id":2997,"date":"2025-03-09T13:05:00","date_gmt":"2025-03-09T13:05:00","guid":{"rendered":"https:\/\/artstella-elixirs-floraux.com\/product\/or-phi-15-ml\/"},"modified":"2025-04-25T12:36:50","modified_gmt":"2025-04-25T12:36:50","slug":"or-phi-15-ml","status":"publish","type":"product","link":"https:\/\/artstella-elixirs-floraux.com\/en\/product\/or-phi-15-ml\/","title":{"rendered":"OR PHI 15 ML"},"content":{"rendered":"","protected":false},"excerpt":{"rendered":"<p><strong><em><span style=\"color: #008000;\">Or (Gold)<\/span> <\/em><\/strong><\/p>\n<p>Il est le symbole de la vitalit\u00e9 et de l&rsquo;\u00e9nergie active. Il renforce le plexus solaire et la volont\u00e9.<\/p>","protected":false},"featured_media":2998,"template":"","meta":[],"product_brand":[],"product_cat":[85],"product_tag":[],"class_list":{"0":"post-2997","1":"product","2":"type-product","3":"status-publish","4":"has-post-thumbnail","6":"product_cat-les-elixirs-de-pierres-precieuses","8":"first","9":"instock","10":"taxable","11":"shipping-taxable","12":"purchasable","13":"product-type-simple"},"etheme_brands":{"errors":{"invalid_taxonomy":["Invalid taxonomy."]},"error_data":[]},"jetpack_sharing_enabled":true,"jetpack-related-posts":[{"id":3225,"url":"https:\/\/artstella-elixirs-floraux.com\/en\/product\/tournesol-15-ml-phi\/","url_meta":{"origin":2997,"position":0},"title":"TOURNESOL 15 ML PHI","author":"eveapprill","date":"9 March 2025","format":false,"excerpt":"Tournesol (Helianthus annuus) (Sonnenblume) Il est utile lors de conflits avec le principe paternel. Il renforce notre conscience personnelle et notre sens des responsabilit\u00e9s. Il \u00e9quilibre les forces du moi au niveau du plexus solaire","rel":"","context":"Similar post","block_context":{"text":"Similar post","link":""},"img":{"alt_text":"","src":"https:\/\/i0.wp.com\/artstella-elixirs-floraux.com\/wp-content\/uploads\/2025\/03\/wp-image393.png?resize=350%2C200&ssl=1","width":350,"height":200},"classes":[]},{"id":2977,"url":"https:\/\/artstella-elixirs-floraux.com\/en\/product\/citrine-15-ml-phi\/","url_meta":{"origin":2997,"position":1},"title":"CITRINE 15 ML PHI","author":"eveapprill","date":"9 March 2025","format":false,"excerpt":"Citrine (Zitrin) \u00c9quilibre les \u00e9motions au niveau du plexus solaire et renforce la confiance en soi, l'intuition et le sens de la communaut\u00e9. Stimule le troisi\u00e8me \u0153il et le chakra coronal.","rel":"","context":"Similar post","block_context":{"text":"Similar post","link":""},"img":{"alt_text":"","src":"https:\/\/i0.wp.com\/artstella-elixirs-floraux.com\/wp-content\/uploads\/2025\/03\/wp-image312.png?resize=350%2C200&ssl=1","width":350,"height":200},"classes":[]},{"id":3201,"url":"https:\/\/artstella-elixirs-floraux.com\/en\/product\/bouton-dor-15-ml-phi\/","url_meta":{"origin":2997,"position":2},"title":"BOUTON D&rsquo;OR 15 ML PHI","author":"eveapprill","date":"9 March 2025","format":false,"excerpt":"Bouton d\u2019or (Ranunculus acris) (Hahnenfuss) Renforce la confiance en soi. Aide \u00e0 trouver notre vraie grandeur et \u00e0 relativiser les attentes des autres comme celles de nos parents ou \u00e9ducateurs.","rel":"","context":"Similar post","block_context":{"text":"Similar post","link":""},"img":{"alt_text":"","src":"https:\/\/i0.wp.com\/artstella-elixirs-floraux.com\/wp-content\/uploads\/2025\/03\/wp-image383.png?resize=350%2C200&ssl=1","width":350,"height":200},"classes":[]},{"id":3068,"url":"https:\/\/artstella-elixirs-floraux.com\/en\/product\/mars-planete-phi-15-ml\/","url_meta":{"origin":2997,"position":3},"title":"MARS PLANETE PHI 15 ML","author":"eveapprill","date":"9 March 2025","format":false,"excerpt":"Mars Active notre \u00e9nergie vitale et notre vigueur. Soutient notre volont\u00e9 lorsqu'il s'agit de dire Non dans les moments d\u00e9cisifs. Nous aide \u00e0 comprendre le sens de l'action \u00e0 mener.","rel":"","context":"Similar post","block_context":{"text":"Similar post","link":""},"img":{"alt_text":"","src":"https:\/\/i0.wp.com\/artstella-elixirs-floraux.com\/wp-content\/uploads\/2025\/03\/wp-image523.png?resize=350%2C200&ssl=1","width":350,"height":200},"classes":[]},{"id":2961,"url":"https:\/\/artstella-elixirs-floraux.com\/en\/product\/topaze-jaune-15-ml-phi\/","url_meta":{"origin":2997,"position":4},"title":"TOPAZE JAUNE 15 ML PHI","author":"eveapprill","date":"9 March 2025","format":false,"excerpt":"Topaze jaune (Topas) Remplace la n\u00e9gativit\u00e9 par la joie et l'amour. Fait monter les sentiments du plexus solaire au troisi\u00e8me \u0153il. Facilite le contact avec notre sagesse int\u00e9rieure.","rel":"","context":"Similar post","block_context":{"text":"Similar post","link":""},"img":{"alt_text":"","src":"https:\/\/i0.wp.com\/artstella-elixirs-floraux.com\/wp-content\/uploads\/2025\/03\/wp-image307.png?resize=350%2C200&ssl=1","width":350,"height":200},"classes":[]},{"id":2944,"url":"https:\/\/artstella-elixirs-floraux.com\/en\/product\/olivine-15-ml-phi\/","url_meta":{"origin":2997,"position":5},"title":"OLIVINE 15 ML PHI","author":"eveapprill","date":"9 March 2025","format":false,"excerpt":"Olivine (P\u00e9ridot, chrysolithe) (Olivin) Stimule les chakras du c\u0153ur et du plexus solaire. Les tensions et les crispations disparaissent. Nous nous ouvrons \u00e0 la joie et \u00e0 l'amour et savons intuitivement ce qu\u2019il convient de faire au bon moment.","rel":"","context":"Similar post","block_context":{"text":"Similar post","link":""},"img":{"alt_text":"","src":"https:\/\/i0.wp.com\/artstella-elixirs-floraux.com\/wp-content\/uploads\/2025\/03\/wp-image301.png?resize=350%2C200&ssl=1","width":350,"height":200},"classes":[]}],"_links":{"self":[{"href":"https:\/\/artstella-elixirs-floraux.com\/en\/wp-json\/wp\/v2\/product\/2997","targetHints":{"allow":["GET"]}}],"collection":[{"href":"https:\/\/artstella-elixirs-floraux.com\/en\/wp-json\/wp\/v2\/product"}],"about":[{"href":"https:\/\/artstella-elixirs-floraux.com\/en\/wp-json\/wp\/v2\/types\/product"}],"version-history":[{"count":0,"href":"https:\/\/artstella-elixirs-floraux.com\/en\/wp-json\/wp\/v2\/product\/2997\/revisions"}],"wp:featuredmedia":[{"embeddable":true,"href":"https:\/\/artstella-elixirs-floraux.com\/en\/wp-json\/wp\/v2\/media\/2998"}],"wp:attachment":[{"href":"https:\/\/artstella-elixirs-floraux.com\/en\/wp-json\/wp\/v2\/media?parent=2997"}],"wp:term":[{"taxonomy":"product_brand","embeddable":true,"href":"https:\/\/artstella-elixirs-floraux.com\/en\/wp-json\/wp\/v2\/product_brand?post=2997"},{"taxonomy":"product_cat","embeddable":true,"href":"https:\/\/artstella-elixirs-floraux.com\/en\/wp-json\/wp\/v2\/product_cat?post=2997"},{"taxonomy":"product_tag","embeddable":true,"href":"https:\/\/artstella-elixirs-floraux.com\/en\/wp-json\/wp\/v2\/product_tag?post=2997"}],"curies":[{"name":"wp","href":"https:\/\/api.w.org\/{rel}","templated":true}]}}