{"id":3090,"date":"2025-03-09T13:06:07","date_gmt":"2025-03-09T13:06:07","guid":{"rendered":"https:\/\/artstella-elixirs-floraux.com\/product\/pyramide-guimar-15ml-phi\/"},"modified":"2025-06-08T12:52:14","modified_gmt":"2025-06-08T12:52:14","slug":"pyramide-guimar-15ml-phi","status":"publish","type":"product","link":"https:\/\/artstella-elixirs-floraux.com\/en\/product\/pyramide-guimar-15ml-phi\/","title":{"rendered":"PYRAMIDE GUIMAR 15ML PHI"},"content":{"rendered":"<p><span>Le site de Guimar sur l\u2019\u00eele de Tenerife aux Canaries, pr\u00e9sente un ensemble de pyramides dont on pouvait encore observer six constructions. H\u00e9las certaines ont \u00e9t\u00e9 depuis d\u00e9truites. A cette \u00e9poque on consid\u00e9rait encore ces pyramides comme des tas de pierres sans signification, \u00e9lev\u00e9s par \u00ab\u00a0hasard\u00a0\u00bb par des paysans. Entre temps, il a \u00e9t\u00e9 prouv\u00e9 par l\u2019Universit\u00e9 de la Laguna, que ces pyramides avaient \u00e9t\u00e9s construites par des ma\u00e7ons experts et en respectant les mouvements annuels du Soleil et qu\u2019elles \u00e9taient utilis\u00e9es dans des c\u00e9r\u00e9monies.<\/span><\/p>","protected":false},"excerpt":{"rendered":"<p><em>Apporte un ancrage en douceur<\/em><\/p>","protected":false},"featured_media":3091,"template":"","meta":[],"product_brand":[],"product_cat":[86],"product_tag":[],"class_list":{"0":"post-3090","1":"product","2":"type-product","3":"status-publish","4":"has-post-thumbnail","6":"product_cat-les-elixirs-environnementaux","8":"first","9":"instock","10":"taxable","11":"shipping-taxable","12":"purchasable","13":"product-type-simple"},"etheme_brands":{"errors":{"invalid_taxonomy":["Invalid taxonomy."]},"error_data":[]},"jetpack_sharing_enabled":true,"jetpack-related-posts":[{"id":6165,"url":"https:\/\/artstella-elixirs-floraux.com\/en\/product\/pyramide-saqqarah-phi-15ml\/","url_meta":{"origin":3090,"position":0},"title":"PYRAMIDE SAQQARAH PHI 15ML","author":"eveapprill","date":"9 March 2025","format":false,"excerpt":"Pyramide Saqqarah La plus ancienne pyramide, a \u00e9t\u00e9 utilis\u00e9e pour l'initiation. L\u2019\u00e9lixir renforce \u00e9nerg\u00e9tiquement et aide \u00e0 lib\u00e9rer des anciennes informations sur la douleur. Agit comme un tonique \u00e9nerg\u00e9tique, l\u2019estime de soi est augment\u00e9e","rel":"","context":"Similar post","block_context":{"text":"Similar post","link":""},"img":{"alt_text":"","src":"https:\/\/i0.wp.com\/artstella-elixirs-floraux.com\/wp-content\/uploads\/2025\/03\/wp-image2168.png?resize=350%2C200&ssl=1","width":350,"height":200,"srcset":"https:\/\/i0.wp.com\/artstella-elixirs-floraux.com\/wp-content\/uploads\/2025\/03\/wp-image2168.png?resize=350%2C200&ssl=1 1x, https:\/\/i0.wp.com\/artstella-elixirs-floraux.com\/wp-content\/uploads\/2025\/03\/wp-image2168.png?resize=525%2C300&ssl=1 1.5x, https:\/\/i0.wp.com\/artstella-elixirs-floraux.com\/wp-content\/uploads\/2025\/03\/wp-image2168.png?resize=700%2C400&ssl=1 2x"},"classes":[]},{"id":3099,"url":"https:\/\/artstella-elixirs-floraux.com\/en\/product\/pyramide-rhomboidale-dashur-15ml\/","url_meta":{"origin":3090,"position":1},"title":"PYRAMIDE RHOMBOIDALE DASHUR 15ML","author":"eveapprill","date":"9 March 2025","format":false,"excerpt":"Pyramide rhombo\u00efdale Dahshur Un lieu d'initiation favorisant l'ouverture de conscience \u00e0 de nouveaux niveaux et \u00e0 d'autres dimensions. L\u2019\u00e9lixir fonctionne en stimulant \u00e9nergiquement la conscience. Activation \u00e9nerg\u00e9tique du cerveau.","rel":"","context":"Similar post","block_context":{"text":"Similar post","link":""},"img":{"alt_text":"","src":"https:\/\/i0.wp.com\/artstella-elixirs-floraux.com\/wp-content\/uploads\/2025\/03\/wp-image2171.png?resize=350%2C200&ssl=1","width":350,"height":200,"srcset":"https:\/\/i0.wp.com\/artstella-elixirs-floraux.com\/wp-content\/uploads\/2025\/03\/wp-image2171.png?resize=350%2C200&ssl=1 1x, https:\/\/i0.wp.com\/artstella-elixirs-floraux.com\/wp-content\/uploads\/2025\/03\/wp-image2171.png?resize=525%2C300&ssl=1 1.5x, https:\/\/i0.wp.com\/artstella-elixirs-floraux.com\/wp-content\/uploads\/2025\/03\/wp-image2171.png?resize=700%2C400&ssl=1 2x"},"classes":[]},{"id":3088,"url":"https:\/\/artstella-elixirs-floraux.com\/en\/product\/pyramide-cheops-15-ml-phi\/","url_meta":{"origin":3090,"position":2},"title":"PYRAMIDE CHEOPS 15 ML PHI","author":"eveapprill","date":"9 March 2025","format":false,"excerpt":"PYRAMIDE CHEOPS 15 ML PHI Favorise l\u2018enracinement. Puissant \u00e9lixir de protection","rel":"","context":"Similar post","block_context":{"text":"Similar post","link":""},"img":{"alt_text":"","src":"","width":0,"height":0},"classes":[]},{"id":3101,"url":"https:\/\/artstella-elixirs-floraux.com\/en\/product\/pyramide-rouge-de-dahshur15-ml-phi\/","url_meta":{"origin":3090,"position":3},"title":"PYRAMIDE ROUGE DE DAHSHUR15 ML PHI","author":"eveapprill","date":"9 March 2025","format":false,"excerpt":"Pyramide rouge de Dahshur C'est l\u2019\u00e9lixir de l'initiation \u00e0 un nouvel \u00e9tat de conscience. Cela fonctionne en activant \u00e9nergiquement le cerveau. Il favorise une nouvelle conscience et \u00e9l\u00e8ve les vibrations du corps nous aidant ainsi \u00e0 nous adapter \u00e0 de nouveaux plans \u00e9nerg\u00e9tiques.","rel":"","context":"Similar post","block_context":{"text":"Similar post","link":""},"img":{"alt_text":"","src":"https:\/\/i0.wp.com\/artstella-elixirs-floraux.com\/wp-content\/uploads\/2025\/03\/wp-image2172.png?resize=350%2C200&ssl=1","width":350,"height":200,"srcset":"https:\/\/i0.wp.com\/artstella-elixirs-floraux.com\/wp-content\/uploads\/2025\/03\/wp-image2172.png?resize=350%2C200&ssl=1 1x, https:\/\/i0.wp.com\/artstella-elixirs-floraux.com\/wp-content\/uploads\/2025\/03\/wp-image2172.png?resize=525%2C300&ssl=1 1.5x, https:\/\/i0.wp.com\/artstella-elixirs-floraux.com\/wp-content\/uploads\/2025\/03\/wp-image2172.png?resize=700%2C400&ssl=1 2x"},"classes":[]},{"id":6167,"url":"https:\/\/artstella-elixirs-floraux.com\/en\/product\/coffret-11-elixirs-phi-pyramides-15-ml\/","url_meta":{"origin":3090,"position":4},"title":"COFFRET 11 ELIXIRS PHI PYRAMIDES 15 ML","author":"eveapprill","date":"9 March 2025","format":false,"excerpt":"Ce coffret contient les 11 \u00e9lixirs de pyramides PHI en 15ml","rel":"","context":"Similar post","block_context":{"text":"Similar post","link":""},"img":{"alt_text":"","src":"","width":0,"height":0},"classes":[]},{"id":3097,"url":"https:\/\/artstella-elixirs-floraux.com\/en\/product\/pyramide-chichenitza-15ml-phi\/","url_meta":{"origin":3090,"position":5},"title":"PYRAMIDE CHICHENITZA 15ML PHI","author":"eveapprill","date":"9 March 2025","format":false,"excerpt":"Soutient l\u2019ancrage et la protection","rel":"","context":"Similar post","block_context":{"text":"Similar post","link":""},"img":{"alt_text":"","src":"","width":0,"height":0},"classes":[]}],"_links":{"self":[{"href":"https:\/\/artstella-elixirs-floraux.com\/en\/wp-json\/wp\/v2\/product\/3090","targetHints":{"allow":["GET"]}}],"collection":[{"href":"https:\/\/artstella-elixirs-floraux.com\/en\/wp-json\/wp\/v2\/product"}],"about":[{"href":"https:\/\/artstella-elixirs-floraux.com\/en\/wp-json\/wp\/v2\/types\/product"}],"version-history":[{"count":0,"href":"https:\/\/artstella-elixirs-floraux.com\/en\/wp-json\/wp\/v2\/product\/3090\/revisions"}],"wp:featuredmedia":[{"embeddable":true,"href":"https:\/\/artstella-elixirs-floraux.com\/en\/wp-json\/wp\/v2\/media\/3091"}],"wp:attachment":[{"href":"https:\/\/artstella-elixirs-floraux.com\/en\/wp-json\/wp\/v2\/media?parent=3090"}],"wp:term":[{"taxonomy":"product_brand","embeddable":true,"href":"https:\/\/artstella-elixirs-floraux.com\/en\/wp-json\/wp\/v2\/product_brand?post=3090"},{"taxonomy":"product_cat","embeddable":true,"href":"https:\/\/artstella-elixirs-floraux.com\/en\/wp-json\/wp\/v2\/product_cat?post=3090"},{"taxonomy":"product_tag","embeddable":true,"href":"https:\/\/artstella-elixirs-floraux.com\/en\/wp-json\/wp\/v2\/product_tag?post=3090"}],"curies":[{"name":"wp","href":"https:\/\/api.w.org\/{rel}","templated":true}]}}