{"id":3101,"date":"2025-03-09T13:06:16","date_gmt":"2025-03-09T13:06:16","guid":{"rendered":"https:\/\/artstella-elixirs-floraux.com\/product\/pyramide-rouge-de-dahshur15-ml-phi\/"},"modified":"2025-06-08T12:52:13","modified_gmt":"2025-06-08T12:52:13","slug":"pyramide-rouge-de-dahshur15-ml-phi","status":"publish","type":"product","link":"https:\/\/artstella-elixirs-floraux.com\/en\/product\/pyramide-rouge-de-dahshur15-ml-phi\/","title":{"rendered":"PYRAMIDE ROUGE DE DAHSHUR15 ML PHI"},"content":{"rendered":"","protected":false},"excerpt":{"rendered":"<p><strong>Pyramide rouge de Dahshur<\/strong><\/p>\n<p>C&rsquo;est l\u2019\u00e9lixir de l&rsquo;initiation \u00e0 un nouvel \u00e9tat de conscience. Cela fonctionne en activant \u00e9nergiquement le cerveau. Il favorise une nouvelle conscience et \u00e9l\u00e8ve les vibrations du corps nous aidant ainsi \u00e0 nous adapter \u00e0 de nouveaux plans \u00e9nerg\u00e9tiques.<\/p>","protected":false},"featured_media":3102,"template":"","meta":[],"product_brand":[],"product_cat":[86],"product_tag":[],"class_list":{"0":"post-3101","1":"product","2":"type-product","3":"status-publish","4":"has-post-thumbnail","6":"product_cat-les-elixirs-environnementaux","8":"first","9":"instock","10":"taxable","11":"shipping-taxable","12":"purchasable","13":"product-type-simple"},"etheme_brands":{"errors":{"invalid_taxonomy":["Invalid taxonomy."]},"error_data":[]},"jetpack_sharing_enabled":true,"jetpack-related-posts":[{"id":3099,"url":"https:\/\/artstella-elixirs-floraux.com\/en\/product\/pyramide-rhomboidale-dashur-15ml\/","url_meta":{"origin":3101,"position":0},"title":"PYRAMIDE RHOMBOIDALE DASHUR 15ML","author":"eveapprill","date":"9 March 2025","format":false,"excerpt":"Pyramide rhombo\u00efdale Dahshur Un lieu d'initiation favorisant l'ouverture de conscience \u00e0 de nouveaux niveaux et \u00e0 d'autres dimensions. L\u2019\u00e9lixir fonctionne en stimulant \u00e9nergiquement la conscience. Activation \u00e9nerg\u00e9tique du cerveau.","rel":"","context":"Similar post","block_context":{"text":"Similar post","link":""},"img":{"alt_text":"","src":"https:\/\/i0.wp.com\/artstella-elixirs-floraux.com\/wp-content\/uploads\/2025\/03\/wp-image2171.png?resize=350%2C200&ssl=1","width":350,"height":200,"srcset":"https:\/\/i0.wp.com\/artstella-elixirs-floraux.com\/wp-content\/uploads\/2025\/03\/wp-image2171.png?resize=350%2C200&ssl=1 1x, https:\/\/i0.wp.com\/artstella-elixirs-floraux.com\/wp-content\/uploads\/2025\/03\/wp-image2171.png?resize=525%2C300&ssl=1 1.5x, https:\/\/i0.wp.com\/artstella-elixirs-floraux.com\/wp-content\/uploads\/2025\/03\/wp-image2171.png?resize=700%2C400&ssl=1 2x"},"classes":[]},{"id":6165,"url":"https:\/\/artstella-elixirs-floraux.com\/en\/product\/pyramide-saqqarah-phi-15ml\/","url_meta":{"origin":3101,"position":1},"title":"PYRAMIDE SAQQARAH PHI 15ML","author":"eveapprill","date":"9 March 2025","format":false,"excerpt":"Pyramide Saqqarah La plus ancienne pyramide, a \u00e9t\u00e9 utilis\u00e9e pour l'initiation. L\u2019\u00e9lixir renforce \u00e9nerg\u00e9tiquement et aide \u00e0 lib\u00e9rer des anciennes informations sur la douleur. Agit comme un tonique \u00e9nerg\u00e9tique, l\u2019estime de soi est augment\u00e9e","rel":"","context":"Similar post","block_context":{"text":"Similar post","link":""},"img":{"alt_text":"","src":"https:\/\/i0.wp.com\/artstella-elixirs-floraux.com\/wp-content\/uploads\/2025\/03\/wp-image2168.png?resize=350%2C200&ssl=1","width":350,"height":200,"srcset":"https:\/\/i0.wp.com\/artstella-elixirs-floraux.com\/wp-content\/uploads\/2025\/03\/wp-image2168.png?resize=350%2C200&ssl=1 1x, https:\/\/i0.wp.com\/artstella-elixirs-floraux.com\/wp-content\/uploads\/2025\/03\/wp-image2168.png?resize=525%2C300&ssl=1 1.5x, https:\/\/i0.wp.com\/artstella-elixirs-floraux.com\/wp-content\/uploads\/2025\/03\/wp-image2168.png?resize=700%2C400&ssl=1 2x"},"classes":[]},{"id":3090,"url":"https:\/\/artstella-elixirs-floraux.com\/en\/product\/pyramide-guimar-15ml-phi\/","url_meta":{"origin":3101,"position":2},"title":"PYRAMIDE GUIMAR 15ML PHI","author":"eveapprill","date":"9 March 2025","format":false,"excerpt":"Apporte un ancrage en douceur","rel":"","context":"Similar post","block_context":{"text":"Similar post","link":""},"img":{"alt_text":"","src":"","width":0,"height":0},"classes":[]},{"id":3095,"url":"https:\/\/artstella-elixirs-floraux.com\/en\/product\/pyramide-mykerinos-phi-15-ml\/","url_meta":{"origin":3101,"position":3},"title":"PYRAMIDE MYKERINOS PHI 15 ML","author":"eveapprill","date":"9 March 2025","format":false,"excerpt":"Pyramide de Myk\u00e9rinos Activation \u00e9nerg\u00e9tique du cerveau, des c\u00f4t\u00e9s et vers l'avant. Aide \u00e0 surmonter nos limitations. Pour apprendre \u00e0 se lib\u00e9rer int\u00e9rieurement, \u00e0 dissoudre les vieux blocages et sch\u00e9mas. Aide \u00e0 reconna\u00eetre son v\u00e9ritable potentiel et \u00e0 avancer. Il renforce le sentiment de s\u00e9curit\u00e9 int\u00e9rieure, et nous soutient donc\u2026","rel":"","context":"Similar post","block_context":{"text":"Similar post","link":""},"img":{"alt_text":"","src":"https:\/\/i0.wp.com\/artstella-elixirs-floraux.com\/wp-content\/uploads\/2025\/03\/wp-image2170.png?resize=350%2C200&ssl=1","width":350,"height":200},"classes":[]},{"id":3088,"url":"https:\/\/artstella-elixirs-floraux.com\/en\/product\/pyramide-cheops-15-ml-phi\/","url_meta":{"origin":3101,"position":4},"title":"PYRAMIDE CHEOPS 15 ML PHI","author":"eveapprill","date":"9 March 2025","format":false,"excerpt":"PYRAMIDE CHEOPS 15 ML PHI Favorise l\u2018enracinement. Puissant \u00e9lixir de protection","rel":"","context":"Similar post","block_context":{"text":"Similar post","link":""},"img":{"alt_text":"","src":"","width":0,"height":0},"classes":[]},{"id":5594,"url":"https:\/\/artstella-elixirs-floraux.com\/en\/product\/pyramide-teotihuacan-phi-15ml\/","url_meta":{"origin":3101,"position":5},"title":"PYRAMIDE TEOTIHUACAN PHI 15ML","author":"eveapprill","date":"9 March 2025","format":false,"excerpt":"L\u2019\u00e9lixir nous relie \u00e0 la terre, la lumi\u00e8re int\u00e9rieure. Il ouvre notre chakra coronal et renforce nos corps de lumi\u00e8re","rel":"","context":"Similar post","block_context":{"text":"Similar post","link":""},"img":{"alt_text":"","src":"https:\/\/i0.wp.com\/artstella-elixirs-floraux.com\/wp-content\/uploads\/2025\/03\/wp-image1799.png?resize=350%2C200&ssl=1","width":350,"height":200},"classes":[]}],"_links":{"self":[{"href":"https:\/\/artstella-elixirs-floraux.com\/en\/wp-json\/wp\/v2\/product\/3101","targetHints":{"allow":["GET"]}}],"collection":[{"href":"https:\/\/artstella-elixirs-floraux.com\/en\/wp-json\/wp\/v2\/product"}],"about":[{"href":"https:\/\/artstella-elixirs-floraux.com\/en\/wp-json\/wp\/v2\/types\/product"}],"version-history":[{"count":0,"href":"https:\/\/artstella-elixirs-floraux.com\/en\/wp-json\/wp\/v2\/product\/3101\/revisions"}],"wp:featuredmedia":[{"embeddable":true,"href":"https:\/\/artstella-elixirs-floraux.com\/en\/wp-json\/wp\/v2\/media\/3102"}],"wp:attachment":[{"href":"https:\/\/artstella-elixirs-floraux.com\/en\/wp-json\/wp\/v2\/media?parent=3101"}],"wp:term":[{"taxonomy":"product_brand","embeddable":true,"href":"https:\/\/artstella-elixirs-floraux.com\/en\/wp-json\/wp\/v2\/product_brand?post=3101"},{"taxonomy":"product_cat","embeddable":true,"href":"https:\/\/artstella-elixirs-floraux.com\/en\/wp-json\/wp\/v2\/product_cat?post=3101"},{"taxonomy":"product_tag","embeddable":true,"href":"https:\/\/artstella-elixirs-floraux.com\/en\/wp-json\/wp\/v2\/product_tag?post=3101"}],"curies":[{"name":"wp","href":"https:\/\/api.w.org\/{rel}","templated":true}]}}