{"id":3111,"date":"2025-03-09T13:06:23","date_gmt":"2025-03-09T13:06:23","guid":{"rendered":"https:\/\/artstella-elixirs-floraux.com\/product\/eucalyptus-phi-afrique-15-ml\/"},"modified":"2025-06-17T09:26:47","modified_gmt":"2025-06-17T09:26:47","slug":"eucalyptus-phi-afrique-15-ml","status":"publish","type":"product","link":"https:\/\/artstella-elixirs-floraux.com\/en\/product\/eucalyptus-phi-afrique-15-ml\/","title":{"rendered":"EUCALYPTUS PHI AFRIQUE 15 ML"},"content":{"rendered":"","protected":false},"excerpt":{"rendered":"<p><strong><em><span style=\"color: #008000\">Eucalyptus (Eucalyptus globulus) (Eukalyptus)<\/span> <\/em><\/strong><\/p>\n<p>Exerce une action qui nous lib\u00e8re et nous ouvre. Il favorise ainsi une meilleure communication entre les \u00eatres.<\/p>","protected":false},"featured_media":3112,"template":"","meta":[],"product_brand":[],"product_cat":[88],"product_tag":[],"class_list":{"0":"post-3111","1":"product","2":"type-product","3":"status-publish","4":"has-post-thumbnail","6":"product_cat-les-elixirs-d-afriques-et-des-canaries","8":"first","9":"instock","10":"taxable","11":"shipping-taxable","12":"purchasable","13":"product-type-simple"},"etheme_brands":{"errors":{"invalid_taxonomy":["Invalid taxonomy."]},"error_data":[]},"jetpack_sharing_enabled":true,"jetpack-related-posts":[{"id":5684,"url":"https:\/\/artstella-elixirs-floraux.com\/en\/product\/eucalyptus-15-ml-deva\/","url_meta":{"origin":3111,"position":0},"title":"Eucalyptus 15 ml DEVA","author":"eveapprill","date":"9 March 2025","format":false,"excerpt":"Eucalyptus Courage, purification. Pour surmonter la m\u00e9lancolie, la tristesse et le chagrin qui restent bloqu\u00e9s dans la sph\u00e8re respiratoire.","rel":"","context":"Similar post","block_context":{"text":"Similar post","link":""},"img":{"alt_text":"","src":"https:\/\/i0.wp.com\/artstella-elixirs-floraux.com\/wp-content\/uploads\/2025\/03\/wp-image2400.png?resize=350%2C200&ssl=1","width":350,"height":200},"classes":[]},{"id":4546,"url":"https:\/\/artstella-elixirs-floraux.com\/en\/product\/coffret-20-fleurs-dafrique-15-ml-phi\/","url_meta":{"origin":3111,"position":1},"title":"COFFRET 20 fLEURS D&rsquo;AFRIQUE 15 ML PHI","author":"eveapprill","date":"9 March 2025","format":false,"excerpt":"Contient les 20 \u00e9lixirs de fleurs d'Afrique et des Canaries :","rel":"","context":"Similar post","block_context":{"text":"Similar post","link":""},"img":{"alt_text":"","src":"https:\/\/i0.wp.com\/artstella-elixirs-floraux.com\/wp-content\/uploads\/2025\/03\/wp-image1158.png?resize=350%2C200&ssl=1","width":350,"height":200,"srcset":"https:\/\/i0.wp.com\/artstella-elixirs-floraux.com\/wp-content\/uploads\/2025\/03\/wp-image1158.png?resize=350%2C200&ssl=1 1x, https:\/\/i0.wp.com\/artstella-elixirs-floraux.com\/wp-content\/uploads\/2025\/03\/wp-image1158.png?resize=525%2C300&ssl=1 1.5x, https:\/\/i0.wp.com\/artstella-elixirs-floraux.com\/wp-content\/uploads\/2025\/03\/wp-image1158.png?resize=700%2C400&ssl=1 2x"},"classes":[]}],"_links":{"self":[{"href":"https:\/\/artstella-elixirs-floraux.com\/en\/wp-json\/wp\/v2\/product\/3111","targetHints":{"allow":["GET"]}}],"collection":[{"href":"https:\/\/artstella-elixirs-floraux.com\/en\/wp-json\/wp\/v2\/product"}],"about":[{"href":"https:\/\/artstella-elixirs-floraux.com\/en\/wp-json\/wp\/v2\/types\/product"}],"version-history":[{"count":1,"href":"https:\/\/artstella-elixirs-floraux.com\/en\/wp-json\/wp\/v2\/product\/3111\/revisions"}],"predecessor-version":[{"id":10780,"href":"https:\/\/artstella-elixirs-floraux.com\/en\/wp-json\/wp\/v2\/product\/3111\/revisions\/10780"}],"wp:featuredmedia":[{"embeddable":true,"href":"https:\/\/artstella-elixirs-floraux.com\/en\/wp-json\/wp\/v2\/media\/3112"}],"wp:attachment":[{"href":"https:\/\/artstella-elixirs-floraux.com\/en\/wp-json\/wp\/v2\/media?parent=3111"}],"wp:term":[{"taxonomy":"product_brand","embeddable":true,"href":"https:\/\/artstella-elixirs-floraux.com\/en\/wp-json\/wp\/v2\/product_brand?post=3111"},{"taxonomy":"product_cat","embeddable":true,"href":"https:\/\/artstella-elixirs-floraux.com\/en\/wp-json\/wp\/v2\/product_cat?post=3111"},{"taxonomy":"product_tag","embeddable":true,"href":"https:\/\/artstella-elixirs-floraux.com\/en\/wp-json\/wp\/v2\/product_tag?post=3111"}],"curies":[{"name":"wp","href":"https:\/\/api.w.org\/{rel}","templated":true}]}}