{"id":3117,"date":"2025-03-09T13:06:38","date_gmt":"2025-03-09T13:06:38","guid":{"rendered":"https:\/\/artstella-elixirs-floraux.com\/product\/geranium-phi-afrique-15-ml\/"},"modified":"2025-06-17T09:26:41","modified_gmt":"2025-06-17T09:26:41","slug":"geranium-phi-afrique-15-ml","status":"publish","type":"product","link":"https:\/\/artstella-elixirs-floraux.com\/en\/product\/geranium-phi-afrique-15-ml\/","title":{"rendered":"GERANIUM PHI AFRIQUE 15 ML"},"content":{"rendered":"","protected":false},"excerpt":{"rendered":"<p><strong><em><span style=\"color: #008000\">G\u00e9ranium (G\u00e9ranium perforatum) (Geranie)<\/span> <\/em><\/strong><\/p>\n<p>Pour ceux qui manquent de joie et d&rsquo;entrain et voient les jours gris et tristes. Aide \u00e0 retrouver de la couleur dans la vie de tous les jours.<\/p>","protected":false},"featured_media":3118,"template":"","meta":[],"product_brand":[],"product_cat":[88],"product_tag":[],"class_list":{"0":"post-3117","1":"product","2":"type-product","3":"status-publish","4":"has-post-thumbnail","6":"product_cat-les-elixirs-d-afriques-et-des-canaries","8":"first","9":"instock","10":"taxable","11":"shipping-taxable","12":"purchasable","13":"product-type-simple"},"etheme_brands":{"errors":{"invalid_taxonomy":["Invalid taxonomy."]},"error_data":[]},"jetpack_sharing_enabled":true,"jetpack-related-posts":[{"id":2303,"url":"https:\/\/artstella-elixirs-floraux.com\/en\/product\/sticky-geranium-alaskan\/","url_meta":{"origin":3117,"position":0},"title":"Sticky geranium Alaskan","author":"eveapprill","date":"9 March 2025","format":false,"excerpt":"Sticky geranium. Geranium erianthum Se sent d\u00e9concentr\u00e9, l\u00e9thargique, ou ind\u00e9cis. R\u00e9sistance \u00e0 franchir l'\u00e9tape suivante, manque d'\u00e9nergie pour atteindre nos buts, attach\u00e9 aux niveaux habituels de conscience et d'identit\u00e9.","rel":"","context":"Similar post","block_context":{"text":"Similar post","link":""},"img":{"alt_text":"","src":"https:\/\/i0.wp.com\/artstella-elixirs-floraux.com\/wp-content\/uploads\/2025\/03\/wp-image589.png?resize=350%2C200&ssl=1","width":350,"height":200},"classes":[]},{"id":4546,"url":"https:\/\/artstella-elixirs-floraux.com\/en\/product\/coffret-20-fleurs-dafrique-15-ml-phi\/","url_meta":{"origin":3117,"position":1},"title":"COFFRET 20 fLEURS D&rsquo;AFRIQUE 15 ML PHI","author":"eveapprill","date":"9 March 2025","format":false,"excerpt":"Contient les 20 \u00e9lixirs de fleurs d'Afrique et des Canaries :","rel":"","context":"Similar post","block_context":{"text":"Similar post","link":""},"img":{"alt_text":"","src":"https:\/\/i0.wp.com\/artstella-elixirs-floraux.com\/wp-content\/uploads\/2025\/03\/wp-image1158.png?resize=350%2C200&ssl=1","width":350,"height":200,"srcset":"https:\/\/i0.wp.com\/artstella-elixirs-floraux.com\/wp-content\/uploads\/2025\/03\/wp-image1158.png?resize=350%2C200&ssl=1 1x, https:\/\/i0.wp.com\/artstella-elixirs-floraux.com\/wp-content\/uploads\/2025\/03\/wp-image1158.png?resize=525%2C300&ssl=1 1.5x, https:\/\/i0.wp.com\/artstella-elixirs-floraux.com\/wp-content\/uploads\/2025\/03\/wp-image1158.png?resize=700%2C400&ssl=1 2x"},"classes":[]},{"id":5488,"url":"https:\/\/artstella-elixirs-floraux.com\/en\/product\/shield-of-light-spray\/","url_meta":{"origin":3117,"position":2},"title":"SHIELD OF LIGHT SPRAY","author":"eveapprill","date":"9 March 2025","format":false,"excerpt":"Shield of light - Bouclier de lumi\u00e8re Parmi les derni\u00e8res cr\u00e9ations de Don Denis en collaboration du Dr. Adrian Brito-Babapulle, voici un nouveau compos\u00e9 majeur pour se prot\u00e9ger des \u00e9nergies sombres. Sa formule permet \u00e0 l\u2019aura de refl\u00e9ter tel un miroir, de fa\u00e7on \u00e0 ce que de telles \u00e9nergies ne\u2026","rel":"","context":"Similar post","block_context":{"text":"Similar post","link":""},"img":{"alt_text":"","src":"","width":0,"height":0},"classes":[]},{"id":4516,"url":"https:\/\/artstella-elixirs-floraux.com\/en\/product\/belle-de-jour\/","url_meta":{"origin":3117,"position":3},"title":"Belle de jour","author":"eveapprill","date":"9 March 2025","format":false,"excerpt":"Belle de jour (ipomea purpurea)Fait partie de la gamme des fleurs sauvages. En favorisant la prise de conscience de nos habitudes nocives, l\u2019\u00e9lixir nous aide \u00e0 pouvoir les l\u00e2cher.","rel":"","context":"Similar post","block_context":{"text":"Similar post","link":""},"img":{"alt_text":"","src":"","width":0,"height":0},"classes":[]},{"id":3264,"url":"https:\/\/artstella-elixirs-floraux.com\/en\/product\/belle-de-jour-15-ml-phi\/","url_meta":{"origin":3117,"position":4},"title":"BELLE DE JOUR 15 ML PHI","author":"eveapprill","date":"9 March 2025","format":false,"excerpt":"Belle de jour (Ipomea purpurea) (Prunkwinde) L'\u00e9lixir favorise la prise de conscience de nos habitudes de vie et de nos d\u00e9pendances. Les processus de lib\u00e9ration et de sevrage sont facilit\u00e9s. Notre cr\u00e9ativit\u00e9 peut se red\u00e9ployer.","rel":"","context":"Similar post","block_context":{"text":"Similar post","link":""},"img":{"alt_text":"","src":"https:\/\/i0.wp.com\/artstella-elixirs-floraux.com\/wp-content\/uploads\/2025\/03\/wp-image673.png?resize=350%2C200&ssl=1","width":350,"height":200},"classes":[]},{"id":5873,"url":"https:\/\/artstella-elixirs-floraux.com\/en\/product\/dragon-fire-15-ml\/","url_meta":{"origin":3117,"position":5},"title":"DRAGON FIRE 15 ML","author":"eveapprill","date":"9 March 2025","format":false,"excerpt":"Dragon Fire Phragmipedium China Dragon Donne le courage et l\u2019\u00e9nergie d\u2019accueillir le pouvoir spirituel de transformation dans nos vies.","rel":"","context":"Similar post","block_context":{"text":"Similar post","link":""},"img":{"alt_text":"","src":"","width":0,"height":0},"classes":[]}],"_links":{"self":[{"href":"https:\/\/artstella-elixirs-floraux.com\/en\/wp-json\/wp\/v2\/product\/3117","targetHints":{"allow":["GET"]}}],"collection":[{"href":"https:\/\/artstella-elixirs-floraux.com\/en\/wp-json\/wp\/v2\/product"}],"about":[{"href":"https:\/\/artstella-elixirs-floraux.com\/en\/wp-json\/wp\/v2\/types\/product"}],"version-history":[{"count":1,"href":"https:\/\/artstella-elixirs-floraux.com\/en\/wp-json\/wp\/v2\/product\/3117\/revisions"}],"predecessor-version":[{"id":10777,"href":"https:\/\/artstella-elixirs-floraux.com\/en\/wp-json\/wp\/v2\/product\/3117\/revisions\/10777"}],"wp:featuredmedia":[{"embeddable":true,"href":"https:\/\/artstella-elixirs-floraux.com\/en\/wp-json\/wp\/v2\/media\/3118"}],"wp:attachment":[{"href":"https:\/\/artstella-elixirs-floraux.com\/en\/wp-json\/wp\/v2\/media?parent=3117"}],"wp:term":[{"taxonomy":"product_brand","embeddable":true,"href":"https:\/\/artstella-elixirs-floraux.com\/en\/wp-json\/wp\/v2\/product_brand?post=3117"},{"taxonomy":"product_cat","embeddable":true,"href":"https:\/\/artstella-elixirs-floraux.com\/en\/wp-json\/wp\/v2\/product_cat?post=3117"},{"taxonomy":"product_tag","embeddable":true,"href":"https:\/\/artstella-elixirs-floraux.com\/en\/wp-json\/wp\/v2\/product_tag?post=3117"}],"curies":[{"name":"wp","href":"https:\/\/api.w.org\/{rel}","templated":true}]}}