{"id":3147,"date":"2025-03-09T13:06:57","date_gmt":"2025-03-09T13:06:57","guid":{"rendered":"https:\/\/artstella-elixirs-floraux.com\/product\/ciste-phi-afrique-15-ml\/"},"modified":"2025-06-17T09:26:18","modified_gmt":"2025-06-17T09:26:18","slug":"ciste-phi-afrique-15-ml","status":"publish","type":"product","link":"https:\/\/artstella-elixirs-floraux.com\/en\/product\/ciste-phi-afrique-15-ml\/","title":{"rendered":"CISTE PHI AFRIQUE 15 ML"},"content":{"rendered":"","protected":false},"excerpt":{"rendered":"<p><strong><em><span style=\"color: #008000\">Ciste (Cistus albidus) (Zistros)<\/span><br \/><\/em><\/strong>Nous renforce et nous aide \u00e0 nous int\u00e9grer dans un groupe tout en restant nous-m\u00eames.<\/p>","protected":false},"featured_media":3148,"template":"","meta":[],"product_brand":[],"product_cat":[88],"product_tag":[],"class_list":{"0":"post-3147","1":"product","2":"type-product","3":"status-publish","4":"has-post-thumbnail","6":"product_cat-les-elixirs-d-afriques-et-des-canaries","8":"first","9":"instock","10":"taxable","11":"shipping-taxable","12":"purchasable","13":"product-type-simple"},"etheme_brands":{"errors":{"invalid_taxonomy":["Invalid taxonomy."]},"error_data":[]},"jetpack_sharing_enabled":true,"jetpack-related-posts":[{"id":4546,"url":"https:\/\/artstella-elixirs-floraux.com\/en\/product\/coffret-20-fleurs-dafrique-15-ml-phi\/","url_meta":{"origin":3147,"position":0},"title":"COFFRET 20 fLEURS D&rsquo;AFRIQUE 15 ML PHI","author":"eveapprill","date":"9 March 2025","format":false,"excerpt":"Contient les 20 \u00e9lixirs de fleurs d'Afrique et des Canaries :","rel":"","context":"Similar post","block_context":{"text":"Similar post","link":""},"img":{"alt_text":"","src":"https:\/\/i0.wp.com\/artstella-elixirs-floraux.com\/wp-content\/uploads\/2025\/03\/wp-image1158.png?resize=350%2C200&ssl=1","width":350,"height":200,"srcset":"https:\/\/i0.wp.com\/artstella-elixirs-floraux.com\/wp-content\/uploads\/2025\/03\/wp-image1158.png?resize=350%2C200&ssl=1 1x, https:\/\/i0.wp.com\/artstella-elixirs-floraux.com\/wp-content\/uploads\/2025\/03\/wp-image1158.png?resize=525%2C300&ssl=1 1.5x, https:\/\/i0.wp.com\/artstella-elixirs-floraux.com\/wp-content\/uploads\/2025\/03\/wp-image1158.png?resize=700%2C400&ssl=1 2x"},"classes":[]},{"id":3942,"url":"https:\/\/artstella-elixirs-floraux.com\/en\/product\/singe-phi-15-ml\/","url_meta":{"origin":3147,"position":1},"title":"SINGE PHI 15 ML","author":"eveapprill","date":"9 March 2025","format":false,"excerpt":"Singe (Ceropithecus aethiops) aide les personnes dispers\u00e9es qui ont du mal \u00e0 se concentrer. Il convient \u00e0 des personnes qui ont des probl\u00e8mes avec le groupe pour int\u00e9grer les r\u00e8gles de comportement.","rel":"","context":"Similar post","block_context":{"text":"Similar post","link":""},"img":{"alt_text":"","src":"","width":0,"height":0},"classes":[]},{"id":3105,"url":"https:\/\/artstella-elixirs-floraux.com\/en\/product\/banane-afrique-phi-15-ml\/","url_meta":{"origin":3147,"position":2},"title":"BANANE AFRIQUE PHI 15 ML","author":"eveapprill","date":"9 March 2025","format":false,"excerpt":"Banane (Musa paradisiaca L. \u00ab\u00a0nana\u00a0\u00bb) (Banane) Renforce les \u00e9nergies yang. Il est utile \u00e0 toutes les personnes qui ont des probl\u00e8mes dans ce domaine. Il apaise l'esprit de ceux qui sont trop tourn\u00e9s vers les performances. Il facilite l'expression des sentiments et aide \u00e0 accepter son r\u00f4le.","rel":"","context":"Similar post","block_context":{"text":"Similar post","link":""},"img":{"alt_text":"","src":"https:\/\/i0.wp.com\/artstella-elixirs-floraux.com\/wp-content\/uploads\/2025\/03\/wp-image409.png?resize=350%2C200&ssl=1","width":350,"height":200},"classes":[]},{"id":3123,"url":"https:\/\/artstella-elixirs-floraux.com\/en\/product\/campanule-afrique-15-ml-phi\/","url_meta":{"origin":3147,"position":3},"title":"CAMPANULE AFRIQUE 15 ML PHI","author":"eveapprill","date":"9 March 2025","format":false,"excerpt":"Campanule grimpante des Canaries (Canarina canariensis Kan.) (Kletterglockenblume) Apporte confiance et s\u00e9curit\u00e9 dans les situations instables. Aide \u00e0 l'int\u00e9gration de la douceur et permet d'accepter et de d\u00e9velopper la tendresse. Pour l'int\u00e9gration consciente de la sexualit\u00e9 f\u00e9minine.","rel":"","context":"Similar post","block_context":{"text":"Similar post","link":""},"img":{"alt_text":"","src":"https:\/\/i0.wp.com\/artstella-elixirs-floraux.com\/wp-content\/uploads\/2025\/03\/wp-image417.png?resize=350%2C200&ssl=1","width":350,"height":200},"classes":[]},{"id":3137,"url":"https:\/\/artstella-elixirs-floraux.com\/en\/product\/hibiscus-afrique-15-ml-phi\/","url_meta":{"origin":3147,"position":4},"title":"HIBISCUS AFRIQUE 15 ML PHI","author":"eveapprill","date":"9 March 2025","format":false,"excerpt":"Hibiscus (Hibiscus rosa-sinensis) (Roseneibisch) Pour donner vie \u00e0 la douceur et \u00e0 la profondeur des sentiments. Aide \u00e0 l'int\u00e9gration de l'aspect yin, comme composante enrichissante, et de la sexualit\u00e9 f\u00e9minine.","rel":"","context":"Similar post","block_context":{"text":"Similar post","link":""},"img":{"alt_text":"","src":"https:\/\/i0.wp.com\/artstella-elixirs-floraux.com\/wp-content\/uploads\/2025\/03\/wp-image424.png?resize=350%2C200&ssl=1","width":350,"height":200},"classes":[]},{"id":3859,"url":"https:\/\/artstella-elixirs-floraux.com\/en\/product\/anemone-de-mer-phi-15-ml\/","url_meta":{"origin":3147,"position":5},"title":"ANEMONE DE MER PHI 15 ML","author":"eveapprill","date":"9 March 2025","format":false,"excerpt":"An\u00e9mone de mer ( Stichodactyla mertensii) Seeanemone. Renforce la conscience de groupe et sa coh\u00e9sion. Aide \u00e0 discerner ce qui va ensemble. Aide \u00e0 rel\u00e2cher les tensions.","rel":"","context":"Similar post","block_context":{"text":"Similar post","link":""},"img":{"alt_text":"","src":"","width":0,"height":0},"classes":[]}],"_links":{"self":[{"href":"https:\/\/artstella-elixirs-floraux.com\/en\/wp-json\/wp\/v2\/product\/3147","targetHints":{"allow":["GET"]}}],"collection":[{"href":"https:\/\/artstella-elixirs-floraux.com\/en\/wp-json\/wp\/v2\/product"}],"about":[{"href":"https:\/\/artstella-elixirs-floraux.com\/en\/wp-json\/wp\/v2\/types\/product"}],"version-history":[{"count":1,"href":"https:\/\/artstella-elixirs-floraux.com\/en\/wp-json\/wp\/v2\/product\/3147\/revisions"}],"predecessor-version":[{"id":10766,"href":"https:\/\/artstella-elixirs-floraux.com\/en\/wp-json\/wp\/v2\/product\/3147\/revisions\/10766"}],"wp:featuredmedia":[{"embeddable":true,"href":"https:\/\/artstella-elixirs-floraux.com\/en\/wp-json\/wp\/v2\/media\/3148"}],"wp:attachment":[{"href":"https:\/\/artstella-elixirs-floraux.com\/en\/wp-json\/wp\/v2\/media?parent=3147"}],"wp:term":[{"taxonomy":"product_brand","embeddable":true,"href":"https:\/\/artstella-elixirs-floraux.com\/en\/wp-json\/wp\/v2\/product_brand?post=3147"},{"taxonomy":"product_cat","embeddable":true,"href":"https:\/\/artstella-elixirs-floraux.com\/en\/wp-json\/wp\/v2\/product_cat?post=3147"},{"taxonomy":"product_tag","embeddable":true,"href":"https:\/\/artstella-elixirs-floraux.com\/en\/wp-json\/wp\/v2\/product_tag?post=3147"}],"curies":[{"name":"wp","href":"https:\/\/api.w.org\/{rel}","templated":true}]}}