{"id":3161,"date":"2025-03-09T13:07:11","date_gmt":"2025-03-09T13:07:11","guid":{"rendered":"https:\/\/artstella-elixirs-floraux.com\/product\/rose-sauvage-15-ml-phi\/"},"modified":"2025-06-17T17:04:13","modified_gmt":"2025-06-17T17:04:13","slug":"rose-sauvage-15-ml-phi","status":"publish","type":"product","link":"https:\/\/artstella-elixirs-floraux.com\/en\/product\/rose-sauvage-15-ml-phi\/","title":{"rendered":"ROSE SAUVAGE 15 ML PHI"},"content":{"rendered":"","protected":false},"excerpt":{"rendered":"<p><span style=\"color: #008000;\"> <strong><em>Rose sauvage (Rosa X pruhoniciana) (Wildrosen Hybride)<\/em><\/strong><\/span><\/p>\n<p>Dans un monde o\u00f9 nous rencontrons beaucoup d&rsquo;opposition, cette rose permet de d\u00e9velopper notre r\u00e9sistance. Notre c\u0153ur peut se sentir reli\u00e9 \u00e0 la terre ce qui nous donne une meilleure assise, et renouvelle notre amour de la vie.<\/p>","protected":false},"featured_media":3162,"template":"","meta":[],"product_brand":[],"product_cat":[89],"product_tag":[],"class_list":{"0":"post-3161","1":"product","2":"type-product","3":"status-publish","4":"has-post-thumbnail","6":"product_cat-les-elixirs-de-roses","8":"first","9":"instock","10":"taxable","11":"shipping-taxable","12":"purchasable","13":"product-type-variable"},"etheme_brands":{"errors":{"invalid_taxonomy":["Invalid taxonomy."]},"error_data":[]},"jetpack_sharing_enabled":true,"jetpack-related-posts":[{"id":3266,"url":"https:\/\/artstella-elixirs-floraux.com\/en\/product\/achillee-rose-phi-15-ml\/","url_meta":{"origin":3161,"position":0},"title":"ACHILLEE ROSE PHI 15 ML","author":"eveapprill","date":"9 March 2025","format":false,"excerpt":"Achill\u00e9e rose (Achillea millefolium) (Rosa Schafgarbe) Cet \u00e9lixir nous aide \u00e0 \u00eatre moins en prise avec les \u00e9motions des autres et \u00e0 nous faire moins de soucis. L'\u00e9lixir am\u00e9liore notre protection au niveau du c\u0153ur et des \u00e9motions.","rel":"","context":"Similar post","block_context":{"text":"Similar post","link":""},"img":{"alt_text":"","src":"https:\/\/i0.wp.com\/artstella-elixirs-floraux.com\/wp-content\/uploads\/2025\/03\/wp-image674.png?resize=350%2C200&ssl=1","width":350,"height":200},"classes":[]},{"id":5568,"url":"https:\/\/artstella-elixirs-floraux.com\/en\/product\/rose-reine-du-danemark-sylfos-15-ml\/","url_meta":{"origin":3161,"position":1},"title":"ROSE REINE DU DANEMARK SYLFOS 15 ML","author":"eveapprill","date":"9 March 2025","format":false,"excerpt":"ROSE KOENING VAN DAENMARK\u00a0 Rose Reine du Danemark Rosa alaba \u00a0 \u00a0 \u00a0 \u00a0 Permet un l\u00e2cher prise face aux blessures \u00e9motionnelles. Guide vers la possibilit\u00e9 de donner et de recevoir l\u2019Amour, lib\u00e9rant ainsi notre c\u0153ur. Equilibre les activit\u00e9s des h\u00e9misph\u00e8res droit et gauche\u00a0 du cerveau.","rel":"","context":"Similar post","block_context":{"text":"Similar post","link":""},"img":{"alt_text":"","src":"","width":0,"height":0},"classes":[]},{"id":4549,"url":"https:\/\/artstella-elixirs-floraux.com\/en\/product\/coffret-10-elixirs-de-roses-15ml-phi\/","url_meta":{"origin":3161,"position":2},"title":"COFFRET 10 ELIXIRS DE ROSES 15ml PHI","author":"eveapprill","date":"9 March 2025","format":false,"excerpt":"Contient les 10 \u00e9lixirs de roses\u00a0 une particularit\u00e9 dans le domaine des \u00e9lixirs floraux Rose du Japon, Rose pimprenelle, Rose sauvage, Rose rugueuse Sarah van Fleet, Rose rugueuse Souvenir de Phil\u00e9mon Cochet, Rose tib\u00e9taine, Rose verte, Rose reine du Danmark, Rose Provence.","rel":"","context":"Similar post","block_context":{"text":"Similar post","link":""},"img":{"alt_text":"","src":"https:\/\/i0.wp.com\/artstella-elixirs-floraux.com\/wp-content\/uploads\/2025\/03\/wp-image1160.png?resize=350%2C200&ssl=1","width":350,"height":200,"srcset":"https:\/\/i0.wp.com\/artstella-elixirs-floraux.com\/wp-content\/uploads\/2025\/03\/wp-image1160.png?resize=350%2C200&ssl=1 1x, https:\/\/i0.wp.com\/artstella-elixirs-floraux.com\/wp-content\/uploads\/2025\/03\/wp-image1160.png?resize=525%2C300&ssl=1 1.5x, https:\/\/i0.wp.com\/artstella-elixirs-floraux.com\/wp-content\/uploads\/2025\/03\/wp-image1160.png?resize=700%2C400&ssl=1 2x"},"classes":[]},{"id":4551,"url":"https:\/\/artstella-elixirs-floraux.com\/en\/product\/coffret-fleurs-sauvages-15-ml\/","url_meta":{"origin":3161,"position":3},"title":"COFFRET FLEURS SAUVAGES 15 ML","author":"eveapprill","date":"9 March 2025","format":false,"excerpt":"Les \u00e9lixirs de 40 fleurs Sauvages R\u00e9alis\u00e9s avec des fleurs europ\u00e9ennes communes dans la nature.","rel":"","context":"Similar post","block_context":{"text":"Similar post","link":""},"img":{"alt_text":"","src":"","width":0,"height":0},"classes":[]},{"id":3177,"url":"https:\/\/artstella-elixirs-floraux.com\/en\/product\/rose-verte-phi-15-ml-green-rose\/","url_meta":{"origin":3161,"position":4},"title":"ROSE VERTE PHI 15 ML Green rose","author":"eveapprill","date":"9 March 2025","format":false,"excerpt":"Rose verte (Rosa chinensis viridiflora) (Gr\u00fcne Rose) Green rose Quand nous nous sentons \u00e0 l'\u00e9troit et sous pression, l'\u00e9lixir nous aide \u00e0 nous d\u00e9tendre et \u00e0 retrouver la paix. Il agit en lib\u00e9rant et en \u00e9largissant le c\u0153ur.","rel":"","context":"Similar post","block_context":{"text":"Similar post","link":""},"img":{"alt_text":"","src":"https:\/\/i0.wp.com\/artstella-elixirs-floraux.com\/wp-content\/uploads\/2025\/03\/wp-image405.png?resize=350%2C200&ssl=1","width":350,"height":200},"classes":[]},{"id":3149,"url":"https:\/\/artstella-elixirs-floraux.com\/en\/product\/rose-du-japon-phi-15-ml\/","url_meta":{"origin":3161,"position":5},"title":"ROSE DU JAPON PHI 15 ML","author":"eveapprill","date":"9 March 2025","format":false,"excerpt":"Rose du Japon (Rosa roxbourghi) (Japanische Rose) Favorise la modestie et l'humilit\u00e9 en l'amour. La rose du Japon nous aide \u00e0 retrouver l'espoir dans l'amour. Nous apprenons \u00e0 garder une douce retenue et \u00e0 n'utiliser nos \u00e9pines qu'en cas de n\u00e9cessit\u00e9.","rel":"","context":"Similar post","block_context":{"text":"Similar post","link":""},"img":{"alt_text":"","src":"https:\/\/i0.wp.com\/artstella-elixirs-floraux.com\/wp-content\/uploads\/2025\/03\/wp-image398.png?resize=350%2C200&ssl=1","width":350,"height":200},"classes":[]}],"_links":{"self":[{"href":"https:\/\/artstella-elixirs-floraux.com\/en\/wp-json\/wp\/v2\/product\/3161","targetHints":{"allow":["GET"]}}],"collection":[{"href":"https:\/\/artstella-elixirs-floraux.com\/en\/wp-json\/wp\/v2\/product"}],"about":[{"href":"https:\/\/artstella-elixirs-floraux.com\/en\/wp-json\/wp\/v2\/types\/product"}],"version-history":[{"count":1,"href":"https:\/\/artstella-elixirs-floraux.com\/en\/wp-json\/wp\/v2\/product\/3161\/revisions"}],"predecessor-version":[{"id":10909,"href":"https:\/\/artstella-elixirs-floraux.com\/en\/wp-json\/wp\/v2\/product\/3161\/revisions\/10909"}],"wp:featuredmedia":[{"embeddable":true,"href":"https:\/\/artstella-elixirs-floraux.com\/en\/wp-json\/wp\/v2\/media\/3162"}],"wp:attachment":[{"href":"https:\/\/artstella-elixirs-floraux.com\/en\/wp-json\/wp\/v2\/media?parent=3161"}],"wp:term":[{"taxonomy":"product_brand","embeddable":true,"href":"https:\/\/artstella-elixirs-floraux.com\/en\/wp-json\/wp\/v2\/product_brand?post=3161"},{"taxonomy":"product_cat","embeddable":true,"href":"https:\/\/artstella-elixirs-floraux.com\/en\/wp-json\/wp\/v2\/product_cat?post=3161"},{"taxonomy":"product_tag","embeddable":true,"href":"https:\/\/artstella-elixirs-floraux.com\/en\/wp-json\/wp\/v2\/product_tag?post=3161"}],"curies":[{"name":"wp","href":"https:\/\/api.w.org\/{rel}","templated":true}]}}