{"id":3165,"date":"2025-03-09T13:07:16","date_gmt":"2025-03-09T13:07:16","guid":{"rendered":"https:\/\/artstella-elixirs-floraux.com\/product\/rose-sarah-van-fleet-15ml-phi\/"},"modified":"2025-06-17T17:01:35","modified_gmt":"2025-06-17T17:01:35","slug":"rose-sarah-van-fleet-15ml-phi","status":"publish","type":"product","link":"https:\/\/artstella-elixirs-floraux.com\/en\/product\/rose-sarah-van-fleet-15ml-phi\/","title":{"rendered":"ROSE &lsquo;SARAH VAN FLEET&rsquo; 15ML PHI"},"content":{"rendered":"","protected":false},"excerpt":{"rendered":"<p><span style=\"color: #008000;\"><strong><em>Rose rugueuse \u00ab\u00a0Sarah von Fleet\u00a0\u00bb (Rosa rugosa )<\/em><\/strong><\/span><\/p>\n<p>Agit au niveau du plexus cardiaque et nous ouvre \u00e0 l&rsquo;exp\u00e9rience profonde de l&rsquo;amour. Nous apprend \u00e0 donner de l\u2019amour sans attente de retour. Pour une joie du c\u0153ur, pure, innocente et r\u00e9jouie.<\/p>","protected":false},"featured_media":3166,"template":"","meta":[],"product_brand":[],"product_cat":[89],"product_tag":[],"class_list":{"0":"post-3165","1":"product","2":"type-product","3":"status-publish","4":"has-post-thumbnail","6":"product_cat-les-elixirs-de-roses","8":"first","9":"instock","10":"taxable","11":"shipping-taxable","12":"purchasable","13":"product-type-variable"},"etheme_brands":{"errors":{"invalid_taxonomy":["Invalid taxonomy."]},"error_data":[]},"jetpack_sharing_enabled":true,"jetpack-related-posts":[{"id":4549,"url":"https:\/\/artstella-elixirs-floraux.com\/en\/product\/coffret-10-elixirs-de-roses-15ml-phi\/","url_meta":{"origin":3165,"position":0},"title":"COFFRET 10 ELIXIRS DE ROSES 15ml PHI","author":"eveapprill","date":"9 March 2025","format":false,"excerpt":"Contient les 10 \u00e9lixirs de roses\u00a0 une particularit\u00e9 dans le domaine des \u00e9lixirs floraux Rose du Japon, Rose pimprenelle, Rose sauvage, Rose rugueuse Sarah van Fleet, Rose rugueuse Souvenir de Phil\u00e9mon Cochet, Rose tib\u00e9taine, Rose verte, Rose reine du Danmark, Rose Provence.","rel":"","context":"Similar post","block_context":{"text":"Similar post","link":""},"img":{"alt_text":"","src":"https:\/\/i0.wp.com\/artstella-elixirs-floraux.com\/wp-content\/uploads\/2025\/03\/wp-image1160.png?resize=350%2C200&ssl=1","width":350,"height":200,"srcset":"https:\/\/i0.wp.com\/artstella-elixirs-floraux.com\/wp-content\/uploads\/2025\/03\/wp-image1160.png?resize=350%2C200&ssl=1 1x, https:\/\/i0.wp.com\/artstella-elixirs-floraux.com\/wp-content\/uploads\/2025\/03\/wp-image1160.png?resize=525%2C300&ssl=1 1.5x, https:\/\/i0.wp.com\/artstella-elixirs-floraux.com\/wp-content\/uploads\/2025\/03\/wp-image1160.png?resize=700%2C400&ssl=1 2x"},"classes":[]},{"id":3149,"url":"https:\/\/artstella-elixirs-floraux.com\/en\/product\/rose-du-japon-phi-15-ml\/","url_meta":{"origin":3165,"position":1},"title":"ROSE DU JAPON PHI 15 ML","author":"eveapprill","date":"9 March 2025","format":false,"excerpt":"Rose du Japon (Rosa roxbourghi) (Japanische Rose) Favorise la modestie et l'humilit\u00e9 en l'amour. La rose du Japon nous aide \u00e0 retrouver l'espoir dans l'amour. Nous apprenons \u00e0 garder une douce retenue et \u00e0 n'utiliser nos \u00e9pines qu'en cas de n\u00e9cessit\u00e9.","rel":"","context":"Similar post","block_context":{"text":"Similar post","link":""},"img":{"alt_text":"","src":"https:\/\/i0.wp.com\/artstella-elixirs-floraux.com\/wp-content\/uploads\/2025\/03\/wp-image398.png?resize=350%2C200&ssl=1","width":350,"height":200},"classes":[]},{"id":3169,"url":"https:\/\/artstella-elixirs-floraux.com\/en\/product\/rose-souv-de-ph-cochet-phi-15-ml\/","url_meta":{"origin":3165,"position":2},"title":"ROSE SOUV DE PH COCHET PHI 15 ML","author":"eveapprill","date":"9 March 2025","format":false,"excerpt":"Rose rugueuse \u00ab\u00a0Souvenir de Phil\u00e9mon Cochet\u00a0\u00bb (Rosa rugosa) L'amour vrai unit le corps, l'esprit et l'\u00e2me. L'\u00e9lixir aide \u00e0 construire cette unit\u00e9 et \u00e0 relier les diff\u00e9rents plans. Il favorise un amour qui inclut tout.","rel":"","context":"Similar post","block_context":{"text":"Similar post","link":""},"img":{"alt_text":"","src":"https:\/\/i0.wp.com\/artstella-elixirs-floraux.com\/wp-content\/uploads\/2025\/03\/wp-image403.png?resize=350%2C200&ssl=1","width":350,"height":200},"classes":[]},{"id":2950,"url":"https:\/\/artstella-elixirs-floraux.com\/en\/product\/quartz-rose-15-ml-phi\/","url_meta":{"origin":3165,"position":3},"title":"QUARTZ ROSE 15 ML PHI","author":"eveapprill","date":"9 March 2025","format":false,"excerpt":"Quartz rose (Rosenquarz) Dissout la n\u00e9gativit\u00e9 par la douceur et l'amour. Apporte une vibration douce, calme et pleine d'amour, harmonise le corps \u00e9motionnel.","rel":"","context":"Similar post","block_context":{"text":"Similar post","link":""},"img":{"alt_text":"","src":"https:\/\/i0.wp.com\/artstella-elixirs-floraux.com\/wp-content\/uploads\/2025\/03\/wp-image637.png?resize=350%2C200&ssl=1","width":350,"height":200},"classes":[]},{"id":3161,"url":"https:\/\/artstella-elixirs-floraux.com\/en\/product\/rose-sauvage-15-ml-phi\/","url_meta":{"origin":3165,"position":4},"title":"ROSE SAUVAGE 15 ML PHI","author":"eveapprill","date":"9 March 2025","format":false,"excerpt":"Rose sauvage (Rosa X pruhoniciana) (Wildrosen Hybride) Dans un monde o\u00f9 nous rencontrons beaucoup d'opposition, cette rose permet de d\u00e9velopper notre r\u00e9sistance. Notre c\u0153ur peut se sentir reli\u00e9 \u00e0 la terre ce qui nous donne une meilleure assise, et renouvelle notre amour de la vie.","rel":"","context":"Similar post","block_context":{"text":"Similar post","link":""},"img":{"alt_text":"","src":"https:\/\/i0.wp.com\/artstella-elixirs-floraux.com\/wp-content\/uploads\/2025\/03\/wp-image401.png?resize=350%2C200&ssl=1","width":350,"height":200},"classes":[]},{"id":3185,"url":"https:\/\/artstella-elixirs-floraux.com\/en\/product\/rose-provence-15-ml-phi\/","url_meta":{"origin":3165,"position":5},"title":"ROSE PROVENCE 15 ML PHI","author":"eveapprill","date":"9 March 2025","format":false,"excerpt":"Rose de Provence (Rosa centifolia) (Provence Rose) Nous aide \u00e0 d\u00e9passer les obstacles apparents et relie le c\u0153ur \u00e0 la raison. Il apporte un \u00e9quilibre entre l\u2019esprit et les sentiments.","rel":"","context":"Similar post","block_context":{"text":"Similar post","link":""},"img":{"alt_text":"","src":"https:\/\/i0.wp.com\/artstella-elixirs-floraux.com\/wp-content\/uploads\/2025\/03\/wp-image406.png?resize=350%2C200&ssl=1","width":350,"height":200},"classes":[]}],"_links":{"self":[{"href":"https:\/\/artstella-elixirs-floraux.com\/en\/wp-json\/wp\/v2\/product\/3165","targetHints":{"allow":["GET"]}}],"collection":[{"href":"https:\/\/artstella-elixirs-floraux.com\/en\/wp-json\/wp\/v2\/product"}],"about":[{"href":"https:\/\/artstella-elixirs-floraux.com\/en\/wp-json\/wp\/v2\/types\/product"}],"version-history":[{"count":1,"href":"https:\/\/artstella-elixirs-floraux.com\/en\/wp-json\/wp\/v2\/product\/3165\/revisions"}],"predecessor-version":[{"id":10908,"href":"https:\/\/artstella-elixirs-floraux.com\/en\/wp-json\/wp\/v2\/product\/3165\/revisions\/10908"}],"wp:featuredmedia":[{"embeddable":true,"href":"https:\/\/artstella-elixirs-floraux.com\/en\/wp-json\/wp\/v2\/media\/3166"}],"wp:attachment":[{"href":"https:\/\/artstella-elixirs-floraux.com\/en\/wp-json\/wp\/v2\/media?parent=3165"}],"wp:term":[{"taxonomy":"product_brand","embeddable":true,"href":"https:\/\/artstella-elixirs-floraux.com\/en\/wp-json\/wp\/v2\/product_brand?post=3165"},{"taxonomy":"product_cat","embeddable":true,"href":"https:\/\/artstella-elixirs-floraux.com\/en\/wp-json\/wp\/v2\/product_cat?post=3165"},{"taxonomy":"product_tag","embeddable":true,"href":"https:\/\/artstella-elixirs-floraux.com\/en\/wp-json\/wp\/v2\/product_tag?post=3165"}],"curies":[{"name":"wp","href":"https:\/\/api.w.org\/{rel}","templated":true}]}}