{"id":3181,"date":"2025-03-09T13:07:32","date_gmt":"2025-03-09T13:07:32","guid":{"rendered":"https:\/\/artstella-elixirs-floraux.com\/product\/rose-reine-du-danemark-15ml-phi\/"},"modified":"2025-06-17T16:55:11","modified_gmt":"2025-06-17T16:55:11","slug":"rose-reine-du-danemark-15ml-phi","status":"publish","type":"product","link":"https:\/\/artstella-elixirs-floraux.com\/en\/product\/rose-reine-du-danemark-15ml-phi\/","title":{"rendered":"ROSE REINE DU DANEMARK 15ML PHI"},"content":{"rendered":"","protected":false},"excerpt":{"rendered":"<p><strong><em><span style=\"color: #008000;\">Reine du Danemark (Rosa alba) (K\u00f6nigin von D\u00e4nemark)<\/span><br \/>\n<\/em><\/strong>Nous soutient en cas de blessures \u00e9motionnelles. Il nous aide \u00e0 sortir les \u00ab\u00a0\u00e9pines\u00a0\u00bb de notre c\u0153ur et \u00e0 nous lib\u00e9rer d&rsquo;anciennes douleurs. Accompagne les processus de deuils.<\/p>","protected":false},"featured_media":3182,"template":"","meta":[],"product_brand":[],"product_cat":[89],"product_tag":[],"class_list":{"0":"post-3181","1":"product","2":"type-product","3":"status-publish","4":"has-post-thumbnail","6":"product_cat-les-elixirs-de-roses","8":"first","9":"instock","10":"taxable","11":"shipping-taxable","12":"purchasable","13":"product-type-variable"},"etheme_brands":{"errors":{"invalid_taxonomy":["Invalid taxonomy."]},"error_data":[]},"jetpack_sharing_enabled":true,"jetpack-related-posts":[{"id":5568,"url":"https:\/\/artstella-elixirs-floraux.com\/en\/product\/rose-reine-du-danemark-sylfos-15-ml\/","url_meta":{"origin":3181,"position":0},"title":"ROSE REINE DU DANEMARK SYLFOS 15 ML","author":"eveapprill","date":"9 March 2025","format":false,"excerpt":"ROSE KOENING VAN DAENMARK\u00a0 Rose Reine du Danemark Rosa alaba \u00a0 \u00a0 \u00a0 \u00a0 Permet un l\u00e2cher prise face aux blessures \u00e9motionnelles. Guide vers la possibilit\u00e9 de donner et de recevoir l\u2019Amour, lib\u00e9rant ainsi notre c\u0153ur. Equilibre les activit\u00e9s des h\u00e9misph\u00e8res droit et gauche\u00a0 du cerveau.","rel":"","context":"Similar post","block_context":{"text":"Similar post","link":""},"img":{"alt_text":"","src":"","width":0,"height":0},"classes":[]},{"id":4549,"url":"https:\/\/artstella-elixirs-floraux.com\/en\/product\/coffret-10-elixirs-de-roses-15ml-phi\/","url_meta":{"origin":3181,"position":1},"title":"COFFRET 10 ELIXIRS DE ROSES 15ml PHI","author":"eveapprill","date":"9 March 2025","format":false,"excerpt":"Contient les 10 \u00e9lixirs de roses\u00a0 une particularit\u00e9 dans le domaine des \u00e9lixirs floraux Rose du Japon, Rose pimprenelle, Rose sauvage, Rose rugueuse Sarah van Fleet, Rose rugueuse Souvenir de Phil\u00e9mon Cochet, Rose tib\u00e9taine, Rose verte, Rose reine du Danmark, Rose Provence.","rel":"","context":"Similar post","block_context":{"text":"Similar post","link":""},"img":{"alt_text":"","src":"https:\/\/i0.wp.com\/artstella-elixirs-floraux.com\/wp-content\/uploads\/2025\/03\/wp-image1160.png?resize=350%2C200&ssl=1","width":350,"height":200,"srcset":"https:\/\/i0.wp.com\/artstella-elixirs-floraux.com\/wp-content\/uploads\/2025\/03\/wp-image1160.png?resize=350%2C200&ssl=1 1x, https:\/\/i0.wp.com\/artstella-elixirs-floraux.com\/wp-content\/uploads\/2025\/03\/wp-image1160.png?resize=525%2C300&ssl=1 1.5x, https:\/\/i0.wp.com\/artstella-elixirs-floraux.com\/wp-content\/uploads\/2025\/03\/wp-image1160.png?resize=700%2C400&ssl=1 2x"},"classes":[]},{"id":6038,"url":"https:\/\/artstella-elixirs-floraux.com\/en\/product\/elixir-ocean-n05-phi15ml\/","url_meta":{"origin":3181,"position":2},"title":"ELIXIR OCEAN N\u00b005 PHI15ML","author":"eveapprill","date":"9 March 2025","format":false,"excerpt":"La honte et la culpabilit\u00e9 profond\u00e9ment ancr\u00e9es dans le subconscient peuvent se dissoudre. Action \u00e9nerg\u00e9tique sur le 2\u00e8me chakra, les reins et les organes sexuels.","rel":"","context":"Similar post","block_context":{"text":"Similar post","link":""},"img":{"alt_text":"","src":"https:\/\/i0.wp.com\/artstella-elixirs-floraux.com\/wp-content\/uploads\/2025\/03\/wp-image2043.png?resize=350%2C200&ssl=1","width":350,"height":200},"classes":[]},{"id":5170,"url":"https:\/\/artstella-elixirs-floraux.com\/en\/product\/eponge-tubulaire-15-ml-phi\/","url_meta":{"origin":3181,"position":3},"title":"EPONGE TUBULAIRE 15 ML PHI","author":"eveapprill","date":"9 March 2025","format":false,"excerpt":"Eponge tubulaire \u00e0 \u00e9pines\u00a0 (Callyspongia sp.) R\u00f6hrenschwamm\u00a0 De la m\u00eame fa\u00e7on que cette \u00e9ponge filtre l\u2019eau de mer, son \u00e9lixir soutient \u00e9nerg\u00e9tiquement les fonctions du foie et des reins, de fa\u00e7on \u00e0 \u00e9liminer les toxines.\u00a0","rel":"","context":"Similar post","block_context":{"text":"Similar post","link":""},"img":{"alt_text":"","src":"","width":0,"height":0},"classes":[]},{"id":6036,"url":"https:\/\/artstella-elixirs-floraux.com\/en\/product\/elixir-ocean-n04-phi15ml\/","url_meta":{"origin":3181,"position":4},"title":"ELIXIR OCEAN N\u00b004 PHI15ML","author":"eveapprill","date":"9 March 2025","format":false,"excerpt":"A partir des profondeurs du subconscient, l\u2019\u00e9lixir nous aide \u00e0 avancer lentement mais surement. Il permet de s\u2019orienter et de (re) trouver notre espace int\u00e9rieur. Nous n\u2019avons plus besoin d\u2019\u00eatre transparents et pouvons revendiquer notre place dans la vie.","rel":"","context":"Similar post","block_context":{"text":"Similar post","link":""},"img":{"alt_text":"","src":"https:\/\/i0.wp.com\/artstella-elixirs-floraux.com\/wp-content\/uploads\/2025\/03\/wp-image2042.png?resize=350%2C200&ssl=1","width":350,"height":200},"classes":[]},{"id":3177,"url":"https:\/\/artstella-elixirs-floraux.com\/en\/product\/rose-verte-phi-15-ml-green-rose\/","url_meta":{"origin":3181,"position":5},"title":"ROSE VERTE PHI 15 ML Green rose","author":"eveapprill","date":"9 March 2025","format":false,"excerpt":"Rose verte (Rosa chinensis viridiflora) (Gr\u00fcne Rose) Green rose Quand nous nous sentons \u00e0 l'\u00e9troit et sous pression, l'\u00e9lixir nous aide \u00e0 nous d\u00e9tendre et \u00e0 retrouver la paix. Il agit en lib\u00e9rant et en \u00e9largissant le c\u0153ur.","rel":"","context":"Similar post","block_context":{"text":"Similar post","link":""},"img":{"alt_text":"","src":"https:\/\/i0.wp.com\/artstella-elixirs-floraux.com\/wp-content\/uploads\/2025\/03\/wp-image405.png?resize=350%2C200&ssl=1","width":350,"height":200},"classes":[]}],"_links":{"self":[{"href":"https:\/\/artstella-elixirs-floraux.com\/en\/wp-json\/wp\/v2\/product\/3181","targetHints":{"allow":["GET"]}}],"collection":[{"href":"https:\/\/artstella-elixirs-floraux.com\/en\/wp-json\/wp\/v2\/product"}],"about":[{"href":"https:\/\/artstella-elixirs-floraux.com\/en\/wp-json\/wp\/v2\/types\/product"}],"version-history":[{"count":1,"href":"https:\/\/artstella-elixirs-floraux.com\/en\/wp-json\/wp\/v2\/product\/3181\/revisions"}],"predecessor-version":[{"id":10904,"href":"https:\/\/artstella-elixirs-floraux.com\/en\/wp-json\/wp\/v2\/product\/3181\/revisions\/10904"}],"wp:featuredmedia":[{"embeddable":true,"href":"https:\/\/artstella-elixirs-floraux.com\/en\/wp-json\/wp\/v2\/media\/3182"}],"wp:attachment":[{"href":"https:\/\/artstella-elixirs-floraux.com\/en\/wp-json\/wp\/v2\/media?parent=3181"}],"wp:term":[{"taxonomy":"product_brand","embeddable":true,"href":"https:\/\/artstella-elixirs-floraux.com\/en\/wp-json\/wp\/v2\/product_brand?post=3181"},{"taxonomy":"product_cat","embeddable":true,"href":"https:\/\/artstella-elixirs-floraux.com\/en\/wp-json\/wp\/v2\/product_cat?post=3181"},{"taxonomy":"product_tag","embeddable":true,"href":"https:\/\/artstella-elixirs-floraux.com\/en\/wp-json\/wp\/v2\/product_tag?post=3181"}],"curies":[{"name":"wp","href":"https:\/\/api.w.org\/{rel}","templated":true}]}}