{"id":3189,"date":"2025-03-09T13:07:39","date_gmt":"2025-03-09T13:07:39","guid":{"rendered":"https:\/\/artstella-elixirs-floraux.com\/product\/mouron-des-champs-15-ml-phi\/"},"modified":"2025-06-17T16:28:45","modified_gmt":"2025-06-17T16:28:45","slug":"mouron-des-champs-15-ml-phi","status":"publish","type":"product","link":"https:\/\/artstella-elixirs-floraux.com\/en\/product\/mouron-des-champs-15-ml-phi\/","title":{"rendered":"MOURON DES CHAMPS 15 ML PHI"},"content":{"rendered":"","protected":false},"excerpt":{"rendered":"<p><span style=\"color: #008000\"> <strong><em>Mouron des champs (Anagalis arvensis) (Ackergauchheil)<\/em><\/strong><\/span><\/p>\n<p><strong><em> <\/em><\/strong>Favorise l&rsquo;int\u00e9gration de la spiritualit\u00e9 dans la vie quotidienne. Nous pouvons \u00e9prouver de la compassion et apprenons \u00e0 nous int\u00e9grer dans un groupe.<\/p>","protected":false},"featured_media":3190,"template":"","meta":[],"product_brand":[],"product_cat":[90],"product_tag":[],"class_list":{"0":"post-3189","1":"product","2":"type-product","3":"status-publish","4":"has-post-thumbnail","6":"product_cat-les-elixirs-de-fleurs-sauvages","8":"first","9":"instock","10":"taxable","11":"shipping-taxable","12":"purchasable","13":"product-type-simple"},"etheme_brands":{"errors":{"invalid_taxonomy":["Invalid taxonomy."]},"error_data":[]},"jetpack_sharing_enabled":true,"jetpack-related-posts":[{"id":3433,"url":"https:\/\/artstella-elixirs-floraux.com\/en\/product\/trompette-de-la-m-champ-15ml-phi\/","url_meta":{"origin":3189,"position":0},"title":"TROMPETTE DE LA M. CHAMP 15ML PHI","author":"eveapprill","date":"9 March 2025","format":false,"excerpt":"Trompette de la mort (Craterellus cornucopioides) Herbsttrompete \u00ab\u00a0La respiration d\u2019Had\u00e8s\u00a0\u00bb L\u2019\u00e9lixir permet d'int\u00e9grer les ombres, de se relier \u00e0 la terre et de se lib\u00e9rer des blocages. En reliant fortement \u00e0 la terre, il met en contact avec l'aspect physique, profond, sombre.","rel":"","context":"Similar post","block_context":{"text":"Similar post","link":""},"img":{"alt_text":"","src":"https:\/\/i0.wp.com\/artstella-elixirs-floraux.com\/wp-content\/uploads\/2025\/03\/wp-image318.png?resize=350%2C200&ssl=1","width":350,"height":200},"classes":[]},{"id":5738,"url":"https:\/\/artstella-elixirs-floraux.com\/en\/product\/mouron-des-champs-10-ml-deva\/","url_meta":{"origin":3189,"position":1},"title":"Mouron des champs 10 ml DEVA","author":"eveapprill","date":"9 March 2025","format":false,"excerpt":"Mouron des Champs Affirmation de soi. Pour les probl\u00e8mes li\u00e9s \u00e0 l\u2019autorit\u00e9 et \u00e0 l\u2019image du p\u00e8re.","rel":"","context":"Similar post","block_context":{"text":"Similar post","link":""},"img":{"alt_text":"","src":"https:\/\/i0.wp.com\/artstella-elixirs-floraux.com\/wp-content\/uploads\/2025\/03\/wp-image2428.png?resize=350%2C200&ssl=1","width":350,"height":200},"classes":[]},{"id":3125,"url":"https:\/\/artstella-elixirs-floraux.com\/en\/product\/armoise-champs-afrique-15-ml-phi\/","url_meta":{"origin":3189,"position":2},"title":"ARMOISE CHAMPS AFRIQUE 15 ML PHI","author":"eveapprill","date":"9 March 2025","format":false,"excerpt":"Armoise des champs (Artemisia arvensis Kan.) (Wermut) Apr\u00e8s des \u00e9v\u00e9nements \u00e9puisants, des probl\u00e8mes physiques, cet \u00e9lixir nous apporte nouvelle force vitale et r\u00e9g\u00e9n\u00e9ration","rel":"","context":"Similar post","block_context":{"text":"Similar post","link":""},"img":{"alt_text":"","src":"https:\/\/i0.wp.com\/artstella-elixirs-floraux.com\/wp-content\/uploads\/2025\/03\/wp-image418.png?resize=350%2C200&ssl=1","width":350,"height":200},"classes":[]},{"id":3466,"url":"https:\/\/artstella-elixirs-floraux.com\/en\/product\/champ-amazonie-n2-15ml-phi\/","url_meta":{"origin":3189,"position":3},"title":"CHAMP AMAZONIE N2 15ML PHI","author":"eveapprill","date":"9 March 2025","format":false,"excerpt":"Champignon d\u2019Amazonie n\u00b02 (Pycnoporus sanguineus) (Porling) Permet un bon enracinement. Stimule les pieds, le premier chakra est reli\u00e9 \u00e0 la terre.","rel":"","context":"Similar post","block_context":{"text":"Similar post","link":""},"img":{"alt_text":"","src":"https:\/\/i0.wp.com\/artstella-elixirs-floraux.com\/wp-content\/uploads\/2025\/03\/wp-image331.png?resize=350%2C200&ssl=1","width":350,"height":200},"classes":[]},{"id":3422,"url":"https:\/\/artstella-elixirs-floraux.com\/en\/product\/nonette-voilee-champ-15-ml-phi\/","url_meta":{"origin":3189,"position":4},"title":"NONETTE VOILEE CHAMP 15 ML PHI","author":"eveapprill","date":"9 March 2025","format":false,"excerpt":"Nonette voil\u00e9e (Suillus luteus) (Butterr\u00f6hrling) Favorise la prise de conscience des causes profondes des sentiments de culpabilit\u00e9 et de honte. Son action lib\u00e8re les blocages qui proviennent des sentiments n\u00e9gatifs.","rel":"","context":"Similar post","block_context":{"text":"Similar post","link":""},"img":{"alt_text":"","src":"https:\/\/i0.wp.com\/artstella-elixirs-floraux.com\/wp-content\/uploads\/2025\/03\/wp-image314.png?resize=350%2C200&ssl=1","width":350,"height":200},"classes":[]},{"id":3464,"url":"https:\/\/artstella-elixirs-floraux.com\/en\/product\/champ-amazonie-n1-15-ml-phi\/","url_meta":{"origin":3189,"position":5},"title":"CHAMP AMAZONIE N1 15 ML PHI","author":"eveapprill","date":"9 March 2025","format":false,"excerpt":"Champignon d\u2019Amazonie n\u00b01 (Cordyceps) (Kernkeulen) L\u2019\u00e9lixir soutient et purifie le 2\u00e8me chakra et sur la zone des reins. Son action est tr\u00e8s profonde et permet d\u2019\u00e9vacuer les poisons \u00e9motionnels qui sont install\u00e9s au niveau corporel","rel":"","context":"Similar post","block_context":{"text":"Similar post","link":""},"img":{"alt_text":"","src":"https:\/\/i0.wp.com\/artstella-elixirs-floraux.com\/wp-content\/uploads\/2025\/03\/wp-image330.png?resize=350%2C200&ssl=1","width":350,"height":200},"classes":[]}],"_links":{"self":[{"href":"https:\/\/artstella-elixirs-floraux.com\/en\/wp-json\/wp\/v2\/product\/3189","targetHints":{"allow":["GET"]}}],"collection":[{"href":"https:\/\/artstella-elixirs-floraux.com\/en\/wp-json\/wp\/v2\/product"}],"about":[{"href":"https:\/\/artstella-elixirs-floraux.com\/en\/wp-json\/wp\/v2\/types\/product"}],"version-history":[{"count":1,"href":"https:\/\/artstella-elixirs-floraux.com\/en\/wp-json\/wp\/v2\/product\/3189\/revisions"}],"predecessor-version":[{"id":10888,"href":"https:\/\/artstella-elixirs-floraux.com\/en\/wp-json\/wp\/v2\/product\/3189\/revisions\/10888"}],"wp:featuredmedia":[{"embeddable":true,"href":"https:\/\/artstella-elixirs-floraux.com\/en\/wp-json\/wp\/v2\/media\/3190"}],"wp:attachment":[{"href":"https:\/\/artstella-elixirs-floraux.com\/en\/wp-json\/wp\/v2\/media?parent=3189"}],"wp:term":[{"taxonomy":"product_brand","embeddable":true,"href":"https:\/\/artstella-elixirs-floraux.com\/en\/wp-json\/wp\/v2\/product_brand?post=3189"},{"taxonomy":"product_cat","embeddable":true,"href":"https:\/\/artstella-elixirs-floraux.com\/en\/wp-json\/wp\/v2\/product_cat?post=3189"},{"taxonomy":"product_tag","embeddable":true,"href":"https:\/\/artstella-elixirs-floraux.com\/en\/wp-json\/wp\/v2\/product_tag?post=3189"}],"curies":[{"name":"wp","href":"https:\/\/api.w.org\/{rel}","templated":true}]}}