{"id":3199,"date":"2025-03-09T13:07:46","date_gmt":"2025-03-09T13:07:46","guid":{"rendered":"https:\/\/artstella-elixirs-floraux.com\/product\/brunelle-15-ml-phi\/"},"modified":"2025-06-17T16:27:59","modified_gmt":"2025-06-17T16:27:59","slug":"brunelle-15-ml-phi","status":"publish","type":"product","link":"https:\/\/artstella-elixirs-floraux.com\/en\/product\/brunelle-15-ml-phi\/","title":{"rendered":"BRUNELLE 15 ML PHI"},"content":{"rendered":"","protected":false},"excerpt":{"rendered":"<p><span style=\"color: #008000\"><strong><em>Brunelle (Prunella vulgaris) (Braunelle)<\/em><\/strong><\/span><\/p>\n<p>Stimule les forces d&rsquo;auto gu\u00e9rison et la volont\u00e9 d&rsquo;\u00eatre en bonne sant\u00e9. Pour retrouver le courage d\u2019\u00eatre en bonne sant\u00e9.\u00a0 (Peut \u00eatre ajout\u00e9 \u00e0 une cr\u00e8me)<\/p>","protected":false},"featured_media":3200,"template":"","meta":[],"product_brand":[],"product_cat":[90],"product_tag":[],"class_list":{"0":"post-3199","1":"product","2":"type-product","3":"status-publish","4":"has-post-thumbnail","6":"product_cat-les-elixirs-de-fleurs-sauvages","8":"first","9":"instock","10":"taxable","11":"shipping-taxable","12":"purchasable","13":"product-type-simple"},"etheme_brands":{"errors":{"invalid_taxonomy":["Invalid taxonomy."]},"error_data":[]},"jetpack_sharing_enabled":true,"jetpack-related-posts":[{"id":5233,"url":"https:\/\/artstella-elixirs-floraux.com\/en\/product\/creme-de-brunelle\/","url_meta":{"origin":3199,"position":0},"title":"Cr\u00e8me de Brunelle","author":"eveapprill","date":"9 March 2025","format":false,"excerpt":"La creme de Brunelle La Cr\u00e8me de Brunelle est r\u00e9alis\u00e9e avec l\u2019\u00e9nergie de Prunella vulgaris. Elle peut \u00eatre utilis\u00e9e pour les soins quotidiens, mais aussi comme baume autour des blessures ou sur des rougeurs. Les hautes vibrations de l'\u00e9lixir stimulent les forces d'auto-gu\u00e9rison de la peau. Elle adoucit \u00e9galement la\u2026","rel":"","context":"Similar post","block_context":{"text":"Similar post","link":""},"img":{"alt_text":"","src":"https:\/\/i0.wp.com\/artstella-elixirs-floraux.com\/wp-content\/uploads\/2025\/03\/18d450c4-3f53-4080-ad5b-b4540b1111c8.jpg?resize=350%2C200&ssl=1","width":350,"height":200,"srcset":"https:\/\/i0.wp.com\/artstella-elixirs-floraux.com\/wp-content\/uploads\/2025\/03\/18d450c4-3f53-4080-ad5b-b4540b1111c8.jpg?resize=350%2C200&ssl=1 1x, https:\/\/i0.wp.com\/artstella-elixirs-floraux.com\/wp-content\/uploads\/2025\/03\/18d450c4-3f53-4080-ad5b-b4540b1111c8.jpg?resize=525%2C300&ssl=1 1.5x, https:\/\/i0.wp.com\/artstella-elixirs-floraux.com\/wp-content\/uploads\/2025\/03\/18d450c4-3f53-4080-ad5b-b4540b1111c8.jpg?resize=700%2C400&ssl=1 2x"},"classes":[]},{"id":5645,"url":"https:\/\/artstella-elixirs-floraux.com\/en\/product\/brunelle-15-ml-deva\/","url_meta":{"origin":3199,"position":1},"title":"Brunelle 15 ml DEVA","author":"eveapprill","date":"9 March 2025","format":false,"excerpt":"Brunelle Force int\u00e9rieure de gu\u00e9rison. Catalyseur de transformation. Pour \u00e9veiller les capacit\u00e9s int\u00e9rieures de r\u00e9g\u00e9n\u00e9ration par l\u2019acceptation de soi. Apporte la force et la motivation n\u00e9cessaires pour recouvrer ses forces.","rel":"","context":"Similar post","block_context":{"text":"Similar post","link":""},"img":{"alt_text":"","src":"https:\/\/i0.wp.com\/artstella-elixirs-floraux.com\/wp-content\/uploads\/2025\/03\/wp-image2404.png?resize=350%2C200&ssl=1","width":350,"height":200},"classes":[]},{"id":4995,"url":"https:\/\/artstella-elixirs-floraux.com\/en\/product\/self-heal-alaskan-brunelle-f-sup\/","url_meta":{"origin":3199,"position":2},"title":"SELF HEAL ALASKAN Brunelle F SUP","author":"eveapprill","date":"9 March 2025","format":false,"excerpt":"Self-Heal Prunela vulgaris Brunelle Indications\u00a0: d\u00e9courag\u00e9 par des maladies chroniques\u00a0; doutant de ses capacit\u00e9s d\u2019auto gu\u00e9rison\u00a0; r\u00e9sistance \u00e0 accueillir les \u00e9nergies gu\u00e9risseuses et le soutien des autres","rel":"","context":"Similar post","block_context":{"text":"Similar post","link":""},"img":{"alt_text":"","src":"","width":0,"height":0},"classes":[]},{"id":6296,"url":"https:\/\/artstella-elixirs-floraux.com\/en\/product\/complexe-n21-detox-emotionnelle\/","url_meta":{"origin":3199,"position":3},"title":"COMPLEXE N\u00b021 DETOX EMOTIONNELLE","author":"eveapprill","date":"9 March 2025","format":false,"excerpt":"Compos\u00e9 n\u00b021 D\u00e9tox \u00e9motionnelle Permet un nettoyage \u00e0 tous les niveaux de l'\u00eatre. Stimule l'\u00e9limination des toxines notamment au niveau \u00e9motionnel, \u00e9nerg\u00e9tique et spirituel. All\u00e8ge et revitalise. Accompagne les forces int\u00e9rieures de r\u00e9g\u00e9n\u00e9ration. \u00a0","rel":"","context":"Similar post","block_context":{"text":"Similar post","link":""},"img":{"alt_text":"","src":"https:\/\/i0.wp.com\/artstella-elixirs-floraux.com\/wp-content\/uploads\/2025\/03\/wp-image2235.png?resize=350%2C200&ssl=1","width":350,"height":200,"srcset":"https:\/\/i0.wp.com\/artstella-elixirs-floraux.com\/wp-content\/uploads\/2025\/03\/wp-image2235.png?resize=350%2C200&ssl=1 1x, https:\/\/i0.wp.com\/artstella-elixirs-floraux.com\/wp-content\/uploads\/2025\/03\/wp-image2235.png?resize=525%2C300&ssl=1 1.5x, https:\/\/i0.wp.com\/artstella-elixirs-floraux.com\/wp-content\/uploads\/2025\/03\/wp-image2235.png?resize=700%2C400&ssl=1 2x"},"classes":[]},{"id":4518,"url":"https:\/\/artstella-elixirs-floraux.com\/en\/product\/rq7\/","url_meta":{"origin":3199,"position":4},"title":"RQ7","author":"eveapprill","date":"27 May 2025","format":false,"excerpt":"RQ7 M\u00e9lange de fleurs faisant partie de la gamme des fleurs classiques mises au point par le Dr Bach. Cet \u00e9lixir correspond au rem\u00e8de d\u2019urgence traditionnel. A. Korte y a ajout\u00e9 le Lotus pour l\u2019harmonisation et la Brunelle pour l\u2019auto gu\u00e9rison. Cet \u00e9lixir combat le stress, r\u00e9\u00e9quilibre et r\u00e9 harmonise\u2026","rel":"","context":"Similar post","block_context":{"text":"Similar post","link":""},"img":{"alt_text":"","src":"","width":0,"height":0},"classes":[]},{"id":2915,"url":"https:\/\/artstella-elixirs-floraux.com\/en\/product\/rq7-phi\/","url_meta":{"origin":3199,"position":5},"title":"RQ7 PHI","author":"eveapprill","date":"9 March 2025","format":false,"excerpt":"\u00a0RQ7 - Rem\u00e8de d\u2019urgence aux sept fleurs Ce m\u00e9lange comprend les cinq fleurs du RQ5 ainsi que la brunelle qui active les forces d'auto gu\u00e9rison et le lotus, pour son action harmonisante. Il s'utilise dans les cas d'urgence et de stress prolong\u00e9. On peut \u00e9galement l\u2019utiliser sous forme de spray\u2026","rel":"","context":"Similar post","block_context":{"text":"Similar post","link":""},"img":{"alt_text":"","src":"https:\/\/i0.wp.com\/artstella-elixirs-floraux.com\/wp-content\/uploads\/2025\/03\/wp-image1108.png?resize=350%2C200&ssl=1","width":350,"height":200},"classes":[]}],"_links":{"self":[{"href":"https:\/\/artstella-elixirs-floraux.com\/en\/wp-json\/wp\/v2\/product\/3199","targetHints":{"allow":["GET"]}}],"collection":[{"href":"https:\/\/artstella-elixirs-floraux.com\/en\/wp-json\/wp\/v2\/product"}],"about":[{"href":"https:\/\/artstella-elixirs-floraux.com\/en\/wp-json\/wp\/v2\/types\/product"}],"version-history":[{"count":1,"href":"https:\/\/artstella-elixirs-floraux.com\/en\/wp-json\/wp\/v2\/product\/3199\/revisions"}],"predecessor-version":[{"id":10885,"href":"https:\/\/artstella-elixirs-floraux.com\/en\/wp-json\/wp\/v2\/product\/3199\/revisions\/10885"}],"wp:featuredmedia":[{"embeddable":true,"href":"https:\/\/artstella-elixirs-floraux.com\/en\/wp-json\/wp\/v2\/media\/3200"}],"wp:attachment":[{"href":"https:\/\/artstella-elixirs-floraux.com\/en\/wp-json\/wp\/v2\/media?parent=3199"}],"wp:term":[{"taxonomy":"product_brand","embeddable":true,"href":"https:\/\/artstella-elixirs-floraux.com\/en\/wp-json\/wp\/v2\/product_brand?post=3199"},{"taxonomy":"product_cat","embeddable":true,"href":"https:\/\/artstella-elixirs-floraux.com\/en\/wp-json\/wp\/v2\/product_cat?post=3199"},{"taxonomy":"product_tag","embeddable":true,"href":"https:\/\/artstella-elixirs-floraux.com\/en\/wp-json\/wp\/v2\/product_tag?post=3199"}],"curies":[{"name":"wp","href":"https:\/\/api.w.org\/{rel}","templated":true}]}}