{"id":3201,"date":"2025-03-09T13:07:48","date_gmt":"2025-03-09T13:07:48","guid":{"rendered":"https:\/\/artstella-elixirs-floraux.com\/product\/bouton-dor-15-ml-phi\/"},"modified":"2025-06-17T16:27:58","modified_gmt":"2025-06-17T16:27:58","slug":"bouton-dor-15-ml-phi","status":"publish","type":"product","link":"https:\/\/artstella-elixirs-floraux.com\/en\/product\/bouton-dor-15-ml-phi\/","title":{"rendered":"BOUTON D&rsquo;OR 15 ML PHI"},"content":{"rendered":"","protected":false},"excerpt":{"rendered":"<p><span style=\"color: #008000\"><strong><em>Bouton d\u2019or (Ranunculus acris) (Hahnenfuss)<\/em><\/strong><\/span><\/p>\n<p>Renforce la confiance en soi. Aide \u00e0 trouver notre vraie grandeur et \u00e0 relativiser les attentes des autres comme celles de nos parents ou \u00e9ducateurs.<\/p>","protected":false},"featured_media":3202,"template":"","meta":[],"product_brand":[],"product_cat":[90],"product_tag":[],"class_list":{"0":"post-3201","1":"product","2":"type-product","3":"status-publish","4":"has-post-thumbnail","6":"product_cat-les-elixirs-de-fleurs-sauvages","8":"first","9":"instock","10":"taxable","11":"shipping-taxable","12":"purchasable","13":"product-type-simple"},"etheme_brands":{"errors":{"invalid_taxonomy":["Invalid taxonomy."]},"error_data":[]},"jetpack_sharing_enabled":true,"jetpack-related-posts":[{"id":5643,"url":"https:\/\/artstella-elixirs-floraux.com\/en\/product\/bouton-dor-15ml\/","url_meta":{"origin":3201,"position":0},"title":"Bouton d&rsquo;Or 15ml","author":"eveapprill","date":"9 March 2025","format":false,"excerpt":"Bouton d\u2019Or Estime de soi, confiance. Pour ceux qui doutent d\u2019eux-m\u00eames, qui se sous-estiment, qui ne savent pas s\u2019appr\u00e9cier \u00e0 leur juste valeur.","rel":"","context":"Similar post","block_context":{"text":"Similar post","link":""},"img":{"alt_text":"","src":"https:\/\/i0.wp.com\/artstella-elixirs-floraux.com\/wp-content\/uploads\/2025\/03\/wp-image2403.png?resize=350%2C200&ssl=1","width":350,"height":200},"classes":[]},{"id":5302,"url":"https:\/\/artstella-elixirs-floraux.com\/en\/product\/complexe-n-11-emotions-de-la-petite-enfance-deva-30ml\/","url_meta":{"origin":3201,"position":1},"title":"COMPLEXE N\u00b0 11 Emotions de la Petite enfance DEVA 30ML","author":"eveapprill","date":"9 March 2025","format":false,"excerpt":"COMPLEXE N\u00b0 11\u00a0 30ml Le compos\u00e9 floral \u00c9motions de la\u00a0PETITE ENFANCE harmonise les relations avec l'environnement familial et l'ext\u00e9rieur. Il aide \u00e0 faire ses premiers pas en collectivit\u00e9 en surmontant le manque de confiance et la timidit\u00e9. Il pr\u00e9serve et encourage la cr\u00e9ativit\u00e9 artistique spontan\u00e9e.","rel":"","context":"Similar post","block_context":{"text":"Similar post","link":""},"img":{"alt_text":"","src":"https:\/\/i0.wp.com\/artstella-elixirs-floraux.com\/wp-content\/uploads\/2025\/03\/4cce1e25-f3bd-4744-9706-01bba662c2ae.jpg?resize=350%2C200&ssl=1","width":350,"height":200,"srcset":"https:\/\/i0.wp.com\/artstella-elixirs-floraux.com\/wp-content\/uploads\/2025\/03\/4cce1e25-f3bd-4744-9706-01bba662c2ae.jpg?resize=350%2C200&ssl=1 1x, https:\/\/i0.wp.com\/artstella-elixirs-floraux.com\/wp-content\/uploads\/2025\/03\/4cce1e25-f3bd-4744-9706-01bba662c2ae.jpg?resize=525%2C300&ssl=1 1.5x, https:\/\/i0.wp.com\/artstella-elixirs-floraux.com\/wp-content\/uploads\/2025\/03\/4cce1e25-f3bd-4744-9706-01bba662c2ae.jpg?resize=700%2C400&ssl=1 2x"},"classes":[]},{"id":4551,"url":"https:\/\/artstella-elixirs-floraux.com\/en\/product\/coffret-fleurs-sauvages-15-ml\/","url_meta":{"origin":3201,"position":2},"title":"COFFRET FLEURS SAUVAGES 15 ML","author":"eveapprill","date":"9 March 2025","format":false,"excerpt":"Les \u00e9lixirs de 40 fleurs Sauvages R\u00e9alis\u00e9s avec des fleurs europ\u00e9ennes communes dans la nature.","rel":"","context":"Similar post","block_context":{"text":"Similar post","link":""},"img":{"alt_text":"","src":"","width":0,"height":0},"classes":[]},{"id":12358,"url":"https:\/\/artstella-elixirs-floraux.com\/en\/product\/or-oro-15ml-sylfos\/","url_meta":{"origin":3201,"position":3},"title":"OR &#8211; ORO 15ml Sylfos","author":"eveapprill","date":"16 March 2026","format":false,"excerpt":"L'opale andine aide \u00e0 lib\u00e9rer les \u00e9motions refoul\u00e9es et \u00e0 exprimer ses sentiments avec plus de fluidit\u00e9. Elle est utile en cas de tristesse, de nostalgie ou de blocage affectif. Son \u00e9nergie adoucit le c\u0153ur et favorise l'empathie. Elle apporte un soulagement \u00e9motionnel et une ouverture int\u00e9rieure.","rel":"","context":"Similar post","block_context":{"text":"Similar post","link":""},"img":{"alt_text":"","src":"https:\/\/i0.wp.com\/artstella-elixirs-floraux.com\/wp-content\/uploads\/2026\/03\/Oro_1.png?resize=350%2C200&ssl=1","width":350,"height":200},"classes":[]},{"id":5454,"url":"https:\/\/artstella-elixirs-floraux.com\/en\/product\/verge-dor-solidago-officinale-goldenrod-10ml\/","url_meta":{"origin":3201,"position":4},"title":"Verge d\u2019or &#8211; Solidago officinale &#8211; Goldenrod 10ml","author":"eveapprill","date":"9 March 2025","format":false,"excerpt":"Verge d\u2019or \/ Solidago officinalis - Goldenrod Les mots cl\u00e9s pour Solidago sont individualit\u00e9 et les autres. Pour ceux qui se sentent enferm\u00e9s et ont du mal \u00e0 s\u2019ouvrir aux autres. A ceux qui ont du mal \u00e0 l\u00e2cher leur ego personnel pour s\u2019int\u00e9resser \u00e0 des qualit\u00e9s sup\u00e9rieures, restant trop\u2026","rel":"","context":"Similar post","block_context":{"text":"Similar post","link":""},"img":{"alt_text":"","src":"","width":0,"height":0},"classes":[]},{"id":2997,"url":"https:\/\/artstella-elixirs-floraux.com\/en\/product\/or-phi-15-ml\/","url_meta":{"origin":3201,"position":5},"title":"OR PHI 15 ML","author":"eveapprill","date":"9 March 2025","format":false,"excerpt":"Or (Gold) Il est le symbole de la vitalit\u00e9 et de l'\u00e9nergie active. Il renforce le plexus solaire et la volont\u00e9.","rel":"","context":"Similar post","block_context":{"text":"Similar post","link":""},"img":{"alt_text":"","src":"https:\/\/i0.wp.com\/artstella-elixirs-floraux.com\/wp-content\/uploads\/2025\/03\/wp-image628.png?resize=350%2C200&ssl=1","width":350,"height":200},"classes":[]}],"_links":{"self":[{"href":"https:\/\/artstella-elixirs-floraux.com\/en\/wp-json\/wp\/v2\/product\/3201","targetHints":{"allow":["GET"]}}],"collection":[{"href":"https:\/\/artstella-elixirs-floraux.com\/en\/wp-json\/wp\/v2\/product"}],"about":[{"href":"https:\/\/artstella-elixirs-floraux.com\/en\/wp-json\/wp\/v2\/types\/product"}],"version-history":[{"count":1,"href":"https:\/\/artstella-elixirs-floraux.com\/en\/wp-json\/wp\/v2\/product\/3201\/revisions"}],"predecessor-version":[{"id":10884,"href":"https:\/\/artstella-elixirs-floraux.com\/en\/wp-json\/wp\/v2\/product\/3201\/revisions\/10884"}],"wp:featuredmedia":[{"embeddable":true,"href":"https:\/\/artstella-elixirs-floraux.com\/en\/wp-json\/wp\/v2\/media\/3202"}],"wp:attachment":[{"href":"https:\/\/artstella-elixirs-floraux.com\/en\/wp-json\/wp\/v2\/media?parent=3201"}],"wp:term":[{"taxonomy":"product_brand","embeddable":true,"href":"https:\/\/artstella-elixirs-floraux.com\/en\/wp-json\/wp\/v2\/product_brand?post=3201"},{"taxonomy":"product_cat","embeddable":true,"href":"https:\/\/artstella-elixirs-floraux.com\/en\/wp-json\/wp\/v2\/product_cat?post=3201"},{"taxonomy":"product_tag","embeddable":true,"href":"https:\/\/artstella-elixirs-floraux.com\/en\/wp-json\/wp\/v2\/product_tag?post=3201"}],"curies":[{"name":"wp","href":"https:\/\/api.w.org\/{rel}","templated":true}]}}