{"id":3203,"date":"2025-03-09T13:07:49","date_gmt":"2025-03-09T13:07:49","guid":{"rendered":"https:\/\/artstella-elixirs-floraux.com\/product\/iris-phi-15-ml\/"},"modified":"2025-06-17T16:27:57","modified_gmt":"2025-06-17T16:27:57","slug":"iris-phi-15-ml","status":"publish","type":"product","link":"https:\/\/artstella-elixirs-floraux.com\/en\/product\/iris-phi-15-ml\/","title":{"rendered":"IRIS PHI 15 ML"},"content":{"rendered":"","protected":false},"excerpt":{"rendered":"<p><span style=\"color: #008000\"><strong><em>Iris (Iris germanica) (Iris)<\/em><\/strong><\/span><\/p>\n<p>Cet \u00e9lixir nous relie \u00e0 notre potentiel de cr\u00e9ation et nous aide \u00e0 le d\u00e9velopper. Nous pouvons recevoir les impulsions de l&rsquo;action cr\u00e9atrice.<\/p>","protected":false},"featured_media":3204,"template":"","meta":[],"product_brand":[],"product_cat":[90],"product_tag":[],"class_list":{"0":"post-3203","1":"product","2":"type-product","3":"status-publish","4":"has-post-thumbnail","6":"product_cat-les-elixirs-de-fleurs-sauvages","8":"first","9":"instock","10":"taxable","11":"shipping-taxable","12":"purchasable","13":"product-type-simple"},"etheme_brands":{"errors":{"invalid_taxonomy":["Invalid taxonomy."]},"error_data":[]},"jetpack_sharing_enabled":true,"jetpack-related-posts":[{"id":2347,"url":"https:\/\/artstella-elixirs-floraux.com\/en\/product\/wild-iris-alaskan\/","url_meta":{"origin":3203,"position":0},"title":"Wild iris Alaskan","author":"eveapprill","date":"9 March 2025","format":false,"excerpt":"Wild iris. Iris setosa. Iris sauvage Ne croit pas en sa cr\u00e9ativit\u00e9 ; bloque l'expression cr\u00e9ative car ne veut pas la partager avec les autres, sensation d'\u00eatre d\u00e9connect\u00e9 de la source de cr\u00e9ativit\u00e9.","rel":"","context":"Similar post","block_context":{"text":"Similar post","link":""},"img":{"alt_text":"","src":"https:\/\/i0.wp.com\/artstella-elixirs-floraux.com\/wp-content\/uploads\/2025\/03\/wp-image600.png?resize=350%2C200&ssl=1","width":350,"height":200},"classes":[]},{"id":5714,"url":"https:\/\/artstella-elixirs-floraux.com\/en\/product\/iris-10-ml-deva\/","url_meta":{"origin":3203,"position":1},"title":"Iris 10 ml DEVA","author":"eveapprill","date":"9 March 2025","format":false,"excerpt":"Iris Inspiration, cr\u00e9ativit\u00e9 artistique. Pour \u00e9liminer les frustrations dues \u00e0 un manque d\u2019inspiration ou \u00e0 un sentiment d\u2019imperfection.","rel":"","context":"Similar post","block_context":{"text":"Similar post","link":""},"img":{"alt_text":"","src":"https:\/\/i0.wp.com\/artstella-elixirs-floraux.com\/wp-content\/uploads\/2025\/03\/wp-image2411.png?resize=350%2C200&ssl=1","width":350,"height":200},"classes":[]},{"id":2639,"url":"https:\/\/artstella-elixirs-floraux.com\/en\/product\/bush-iris-15ml\/","url_meta":{"origin":3203,"position":2},"title":"BUSH IRIS 15ml","author":"eveapprill","date":"9 March 2025","format":false,"excerpt":"BUSH IRIS\u00a0 Peur de la mort, mat\u00e9rialisme, ath\u00e9isme. Discernement spirituel, compr\u00e9hension au-del\u00e0 des choses mat\u00e9rielles et physiques.","rel":"","context":"Similar post","block_context":{"text":"Similar post","link":""},"img":{"alt_text":"","src":"https:\/\/i0.wp.com\/artstella-elixirs-floraux.com\/wp-content\/uploads\/2025\/03\/wp-image250.png?resize=350%2C200&ssl=1","width":350,"height":200},"classes":[]},{"id":2745,"url":"https:\/\/artstella-elixirs-floraux.com\/en\/product\/transition-bush-30ml\/","url_meta":{"origin":3203,"position":3},"title":"TRANSITION BUSH 30ml","author":"eveapprill","date":"9 March 2025","format":false,"excerpt":"Transition Att\u00e9nue la peur de la mort tout en aidant \u00e0 l'affronter. Permet de faire ce passage avec douceur, calme, dignit\u00e9, s\u00e9r\u00e9nit\u00e9. Sert \u00e0 toutes les transitions importantes de la vie. Compos\u00e9 de Bottlebrush, Bush Iris, Autumn leaves, Lichen, Mint Bush et de Bauhinia.","rel":"","context":"Similar post","block_context":{"text":"Similar post","link":""},"img":{"alt_text":"","src":"https:\/\/i0.wp.com\/artstella-elixirs-floraux.com\/wp-content\/uploads\/2025\/03\/6d9cbf5c-0d20-404c-805c-951ad9a102b1.jpg?resize=350%2C200&ssl=1","width":350,"height":200,"srcset":"https:\/\/i0.wp.com\/artstella-elixirs-floraux.com\/wp-content\/uploads\/2025\/03\/6d9cbf5c-0d20-404c-805c-951ad9a102b1.jpg?resize=350%2C200&ssl=1 1x, https:\/\/i0.wp.com\/artstella-elixirs-floraux.com\/wp-content\/uploads\/2025\/03\/6d9cbf5c-0d20-404c-805c-951ad9a102b1.jpg?resize=525%2C300&ssl=1 1.5x, https:\/\/i0.wp.com\/artstella-elixirs-floraux.com\/wp-content\/uploads\/2025\/03\/6d9cbf5c-0d20-404c-805c-951ad9a102b1.jpg?resize=700%2C400&ssl=1 2x"},"classes":[]},{"id":3459,"url":"https:\/\/artstella-elixirs-floraux.com\/en\/product\/lepiste-phi-15-ml-champ\/","url_meta":{"origin":3203,"position":4},"title":"LEPISTE PHI 15 ML CHAMP","author":"eveapprill","date":"9 March 2025","format":false,"excerpt":"L\u00e9piste \u00e0 odeur d\u2019iris (Lepista irina) (Veilchen R\u00f6telritterling) L'\u00e9lixir facilite l'acc\u00e8s au troisi\u00e8me \u0153il (6\u00e8me chakra), am\u00e8ne la clart\u00e9 de l'intuition, nettoie le flux d'\u00e9nergie entre les chakras et les diff\u00e9rents plans d'\u00e9nergie. Ancrage de l'\u00e9nergie \u00e9quilibr\u00e9e au niveau cellulaire.","rel":"","context":"Similar post","block_context":{"text":"Similar post","link":""},"img":{"alt_text":"","src":"https:\/\/i0.wp.com\/artstella-elixirs-floraux.com\/wp-content\/uploads\/2025\/03\/wp-image328.png?resize=350%2C200&ssl=1","width":350,"height":200},"classes":[]},{"id":2737,"url":"https:\/\/artstella-elixirs-floraux.com\/en\/product\/purifying-purification-bush-30ml\/","url_meta":{"origin":3203,"position":5},"title":"PURIFYING Purification BUSH 30ml","author":"eveapprill","date":"9 March 2025","format":false,"excerpt":"Purifying -\u00a0Purification Pour clarifier les r\u00e9sidus \u00e9motionnels accumul\u00e9s au fil du temps et se d\u00e9faire de ces ''bagages'' psychiques encombrants. Compos\u00e9 de Bauhinia Bush Iris, Bottlebrush, Dagger Hakea, Dog Rose, Wild Potato Bush.","rel":"","context":"Similar post","block_context":{"text":"Similar post","link":""},"img":{"alt_text":"","src":"https:\/\/i0.wp.com\/artstella-elixirs-floraux.com\/wp-content\/uploads\/2025\/03\/98f26060-c4ae-440e-839e-9e9fc7f90583.jpg?resize=350%2C200&ssl=1","width":350,"height":200,"srcset":"https:\/\/i0.wp.com\/artstella-elixirs-floraux.com\/wp-content\/uploads\/2025\/03\/98f26060-c4ae-440e-839e-9e9fc7f90583.jpg?resize=350%2C200&ssl=1 1x, https:\/\/i0.wp.com\/artstella-elixirs-floraux.com\/wp-content\/uploads\/2025\/03\/98f26060-c4ae-440e-839e-9e9fc7f90583.jpg?resize=525%2C300&ssl=1 1.5x, https:\/\/i0.wp.com\/artstella-elixirs-floraux.com\/wp-content\/uploads\/2025\/03\/98f26060-c4ae-440e-839e-9e9fc7f90583.jpg?resize=700%2C400&ssl=1 2x"},"classes":[]}],"_links":{"self":[{"href":"https:\/\/artstella-elixirs-floraux.com\/en\/wp-json\/wp\/v2\/product\/3203","targetHints":{"allow":["GET"]}}],"collection":[{"href":"https:\/\/artstella-elixirs-floraux.com\/en\/wp-json\/wp\/v2\/product"}],"about":[{"href":"https:\/\/artstella-elixirs-floraux.com\/en\/wp-json\/wp\/v2\/types\/product"}],"version-history":[{"count":1,"href":"https:\/\/artstella-elixirs-floraux.com\/en\/wp-json\/wp\/v2\/product\/3203\/revisions"}],"predecessor-version":[{"id":10883,"href":"https:\/\/artstella-elixirs-floraux.com\/en\/wp-json\/wp\/v2\/product\/3203\/revisions\/10883"}],"wp:featuredmedia":[{"embeddable":true,"href":"https:\/\/artstella-elixirs-floraux.com\/en\/wp-json\/wp\/v2\/media\/3204"}],"wp:attachment":[{"href":"https:\/\/artstella-elixirs-floraux.com\/en\/wp-json\/wp\/v2\/media?parent=3203"}],"wp:term":[{"taxonomy":"product_brand","embeddable":true,"href":"https:\/\/artstella-elixirs-floraux.com\/en\/wp-json\/wp\/v2\/product_brand?post=3203"},{"taxonomy":"product_cat","embeddable":true,"href":"https:\/\/artstella-elixirs-floraux.com\/en\/wp-json\/wp\/v2\/product_cat?post=3203"},{"taxonomy":"product_tag","embeddable":true,"href":"https:\/\/artstella-elixirs-floraux.com\/en\/wp-json\/wp\/v2\/product_tag?post=3203"}],"curies":[{"name":"wp","href":"https:\/\/api.w.org\/{rel}","templated":true}]}}