{"id":3212,"date":"2025-03-09T13:07:55","date_gmt":"2025-03-09T13:07:55","guid":{"rendered":"https:\/\/artstella-elixirs-floraux.com\/product\/pissenlit-15-ml-phi\/"},"modified":"2025-06-17T16:43:16","modified_gmt":"2025-06-17T16:43:16","slug":"pissenlit-15-ml-phi","status":"publish","type":"product","link":"https:\/\/artstella-elixirs-floraux.com\/en\/product\/pissenlit-15-ml-phi\/","title":{"rendered":"PISSENLIT 15 ML PHI"},"content":{"rendered":"","protected":false},"excerpt":{"rendered":"<p><strong><em><span style=\"color: #008000;\">Pissenlit (Taraxacum officinale) (L\u00f6wenzahn)<\/span><br \/>\n<\/em><\/strong>Pour faire dispara\u00eetre les tensions \u00e9motionnelles qui se refl\u00e8tent souvent dans les tensions musculaires. Adjuvant id\u00e9al pour les huiles de massage.<\/p>","protected":false},"featured_media":3213,"template":"","meta":[],"product_brand":[],"product_cat":[90],"product_tag":[],"class_list":{"0":"post-3212","1":"product","2":"type-product","3":"status-publish","4":"has-post-thumbnail","6":"product_cat-les-elixirs-de-fleurs-sauvages","8":"first","9":"instock","10":"taxable","11":"shipping-taxable","12":"purchasable","13":"product-type-simple"},"etheme_brands":{"errors":{"invalid_taxonomy":["Invalid taxonomy."]},"error_data":[]},"jetpack_sharing_enabled":true,"jetpack-related-posts":[{"id":5784,"url":"https:\/\/artstella-elixirs-floraux.com\/en\/product\/pissenlit-15-ml-deva\/","url_meta":{"origin":3212,"position":0},"title":"Pissenlit 15 ml DEVA","author":"eveapprill","date":"9 March 2025","format":false,"excerpt":"Pissenlit Aisance et dynamisme corporel. Favorise l\u2019assouplissement corporel, la d\u00e9tente musculaire et mentale. Facilite l\u2019ouverture spirituelle par la relaxation du corps physique.","rel":"","context":"Similar post","block_context":{"text":"Similar post","link":""},"img":{"alt_text":"","src":"https:\/\/i0.wp.com\/artstella-elixirs-floraux.com\/wp-content\/uploads\/2025\/03\/wp-image2442.png?resize=350%2C200&ssl=1","width":350,"height":200},"classes":[]},{"id":5281,"url":"https:\/\/artstella-elixirs-floraux.com\/en\/product\/complexe-n3-detente-corporelle-deva-30ml\/","url_meta":{"origin":3212,"position":1},"title":"COMPLEXE N\u00b03 D\u00e9tente corporelle DEVA 30ml","author":"eveapprill","date":"9 March 2025","format":false,"excerpt":"COMPLEXE N\u00b03 D\u00e9tente corporelle s'utilise avant et apr\u00e8s l'effort pour favoriser l'\u00e9limination, l'assouplissement corporel et l'\u00e9lasticit\u00e9. Il est conseill\u00e9 \u00e0 ceux qui ont une pratique sportive r\u00e9guli\u00e8re ou un effort physique inhabituel \u00e0 fournir. Il est recommand\u00e9 pour \u00eatre \u00e0 l'\u00e9coute de son corps.","rel":"","context":"Similar post","block_context":{"text":"Similar post","link":""},"img":{"alt_text":"","src":"https:\/\/i0.wp.com\/artstella-elixirs-floraux.com\/wp-content\/uploads\/2025\/03\/1aa3298e-fafe-4a65-9e97-9bddc22b27ed.jpg?resize=350%2C200&ssl=1","width":350,"height":200,"srcset":"https:\/\/i0.wp.com\/artstella-elixirs-floraux.com\/wp-content\/uploads\/2025\/03\/1aa3298e-fafe-4a65-9e97-9bddc22b27ed.jpg?resize=350%2C200&ssl=1 1x, https:\/\/i0.wp.com\/artstella-elixirs-floraux.com\/wp-content\/uploads\/2025\/03\/1aa3298e-fafe-4a65-9e97-9bddc22b27ed.jpg?resize=525%2C300&ssl=1 1.5x, https:\/\/i0.wp.com\/artstella-elixirs-floraux.com\/wp-content\/uploads\/2025\/03\/1aa3298e-fafe-4a65-9e97-9bddc22b27ed.jpg?resize=700%2C400&ssl=1 2x"},"classes":[]},{"id":4132,"url":"https:\/\/artstella-elixirs-floraux.com\/en\/product\/cobre-azulado-sylfos-15ml-pap\/","url_meta":{"origin":3212,"position":2},"title":"COBRE AZULADO SYLFOS 15ML PAP","author":"eveapprill","date":"9 March 2025","format":false,"excerpt":"COBRE AZULADO Lycaena heteronea L\u00e2cher prise \u2013 Amour inconditionnel - R\u00e9alisation Lors des tensions fortes et \u00e9crasantes. Cet \u00e9lixir permet de rel\u00e2cher les tensions n\u00e9gatives et de r\u00e9cup\u00e9rer la l\u00e9g\u00e8ret\u00e9 et la joie.","rel":"","context":"Similar post","block_context":{"text":"Similar post","link":""},"img":{"alt_text":"","src":"https:\/\/i0.wp.com\/artstella-elixirs-floraux.com\/wp-content\/uploads\/2025\/03\/60bbb6c5-cedf-4b1f-a5a8-b6743e80c5b0.jpg?resize=350%2C200&ssl=1","width":350,"height":200,"srcset":"https:\/\/i0.wp.com\/artstella-elixirs-floraux.com\/wp-content\/uploads\/2025\/03\/60bbb6c5-cedf-4b1f-a5a8-b6743e80c5b0.jpg?resize=350%2C200&ssl=1 1x, https:\/\/i0.wp.com\/artstella-elixirs-floraux.com\/wp-content\/uploads\/2025\/03\/60bbb6c5-cedf-4b1f-a5a8-b6743e80c5b0.jpg?resize=525%2C300&ssl=1 1.5x, https:\/\/i0.wp.com\/artstella-elixirs-floraux.com\/wp-content\/uploads\/2025\/03\/60bbb6c5-cedf-4b1f-a5a8-b6743e80c5b0.jpg?resize=700%2C400&ssl=1 2x"},"classes":[]},{"id":2141,"url":"https:\/\/artstella-elixirs-floraux.com\/en\/product\/dandelion-alaska\/","url_meta":{"origin":3212,"position":3},"title":"DANDELION ALASKA","author":"eveapprill","date":"9 March 2025","format":false,"excerpt":"DANDELION ALASKA Manque de consciences par rapport \u00e0 des attitudes mentales qui ont conduit \u00e0 des tensions musculaires chroniques ; difficult\u00e9 \u00e0 rel\u00e2cher l'\u00e9nergie \u00e9motionnelle accumul\u00e9e dans le corps. Permet gr\u00e2ce \u00e0 la compr\u00e9hension et \u00e0 une meilleure connexion entre le corps et l'esprit de rel\u00e2cher les tensions \u00e9motionnelles des\u2026","rel":"","context":"Similar post","block_context":{"text":"Similar post","link":""},"img":{"alt_text":"","src":"https:\/\/i0.wp.com\/artstella-elixirs-floraux.com\/wp-content\/uploads\/2025\/03\/wp-image558.png?resize=350%2C200&ssl=1","width":350,"height":200},"classes":[]},{"id":3855,"url":"https:\/\/artstella-elixirs-floraux.com\/en\/product\/blennie-15-ml-phi\/","url_meta":{"origin":3212,"position":4},"title":"BLENNIE 15 ML PHI","author":"eveapprill","date":"9 March 2025","format":false,"excerpt":"Blennie\u00a0(Blennius sanguinolentus) Schleimfish L\u2019\u00e9lixir aide \u00e0 l\u00e2cher les tensions qui proviennent de nos sentiments.","rel":"","context":"Similar post","block_context":{"text":"Similar post","link":""},"img":{"alt_text":"","src":"","width":0,"height":0},"classes":[]},{"id":5482,"url":"https:\/\/artstella-elixirs-floraux.com\/en\/product\/protection-bescherming-30ml-bloesem-remedies\/","url_meta":{"origin":3212,"position":5},"title":"PROTECTION (Bescherming)Bloesem Remedies","author":"eveapprill","date":"9 March 2025","format":false,"excerpt":"Protection\u00a0 Bloesem Remedies 30ml (Bescherming) (Achill\u00e9e, Ch\u00e9lidoine, Rue, Sensitive) am\u00e9liore la protection \u00e9motionnelle et spirituelle. Permet de rester centr\u00e9 dans la tension","rel":"","context":"Similar post","block_context":{"text":"Similar post","link":""},"img":{"alt_text":"","src":"","width":0,"height":0},"classes":[]}],"_links":{"self":[{"href":"https:\/\/artstella-elixirs-floraux.com\/en\/wp-json\/wp\/v2\/product\/3212","targetHints":{"allow":["GET"]}}],"collection":[{"href":"https:\/\/artstella-elixirs-floraux.com\/en\/wp-json\/wp\/v2\/product"}],"about":[{"href":"https:\/\/artstella-elixirs-floraux.com\/en\/wp-json\/wp\/v2\/types\/product"}],"version-history":[{"count":2,"href":"https:\/\/artstella-elixirs-floraux.com\/en\/wp-json\/wp\/v2\/product\/3212\/revisions"}],"predecessor-version":[{"id":10896,"href":"https:\/\/artstella-elixirs-floraux.com\/en\/wp-json\/wp\/v2\/product\/3212\/revisions\/10896"}],"wp:featuredmedia":[{"embeddable":true,"href":"https:\/\/artstella-elixirs-floraux.com\/en\/wp-json\/wp\/v2\/media\/3213"}],"wp:attachment":[{"href":"https:\/\/artstella-elixirs-floraux.com\/en\/wp-json\/wp\/v2\/media?parent=3212"}],"wp:term":[{"taxonomy":"product_brand","embeddable":true,"href":"https:\/\/artstella-elixirs-floraux.com\/en\/wp-json\/wp\/v2\/product_brand?post=3212"},{"taxonomy":"product_cat","embeddable":true,"href":"https:\/\/artstella-elixirs-floraux.com\/en\/wp-json\/wp\/v2\/product_cat?post=3212"},{"taxonomy":"product_tag","embeddable":true,"href":"https:\/\/artstella-elixirs-floraux.com\/en\/wp-json\/wp\/v2\/product_tag?post=3212"}],"curies":[{"name":"wp","href":"https:\/\/api.w.org\/{rel}","templated":true}]}}