{"id":3221,"date":"2025-03-09T13:08:02","date_gmt":"2025-03-09T13:08:02","guid":{"rendered":"https:\/\/artstella-elixirs-floraux.com\/product\/trefle-rouge-15-ml-phi\/"},"modified":"2025-06-17T16:27:54","modified_gmt":"2025-06-17T16:27:54","slug":"trefle-rouge-15-ml-phi","status":"publish","type":"product","link":"https:\/\/artstella-elixirs-floraux.com\/en\/product\/trefle-rouge-15-ml-phi\/","title":{"rendered":"TREFLE ROUGE 15 ML PHI"},"content":{"rendered":"","protected":false},"excerpt":{"rendered":"<p><span style=\"color: #008000\"><strong><em>Tr\u00e8fle rouge (Trifolium pratense) (Rotklee)<\/em><\/strong><\/span><\/p>\n<p>Il nous aide \u00e0 nous recentrer et \u00e0 rester nous-m\u00eames, particuli\u00e8rement dans les situations de panique ambiante et de peur collective.<\/p>","protected":false},"featured_media":3222,"template":"","meta":[],"product_brand":[],"product_cat":[90],"product_tag":[],"class_list":{"0":"post-3221","1":"product","2":"type-product","3":"status-publish","4":"has-post-thumbnail","6":"product_cat-les-elixirs-de-fleurs-sauvages","8":"first","9":"instock","10":"taxable","11":"shipping-taxable","12":"purchasable","13":"product-type-simple"},"etheme_brands":{"errors":{"invalid_taxonomy":["Invalid taxonomy."]},"error_data":[]},"jetpack_sharing_enabled":true,"jetpack-related-posts":[{"id":5602,"url":"https:\/\/artstella-elixirs-floraux.com\/en\/product\/trefle-rouge-15-ml-deva\/","url_meta":{"origin":3221,"position":0},"title":"Tr\u00e8fle rouge 15 ML Deva","author":"eveapprill","date":"9 March 2025","format":false,"excerpt":"Tr\u00e8fle Rouge Lucidit\u00e9, tranquillit\u00e9. Pour rester calme et \u00abcentr\u00e9\u00bb face aux mouvements de masse ou face aux \u00e9tats de conscience collectifs d\u00e9stabilisants. Permet de conserver son \u00e9quilibre psychique.","rel":"","context":"Similar post","block_context":{"text":"Similar post","link":""},"img":{"alt_text":"","src":"https:\/\/i0.wp.com\/artstella-elixirs-floraux.com\/wp-content\/uploads\/2025\/03\/wp-image1803.png?resize=350%2C200&ssl=1","width":350,"height":200},"classes":[]},{"id":5310,"url":"https:\/\/artstella-elixirs-floraux.com\/en\/product\/complexe-n15-courage-deva-30ml\/","url_meta":{"origin":3221,"position":1},"title":"COMPLEXE N\u00b015 Courage DEVA 30ML","author":"eveapprill","date":"9 March 2025","format":false,"excerpt":"COMPLEXE N\u00b015 Courage DEVA 30 ml Le compos\u00e9 floral COURAGE permet de conserver son sang-froid au c\u0153ur des environnements d\u00e9stabilisants, lorsque les \u00e9motions collectives perturbent le libre-arbitre. Il renforce la confiance en l'avenir et donne le courage d'avancer. Il est recommand\u00e9 lors de tout travail sur soi.","rel":"","context":"Similar post","block_context":{"text":"Similar post","link":""},"img":{"alt_text":"","src":"https:\/\/i0.wp.com\/artstella-elixirs-floraux.com\/wp-content\/uploads\/2025\/03\/47113796-1beb-439b-ad17-62421c1f2753.jpg?resize=350%2C200&ssl=1","width":350,"height":200,"srcset":"https:\/\/i0.wp.com\/artstella-elixirs-floraux.com\/wp-content\/uploads\/2025\/03\/47113796-1beb-439b-ad17-62421c1f2753.jpg?resize=350%2C200&ssl=1 1x, https:\/\/i0.wp.com\/artstella-elixirs-floraux.com\/wp-content\/uploads\/2025\/03\/47113796-1beb-439b-ad17-62421c1f2753.jpg?resize=525%2C300&ssl=1 1.5x, https:\/\/i0.wp.com\/artstella-elixirs-floraux.com\/wp-content\/uploads\/2025\/03\/47113796-1beb-439b-ad17-62421c1f2753.jpg?resize=700%2C400&ssl=1 2x"},"classes":[]},{"id":4551,"url":"https:\/\/artstella-elixirs-floraux.com\/en\/product\/coffret-fleurs-sauvages-15-ml\/","url_meta":{"origin":3221,"position":2},"title":"COFFRET FLEURS SAUVAGES 15 ML","author":"eveapprill","date":"9 March 2025","format":false,"excerpt":"Les \u00e9lixirs de 40 fleurs Sauvages R\u00e9alis\u00e9s avec des fleurs europ\u00e9ennes communes dans la nature.","rel":"","context":"Similar post","block_context":{"text":"Similar post","link":""},"img":{"alt_text":"","src":"","width":0,"height":0},"classes":[]},{"id":4511,"url":"https:\/\/artstella-elixirs-floraux.com\/en\/product\/cephalanthere-rouge-15ml-phi\/","url_meta":{"origin":3221,"position":3},"title":"CEPHALANTHERE ROUGE 15ML PHI","author":"eveapprill","date":"9 March 2025","format":false,"excerpt":"Cephalanth\u00e8re rouge (Cephalanthera rubra) (Rotes Waldv\u00f6gelchen) Aide \u00e0 se focaliser sur un but. Contribue \u00e0 la structure de l'esprit et renforce la concentration\u00a0 la structure de l'esprit et renforce la concentration","rel":"","context":"Similar post","block_context":{"text":"Similar post","link":""},"img":{"alt_text":"","src":"https:\/\/i0.wp.com\/artstella-elixirs-floraux.com\/wp-content\/uploads\/2025\/03\/wp-image1112.png?resize=350%2C200&ssl=1","width":350,"height":200},"classes":[]},{"id":3101,"url":"https:\/\/artstella-elixirs-floraux.com\/en\/product\/pyramide-rouge-de-dahshur15-ml-phi\/","url_meta":{"origin":3221,"position":4},"title":"PYRAMIDE ROUGE DE DAHSHUR15 ML PHI","author":"eveapprill","date":"9 March 2025","format":false,"excerpt":"Pyramide rouge de Dahshur C'est l\u2019\u00e9lixir de l'initiation \u00e0 un nouvel \u00e9tat de conscience. Cela fonctionne en activant \u00e9nergiquement le cerveau. Il favorise une nouvelle conscience et \u00e9l\u00e8ve les vibrations du corps nous aidant ainsi \u00e0 nous adapter \u00e0 de nouveaux plans \u00e9nerg\u00e9tiques.","rel":"","context":"Similar post","block_context":{"text":"Similar post","link":""},"img":{"alt_text":"","src":"https:\/\/i0.wp.com\/artstella-elixirs-floraux.com\/wp-content\/uploads\/2025\/03\/wp-image2172.png?resize=350%2C200&ssl=1","width":350,"height":200,"srcset":"https:\/\/i0.wp.com\/artstella-elixirs-floraux.com\/wp-content\/uploads\/2025\/03\/wp-image2172.png?resize=350%2C200&ssl=1 1x, https:\/\/i0.wp.com\/artstella-elixirs-floraux.com\/wp-content\/uploads\/2025\/03\/wp-image2172.png?resize=525%2C300&ssl=1 1.5x, https:\/\/i0.wp.com\/artstella-elixirs-floraux.com\/wp-content\/uploads\/2025\/03\/wp-image2172.png?resize=700%2C400&ssl=1 2x"},"classes":[]},{"id":5424,"url":"https:\/\/artstella-elixirs-floraux.com\/en\/product\/coquelicot-rouge-red-poppy\/","url_meta":{"origin":3221,"position":5},"title":"Coquelicot rouge &#8211; RED POPPY","author":"eveapprill","date":"9 March 2025","format":false,"excerpt":"Papaver rhoeas(Coquelicot rouge) Apporte chaleur et force \u00e0 ceux qui se sentent vuln\u00e9rables et d\u00e9munis. En soutenant\u00a0\u00a0la \u00ab\u00a0femme int\u00e9rieure\u00a0\u00bb, cet \u00e9lixir donne la force de transformer sa vuln\u00e9rabilit\u00e9 gr\u00e2ce \u00e0 une connexion avec le f\u00e9minin de la Terre. Augmente la qualit\u00e9 int\u00e9rieure de l\u2019amour.","rel":"","context":"Similar post","block_context":{"text":"Similar post","link":""},"img":{"alt_text":"","src":"","width":0,"height":0},"classes":[]}],"_links":{"self":[{"href":"https:\/\/artstella-elixirs-floraux.com\/en\/wp-json\/wp\/v2\/product\/3221","targetHints":{"allow":["GET"]}}],"collection":[{"href":"https:\/\/artstella-elixirs-floraux.com\/en\/wp-json\/wp\/v2\/product"}],"about":[{"href":"https:\/\/artstella-elixirs-floraux.com\/en\/wp-json\/wp\/v2\/types\/product"}],"version-history":[{"count":1,"href":"https:\/\/artstella-elixirs-floraux.com\/en\/wp-json\/wp\/v2\/product\/3221\/revisions"}],"predecessor-version":[{"id":10876,"href":"https:\/\/artstella-elixirs-floraux.com\/en\/wp-json\/wp\/v2\/product\/3221\/revisions\/10876"}],"wp:featuredmedia":[{"embeddable":true,"href":"https:\/\/artstella-elixirs-floraux.com\/en\/wp-json\/wp\/v2\/media\/3222"}],"wp:attachment":[{"href":"https:\/\/artstella-elixirs-floraux.com\/en\/wp-json\/wp\/v2\/media?parent=3221"}],"wp:term":[{"taxonomy":"product_brand","embeddable":true,"href":"https:\/\/artstella-elixirs-floraux.com\/en\/wp-json\/wp\/v2\/product_brand?post=3221"},{"taxonomy":"product_cat","embeddable":true,"href":"https:\/\/artstella-elixirs-floraux.com\/en\/wp-json\/wp\/v2\/product_cat?post=3221"},{"taxonomy":"product_tag","embeddable":true,"href":"https:\/\/artstella-elixirs-floraux.com\/en\/wp-json\/wp\/v2\/product_tag?post=3221"}],"curies":[{"name":"wp","href":"https:\/\/api.w.org\/{rel}","templated":true}]}}