{"id":3223,"date":"2025-03-09T13:08:04","date_gmt":"2025-03-09T13:08:04","guid":{"rendered":"https:\/\/artstella-elixirs-floraux.com\/product\/achillee-blanche-phi-15-ml\/"},"modified":"2025-06-17T16:27:53","modified_gmt":"2025-06-17T16:27:53","slug":"achillee-blanche-phi-15-ml","status":"publish","type":"product","link":"https:\/\/artstella-elixirs-floraux.com\/en\/product\/achillee-blanche-phi-15-ml\/","title":{"rendered":"ACHILLEE BLANCHE PHI 15 ML"},"content":{"rendered":"","protected":false},"excerpt":{"rendered":"<p><span style=\"color: #008000\"><strong><em>Achill\u00e9e blanche (Achillea millefolium) (Schafgarbe)<\/em><\/strong><\/span><\/p>\n<p>Renforce notre champ d&rsquo;\u00e9nergie particuli\u00e8rement dans les phases de transformation. Pour \u00eatre prot\u00e9g\u00e9s des influences n\u00e9gatives de l\u2019environnement. Recommand\u00e9 aux \u00eatres soumis aux influences n\u00e9gatives de leur milieu.<\/p>","protected":false},"featured_media":3224,"template":"","meta":[],"product_brand":[],"product_cat":[90],"product_tag":[],"class_list":{"0":"post-3223","1":"product","2":"type-product","3":"status-publish","4":"has-post-thumbnail","6":"product_cat-les-elixirs-de-fleurs-sauvages","8":"first","9":"instock","10":"taxable","11":"shipping-taxable","12":"purchasable","13":"product-type-simple"},"etheme_brands":{"errors":{"invalid_taxonomy":["Invalid taxonomy."]},"error_data":[]},"jetpack_sharing_enabled":true,"jetpack-related-posts":[{"id":5606,"url":"https:\/\/artstella-elixirs-floraux.com\/en\/product\/achillee-blanche-15-ml\/","url_meta":{"origin":3223,"position":0},"title":"Achill\u00e9e blanche 15 ml","author":"eveapprill","date":"9 March 2025","format":false,"excerpt":"Achill\u00e9e Blanche Protection, int\u00e9gration. Renforce la structure \u00e9nerg\u00e9tique de l\u2019individu et prot\u00e8ge contre les influences perturbatrices de l\u2019environnement (radioactivit\u00e9, rayonnement \u00e9lectronique et \u00e9lectromagn\u00e9tique des ordinateurs, agression psychique). Elixir conseill\u00e9 \u00e0 ceux qui, de par leur profession, sont ouverts aux probl\u00e8mes des autres.","rel":"","context":"Similar post","block_context":{"text":"Similar post","link":""},"img":{"alt_text":"","src":"https:\/\/i0.wp.com\/artstella-elixirs-floraux.com\/wp-content\/uploads\/2025\/03\/wp-image1805.png?resize=350%2C200&ssl=1","width":350,"height":200},"classes":[]},{"id":5608,"url":"https:\/\/artstella-elixirs-floraux.com\/en\/product\/achillee-rose-15-ml\/","url_meta":{"origin":3223,"position":1},"title":"Achill\u00e9e rose 15 ml","author":"eveapprill","date":"9 March 2025","format":false,"excerpt":"Achill\u00e9e Rose Protection, int\u00e9gration. Pour les personnes sensibles, qui s\u2019identifient facilement aux \u00e9motions des autres et qui se laissent facilement influencer.","rel":"","context":"Similar post","block_context":{"text":"Similar post","link":""},"img":{"alt_text":"","src":"https:\/\/i0.wp.com\/artstella-elixirs-floraux.com\/wp-content\/uploads\/2025\/03\/wp-image1806.png?resize=350%2C200&ssl=1","width":350,"height":200},"classes":[]},{"id":5283,"url":"https:\/\/artstella-elixirs-floraux.com\/en\/product\/complexe-n4-protection-emotionelle-deva-30ml\/","url_meta":{"origin":3223,"position":2},"title":"COMPLEXE N\u00b04 Protection \u00e9motionelle DEVA 30ml","author":"eveapprill","date":"9 March 2025","format":false,"excerpt":"COMPLEXE N\u00b04 PROTECTION \u00c9MOTIONNELLE est conseill\u00e9 \u00e0 ceux qui se sentent vuln\u00e9rables, fragiles, en ins\u00e9curit\u00e9 face aux autres et \u00e0 leur environnement. Recommand\u00e9 aux personnes \u00e9motives, sensibles ou facilement influen\u00e7ables. Il aide \u00e0 se prot\u00e9ger de le n\u00e9gativit\u00e9 ambiante.","rel":"","context":"Similar post","block_context":{"text":"Similar post","link":""},"img":{"alt_text":"","src":"https:\/\/i0.wp.com\/artstella-elixirs-floraux.com\/wp-content\/uploads\/2025\/03\/cb8ab318-97e5-4fe9-8283-e7796df4bc23.jpg?resize=350%2C200&ssl=1","width":350,"height":200,"srcset":"https:\/\/i0.wp.com\/artstella-elixirs-floraux.com\/wp-content\/uploads\/2025\/03\/cb8ab318-97e5-4fe9-8283-e7796df4bc23.jpg?resize=350%2C200&ssl=1 1x, https:\/\/i0.wp.com\/artstella-elixirs-floraux.com\/wp-content\/uploads\/2025\/03\/cb8ab318-97e5-4fe9-8283-e7796df4bc23.jpg?resize=525%2C300&ssl=1 1.5x, https:\/\/i0.wp.com\/artstella-elixirs-floraux.com\/wp-content\/uploads\/2025\/03\/cb8ab318-97e5-4fe9-8283-e7796df4bc23.jpg?resize=700%2C400&ssl=1 2x"},"classes":[]},{"id":3266,"url":"https:\/\/artstella-elixirs-floraux.com\/en\/product\/achillee-rose-phi-15-ml\/","url_meta":{"origin":3223,"position":3},"title":"ACHILLEE ROSE PHI 15 ML","author":"eveapprill","date":"9 March 2025","format":false,"excerpt":"Achill\u00e9e rose (Achillea millefolium) (Rosa Schafgarbe) Cet \u00e9lixir nous aide \u00e0 \u00eatre moins en prise avec les \u00e9motions des autres et \u00e0 nous faire moins de soucis. L'\u00e9lixir am\u00e9liore notre protection au niveau du c\u0153ur et des \u00e9motions.","rel":"","context":"Similar post","block_context":{"text":"Similar post","link":""},"img":{"alt_text":"","src":"https:\/\/i0.wp.com\/artstella-elixirs-floraux.com\/wp-content\/uploads\/2025\/03\/wp-image674.png?resize=350%2C200&ssl=1","width":350,"height":200},"classes":[]},{"id":5610,"url":"https:\/\/artstella-elixirs-floraux.com\/en\/product\/achillee-jaune-15ml-deva\/","url_meta":{"origin":3223,"position":4},"title":"Achill\u00e9e jaune 15ml DEVA","author":"eveapprill","date":"9 March 2025","format":false,"excerpt":"Achill\u00e9e Jaune Ouverture, protection. Pour les temp\u00e9raments hypersensibles et vuln\u00e9rables qui ont tendance \u00e0 s\u2019isoler du monde ext\u00e9rieur pour se prot\u00e9ger.","rel":"","context":"Similar post","block_context":{"text":"Similar post","link":""},"img":{"alt_text":"","src":"https:\/\/i0.wp.com\/artstella-elixirs-floraux.com\/wp-content\/uploads\/2025\/03\/wp-image1807.png?resize=350%2C200&ssl=1","width":350,"height":200},"classes":[]},{"id":5412,"url":"https:\/\/artstella-elixirs-floraux.com\/en\/product\/achillee-sternutatoire-wilde-bertram\/","url_meta":{"origin":3223,"position":5},"title":"Achill\u00e9e sternutatoire WILDE BERTRAM","author":"eveapprill","date":"9 March 2025","format":false,"excerpt":"Achill\u00e9e sternutatoire - Achillea ptarmica \u2013Sneezewort\u00a0Apporte protectionsur le chemin spirituel. Pour choisir son chemin en fonction de ses propres valeurs et rester ouvert \u00e0 l\u2019aide et aux conseils des autres sans se perdre (m\u00eame de ses guides spirituels)","rel":"","context":"Similar post","block_context":{"text":"Similar post","link":""},"img":{"alt_text":"","src":"https:\/\/i0.wp.com\/artstella-elixirs-floraux.com\/wp-content\/uploads\/2025\/03\/457610c1-e170-4407-a51b-9e5b6a359177.jpg?resize=350%2C200&ssl=1","width":350,"height":200,"srcset":"https:\/\/i0.wp.com\/artstella-elixirs-floraux.com\/wp-content\/uploads\/2025\/03\/457610c1-e170-4407-a51b-9e5b6a359177.jpg?resize=350%2C200&ssl=1 1x, https:\/\/i0.wp.com\/artstella-elixirs-floraux.com\/wp-content\/uploads\/2025\/03\/457610c1-e170-4407-a51b-9e5b6a359177.jpg?resize=525%2C300&ssl=1 1.5x, https:\/\/i0.wp.com\/artstella-elixirs-floraux.com\/wp-content\/uploads\/2025\/03\/457610c1-e170-4407-a51b-9e5b6a359177.jpg?resize=700%2C400&ssl=1 2x"},"classes":[]}],"_links":{"self":[{"href":"https:\/\/artstella-elixirs-floraux.com\/en\/wp-json\/wp\/v2\/product\/3223","targetHints":{"allow":["GET"]}}],"collection":[{"href":"https:\/\/artstella-elixirs-floraux.com\/en\/wp-json\/wp\/v2\/product"}],"about":[{"href":"https:\/\/artstella-elixirs-floraux.com\/en\/wp-json\/wp\/v2\/types\/product"}],"version-history":[{"count":1,"href":"https:\/\/artstella-elixirs-floraux.com\/en\/wp-json\/wp\/v2\/product\/3223\/revisions"}],"predecessor-version":[{"id":10875,"href":"https:\/\/artstella-elixirs-floraux.com\/en\/wp-json\/wp\/v2\/product\/3223\/revisions\/10875"}],"wp:featuredmedia":[{"embeddable":true,"href":"https:\/\/artstella-elixirs-floraux.com\/en\/wp-json\/wp\/v2\/media\/3224"}],"wp:attachment":[{"href":"https:\/\/artstella-elixirs-floraux.com\/en\/wp-json\/wp\/v2\/media?parent=3223"}],"wp:term":[{"taxonomy":"product_brand","embeddable":true,"href":"https:\/\/artstella-elixirs-floraux.com\/en\/wp-json\/wp\/v2\/product_brand?post=3223"},{"taxonomy":"product_cat","embeddable":true,"href":"https:\/\/artstella-elixirs-floraux.com\/en\/wp-json\/wp\/v2\/product_cat?post=3223"},{"taxonomy":"product_tag","embeddable":true,"href":"https:\/\/artstella-elixirs-floraux.com\/en\/wp-json\/wp\/v2\/product_tag?post=3223"}],"curies":[{"name":"wp","href":"https:\/\/api.w.org\/{rel}","templated":true}]}}