{"id":3227,"date":"2025-03-09T13:08:07","date_gmt":"2025-03-09T13:08:07","guid":{"rendered":"https:\/\/artstella-elixirs-floraux.com\/product\/coeur-de-marie-phi-15-ml\/"},"modified":"2025-06-17T16:27:51","modified_gmt":"2025-06-17T16:27:51","slug":"coeur-de-marie-phi-15-ml","status":"publish","type":"product","link":"https:\/\/artstella-elixirs-floraux.com\/en\/product\/coeur-de-marie-phi-15-ml\/","title":{"rendered":"COEUR DE MARIE PHI 15 ML"},"content":{"rendered":"","protected":false},"excerpt":{"rendered":"<p><span style=\"color: #008000\"> <strong><em>C\u0153ur de Marie (Dicentraspectabilis) (Tr\u00e4nendes Herz)<\/em><\/strong><\/span><\/p>\n<p><strong><em> <\/em><\/strong>Recommand\u00e9 dans tous les probl\u00e8mes affectifs, l&rsquo;\u00e9lixir aide \u00e0 mieux accepter les situations et \u00e0 prendre le recul n\u00e9cessaire. Il apporte la consolation dans les moments de d\u00e9ception, de s\u00e9paration et de deuil.<\/p>","protected":false},"featured_media":3228,"template":"","meta":[],"product_brand":[],"product_cat":[90],"product_tag":[],"class_list":{"0":"post-3227","1":"product","2":"type-product","3":"status-publish","4":"has-post-thumbnail","6":"product_cat-les-elixirs-de-fleurs-sauvages","8":"first","9":"instock","10":"taxable","11":"shipping-taxable","12":"purchasable","13":"product-type-simple"},"etheme_brands":{"errors":{"invalid_taxonomy":["Invalid taxonomy."]},"error_data":[]},"jetpack_sharing_enabled":true,"jetpack-related-posts":[{"id":5666,"url":"https:\/\/artstella-elixirs-floraux.com\/en\/product\/coeur-de-marie-15-ml-deva\/","url_meta":{"origin":3227,"position":0},"title":"Coeur de Marie 15 ml DEVA","author":"eveapprill","date":"9 March 2025","format":false,"excerpt":"C\u0153ur de Marie Lib\u00e9ration des attachements \u00e9motionnels. Pour ceux qui vivent une exp\u00e9rience douloureuse de s\u00e9paration : perte d\u2019un \u00eatre cher, rupture relationnelle. Pour harmoniser les affaires de coeur dans une relation trop possessive.","rel":"","context":"Similar post","block_context":{"text":"Similar post","link":""},"img":{"alt_text":"","src":"https:\/\/i0.wp.com\/artstella-elixirs-floraux.com\/wp-content\/uploads\/2025\/03\/wp-image2389.png?resize=350%2C200&ssl=1","width":350,"height":200},"classes":[]},{"id":5312,"url":"https:\/\/artstella-elixirs-floraux.com\/en\/product\/complexe-n16-consolation-deva-30ml\/","url_meta":{"origin":3227,"position":1},"title":"COMPLEXE N\u00b016 Consolation DEVA 30ml","author":"eveapprill","date":"9 March 2025","format":false,"excerpt":"COMPLEXE N\u00b016 Consolation DEVA 30ml Le compos\u00e9 floral CONSOLATIONS\u00a0apporte r\u00e9confort et paix du c\u0153ur. Il aide \u00e0 retrouver une autonomie affective et \u00e0 surmonter tristesse, confusion ou amertume. Il est recommand\u00e9 pour tous les petits deuils du quotidien et les grands deuils de la vie.","rel":"","context":"Similar post","block_context":{"text":"Similar post","link":""},"img":{"alt_text":"","src":"https:\/\/i0.wp.com\/artstella-elixirs-floraux.com\/wp-content\/uploads\/2025\/03\/2415f69e-17ad-4029-ae37-735517e5564d.jpg?resize=350%2C200&ssl=1","width":350,"height":200,"srcset":"https:\/\/i0.wp.com\/artstella-elixirs-floraux.com\/wp-content\/uploads\/2025\/03\/2415f69e-17ad-4029-ae37-735517e5564d.jpg?resize=350%2C200&ssl=1 1x, https:\/\/i0.wp.com\/artstella-elixirs-floraux.com\/wp-content\/uploads\/2025\/03\/2415f69e-17ad-4029-ae37-735517e5564d.jpg?resize=525%2C300&ssl=1 1.5x, https:\/\/i0.wp.com\/artstella-elixirs-floraux.com\/wp-content\/uploads\/2025\/03\/2415f69e-17ad-4029-ae37-735517e5564d.jpg?resize=700%2C400&ssl=1 2x"},"classes":[]},{"id":5298,"url":"https:\/\/artstella-elixirs-floraux.com\/en\/product\/complexe-n9-unite-familiale-deva-30ml\/","url_meta":{"origin":3227,"position":2},"title":"COMPLEXE N\u00b09 Unit\u00e9 familiale DEVA 30ML","author":"eveapprill","date":"9 March 2025","format":false,"excerpt":"COMPLEXE N\u00b09 Unit\u00e9 familiale 30ml \u00c9coute, compr\u00e9hension, solidarit\u00e9 Renforce l'unit\u00e9 familiale. D\u00e9veloppe les liens du c\u0153ur.","rel":"","context":"Similar post","block_context":{"text":"Similar post","link":""},"img":{"alt_text":"","src":"https:\/\/i0.wp.com\/artstella-elixirs-floraux.com\/wp-content\/uploads\/2025\/03\/f4e29b6e-c225-4335-9a53-00298e16c3f6.jpg?resize=350%2C200&ssl=1","width":350,"height":200,"srcset":"https:\/\/i0.wp.com\/artstella-elixirs-floraux.com\/wp-content\/uploads\/2025\/03\/f4e29b6e-c225-4335-9a53-00298e16c3f6.jpg?resize=350%2C200&ssl=1 1x, https:\/\/i0.wp.com\/artstella-elixirs-floraux.com\/wp-content\/uploads\/2025\/03\/f4e29b6e-c225-4335-9a53-00298e16c3f6.jpg?resize=525%2C300&ssl=1 1.5x, https:\/\/i0.wp.com\/artstella-elixirs-floraux.com\/wp-content\/uploads\/2025\/03\/f4e29b6e-c225-4335-9a53-00298e16c3f6.jpg?resize=700%2C400&ssl=1 2x"},"classes":[]},{"id":3068,"url":"https:\/\/artstella-elixirs-floraux.com\/en\/product\/mars-planete-phi-15-ml\/","url_meta":{"origin":3227,"position":3},"title":"MARS PLANETE PHI 15 ML","author":"eveapprill","date":"9 March 2025","format":false,"excerpt":"Mars Active notre \u00e9nergie vitale et notre vigueur. Soutient notre volont\u00e9 lorsqu'il s'agit de dire Non dans les moments d\u00e9cisifs. Nous aide \u00e0 comprendre le sens de l'action \u00e0 mener.","rel":"","context":"Similar post","block_context":{"text":"Similar post","link":""},"img":{"alt_text":"","src":"https:\/\/i0.wp.com\/artstella-elixirs-floraux.com\/wp-content\/uploads\/2025\/03\/wp-image523.png?resize=350%2C200&ssl=1","width":350,"height":200},"classes":[]},{"id":3621,"url":"https:\/\/artstella-elixirs-floraux.com\/en\/product\/messager-du-coeur-ltoe-15-ml\/","url_meta":{"origin":3227,"position":4},"title":"Messager du c\u0153ur LTOE 15 ML","author":"eveapprill","date":"9 March 2025","format":false,"excerpt":"Messenger of the Heart \/ Messager du c\u0153ur Tel un messager sur un cheval blanc, galopant au travers du coeur et pouss\u00e9 par un d\u00e9sir vif d\u2019\u00eatre honn\u00eate et int\u00e8gre, cet \u00e9lixir r\u00e9v\u00e8le les valeurs que l\u2019on tient le plus profond\u00e9ment \u00e0 c\u0153ur. Il aide le c\u0153ur \u00e0 exprimer sa\u2026","rel":"","context":"Similar post","block_context":{"text":"Similar post","link":""},"img":{"alt_text":"","src":"https:\/\/i0.wp.com\/artstella-elixirs-floraux.com\/wp-content\/uploads\/2025\/03\/7c5bf41d-e65b-4d8e-832d-86be0faa2182.jpg?resize=350%2C200&ssl=1","width":350,"height":200,"srcset":"https:\/\/i0.wp.com\/artstella-elixirs-floraux.com\/wp-content\/uploads\/2025\/03\/7c5bf41d-e65b-4d8e-832d-86be0faa2182.jpg?resize=350%2C200&ssl=1 1x, https:\/\/i0.wp.com\/artstella-elixirs-floraux.com\/wp-content\/uploads\/2025\/03\/7c5bf41d-e65b-4d8e-832d-86be0faa2182.jpg?resize=525%2C300&ssl=1 1.5x, https:\/\/i0.wp.com\/artstella-elixirs-floraux.com\/wp-content\/uploads\/2025\/03\/7c5bf41d-e65b-4d8e-832d-86be0faa2182.jpg?resize=700%2C400&ssl=1 2x"},"classes":[]},{"id":5285,"url":"https:\/\/artstella-elixirs-floraux.com\/en\/product\/complexe-n5-vie-affective-et-sexualite-30ml\/","url_meta":{"origin":3227,"position":5},"title":"COMPLEXE N\u00b05 Vie affective et sexualit\u00e9 30ml","author":"eveapprill","date":"9 March 2025","format":false,"excerpt":"COMPLEXE N\u00b05 Vie affective et sexualit\u00e9 est conseill\u00e9 lorsque la vie affective est d\u00e9s\u00e9quilibr\u00e9e, lorsque la sexualit\u00e9 devient pr\u00e9dominante au d\u00e9triment des autres valeurs. Il favorise l'expression des sentiments profonds et d\u00e9veloppe l'authenticit\u00e9 au niveau de la relation amoureuse.","rel":"","context":"Similar post","block_context":{"text":"Similar post","link":""},"img":{"alt_text":"","src":"https:\/\/i0.wp.com\/artstella-elixirs-floraux.com\/wp-content\/uploads\/2025\/03\/ad399809-a071-4945-853e-c27fb9967aa3.jpg?resize=350%2C200&ssl=1","width":350,"height":200,"srcset":"https:\/\/i0.wp.com\/artstella-elixirs-floraux.com\/wp-content\/uploads\/2025\/03\/ad399809-a071-4945-853e-c27fb9967aa3.jpg?resize=350%2C200&ssl=1 1x, https:\/\/i0.wp.com\/artstella-elixirs-floraux.com\/wp-content\/uploads\/2025\/03\/ad399809-a071-4945-853e-c27fb9967aa3.jpg?resize=525%2C300&ssl=1 1.5x, https:\/\/i0.wp.com\/artstella-elixirs-floraux.com\/wp-content\/uploads\/2025\/03\/ad399809-a071-4945-853e-c27fb9967aa3.jpg?resize=700%2C400&ssl=1 2x"},"classes":[]}],"_links":{"self":[{"href":"https:\/\/artstella-elixirs-floraux.com\/en\/wp-json\/wp\/v2\/product\/3227","targetHints":{"allow":["GET"]}}],"collection":[{"href":"https:\/\/artstella-elixirs-floraux.com\/en\/wp-json\/wp\/v2\/product"}],"about":[{"href":"https:\/\/artstella-elixirs-floraux.com\/en\/wp-json\/wp\/v2\/types\/product"}],"version-history":[{"count":1,"href":"https:\/\/artstella-elixirs-floraux.com\/en\/wp-json\/wp\/v2\/product\/3227\/revisions"}],"predecessor-version":[{"id":10873,"href":"https:\/\/artstella-elixirs-floraux.com\/en\/wp-json\/wp\/v2\/product\/3227\/revisions\/10873"}],"wp:featuredmedia":[{"embeddable":true,"href":"https:\/\/artstella-elixirs-floraux.com\/en\/wp-json\/wp\/v2\/media\/3228"}],"wp:attachment":[{"href":"https:\/\/artstella-elixirs-floraux.com\/en\/wp-json\/wp\/v2\/media?parent=3227"}],"wp:term":[{"taxonomy":"product_brand","embeddable":true,"href":"https:\/\/artstella-elixirs-floraux.com\/en\/wp-json\/wp\/v2\/product_brand?post=3227"},{"taxonomy":"product_cat","embeddable":true,"href":"https:\/\/artstella-elixirs-floraux.com\/en\/wp-json\/wp\/v2\/product_cat?post=3227"},{"taxonomy":"product_tag","embeddable":true,"href":"https:\/\/artstella-elixirs-floraux.com\/en\/wp-json\/wp\/v2\/product_tag?post=3227"}],"curies":[{"name":"wp","href":"https:\/\/api.w.org\/{rel}","templated":true}]}}