{"id":3233,"date":"2025-03-09T13:08:11","date_gmt":"2025-03-09T13:08:11","guid":{"rendered":"https:\/\/artstella-elixirs-floraux.com\/product\/zinnia-phi-15-ml\/"},"modified":"2025-06-17T16:27:49","modified_gmt":"2025-06-17T16:27:49","slug":"zinnia-phi-15-ml","status":"publish","type":"product","link":"https:\/\/artstella-elixirs-floraux.com\/en\/product\/zinnia-phi-15-ml\/","title":{"rendered":"ZINNIA PHI 15 ML"},"content":{"rendered":"","protected":false},"excerpt":{"rendered":"<p><strong><em><span style=\"color: #008000\">Zinnia (Zinnia elegans) (Zinnia)<\/span><br \/><\/em><\/strong>Nous aide \u00e0 consid\u00e9rer les \u00e9v\u00e9nements avec humour, malgr\u00e9 les difficult\u00e9s. Nous sommes ainsi plus d\u00e9tendus et pouvons envisager l&rsquo;avenir positivement. Le rire est la meilleure \u00ab\u00a0m\u00e9decine\u00a0\u00bb. Pour r\u00e9veiller l&rsquo;enfant plein de gaiet\u00e9 qui est en nous.<\/p>","protected":false},"featured_media":3234,"template":"","meta":[],"product_brand":[],"product_cat":[90],"product_tag":[],"class_list":{"0":"post-3233","1":"product","2":"type-product","3":"status-publish","4":"has-post-thumbnail","6":"product_cat-les-elixirs-de-fleurs-sauvages","8":"first","9":"outofstock","10":"taxable","11":"shipping-taxable","12":"purchasable","13":"product-type-simple"},"etheme_brands":{"errors":{"invalid_taxonomy":["Invalid taxonomy."]},"error_data":[]},"jetpack_sharing_enabled":true,"jetpack-related-posts":[{"id":5810,"url":"https:\/\/artstella-elixirs-floraux.com\/en\/product\/zinnia-15-ml-deva\/","url_meta":{"origin":3233,"position":0},"title":"Zinnia 15 ml DEVA","author":"eveapprill","date":"9 March 2025","format":false,"excerpt":"Zinnia Joie, gaiet\u00e9, l\u00e9g\u00e8ret\u00e9. Pour retrouver l\u2019enfant qui existe en chacun de nous. Rel\u00e2che les tensions. Aide les adultes qui ont des probl\u00e8mes de communication avec leurs enfants.","rel":"","context":"Similar post","block_context":{"text":"Similar post","link":""},"img":{"alt_text":"","src":"https:\/\/i0.wp.com\/artstella-elixirs-floraux.com\/wp-content\/uploads\/2025\/03\/wp-image2456.png?resize=350%2C200&ssl=1","width":350,"height":200},"classes":[]},{"id":4772,"url":"https:\/\/artstella-elixirs-floraux.com\/en\/product\/zinnia-14-2ml-npe\/","url_meta":{"origin":3233,"position":1},"title":"ZINNIA 14.2ML NPE","author":"eveapprill","date":"9 March 2025","format":false,"excerpt":"ZINNIA 15 ML NPE","rel":"","context":"Similar post","block_context":{"text":"Similar post","link":""},"img":{"alt_text":"","src":"https:\/\/i0.wp.com\/artstella-elixirs-floraux.com\/wp-content\/uploads\/2025\/03\/wp-image1319.png?resize=350%2C200&ssl=1","width":350,"height":200},"classes":[]},{"id":4676,"url":"https:\/\/artstella-elixirs-floraux.com\/en\/product\/coffret-perelandra-garden-essences\/","url_meta":{"origin":3233,"position":2},"title":"COFFRET PERELANDRA GARDEN ESSENCES","author":"eveapprill","date":"9 March 2025","format":false,"excerpt":"COFFRET PERELANDRA GARDEN ESSENCES Jeu de 18 essences (14.2ml) \u00e0 base de fleurs de l\u00e9gumes, fleurs ornementales et aromatiques d\u00e9vellop\u00e9es dans le jardin de Perelandra.","rel":"","context":"Similar post","block_context":{"text":"Similar post","link":""},"img":{"alt_text":"","src":"https:\/\/i0.wp.com\/artstella-elixirs-floraux.com\/wp-content\/uploads\/2025\/03\/wp-image1268.png?resize=350%2C200&ssl=1","width":350,"height":200},"classes":[]},{"id":4551,"url":"https:\/\/artstella-elixirs-floraux.com\/en\/product\/coffret-fleurs-sauvages-15-ml\/","url_meta":{"origin":3233,"position":3},"title":"COFFRET FLEURS SAUVAGES 15 ML","author":"eveapprill","date":"9 March 2025","format":false,"excerpt":"Les \u00e9lixirs de 40 fleurs Sauvages R\u00e9alis\u00e9s avec des fleurs europ\u00e9ennes communes dans la nature.","rel":"","context":"Similar post","block_context":{"text":"Similar post","link":""},"img":{"alt_text":"","src":"","width":0,"height":0},"classes":[]},{"id":5144,"url":"https:\/\/artstella-elixirs-floraux.com\/en\/product\/volcan-llaima\/","url_meta":{"origin":3233,"position":4},"title":"VOLCAN LLAIMA","author":"eveapprill","date":"9 March 2025","format":false,"excerpt":"Cet \u00e9lixir est un catalyseur de conscience de notre cheminement spirituel. La seule connaissance qui vaille vraiment est celle qui est au dedans. Il va permettre de prendre conscience et d'entrer en relation intime avec la vie qui est en toute chose. \u00a0","rel":"","context":"Similar post","block_context":{"text":"Similar post","link":""},"img":{"alt_text":"","src":"","width":0,"height":0},"classes":[]},{"id":6081,"url":"https:\/\/artstella-elixirs-floraux.com\/en\/product\/dauphin-de-patagonie\/","url_meta":{"origin":3233,"position":5},"title":"DAUPHIN DE PATAGONIE","author":"eveapprill","date":"9 March 2025","format":false,"excerpt":"ELIXIR DE DAUPHIN DE PATAGONIE\u00a0: Il est un Ma\u00eetre accompagnant notre cheminement spirituel. Il permet de voir le chemin parcouru. Avec compassion, mais de fa\u00e7on implacable, il met face \u00e0 la r\u00e9alit\u00e9, nous \u00f4tant nos illusions. Lorsque l\u2019on est sinc\u00e8rement dans l\u2019accomplissement et la r\u00e9solution, il nous permet d\u2019\u00e9quilibrer la\u2026","rel":"","context":"Similar post","block_context":{"text":"Similar post","link":""},"img":{"alt_text":"","src":"","width":0,"height":0},"classes":[]}],"_links":{"self":[{"href":"https:\/\/artstella-elixirs-floraux.com\/en\/wp-json\/wp\/v2\/product\/3233","targetHints":{"allow":["GET"]}}],"collection":[{"href":"https:\/\/artstella-elixirs-floraux.com\/en\/wp-json\/wp\/v2\/product"}],"about":[{"href":"https:\/\/artstella-elixirs-floraux.com\/en\/wp-json\/wp\/v2\/types\/product"}],"version-history":[{"count":1,"href":"https:\/\/artstella-elixirs-floraux.com\/en\/wp-json\/wp\/v2\/product\/3233\/revisions"}],"predecessor-version":[{"id":10870,"href":"https:\/\/artstella-elixirs-floraux.com\/en\/wp-json\/wp\/v2\/product\/3233\/revisions\/10870"}],"wp:featuredmedia":[{"embeddable":true,"href":"https:\/\/artstella-elixirs-floraux.com\/en\/wp-json\/wp\/v2\/media\/3234"}],"wp:attachment":[{"href":"https:\/\/artstella-elixirs-floraux.com\/en\/wp-json\/wp\/v2\/media?parent=3233"}],"wp:term":[{"taxonomy":"product_brand","embeddable":true,"href":"https:\/\/artstella-elixirs-floraux.com\/en\/wp-json\/wp\/v2\/product_brand?post=3233"},{"taxonomy":"product_cat","embeddable":true,"href":"https:\/\/artstella-elixirs-floraux.com\/en\/wp-json\/wp\/v2\/product_cat?post=3233"},{"taxonomy":"product_tag","embeddable":true,"href":"https:\/\/artstella-elixirs-floraux.com\/en\/wp-json\/wp\/v2\/product_tag?post=3233"}],"curies":[{"name":"wp","href":"https:\/\/api.w.org\/{rel}","templated":true}]}}