{"id":3249,"date":"2025-03-09T13:08:35","date_gmt":"2025-03-09T13:08:35","guid":{"rendered":"https:\/\/artstella-elixirs-floraux.com\/product\/bistorte-15-ml-phi\/"},"modified":"2025-06-17T16:27:07","modified_gmt":"2025-06-17T16:27:07","slug":"bistorte-15-ml-phi","status":"publish","type":"product","link":"https:\/\/artstella-elixirs-floraux.com\/en\/product\/bistorte-15-ml-phi\/","title":{"rendered":"BISTORTE 15 ML PHI"},"content":{"rendered":"","protected":false},"excerpt":{"rendered":"<p><strong><em>Bistorte (Polygonum bistorta) (Kn\u00f6terich) <\/em><\/strong>L&rsquo;\u00e9lixir aide \u00e0 nous centrer et \u00e0 \u00eatre pleinement pr\u00e9sent. Pour les \u00eatres qui ont tendance \u00e0 la dispersion mentale.<\/p>","protected":false},"featured_media":3250,"template":"","meta":[],"product_brand":[],"product_cat":[90],"product_tag":[],"class_list":{"0":"post-3249","1":"product","2":"type-product","3":"status-publish","4":"has-post-thumbnail","6":"product_cat-les-elixirs-de-fleurs-sauvages","8":"first","9":"instock","10":"taxable","11":"shipping-taxable","12":"purchasable","13":"product-type-simple"},"etheme_brands":{"errors":{"invalid_taxonomy":["Invalid taxonomy."]},"error_data":[]},"jetpack_sharing_enabled":true,"jetpack-related-posts":[{"id":5974,"url":"https:\/\/artstella-elixirs-floraux.com\/en\/product\/living-star-ligth-bloesem-10ml\/","url_meta":{"origin":3249,"position":0},"title":"LIVING STAR LIGTH BLOESEM 10ML","author":"eveapprill","date":"9 March 2025","format":false,"excerpt":"LIVING STAR LIGHT Cet \u00e9lixir n\u2019est ni un compos\u00e9 ni une essence florale, mais une essence cosmique. Elle nous met en contact avec notre \u00eatre naturel terrien et avec les \u00e9toiles. Elle a \u00e9t\u00e9 pr\u00e9par\u00e9e \u00e0 partir d\u2019une \u00e9toile \u00e0 cinq branches, avec trois sur le plan horizontal, une autre\u2026","rel":"","context":"Similar post","block_context":{"text":"Similar post","link":""},"img":{"alt_text":"","src":"","width":0,"height":0},"classes":[]},{"id":3843,"url":"https:\/\/artstella-elixirs-floraux.com\/en\/product\/delph-dauphin-15-ml-phi\/","url_meta":{"origin":3249,"position":1},"title":"DELPH Elixir des Dauphins PHI","author":"eveapprill","date":"9 March 2025","format":false,"excerpt":"Delph (Tursiops truncatus) Delph est un \u00e9lixir \u00e0 part. Il a pu \u00eatre r\u00e9alis\u00e9 avec l\u2019aide des dauphins dans la mer. existe aussi en spray, en cr\u00e8me et en pendentif","rel":"","context":"Similar post","block_context":{"text":"Similar post","link":""},"img":{"alt_text":"","src":"","width":0,"height":0},"classes":[]},{"id":2777,"url":"https:\/\/artstella-elixirs-floraux.com\/en\/product\/mt-pinatubo-10ml-bush-lf\/","url_meta":{"origin":3249,"position":2},"title":"MT PINATUBO 10ML BUSH LF","author":"eveapprill","date":"9 March 2025","format":false,"excerpt":"Mont Pinatubo Essence\u00a0 - Elixir du Mt Pinatubo\u00a0 Renforce l\u2019intuition pour avoir conscience de la pulsation profonde de la Terre et des \u00e9v\u00e9nements futurs qui se pr\u00e9parent, pour savoir o\u00f9 se trouver pour \u00eatre en s\u00e9curit\u00e9. Nous permet d\u2019\u00eatre ancr\u00e9 et centr\u00e9 dans notre pouvoir.","rel":"","context":"Similar post","block_context":{"text":"Similar post","link":""},"img":{"alt_text":"","src":"https:\/\/i0.wp.com\/artstella-elixirs-floraux.com\/wp-content\/uploads\/2025\/03\/fa9b96e1-bbc9-4978-a4f5-37c8f01b6d10.jpg?resize=350%2C200&ssl=1","width":350,"height":200,"srcset":"https:\/\/i0.wp.com\/artstella-elixirs-floraux.com\/wp-content\/uploads\/2025\/03\/fa9b96e1-bbc9-4978-a4f5-37c8f01b6d10.jpg?resize=350%2C200&ssl=1 1x, https:\/\/i0.wp.com\/artstella-elixirs-floraux.com\/wp-content\/uploads\/2025\/03\/fa9b96e1-bbc9-4978-a4f5-37c8f01b6d10.jpg?resize=525%2C300&ssl=1 1.5x, https:\/\/i0.wp.com\/artstella-elixirs-floraux.com\/wp-content\/uploads\/2025\/03\/fa9b96e1-bbc9-4978-a4f5-37c8f01b6d10.jpg?resize=700%2C400&ssl=1 2x"},"classes":[]},{"id":2272,"url":"https:\/\/artstella-elixirs-floraux.com\/en\/product\/shooting-star-alaskan\/","url_meta":{"origin":3249,"position":3},"title":"Shooting star Alaskan","author":"eveapprill","date":"9 March 2025","format":false,"excerpt":"Shooting star. Dodecatheon frigidum Sentiment de ne pas appartenir \u00e0 la terre ; nostalgie d'un pays inconnu ; incapacit\u00e9 \u00e0 comprendre sa raison d'\u00eatre ici.","rel":"","context":"Similar post","block_context":{"text":"Similar post","link":""},"img":{"alt_text":"","src":"https:\/\/i0.wp.com\/artstella-elixirs-floraux.com\/wp-content\/uploads\/2025\/03\/wp-image579.png?resize=350%2C200&ssl=1","width":350,"height":200},"classes":[]},{"id":6052,"url":"https:\/\/artstella-elixirs-floraux.com\/en\/product\/elixir-ocean-n12-phi-15ml\/","url_meta":{"origin":3249,"position":4},"title":"ELIXIR OCEAN N\u00b012 PHI 15ML","author":"eveapprill","date":"9 March 2025","format":false,"excerpt":"L\u2019\u00e9lixir nous ram\u00e8ne au tout d\u00e9but, \u00e0 la cr\u00e9ation divine. Il nous relie avec l\u2019information originelle, pure, qui est aussi contenue dans les toutes premi\u00e8res cellules. Equilibre le plexus solaire et le chakra du c\u0153ur. Harmonise et \u00e9quilibre le sentiment d\u2019\u00eatre reli\u00e9 \u00e0 la Source.","rel":"","context":"Similar post","block_context":{"text":"Similar post","link":""},"img":{"alt_text":"","src":"https:\/\/i0.wp.com\/artstella-elixirs-floraux.com\/wp-content\/uploads\/2025\/03\/wp-image2050.png?resize=350%2C200&ssl=1","width":350,"height":200},"classes":[]},{"id":6072,"url":"https:\/\/artstella-elixirs-floraux.com\/en\/product\/coffret-elixirs-ocean-20-fl-15ml\/","url_meta":{"origin":3249,"position":5},"title":"COFFRET ELIXIRS OCEAN 20 FL 15ML","author":"eveapprill","date":"9 March 2025","format":false,"excerpt":"COFFRET ELIXIRS OCEAN contient les 21 flacons de 15ML des nouveaux \u00e9lixirs \"Oc\u00e9an\" Ces nouveaux \u00e9lixirs proviennent des \u00eatres vivants des profondeurs. Ils cherchent les blocages dans les profondeurs de l\u2019inconscient cellulaire pour les mettre \u00e0 la lumi\u00e8re et en favoriser la transformation.","rel":"","context":"Similar post","block_context":{"text":"Similar post","link":""},"img":{"alt_text":"","src":"https:\/\/i0.wp.com\/artstella-elixirs-floraux.com\/wp-content\/uploads\/2025\/03\/wp-image2060.png?resize=350%2C200&ssl=1","width":350,"height":200,"srcset":"https:\/\/i0.wp.com\/artstella-elixirs-floraux.com\/wp-content\/uploads\/2025\/03\/wp-image2060.png?resize=350%2C200&ssl=1 1x, https:\/\/i0.wp.com\/artstella-elixirs-floraux.com\/wp-content\/uploads\/2025\/03\/wp-image2060.png?resize=525%2C300&ssl=1 1.5x, https:\/\/i0.wp.com\/artstella-elixirs-floraux.com\/wp-content\/uploads\/2025\/03\/wp-image2060.png?resize=700%2C400&ssl=1 2x"},"classes":[]}],"_links":{"self":[{"href":"https:\/\/artstella-elixirs-floraux.com\/en\/wp-json\/wp\/v2\/product\/3249","targetHints":{"allow":["GET"]}}],"collection":[{"href":"https:\/\/artstella-elixirs-floraux.com\/en\/wp-json\/wp\/v2\/product"}],"about":[{"href":"https:\/\/artstella-elixirs-floraux.com\/en\/wp-json\/wp\/v2\/types\/product"}],"version-history":[{"count":1,"href":"https:\/\/artstella-elixirs-floraux.com\/en\/wp-json\/wp\/v2\/product\/3249\/revisions"}],"predecessor-version":[{"id":10862,"href":"https:\/\/artstella-elixirs-floraux.com\/en\/wp-json\/wp\/v2\/product\/3249\/revisions\/10862"}],"wp:featuredmedia":[{"embeddable":true,"href":"https:\/\/artstella-elixirs-floraux.com\/en\/wp-json\/wp\/v2\/media\/3250"}],"wp:attachment":[{"href":"https:\/\/artstella-elixirs-floraux.com\/en\/wp-json\/wp\/v2\/media?parent=3249"}],"wp:term":[{"taxonomy":"product_brand","embeddable":true,"href":"https:\/\/artstella-elixirs-floraux.com\/en\/wp-json\/wp\/v2\/product_brand?post=3249"},{"taxonomy":"product_cat","embeddable":true,"href":"https:\/\/artstella-elixirs-floraux.com\/en\/wp-json\/wp\/v2\/product_cat?post=3249"},{"taxonomy":"product_tag","embeddable":true,"href":"https:\/\/artstella-elixirs-floraux.com\/en\/wp-json\/wp\/v2\/product_tag?post=3249"}],"curies":[{"name":"wp","href":"https:\/\/api.w.org\/{rel}","templated":true}]}}