{"id":3268,"date":"2025-03-09T13:08:49","date_gmt":"2025-03-09T13:08:49","guid":{"rendered":"https:\/\/artstella-elixirs-floraux.com\/product\/sauge-15-ml-phi\/"},"modified":"2025-06-17T16:38:32","modified_gmt":"2025-06-17T16:38:32","slug":"sauge-15-ml-phi","status":"publish","type":"product","link":"https:\/\/artstella-elixirs-floraux.com\/en\/product\/sauge-15-ml-phi\/","title":{"rendered":"SAUGE 15 ML PHI"},"content":{"rendered":"","protected":false},"excerpt":{"rendered":"<p><strong><em>Sauge (Salvia officinalis (Salbei) <\/em><\/strong>Son action purifiante au niveau \u00e9nerg\u00e9tique est tr\u00e8s puissante. L&rsquo;\u00e9lixir favorise l&rsquo;accord avec nos rythmes internes et les harmonise, notamment en cas de d\u00e9calages horaires. Il favorise \u00e9galement l&rsquo;int\u00e9gration consciente de nos exp\u00e9riences de vie.<\/p>","protected":false},"featured_media":3269,"template":"","meta":[],"product_brand":[],"product_cat":[90],"product_tag":[],"class_list":{"0":"post-3268","1":"product","2":"type-product","3":"status-publish","4":"has-post-thumbnail","6":"product_cat-les-elixirs-de-fleurs-sauvages","8":"first","9":"instock","10":"taxable","11":"shipping-taxable","12":"purchasable","13":"product-type-simple"},"etheme_brands":{"errors":{"invalid_taxonomy":["Invalid taxonomy."]},"error_data":[]},"jetpack_sharing_enabled":true,"jetpack-related-posts":[{"id":5794,"url":"https:\/\/artstella-elixirs-floraux.com\/en\/product\/sauge-15-ml-deva\/","url_meta":{"origin":3268,"position":0},"title":"Sauge 15 ml DEVA","author":"eveapprill","date":"9 March 2025","format":false,"excerpt":"Sauge Compr\u00e9hension de la vie. Favorise la r\u00e9flexion sur la signification des \u00e9v\u00e9nements de l\u2019existence. Apporte compr\u00e9hension et paix int\u00e9rieure.","rel":"","context":"Similar post","block_context":{"text":"Similar post","link":""},"img":{"alt_text":"","src":"https:\/\/i0.wp.com\/artstella-elixirs-floraux.com\/wp-content\/uploads\/2025\/03\/wp-image2447.png?resize=350%2C200&ssl=1","width":350,"height":200},"classes":[]},{"id":6149,"url":"https:\/\/artstella-elixirs-floraux.com\/en\/product\/sauge-blanche-eau-florale-60ml\/","url_meta":{"origin":3268,"position":1},"title":"Sauge Blanche Eau florale 60ml","author":"eveapprill","date":"9 March 2025","format":false,"excerpt":"WHITE SAGE HYDROSOL 60ML ou Eau florale de Sauge Blanche EN SPRAYA vaporiser dans les pi\u00e8ces charg\u00e9es ou autour de soi","rel":"","context":"Similar post","block_context":{"text":"Similar post","link":""},"img":{"alt_text":"","src":"https:\/\/i0.wp.com\/artstella-elixirs-floraux.com\/wp-content\/uploads\/2025\/03\/7949f0e0-77ae-497c-b13e-d751a7ca4f84.jpg?resize=350%2C200&ssl=1","width":350,"height":200,"srcset":"https:\/\/i0.wp.com\/artstella-elixirs-floraux.com\/wp-content\/uploads\/2025\/03\/7949f0e0-77ae-497c-b13e-d751a7ca4f84.jpg?resize=350%2C200&ssl=1 1x, https:\/\/i0.wp.com\/artstella-elixirs-floraux.com\/wp-content\/uploads\/2025\/03\/7949f0e0-77ae-497c-b13e-d751a7ca4f84.jpg?resize=525%2C300&ssl=1 1.5x, https:\/\/i0.wp.com\/artstella-elixirs-floraux.com\/wp-content\/uploads\/2025\/03\/7949f0e0-77ae-497c-b13e-d751a7ca4f84.jpg?resize=700%2C400&ssl=1 2x"},"classes":[]},{"id":6151,"url":"https:\/\/artstella-elixirs-floraux.com\/en\/product\/sauge-blanche-eau-florale-120ml\/","url_meta":{"origin":3268,"position":2},"title":"Sauge Blanche Eau florale 120ml","author":"eveapprill","date":"9 March 2025","format":false,"excerpt":"WHITE SAGE HYDROSOL 120ML ou Eau florale de Sauge Blanche EN SPRAYA vaporiser dans les pi\u00e8ces charg\u00e9es ou autour de soi","rel":"","context":"Similar post","block_context":{"text":"Similar post","link":""},"img":{"alt_text":"","src":"https:\/\/i0.wp.com\/artstella-elixirs-floraux.com\/wp-content\/uploads\/2025\/03\/07cc19b1-fb27-4a2b-8ee9-5221662c6092.jpg?resize=350%2C200&ssl=1","width":350,"height":200,"srcset":"https:\/\/i0.wp.com\/artstella-elixirs-floraux.com\/wp-content\/uploads\/2025\/03\/07cc19b1-fb27-4a2b-8ee9-5221662c6092.jpg?resize=350%2C200&ssl=1 1x, https:\/\/i0.wp.com\/artstella-elixirs-floraux.com\/wp-content\/uploads\/2025\/03\/07cc19b1-fb27-4a2b-8ee9-5221662c6092.jpg?resize=525%2C300&ssl=1 1.5x, https:\/\/i0.wp.com\/artstella-elixirs-floraux.com\/wp-content\/uploads\/2025\/03\/07cc19b1-fb27-4a2b-8ee9-5221662c6092.jpg?resize=700%2C400&ssl=1 2x"},"classes":[]},{"id":5331,"url":"https:\/\/artstella-elixirs-floraux.com\/en\/product\/energy-matrix-protection\/","url_meta":{"origin":3268,"position":3},"title":"ENERGY MATRIX PROTECTION SPRAY","author":"eveapprill","date":"9 March 2025","format":false,"excerpt":"Energy Matrix Protection (Matrice de Protection) Combinaison cr\u00e9\u00e9e en r\u00e9ponse \u00e0 la situation pr\u00e9occupante du Japon en 2011, apr\u00e8s le tremblement de terre et le tsunami. Notre but avec ce spray est de cr\u00e9er un champ de protection \u00e9nerg\u00e9tique sain du corps jusqu\u2019 au niveau cellulaire. Tr\u00e8s utile \u00e0 ceux\u2026","rel":"","context":"Similar post","block_context":{"text":"Similar post","link":""},"img":{"alt_text":"","src":"","width":0,"height":0},"classes":[]},{"id":5306,"url":"https:\/\/artstella-elixirs-floraux.com\/en\/product\/complexe-n13-maturite-deva-30ml\/","url_meta":{"origin":3268,"position":4},"title":"COMPLEXE N\u00b013 Maturit\u00e9 DEVA 30ml","author":"eveapprill","date":"9 March 2025","format":false,"excerpt":"Compos\u00e9 n\u00b013 Maturit\u00e9 DEVA 30ml Le compos\u00e9 floral DEVA MATURIT\u00c9\u00a0aide \u00e0 prendre du recul sur les exp\u00e9riences v\u00e9cues et \u00e0 d\u00e9velopper une perspective nouvelle. Pour ceux qui ont le sentiment que la vie est derri\u00e8re eux et en \u00e9prouvent de l'amertume ou de la nostalgie. Il\u00a0r\u00e9v\u00e8le le potentiel d'\u00e9panouissement et\u2026","rel":"","context":"Similar post","block_context":{"text":"Similar post","link":""},"img":{"alt_text":"","src":"https:\/\/i0.wp.com\/artstella-elixirs-floraux.com\/wp-content\/uploads\/2025\/03\/fa041476-4b01-4038-a442-c1c1379f4eb4.jpg?resize=350%2C200&ssl=1","width":350,"height":200,"srcset":"https:\/\/i0.wp.com\/artstella-elixirs-floraux.com\/wp-content\/uploads\/2025\/03\/fa041476-4b01-4038-a442-c1c1379f4eb4.jpg?resize=350%2C200&ssl=1 1x, https:\/\/i0.wp.com\/artstella-elixirs-floraux.com\/wp-content\/uploads\/2025\/03\/fa041476-4b01-4038-a442-c1c1379f4eb4.jpg?resize=525%2C300&ssl=1 1.5x, https:\/\/i0.wp.com\/artstella-elixirs-floraux.com\/wp-content\/uploads\/2025\/03\/fa041476-4b01-4038-a442-c1c1379f4eb4.jpg?resize=700%2C400&ssl=1 2x"},"classes":[]},{"id":4551,"url":"https:\/\/artstella-elixirs-floraux.com\/en\/product\/coffret-fleurs-sauvages-15-ml\/","url_meta":{"origin":3268,"position":5},"title":"COFFRET FLEURS SAUVAGES 15 ML","author":"eveapprill","date":"9 March 2025","format":false,"excerpt":"Les \u00e9lixirs de 40 fleurs Sauvages R\u00e9alis\u00e9s avec des fleurs europ\u00e9ennes communes dans la nature.","rel":"","context":"Similar post","block_context":{"text":"Similar post","link":""},"img":{"alt_text":"","src":"","width":0,"height":0},"classes":[]}],"_links":{"self":[{"href":"https:\/\/artstella-elixirs-floraux.com\/en\/wp-json\/wp\/v2\/product\/3268","targetHints":{"allow":["GET"]}}],"collection":[{"href":"https:\/\/artstella-elixirs-floraux.com\/en\/wp-json\/wp\/v2\/product"}],"about":[{"href":"https:\/\/artstella-elixirs-floraux.com\/en\/wp-json\/wp\/v2\/types\/product"}],"version-history":[{"count":2,"href":"https:\/\/artstella-elixirs-floraux.com\/en\/wp-json\/wp\/v2\/product\/3268\/revisions"}],"predecessor-version":[{"id":10892,"href":"https:\/\/artstella-elixirs-floraux.com\/en\/wp-json\/wp\/v2\/product\/3268\/revisions\/10892"}],"wp:featuredmedia":[{"embeddable":true,"href":"https:\/\/artstella-elixirs-floraux.com\/en\/wp-json\/wp\/v2\/media\/3269"}],"wp:attachment":[{"href":"https:\/\/artstella-elixirs-floraux.com\/en\/wp-json\/wp\/v2\/media?parent=3268"}],"wp:term":[{"taxonomy":"product_brand","embeddable":true,"href":"https:\/\/artstella-elixirs-floraux.com\/en\/wp-json\/wp\/v2\/product_brand?post=3268"},{"taxonomy":"product_cat","embeddable":true,"href":"https:\/\/artstella-elixirs-floraux.com\/en\/wp-json\/wp\/v2\/product_cat?post=3268"},{"taxonomy":"product_tag","embeddable":true,"href":"https:\/\/artstella-elixirs-floraux.com\/en\/wp-json\/wp\/v2\/product_tag?post=3268"}],"curies":[{"name":"wp","href":"https:\/\/api.w.org\/{rel}","templated":true}]}}