{"id":3274,"date":"2025-03-09T13:08:55","date_gmt":"2025-03-09T13:08:55","guid":{"rendered":"https:\/\/artstella-elixirs-floraux.com\/product\/lys-blanc-15-ml-phi\/"},"modified":"2025-06-17T16:27:01","modified_gmt":"2025-06-17T16:27:01","slug":"lys-blanc-15-ml-phi","status":"publish","type":"product","link":"https:\/\/artstella-elixirs-floraux.com\/en\/product\/lys-blanc-15-ml-phi\/","title":{"rendered":"LYS BLANC 15 ML PHI"},"content":{"rendered":"","protected":false},"excerpt":{"rendered":"<p><strong><em>Lys blanc (Paradisea Liliastrum) (Weisse Lilie) <\/em><\/strong>Ouvre notre septi\u00e8me chakra et permet ainsi de faire l&rsquo;exp\u00e9rience que tout est reli\u00e9. Id\u00e9al pour accompagner la m\u00e9ditation et permettre de comprendre que nous sommes une partie du tout.<strong><em><\/em><\/strong><\/p>","protected":false},"featured_media":3275,"template":"","meta":[],"product_brand":[],"product_cat":[90],"product_tag":[],"class_list":{"0":"post-3274","1":"product","2":"type-product","3":"status-publish","4":"has-post-thumbnail","6":"product_cat-les-elixirs-de-fleurs-sauvages","8":"first","9":"instock","10":"taxable","11":"shipping-taxable","12":"purchasable","13":"product-type-simple"},"etheme_brands":{"errors":{"invalid_taxonomy":["Invalid taxonomy."]},"error_data":[]},"jetpack_sharing_enabled":true,"jetpack-related-posts":[{"id":4026,"url":"https:\/\/artstella-elixirs-floraux.com\/en\/product\/copihue-lys-du-chili-15-ml-sylfos\/","url_meta":{"origin":3274,"position":0},"title":"COPIHUE \/ LYS DU CHILI SYLFOS","author":"eveapprill","date":"9 March 2025","format":false,"excerpt":"COPIHUE\/ LYS DU CHILI\u00a0 Lapageria rosea Joie int\u00e9rieure. Aide \u00e0 retrouver la joie int\u00e9rieure. Elixir recommand\u00e9 aux temp\u00e9raments pessimistes,","rel":"","context":"Similar post","block_context":{"text":"Similar post","link":""},"img":{"alt_text":"","src":"","width":0,"height":0},"classes":[]},{"id":3320,"url":"https:\/\/artstella-elixirs-floraux.com\/en\/product\/lys-martagon-15-ml-phi\/","url_meta":{"origin":3274,"position":1},"title":"LYS MARTAGON 15 ML PHI","author":"eveapprill","date":"9 March 2025","format":false,"excerpt":"Lys martagon (Lilium martagon) (T\u00fcrkenbundlilie) Pour se lib\u00e9rer du sentiment d'ins\u00e9curit\u00e9, dont la cause peut remonter \u00e0 l'enfance. La confiance peut alors se d\u00e9velopper.","rel":"","context":"Similar post","block_context":{"text":"Similar post","link":""},"img":{"alt_text":"","src":"https:\/\/i0.wp.com\/artstella-elixirs-floraux.com\/wp-content\/uploads\/2025\/03\/wp-image700.png?resize=350%2C200&ssl=1","width":350,"height":200},"classes":[]},{"id":3243,"url":"https:\/\/artstella-elixirs-floraux.com\/en\/product\/lys-orange-15-ml-phi\/","url_meta":{"origin":3274,"position":2},"title":"LYS ORANGE 15 ML PHI","author":"eveapprill","date":"9 March 2025","format":false,"excerpt":"Lys orang\u00e9 (Lilium bulbiferum) (Feuerlilie) Unit le deuxi\u00e8me et le quatri\u00e8me chakra (sexuel et c\u0153ur). Il nous apprend \u00e0 acqu\u00e9rir une attitude juste face \u00e0 la sexualit\u00e9 et \u00e0 laisser monter nos \u00e9nergies jusqu'au niveau du c\u0153ur.","rel":"","context":"Similar post","block_context":{"text":"Similar post","link":""},"img":{"alt_text":"","src":"https:\/\/i0.wp.com\/artstella-elixirs-floraux.com\/wp-content\/uploads\/2025\/03\/wp-image662.png?resize=350%2C200&ssl=1","width":350,"height":200},"classes":[]},{"id":4551,"url":"https:\/\/artstella-elixirs-floraux.com\/en\/product\/coffret-fleurs-sauvages-15-ml\/","url_meta":{"origin":3274,"position":3},"title":"COFFRET FLEURS SAUVAGES 15 ML","author":"eveapprill","date":"9 March 2025","format":false,"excerpt":"Les \u00e9lixirs de 40 fleurs Sauvages R\u00e9alis\u00e9s avec des fleurs europ\u00e9ennes communes dans la nature.","rel":"","context":"Similar post","block_context":{"text":"Similar post","link":""},"img":{"alt_text":"","src":"","width":0,"height":0},"classes":[]},{"id":3984,"url":"https:\/\/artstella-elixirs-floraux.com\/en\/product\/amancay-15-ml-sylfos\/","url_meta":{"origin":3274,"position":4},"title":"AMANCAY \/ LYS DES INCAS SYLFOS","author":"eveapprill","date":"9 March 2025","format":false,"excerpt":"AMANCAY Alstroemeria ligtu ssp. Simsii Lib\u00e9ration des croyances anciennes et des conflits non r\u00e9solu.","rel":"","context":"Similar post","block_context":{"text":"Similar post","link":""},"img":{"alt_text":"","src":"","width":0,"height":0},"classes":[]},{"id":4553,"url":"https:\/\/artstella-elixirs-floraux.com\/en\/product\/coffret-fleurs-sauvages-supplementaires-phi-15-ml\/","url_meta":{"origin":3274,"position":5},"title":"COFFRET Fleurs sauvages suppl\u00e9mentaires PHI 15 ML","author":"eveapprill","date":"9 March 2025","format":false,"excerpt":"Contient 20 \u00e9lixirs de fleurs sauvages suppl\u00e9mentaires","rel":"","context":"Similar post","block_context":{"text":"Similar post","link":""},"img":{"alt_text":"","src":"","width":0,"height":0},"classes":[]}],"_links":{"self":[{"href":"https:\/\/artstella-elixirs-floraux.com\/en\/wp-json\/wp\/v2\/product\/3274","targetHints":{"allow":["GET"]}}],"collection":[{"href":"https:\/\/artstella-elixirs-floraux.com\/en\/wp-json\/wp\/v2\/product"}],"about":[{"href":"https:\/\/artstella-elixirs-floraux.com\/en\/wp-json\/wp\/v2\/types\/product"}],"version-history":[{"count":1,"href":"https:\/\/artstella-elixirs-floraux.com\/en\/wp-json\/wp\/v2\/product\/3274\/revisions"}],"predecessor-version":[{"id":10852,"href":"https:\/\/artstella-elixirs-floraux.com\/en\/wp-json\/wp\/v2\/product\/3274\/revisions\/10852"}],"wp:featuredmedia":[{"embeddable":true,"href":"https:\/\/artstella-elixirs-floraux.com\/en\/wp-json\/wp\/v2\/media\/3275"}],"wp:attachment":[{"href":"https:\/\/artstella-elixirs-floraux.com\/en\/wp-json\/wp\/v2\/media?parent=3274"}],"wp:term":[{"taxonomy":"product_brand","embeddable":true,"href":"https:\/\/artstella-elixirs-floraux.com\/en\/wp-json\/wp\/v2\/product_brand?post=3274"},{"taxonomy":"product_cat","embeddable":true,"href":"https:\/\/artstella-elixirs-floraux.com\/en\/wp-json\/wp\/v2\/product_cat?post=3274"},{"taxonomy":"product_tag","embeddable":true,"href":"https:\/\/artstella-elixirs-floraux.com\/en\/wp-json\/wp\/v2\/product_tag?post=3274"}],"curies":[{"name":"wp","href":"https:\/\/api.w.org\/{rel}","templated":true}]}}