{"id":3304,"date":"2025-03-09T13:09:19","date_gmt":"2025-03-09T13:09:19","guid":{"rendered":"https:\/\/artstella-elixirs-floraux.com\/product\/onagre-15-ml-phi\/"},"modified":"2025-06-17T16:24:35","modified_gmt":"2025-06-17T16:24:35","slug":"onagre-15-ml-phi","status":"publish","type":"product","link":"https:\/\/artstella-elixirs-floraux.com\/en\/product\/onagre-15-ml-phi\/","title":{"rendered":"ONAGRE 15 ML PHI"},"content":{"rendered":"","protected":false},"excerpt":{"rendered":"<p><strong><em>Onagre (Oenothera biennis) (Nachtkerze) <\/em><\/strong>Apporte de la lumi\u00e8re dans l&rsquo;obscurit\u00e9 des angoisses. L&rsquo;\u00e9lixir d&rsquo;onagre apaise et adoucit. Il nous apporte la certitude d&rsquo;\u00eatre prot\u00e9g\u00e9.<\/p>","protected":false},"featured_media":3305,"template":"","meta":[],"product_brand":[],"product_cat":[90],"product_tag":[],"class_list":{"0":"post-3304","1":"product","2":"type-product","3":"status-publish","4":"has-post-thumbnail","6":"product_cat-les-elixirs-de-fleurs-sauvages","8":"first","9":"instock","10":"taxable","11":"shipping-taxable","12":"purchasable","13":"product-type-simple"},"etheme_brands":{"errors":{"invalid_taxonomy":["Invalid taxonomy."]},"error_data":[]},"jetpack_sharing_enabled":true,"jetpack-related-posts":[{"id":5434,"url":"https:\/\/artstella-elixirs-floraux.com\/en\/product\/belle-de-nuit-onagre-10ml\/","url_meta":{"origin":3304,"position":0},"title":"BELLE DE NUIT Onagre 10ml","author":"eveapprill","date":"9 March 2025","format":false,"excerpt":"Belle de nuit - Onagre - Oenothera lamarcki\u00e6na - Evening primrose Pour ressentir les forces cr\u00e9atrices lunaires. Aide \u00e0 (re)d\u00e9couvrir et \u00e0 \u00e9tablir une connexion avec la source de la confiance en soi et de la valeur du f\u00e9minin. Il soutient ceux qui ont subi des incestes, viols, ou probl\u00e8mes\u2026","rel":"","context":"Similar post","block_context":{"text":"Similar post","link":""},"img":{"alt_text":"","src":"","width":0,"height":0},"classes":[]},{"id":4034,"url":"https:\/\/artstella-elixirs-floraux.com\/en\/product\/don-diego-de-noche-15-ml-sylfos\/","url_meta":{"origin":3304,"position":1},"title":"DON DIEGO DE NOCHE \/ ONAGRE SYLFOS","author":"eveapprill","date":"9 March 2025","format":false,"excerpt":"DONDIEGO DE NOCHE Oenothera affinis Equilibre affectif. Aide \u00e0 r\u00e9soudre les traumatismes de la petite enfance dont l\u2019origine se trouve dans le v\u00e9cu maternel de douleurs \u00e9motionnelles","rel":"","context":"Similar post","block_context":{"text":"Similar post","link":""},"img":{"alt_text":"","src":"","width":0,"height":0},"classes":[]},{"id":4553,"url":"https:\/\/artstella-elixirs-floraux.com\/en\/product\/coffret-fleurs-sauvages-supplementaires-phi-15-ml\/","url_meta":{"origin":3304,"position":2},"title":"COFFRET Fleurs sauvages suppl\u00e9mentaires PHI 15 ML","author":"eveapprill","date":"9 March 2025","format":false,"excerpt":"Contient 20 \u00e9lixirs de fleurs sauvages suppl\u00e9mentaires","rel":"","context":"Similar post","block_context":{"text":"Similar post","link":""},"img":{"alt_text":"","src":"","width":0,"height":0},"classes":[]},{"id":2753,"url":"https:\/\/artstella-elixirs-floraux.com\/en\/product\/earth-terre-bush-white-light\/","url_meta":{"origin":3304,"position":3},"title":"EARTH (Terre) BUSH WHITE LIGHT","author":"eveapprill","date":"9 March 2025","format":false,"excerpt":"L\u2019\u00c9LIXIR TERRE (EARTH ESSENCE)\u00a0\u00e9t\u00e9 pr\u00e9par\u00e9 dans la grotte sacr\u00e9e du village de Patal Bhuvaneshwar au nord de l\u2019Inde. Au niveau \u00e9motionnel, il apporte la stabilit\u00e9.","rel":"","context":"Similar post","block_context":{"text":"Similar post","link":""},"img":{"alt_text":"","src":"https:\/\/i0.wp.com\/artstella-elixirs-floraux.com\/wp-content\/uploads\/2025\/03\/a4b34596-73c3-4e23-bbc2-6536f4fd1abf.jpg?resize=350%2C200&ssl=1","width":350,"height":200,"srcset":"https:\/\/i0.wp.com\/artstella-elixirs-floraux.com\/wp-content\/uploads\/2025\/03\/a4b34596-73c3-4e23-bbc2-6536f4fd1abf.jpg?resize=350%2C200&ssl=1 1x, https:\/\/i0.wp.com\/artstella-elixirs-floraux.com\/wp-content\/uploads\/2025\/03\/a4b34596-73c3-4e23-bbc2-6536f4fd1abf.jpg?resize=525%2C300&ssl=1 1.5x, https:\/\/i0.wp.com\/artstella-elixirs-floraux.com\/wp-content\/uploads\/2025\/03\/a4b34596-73c3-4e23-bbc2-6536f4fd1abf.jpg?resize=700%2C400&ssl=1 2x"},"classes":[]},{"id":6304,"url":"https:\/\/artstella-elixirs-floraux.com\/en\/product\/coming-home-15-ml-ltoe\/","url_meta":{"origin":3304,"position":4},"title":"COMING HOME 15 ml LTOE","author":"eveapprill","date":"9 March 2025","format":false,"excerpt":"Coming Home \/ Rentrer chez soi \u00a0(Compos\u00e9 : Behold the Silence, Boundless Peace, Mercutio, Purity of Heart, renewing Life, Unconditionnal Snuggles) Apaisant, relaxant et enracinant. Apporte de l\u2019\u00e9nergie dans les chakras inf\u00e9rieurs (1er, 2\u00e8me , 3\u00e8me) de m\u00eame qu\u2019au chakra du c\u0153ur, apportant une l\u00e9g\u00e8ret\u00e9 de l\u2019\u00eatre.","rel":"","context":"Similar post","block_context":{"text":"Similar post","link":""},"img":{"alt_text":"","src":"https:\/\/i0.wp.com\/artstella-elixirs-floraux.com\/wp-content\/uploads\/2025\/03\/873ab185-7c2b-45dd-ad29-abfd6728c3f8.jpg?resize=350%2C200&ssl=1","width":350,"height":200,"srcset":"https:\/\/i0.wp.com\/artstella-elixirs-floraux.com\/wp-content\/uploads\/2025\/03\/873ab185-7c2b-45dd-ad29-abfd6728c3f8.jpg?resize=350%2C200&ssl=1 1x, https:\/\/i0.wp.com\/artstella-elixirs-floraux.com\/wp-content\/uploads\/2025\/03\/873ab185-7c2b-45dd-ad29-abfd6728c3f8.jpg?resize=525%2C300&ssl=1 1.5x, https:\/\/i0.wp.com\/artstella-elixirs-floraux.com\/wp-content\/uploads\/2025\/03\/873ab185-7c2b-45dd-ad29-abfd6728c3f8.jpg?resize=700%2C400&ssl=1 2x"},"classes":[]},{"id":3918,"url":"https:\/\/artstella-elixirs-floraux.com\/en\/product\/chevreuil-a-e-15-ml-phi\/","url_meta":{"origin":3304,"position":5},"title":"CHEVREUIL A.E 15 ML PHI","author":"eveapprill","date":"9 March 2025","format":false,"excerpt":"Chevreuil (Careolus capreolus) Reh apporte simplicit\u00e9 et modestie. Il aide au l\u00e2cher prise, apporte flexibilit\u00e9 et mouvement et d\u00e9veloppe la confiance","rel":"","context":"Similar post","block_context":{"text":"Similar post","link":""},"img":{"alt_text":"","src":"","width":0,"height":0},"classes":[]}],"_links":{"self":[{"href":"https:\/\/artstella-elixirs-floraux.com\/en\/wp-json\/wp\/v2\/product\/3304","targetHints":{"allow":["GET"]}}],"collection":[{"href":"https:\/\/artstella-elixirs-floraux.com\/en\/wp-json\/wp\/v2\/product"}],"about":[{"href":"https:\/\/artstella-elixirs-floraux.com\/en\/wp-json\/wp\/v2\/types\/product"}],"version-history":[{"count":1,"href":"https:\/\/artstella-elixirs-floraux.com\/en\/wp-json\/wp\/v2\/product\/3304\/revisions"}],"predecessor-version":[{"id":10838,"href":"https:\/\/artstella-elixirs-floraux.com\/en\/wp-json\/wp\/v2\/product\/3304\/revisions\/10838"}],"wp:featuredmedia":[{"embeddable":true,"href":"https:\/\/artstella-elixirs-floraux.com\/en\/wp-json\/wp\/v2\/media\/3305"}],"wp:attachment":[{"href":"https:\/\/artstella-elixirs-floraux.com\/en\/wp-json\/wp\/v2\/media?parent=3304"}],"wp:term":[{"taxonomy":"product_brand","embeddable":true,"href":"https:\/\/artstella-elixirs-floraux.com\/en\/wp-json\/wp\/v2\/product_brand?post=3304"},{"taxonomy":"product_cat","embeddable":true,"href":"https:\/\/artstella-elixirs-floraux.com\/en\/wp-json\/wp\/v2\/product_cat?post=3304"},{"taxonomy":"product_tag","embeddable":true,"href":"https:\/\/artstella-elixirs-floraux.com\/en\/wp-json\/wp\/v2\/product_tag?post=3304"}],"curies":[{"name":"wp","href":"https:\/\/api.w.org\/{rel}","templated":true}]}}