{"id":3306,"date":"2025-03-09T13:09:21","date_gmt":"2025-03-09T13:09:21","guid":{"rendered":"https:\/\/artstella-elixirs-floraux.com\/product\/paprika-15-ml-phi\/"},"modified":"2025-06-17T16:24:34","modified_gmt":"2025-06-17T16:24:34","slug":"paprika-15-ml-phi","status":"publish","type":"product","link":"https:\/\/artstella-elixirs-floraux.com\/en\/product\/paprika-15-ml-phi\/","title":{"rendered":"PAPRIKA 15 ML PHI"},"content":{"rendered":"","protected":false},"excerpt":{"rendered":"<p><strong><em>Cayenne (Capsicum annuum) (Paprika) <\/em><\/strong>Accro\u00eet l&rsquo;acuit\u00e9 de nos perceptions et favorise le dynamisme. Renforce l&rsquo;\u00e9nergie.<\/p>","protected":false},"featured_media":3307,"template":"","meta":[],"product_brand":[],"product_cat":[90],"product_tag":[],"class_list":{"0":"post-3306","1":"product","2":"type-product","3":"status-publish","4":"has-post-thumbnail","6":"product_cat-les-elixirs-de-fleurs-sauvages","8":"first","9":"instock","10":"taxable","11":"shipping-taxable","12":"purchasable","13":"product-type-simple"},"etheme_brands":{"errors":{"invalid_taxonomy":["Invalid taxonomy."]},"error_data":[]},"jetpack_sharing_enabled":true,"jetpack-related-posts":[{"id":3936,"url":"https:\/\/artstella-elixirs-floraux.com\/en\/product\/loup-a-e-15-ml-phi\/","url_meta":{"origin":3306,"position":0},"title":"LOUP A.E 15 ML PHI","author":"eveapprill","date":"9 March 2025","format":false,"excerpt":"Loup (Canis lupus) Wolf\u00a0 renforce les perceptions de nos sens et notre vigilance. Il renforce notre conscience du groupe et de sa dynamique.","rel":"","context":"Similar post","block_context":{"text":"Similar post","link":""},"img":{"alt_text":"","src":"","width":0,"height":0},"classes":[]},{"id":3450,"url":"https:\/\/artstella-elixirs-floraux.com\/en\/product\/polypore-versicolore-15-ml-phi\/","url_meta":{"origin":3306,"position":1},"title":"POLYPORE VERSICOLORE 15 ML PHI","author":"eveapprill","date":"9 March 2025","format":false,"excerpt":"Polypore versicolore (Trametes versicolor) Schmetterlings-tramete. L'\u00e9lixir am\u00e9liore la perception de nous-m\u00eames et nous aide ainsi dans des moments de grande crise et de changement. Renforce nos limites envers les \u00e9nergies \u00e9trang\u00e8res et notre protection des \u00e9nergies \u00ab parasites\u00a0\u00bb.","rel":"","context":"Similar post","block_context":{"text":"Similar post","link":""},"img":{"alt_text":"","src":"https:\/\/i0.wp.com\/artstella-elixirs-floraux.com\/wp-content\/uploads\/2025\/03\/wp-image325.png?resize=350%2C200&ssl=1","width":350,"height":200},"classes":[]},{"id":3970,"url":"https:\/\/artstella-elixirs-floraux.com\/en\/product\/lapin-a-e-15-ml-phi\/","url_meta":{"origin":3306,"position":2},"title":"LAPIN A.E 15 ML PHI","author":"eveapprill","date":"9 March 2025","format":false,"excerpt":"Lapin (Lepus europaeus) Hase am\u00e9liore la perception des sens et notamment l\u2019ouie.","rel":"","context":"Similar post","block_context":{"text":"Similar post","link":""},"img":{"alt_text":"","src":"","width":0,"height":0},"classes":[]},{"id":3019,"url":"https:\/\/artstella-elixirs-floraux.com\/en\/product\/magnetite-phi-15-ml\/","url_meta":{"origin":3306,"position":3},"title":"MAGNETITE PHI 15 ML","author":"eveapprill","date":"9 March 2025","format":false,"excerpt":"Magn\u00e9tite (Magnetit) Son action est \u00e9quilibrante et purifiante. Il favorise notre relation \u00e0 la nature. Il renforce le courage et la force, renforce l\u2019\u00e9nergie yang","rel":"","context":"Similar post","block_context":{"text":"Similar post","link":""},"img":{"alt_text":"","src":"","width":0,"height":0},"classes":[]},{"id":3871,"url":"https:\/\/artstella-elixirs-floraux.com\/en\/product\/etoile-de-mer-15-ml-phi\/","url_meta":{"origin":3306,"position":4},"title":"ETOILE DE MER 15 ML PHI","author":"eveapprill","date":"9 March 2025","format":false,"excerpt":"Etoile de mer Seestern Elle d\u00e9veloppe au travers de l\u2019\u00e9lixir une conscience plus fine dans la perception des sens. Ainsi, les relations interpersonnelles peuvent \u00eatre mieux per\u00e7ues. Les contacts sociaux et la communication sont favoris\u00e9s.","rel":"","context":"Similar post","block_context":{"text":"Similar post","link":""},"img":{"alt_text":"","src":"","width":0,"height":0},"classes":[]},{"id":3279,"url":"https:\/\/artstella-elixirs-floraux.com\/en\/product\/carotte-sauvage-15-ml-phi\/","url_meta":{"origin":3306,"position":5},"title":"CAROTTE SAUVAGE 15 ML PHI","author":"eveapprill","date":"9 March 2025","format":false,"excerpt":"Carotte sauvage (Daucus carota) (Wild M\u00f6hre) Am\u00e9liore nos perceptions int\u00e9rieures comme ext\u00e9rieures. Renforce \u00e9nerg\u00e9tiquement la vision et la paix du mental. Id\u00e9al pour l'accompagnement du \u00ab\u00a0r\u00eave \u00e9veill\u00e9\u00a0\u00bb.","rel":"","context":"Similar post","block_context":{"text":"Similar post","link":""},"img":{"alt_text":"","src":"https:\/\/i0.wp.com\/artstella-elixirs-floraux.com\/wp-content\/uploads\/2025\/03\/wp-image679.png?resize=350%2C200&ssl=1","width":350,"height":200},"classes":[]}],"_links":{"self":[{"href":"https:\/\/artstella-elixirs-floraux.com\/en\/wp-json\/wp\/v2\/product\/3306","targetHints":{"allow":["GET"]}}],"collection":[{"href":"https:\/\/artstella-elixirs-floraux.com\/en\/wp-json\/wp\/v2\/product"}],"about":[{"href":"https:\/\/artstella-elixirs-floraux.com\/en\/wp-json\/wp\/v2\/types\/product"}],"version-history":[{"count":1,"href":"https:\/\/artstella-elixirs-floraux.com\/en\/wp-json\/wp\/v2\/product\/3306\/revisions"}],"predecessor-version":[{"id":10837,"href":"https:\/\/artstella-elixirs-floraux.com\/en\/wp-json\/wp\/v2\/product\/3306\/revisions\/10837"}],"wp:featuredmedia":[{"embeddable":true,"href":"https:\/\/artstella-elixirs-floraux.com\/en\/wp-json\/wp\/v2\/media\/3307"}],"wp:attachment":[{"href":"https:\/\/artstella-elixirs-floraux.com\/en\/wp-json\/wp\/v2\/media?parent=3306"}],"wp:term":[{"taxonomy":"product_brand","embeddable":true,"href":"https:\/\/artstella-elixirs-floraux.com\/en\/wp-json\/wp\/v2\/product_brand?post=3306"},{"taxonomy":"product_cat","embeddable":true,"href":"https:\/\/artstella-elixirs-floraux.com\/en\/wp-json\/wp\/v2\/product_cat?post=3306"},{"taxonomy":"product_tag","embeddable":true,"href":"https:\/\/artstella-elixirs-floraux.com\/en\/wp-json\/wp\/v2\/product_tag?post=3306"}],"curies":[{"name":"wp","href":"https:\/\/api.w.org\/{rel}","templated":true}]}}