{"id":3326,"date":"2025-03-09T13:09:37","date_gmt":"2025-03-09T13:09:37","guid":{"rendered":"https:\/\/artstella-elixirs-floraux.com\/product\/ad-2h-15-ml-phi\/"},"modified":"2025-04-25T13:34:09","modified_gmt":"2025-04-25T13:34:09","slug":"ad-2h-15-ml-phi","status":"publish","type":"product","link":"https:\/\/artstella-elixirs-floraux.com\/en\/product\/ad-2h-15-ml-phi\/","title":{"rendered":"AD-2H 15 ML PHI"},"content":{"rendered":"","protected":false},"excerpt":{"rendered":"<p><span style=\"color: #008000\"><strong><em>AD-2H <\/em><\/strong><\/span><br \/>Aide \u00e0 nettoyer les m\u00e9moires li\u00e9es \u00e0 la consommation de haschisch.<strong><em><\/em><\/strong><\/p>","protected":false},"featured_media":3327,"template":"","meta":[],"product_brand":[],"product_cat":[129,91],"product_tag":[],"class_list":{"0":"post-3326","1":"product","2":"type-product","3":"status-publish","4":"has-post-thumbnail","6":"product_cat-apres-l-arret-de-la-consommation","7":"product_cat-les-elixirs-pour-arreter-les-drogues","9":"first","10":"instock","11":"taxable","12":"shipping-taxable","13":"purchasable","14":"product-type-simple"},"etheme_brands":{"errors":{"invalid_taxonomy":["Invalid taxonomy."]},"error_data":[]},"jetpack_sharing_enabled":true,"jetpack-related-posts":[{"id":3328,"url":"https:\/\/artstella-elixirs-floraux.com\/en\/product\/ad-3k-15-ml-phi\/","url_meta":{"origin":3326,"position":0},"title":"AD-3K 15 ML PHI","author":"eveapprill","date":"9 March 2025","format":false,"excerpt":"AD-3K Pour les m\u00e9moires li\u00e9es \u00e0 la prise de coca\u00efne","rel":"","context":"Similar post","block_context":{"text":"Similar post","link":""},"img":{"alt_text":"","src":"https:\/\/i0.wp.com\/artstella-elixirs-floraux.com\/wp-content\/uploads\/2025\/03\/wp-image1115.png?resize=350%2C200&ssl=1","width":350,"height":200,"srcset":"https:\/\/i0.wp.com\/artstella-elixirs-floraux.com\/wp-content\/uploads\/2025\/03\/wp-image1115.png?resize=350%2C200&ssl=1 1x, https:\/\/i0.wp.com\/artstella-elixirs-floraux.com\/wp-content\/uploads\/2025\/03\/wp-image1115.png?resize=525%2C300&ssl=1 1.5x, https:\/\/i0.wp.com\/artstella-elixirs-floraux.com\/wp-content\/uploads\/2025\/03\/wp-image1115.png?resize=700%2C400&ssl=1 2x"},"classes":[]},{"id":3330,"url":"https:\/\/artstella-elixirs-floraux.com\/en\/product\/ad-6-s-15-ml-phi\/","url_meta":{"origin":3326,"position":1},"title":"AD-6 S 15 ML PHI","author":"eveapprill","date":"9 March 2025","format":false,"excerpt":"AD-6SPour les m\u00e9moires li\u00e9es \u00e0 la prise d\u2019h\u00e9ro\u00efne","rel":"","context":"Similar post","block_context":{"text":"Similar post","link":""},"img":{"alt_text":"","src":"https:\/\/i0.wp.com\/artstella-elixirs-floraux.com\/wp-content\/uploads\/2025\/03\/wp-image1117.png?resize=350%2C200&ssl=1","width":350,"height":200,"srcset":"https:\/\/i0.wp.com\/artstella-elixirs-floraux.com\/wp-content\/uploads\/2025\/03\/wp-image1117.png?resize=350%2C200&ssl=1 1x, https:\/\/i0.wp.com\/artstella-elixirs-floraux.com\/wp-content\/uploads\/2025\/03\/wp-image1117.png?resize=525%2C300&ssl=1 1.5x, https:\/\/i0.wp.com\/artstella-elixirs-floraux.com\/wp-content\/uploads\/2025\/03\/wp-image1117.png?resize=700%2C400&ssl=1 2x"},"classes":[]},{"id":3332,"url":"https:\/\/artstella-elixirs-floraux.com\/en\/product\/ad-7-t-15-ml-phi\/","url_meta":{"origin":3326,"position":2},"title":"AD-7 T 15 ML PHI","author":"eveapprill","date":"9 March 2025","format":false,"excerpt":"AD-7T Pour les m\u00e9moires li\u00e9es \u00e0 la prise de tabac","rel":"","context":"Similar post","block_context":{"text":"Similar post","link":""},"img":{"alt_text":"","src":"https:\/\/i0.wp.com\/artstella-elixirs-floraux.com\/wp-content\/uploads\/2025\/03\/wp-image1118.png?resize=350%2C200&ssl=1","width":350,"height":200,"srcset":"https:\/\/i0.wp.com\/artstella-elixirs-floraux.com\/wp-content\/uploads\/2025\/03\/wp-image1118.png?resize=350%2C200&ssl=1 1x, https:\/\/i0.wp.com\/artstella-elixirs-floraux.com\/wp-content\/uploads\/2025\/03\/wp-image1118.png?resize=525%2C300&ssl=1 1.5x, https:\/\/i0.wp.com\/artstella-elixirs-floraux.com\/wp-content\/uploads\/2025\/03\/wp-image1118.png?resize=700%2C400&ssl=1 2x"},"classes":[]},{"id":3938,"url":"https:\/\/artstella-elixirs-floraux.com\/en\/product\/fourmi-phi-15-ml\/","url_meta":{"origin":3326,"position":3},"title":"FOURMI PHI 15 ML","author":"eveapprill","date":"27 May 2025","format":false,"excerpt":"Fourmi (Formicoidea) Ameise\u00a0 Il aide \u00e0 r\u00e9guler \u00e9nerg\u00e9tiquement l'acidit\u00e9 dans le corps,","rel":"","context":"Similar post","block_context":{"text":"Similar post","link":""},"img":{"alt_text":"","src":"","width":0,"height":0},"classes":[]},{"id":6209,"url":"https:\/\/artstella-elixirs-floraux.com\/en\/product\/elixir-ocean-n25-phi-15-ml\/","url_meta":{"origin":3326,"position":4},"title":"ELIXIR OCEAN N\u00b025 PHI 15 ML","author":"eveapprill","date":"9 March 2025","format":false,"excerpt":"ELIXIR OCEAN N\u00b025 agit \u00e9nerg\u00e9tiquement sur la peau. Nous prenons conscience de son r\u00f4le d\u2019enveloppe protectrice ce qui en favorise une stimulation \u00e9nerg\u00e9tique. (Les processus de r\u00e9g\u00e9n\u00e9ration sont soutenus \u00e9nerg\u00e9tiquement). Il a un effet nettoyant \u00e9nerg\u00e9tique sur l\u2019organisme \u2013 d\u00e9toxification par l\u2019excr\u00e9tion de l\u2019eau. La lymphe et la miction sont\u2026","rel":"","context":"Similar post","block_context":{"text":"Similar post","link":""},"img":{"alt_text":"","src":"","width":0,"height":0},"classes":[]},{"id":6349,"url":"https:\/\/artstella-elixirs-floraux.com\/en\/product\/ad-9-d-15ml-phi\/","url_meta":{"origin":3326,"position":5},"title":"AD-9 D 15ML PHI","author":"eveapprill","date":"9 March 2025","format":false,"excerpt":"AD9 \u2013 D Nettoie les corps \u00e9nerg\u00e9tiques des informations toxiques des drogues chimiques \u00a0","rel":"","context":"Similar post","block_context":{"text":"Similar post","link":""},"img":{"alt_text":"","src":"https:\/\/i0.wp.com\/artstella-elixirs-floraux.com\/wp-content\/uploads\/2025\/03\/wp-image2351.png?resize=350%2C200&ssl=1","width":350,"height":200},"classes":[]}],"_links":{"self":[{"href":"https:\/\/artstella-elixirs-floraux.com\/en\/wp-json\/wp\/v2\/product\/3326","targetHints":{"allow":["GET"]}}],"collection":[{"href":"https:\/\/artstella-elixirs-floraux.com\/en\/wp-json\/wp\/v2\/product"}],"about":[{"href":"https:\/\/artstella-elixirs-floraux.com\/en\/wp-json\/wp\/v2\/types\/product"}],"version-history":[{"count":0,"href":"https:\/\/artstella-elixirs-floraux.com\/en\/wp-json\/wp\/v2\/product\/3326\/revisions"}],"wp:featuredmedia":[{"embeddable":true,"href":"https:\/\/artstella-elixirs-floraux.com\/en\/wp-json\/wp\/v2\/media\/3327"}],"wp:attachment":[{"href":"https:\/\/artstella-elixirs-floraux.com\/en\/wp-json\/wp\/v2\/media?parent=3326"}],"wp:term":[{"taxonomy":"product_brand","embeddable":true,"href":"https:\/\/artstella-elixirs-floraux.com\/en\/wp-json\/wp\/v2\/product_brand?post=3326"},{"taxonomy":"product_cat","embeddable":true,"href":"https:\/\/artstella-elixirs-floraux.com\/en\/wp-json\/wp\/v2\/product_cat?post=3326"},{"taxonomy":"product_tag","embeddable":true,"href":"https:\/\/artstella-elixirs-floraux.com\/en\/wp-json\/wp\/v2\/product_tag?post=3326"}],"curies":[{"name":"wp","href":"https:\/\/api.w.org\/{rel}","templated":true}]}}