{"id":3328,"date":"2025-03-09T13:09:39","date_gmt":"2025-03-09T13:09:39","guid":{"rendered":"https:\/\/artstella-elixirs-floraux.com\/product\/ad-3k-15-ml-phi\/"},"modified":"2025-06-08T14:01:27","modified_gmt":"2025-06-08T14:01:27","slug":"ad-3k-15-ml-phi","status":"publish","type":"product","link":"https:\/\/artstella-elixirs-floraux.com\/en\/product\/ad-3k-15-ml-phi\/","title":{"rendered":"AD-3K 15 ML PHI"},"content":{"rendered":"","protected":false},"excerpt":{"rendered":"<p><strong><em>AD-3K <\/em><\/strong>Pour les m\u00e9moires li\u00e9es \u00e0 la prise de coca\u00efne<\/p>","protected":false},"featured_media":3329,"template":"","meta":[],"product_brand":[],"product_cat":[91],"product_tag":[],"class_list":{"0":"post-3328","1":"product","2":"type-product","3":"status-publish","4":"has-post-thumbnail","6":"product_cat-les-elixirs-pour-arreter-les-drogues","8":"first","9":"instock","10":"taxable","11":"shipping-taxable","12":"purchasable","13":"product-type-simple"},"etheme_brands":{"errors":{"invalid_taxonomy":["Invalid taxonomy."]},"error_data":[]},"jetpack_sharing_enabled":true,"jetpack-related-posts":[{"id":3330,"url":"https:\/\/artstella-elixirs-floraux.com\/en\/product\/ad-6-s-15-ml-phi\/","url_meta":{"origin":3328,"position":0},"title":"AD-6 S 15 ML PHI","author":"eveapprill","date":"9 March 2025","format":false,"excerpt":"AD-6SPour les m\u00e9moires li\u00e9es \u00e0 la prise d\u2019h\u00e9ro\u00efne","rel":"","context":"Similar post","block_context":{"text":"Similar post","link":""},"img":{"alt_text":"","src":"https:\/\/i0.wp.com\/artstella-elixirs-floraux.com\/wp-content\/uploads\/2025\/03\/wp-image1117.png?resize=350%2C200&ssl=1","width":350,"height":200,"srcset":"https:\/\/i0.wp.com\/artstella-elixirs-floraux.com\/wp-content\/uploads\/2025\/03\/wp-image1117.png?resize=350%2C200&ssl=1 1x, https:\/\/i0.wp.com\/artstella-elixirs-floraux.com\/wp-content\/uploads\/2025\/03\/wp-image1117.png?resize=525%2C300&ssl=1 1.5x, https:\/\/i0.wp.com\/artstella-elixirs-floraux.com\/wp-content\/uploads\/2025\/03\/wp-image1117.png?resize=700%2C400&ssl=1 2x"},"classes":[]},{"id":3332,"url":"https:\/\/artstella-elixirs-floraux.com\/en\/product\/ad-7-t-15-ml-phi\/","url_meta":{"origin":3328,"position":1},"title":"AD-7 T 15 ML PHI","author":"eveapprill","date":"9 March 2025","format":false,"excerpt":"AD-7T Pour les m\u00e9moires li\u00e9es \u00e0 la prise de tabac","rel":"","context":"Similar post","block_context":{"text":"Similar post","link":""},"img":{"alt_text":"","src":"https:\/\/i0.wp.com\/artstella-elixirs-floraux.com\/wp-content\/uploads\/2025\/03\/wp-image1118.png?resize=350%2C200&ssl=1","width":350,"height":200,"srcset":"https:\/\/i0.wp.com\/artstella-elixirs-floraux.com\/wp-content\/uploads\/2025\/03\/wp-image1118.png?resize=350%2C200&ssl=1 1x, https:\/\/i0.wp.com\/artstella-elixirs-floraux.com\/wp-content\/uploads\/2025\/03\/wp-image1118.png?resize=525%2C300&ssl=1 1.5x, https:\/\/i0.wp.com\/artstella-elixirs-floraux.com\/wp-content\/uploads\/2025\/03\/wp-image1118.png?resize=700%2C400&ssl=1 2x"},"classes":[]},{"id":3326,"url":"https:\/\/artstella-elixirs-floraux.com\/en\/product\/ad-2h-15-ml-phi\/","url_meta":{"origin":3328,"position":2},"title":"AD-2H 15 ML PHI","author":"eveapprill","date":"9 March 2025","format":false,"excerpt":"AD-2H Aide \u00e0 nettoyer les m\u00e9moires li\u00e9es \u00e0 la consommation de haschisch.","rel":"","context":"Similar post","block_context":{"text":"Similar post","link":""},"img":{"alt_text":"","src":"https:\/\/i0.wp.com\/artstella-elixirs-floraux.com\/wp-content\/uploads\/2025\/03\/wp-image1114.png?resize=350%2C200&ssl=1","width":350,"height":200,"srcset":"https:\/\/i0.wp.com\/artstella-elixirs-floraux.com\/wp-content\/uploads\/2025\/03\/wp-image1114.png?resize=350%2C200&ssl=1 1x, https:\/\/i0.wp.com\/artstella-elixirs-floraux.com\/wp-content\/uploads\/2025\/03\/wp-image1114.png?resize=525%2C300&ssl=1 1.5x, https:\/\/i0.wp.com\/artstella-elixirs-floraux.com\/wp-content\/uploads\/2025\/03\/wp-image1114.png?resize=700%2C400&ssl=1 2x"},"classes":[]},{"id":5540,"url":"https:\/\/artstella-elixirs-floraux.com\/en\/product\/coffret-ad-11-elixirs-15ml\/","url_meta":{"origin":3328,"position":3},"title":"COFFRET AD &#8211; 11 \u00e9lixirs 15ml","author":"eveapprill","date":"9 March 2025","format":false,"excerpt":"Coffret pour se lib\u00e9rer des d\u00e9pendances 11 \u00e9lixirs de 15 ml","rel":"","context":"Similar post","block_context":{"text":"Similar post","link":""},"img":{"alt_text":"","src":"https:\/\/i0.wp.com\/artstella-elixirs-floraux.com\/wp-content\/uploads\/2025\/03\/wp-image1765.png?resize=350%2C200&ssl=1","width":350,"height":200},"classes":[]},{"id":3322,"url":"https:\/\/artstella-elixirs-floraux.com\/en\/product\/aubepine-15-ml-phi\/","url_meta":{"origin":3328,"position":4},"title":"AUBEPINE 15 ML PHI","author":"eveapprill","date":"9 March 2025","format":false,"excerpt":"Aub\u00e9pine (Crataegus oxyacantha) (Weissdorn) L'\u00e9lixir dissout les profonds sentiments de tristesse et apporte une d\u00e9tente \u00e9motionnelle. Il aide \u00e0 l\u00e2cher prise et permet \u00e0 la vie de se r\u00e9animer en nous.","rel":"","context":"Similar post","block_context":{"text":"Similar post","link":""},"img":{"alt_text":"","src":"https:\/\/i0.wp.com\/artstella-elixirs-floraux.com\/wp-content\/uploads\/2025\/03\/wp-image701.png?resize=350%2C200&ssl=1","width":350,"height":200},"classes":[]},{"id":3918,"url":"https:\/\/artstella-elixirs-floraux.com\/en\/product\/chevreuil-a-e-15-ml-phi\/","url_meta":{"origin":3328,"position":5},"title":"CHEVREUIL A.E 15 ML PHI","author":"eveapprill","date":"9 March 2025","format":false,"excerpt":"Chevreuil (Careolus capreolus) Reh apporte simplicit\u00e9 et modestie. Il aide au l\u00e2cher prise, apporte flexibilit\u00e9 et mouvement et d\u00e9veloppe la confiance","rel":"","context":"Similar post","block_context":{"text":"Similar post","link":""},"img":{"alt_text":"","src":"","width":0,"height":0},"classes":[]}],"_links":{"self":[{"href":"https:\/\/artstella-elixirs-floraux.com\/en\/wp-json\/wp\/v2\/product\/3328","targetHints":{"allow":["GET"]}}],"collection":[{"href":"https:\/\/artstella-elixirs-floraux.com\/en\/wp-json\/wp\/v2\/product"}],"about":[{"href":"https:\/\/artstella-elixirs-floraux.com\/en\/wp-json\/wp\/v2\/types\/product"}],"version-history":[{"count":0,"href":"https:\/\/artstella-elixirs-floraux.com\/en\/wp-json\/wp\/v2\/product\/3328\/revisions"}],"wp:featuredmedia":[{"embeddable":true,"href":"https:\/\/artstella-elixirs-floraux.com\/en\/wp-json\/wp\/v2\/media\/3329"}],"wp:attachment":[{"href":"https:\/\/artstella-elixirs-floraux.com\/en\/wp-json\/wp\/v2\/media?parent=3328"}],"wp:term":[{"taxonomy":"product_brand","embeddable":true,"href":"https:\/\/artstella-elixirs-floraux.com\/en\/wp-json\/wp\/v2\/product_brand?post=3328"},{"taxonomy":"product_cat","embeddable":true,"href":"https:\/\/artstella-elixirs-floraux.com\/en\/wp-json\/wp\/v2\/product_cat?post=3328"},{"taxonomy":"product_tag","embeddable":true,"href":"https:\/\/artstella-elixirs-floraux.com\/en\/wp-json\/wp\/v2\/product_tag?post=3328"}],"curies":[{"name":"wp","href":"https:\/\/api.w.org\/{rel}","templated":true}]}}