{"id":3352,"date":"2025-03-09T13:10:01","date_gmt":"2025-03-09T13:10:01","guid":{"rendered":"https:\/\/artstella-elixirs-floraux.com\/product\/aura-cleansing-cactus-15ml-phi\/"},"modified":"2025-06-17T09:48:58","modified_gmt":"2025-06-17T09:48:58","slug":"aura-cleansing-cactus-15ml-phi","status":"publish","type":"product","link":"https:\/\/artstella-elixirs-floraux.com\/en\/product\/aura-cleansing-cactus-15ml-phi\/","title":{"rendered":"AURA CLEANSING CACTUS 15ML PHI"},"content":{"rendered":"","protected":false},"excerpt":{"rendered":"<p><span style=\"color: #008000;\"><strong><em>Aura cleansing cactus (Cleistocactus strausii)<\/em><\/strong><\/span><\/p>\n<p>Sert \u00e0 la purification et la r\u00e9g\u00e9n\u00e9ration de l&rsquo;aura, en particulier du corps astral. Il convient \u00e9galement aux personnes qui ont un champ d&rsquo;\u00e9nergie trop perm\u00e9able et qui ont des probl\u00e8mes de d\u00e9limitation. Il aide \u00e0 lib\u00e9rer l&rsquo;aura d&rsquo;\u00e9nergies parasites ou d&rsquo;entit\u00e9s.<\/p>","protected":false},"featured_media":3353,"template":"","meta":[],"product_brand":[],"product_cat":[92],"product_tag":[],"class_list":{"0":"post-3352","1":"product","2":"type-product","3":"status-publish","4":"has-post-thumbnail","6":"product_cat-les-elixirs-de-cactus","8":"first","9":"instock","10":"taxable","11":"shipping-taxable","12":"purchasable","13":"product-type-variable"},"etheme_brands":{"errors":{"invalid_taxonomy":["Invalid taxonomy."]},"error_data":[]},"jetpack_sharing_enabled":true,"jetpack-related-posts":[{"id":3348,"url":"https:\/\/artstella-elixirs-floraux.com\/en\/product\/inner-cleansing-cactus-15-ml-phi\/","url_meta":{"origin":3352,"position":0},"title":"INNER CLEANSING CACTUS 15 ML PHI","author":"eveapprill","date":"9 March 2025","format":false,"excerpt":"Inner cleansing cactus (Cleistocactus Ritteri) Il nous aide \u00e0 \u00ab\u00a0dig\u00e9rer\u00a0\u00bb les impressions que nous recevons. Il favorise la purification des processus internes.","rel":"","context":"Similar post","block_context":{"text":"Similar post","link":""},"img":{"alt_text":"","src":"https:\/\/i0.wp.com\/artstella-elixirs-floraux.com\/wp-content\/uploads\/2025\/03\/wp-image358.png?resize=350%2C200&ssl=1","width":350,"height":200},"classes":[]},{"id":6184,"url":"https:\/\/artstella-elixirs-floraux.com\/en\/product\/aura-clean-spray-30-ml-ltoe\/","url_meta":{"origin":3352,"position":1},"title":"AURA CLEAN spray 30 ml LTOE","author":"eveapprill","date":"9 March 2025","format":false,"excerpt":"Un sprat oral nettoyant (Il n'existe pas en goutte) qui peut \u00eatre utilis\u00e9 oralement ou localement.","rel":"","context":"Similar post","block_context":{"text":"Similar post","link":""},"img":{"alt_text":"","src":"","width":0,"height":0},"classes":[]},{"id":3895,"url":"https:\/\/artstella-elixirs-floraux.com\/en\/product\/aura-spray-phi\/","url_meta":{"origin":3352,"position":2},"title":"AURA SPRAY PHI","author":"eveapprill","date":"9 March 2025","format":false,"excerpt":"AURA SPRAY Nous sommes de plus en plus expos\u00e9s \u00e0 des rayonnements n\u00e9fastes ou des environnements difficiles. C'est pourquoi PHI a \u00e9labor\u00e9 \u00ab Aura-spray \u00bb compos\u00e9 d'\u00e9lixirs et de produits naturels qui renforce \u00e9nerg\u00e9tiquement la protection naturelle de l'Aura, notamment dans les lieux publics, transport, bureaux...","rel":"","context":"Similar post","block_context":{"text":"Similar post","link":""},"img":{"alt_text":"aura spay","src":"https:\/\/i0.wp.com\/artstella-elixirs-floraux.com\/wp-content\/uploads\/2025\/03\/f927a3ef-4871-46ac-bddf-072fc3f42c0b.jpg?resize=350%2C200&ssl=1","width":350,"height":200,"srcset":"https:\/\/i0.wp.com\/artstella-elixirs-floraux.com\/wp-content\/uploads\/2025\/03\/f927a3ef-4871-46ac-bddf-072fc3f42c0b.jpg?resize=350%2C200&ssl=1 1x, https:\/\/i0.wp.com\/artstella-elixirs-floraux.com\/wp-content\/uploads\/2025\/03\/f927a3ef-4871-46ac-bddf-072fc3f42c0b.jpg?resize=525%2C300&ssl=1 1.5x, https:\/\/i0.wp.com\/artstella-elixirs-floraux.com\/wp-content\/uploads\/2025\/03\/f927a3ef-4871-46ac-bddf-072fc3f42c0b.jpg?resize=700%2C400&ssl=1 2x"},"classes":[]},{"id":3600,"url":"https:\/\/artstella-elixirs-floraux.com\/en\/product\/26-internal-cleansing-15-ml-ltoe\/","url_meta":{"origin":3352,"position":3},"title":"Nettoyage interne LTOE 15ml","author":"eveapprill","date":"9 March 2025","format":false,"excerpt":"Internal Cleansing \/Nettoyage interne : op\u00e8re avec diligence un nettoyage interne du corps et aide \u00e0 \u00e9liminer les reliquats \u00e9nerg\u00e9tiques du corps \u00e9th\u00e9rique.","rel":"","context":"Similar post","block_context":{"text":"Similar post","link":""},"img":{"alt_text":"","src":"https:\/\/i0.wp.com\/artstella-elixirs-floraux.com\/wp-content\/uploads\/2025\/03\/af463573-ff43-45f8-82ec-c45521557a3a.jpg?resize=350%2C200&ssl=1","width":350,"height":200,"srcset":"https:\/\/i0.wp.com\/artstella-elixirs-floraux.com\/wp-content\/uploads\/2025\/03\/af463573-ff43-45f8-82ec-c45521557a3a.jpg?resize=350%2C200&ssl=1 1x, https:\/\/i0.wp.com\/artstella-elixirs-floraux.com\/wp-content\/uploads\/2025\/03\/af463573-ff43-45f8-82ec-c45521557a3a.jpg?resize=525%2C300&ssl=1 1.5x, https:\/\/i0.wp.com\/artstella-elixirs-floraux.com\/wp-content\/uploads\/2025\/03\/af463573-ff43-45f8-82ec-c45521557a3a.jpg?resize=700%2C400&ssl=1 2x"},"classes":[]},{"id":3415,"url":"https:\/\/artstella-elixirs-floraux.com\/en\/product\/earth-star-cactus-15-ml-phi\/","url_meta":{"origin":3352,"position":4},"title":"EARTH STAR CACTUS 15 ML PHI","author":"eveapprill","date":"9 March 2025","format":false,"excerpt":"Earth star cactus (Stapelia Desmetiana) nettoie \u00e9nergiquement les \u00e9nergies de base. Il agit fortement sur le premier chakra en intensifiant notre lien \u00e0 notre M\u00e8re la Terre. Il accompagne les processus de \u00ab\u00a0d\u00e9sintoxication\u00a0\u00bb \u00e9motionnelle.","rel":"","context":"Similar post","block_context":{"text":"Similar post","link":""},"img":{"alt_text":"","src":"https:\/\/i0.wp.com\/artstella-elixirs-floraux.com\/wp-content\/uploads\/2025\/03\/wp-image377.png?resize=350%2C200&ssl=1","width":350,"height":200},"classes":[]},{"id":2359,"url":"https:\/\/artstella-elixirs-floraux.com\/en\/product\/yarrow-alaskan\/","url_meta":{"origin":3352,"position":5},"title":"Yarrow Alaskan","author":"eveapprill","date":"9 March 2025","format":false,"excerpt":"Yarrow. Achillea borealis. Achill\u00e9e Hypersensibilit\u00e9 \u00e0 l'environnement ; recherche la protection \u00e0 l'ext\u00e9rieur, int\u00e9grit\u00e9 de l'aura atteinte par un accident ou un traumatisme pass\u00e9 ou pr\u00e9sent.","rel":"","context":"Similar post","block_context":{"text":"Similar post","link":""},"img":{"alt_text":"","src":"https:\/\/i0.wp.com\/artstella-elixirs-floraux.com\/wp-content\/uploads\/2025\/03\/wp-image603.png?resize=350%2C200&ssl=1","width":350,"height":200},"classes":[]}],"_links":{"self":[{"href":"https:\/\/artstella-elixirs-floraux.com\/en\/wp-json\/wp\/v2\/product\/3352","targetHints":{"allow":["GET"]}}],"collection":[{"href":"https:\/\/artstella-elixirs-floraux.com\/en\/wp-json\/wp\/v2\/product"}],"about":[{"href":"https:\/\/artstella-elixirs-floraux.com\/en\/wp-json\/wp\/v2\/types\/product"}],"version-history":[{"count":1,"href":"https:\/\/artstella-elixirs-floraux.com\/en\/wp-json\/wp\/v2\/product\/3352\/revisions"}],"predecessor-version":[{"id":10798,"href":"https:\/\/artstella-elixirs-floraux.com\/en\/wp-json\/wp\/v2\/product\/3352\/revisions\/10798"}],"wp:featuredmedia":[{"embeddable":true,"href":"https:\/\/artstella-elixirs-floraux.com\/en\/wp-json\/wp\/v2\/media\/3353"}],"wp:attachment":[{"href":"https:\/\/artstella-elixirs-floraux.com\/en\/wp-json\/wp\/v2\/media?parent=3352"}],"wp:term":[{"taxonomy":"product_brand","embeddable":true,"href":"https:\/\/artstella-elixirs-floraux.com\/en\/wp-json\/wp\/v2\/product_brand?post=3352"},{"taxonomy":"product_cat","embeddable":true,"href":"https:\/\/artstella-elixirs-floraux.com\/en\/wp-json\/wp\/v2\/product_cat?post=3352"},{"taxonomy":"product_tag","embeddable":true,"href":"https:\/\/artstella-elixirs-floraux.com\/en\/wp-json\/wp\/v2\/product_tag?post=3352"}],"curies":[{"name":"wp","href":"https:\/\/api.w.org\/{rel}","templated":true}]}}