{"id":3356,"date":"2025-03-09T13:10:06","date_gmt":"2025-03-09T13:10:06","guid":{"rendered":"https:\/\/artstella-elixirs-floraux.com\/product\/golden-barrel-cactus-15-ml-phi\/"},"modified":"2025-06-17T11:09:02","modified_gmt":"2025-06-17T11:09:02","slug":"golden-barrel-cactus-15-ml-phi","status":"publish","type":"product","link":"https:\/\/artstella-elixirs-floraux.com\/en\/product\/golden-barrel-cactus-15-ml-phi\/","title":{"rendered":"GOLDEN BARREL CACTUS 15 ML PHI"},"content":{"rendered":"<p><span style=\"color: #008000;\"> <strong><em>Golden barrel cactus dit \u00ab\u00a0coussin de<\/em><\/strong> <strong><em>belle m\u00e8re\u00a0\u00bb.<\/em><\/strong><\/span><br \/>\n(<strong><em>Echinocactus grusonii)<\/em><\/strong> Quand nous sommes soumis \u00e0 de trop nombreuses influences et facteurs perturbateurs, l&rsquo;\u00e9lixir favorise le recentrage, et notamment des personnes qui ont tendance \u00e0 se laisser influencer trop facilement. Il permet d&rsquo;agir en fonction de l&rsquo;essentiel \u00e0 partir du centre int\u00e9rieur. Il est \u00e0 conseiller aux personnes exer\u00e7ant des responsabilit\u00e9s et qui ont beaucoup de contacts humains.<\/p>","protected":false},"excerpt":{"rendered":"<p><span style=\"color: #008000;\"> <strong><em>Golden barrel cactus dit \u00ab\u00a0coussin de<\/em><\/strong> <strong><em>belle m\u00e8re\u00a0\u00bb.<\/em><\/strong><\/span><br \/>\n(<strong><em>Echinocactus grusonii)<\/em><\/strong> Quand nous sommes soumis \u00e0 de trop nombreuses influences et facteurs perturbateurs, l&rsquo;\u00e9lixir favorise le recentrage, et notamment des personnes qui ont tendance \u00e0 se laisser influencer trop facilement.<\/p>","protected":false},"featured_media":3357,"template":"","meta":[],"product_brand":[],"product_cat":[92],"product_tag":[],"class_list":{"0":"post-3356","1":"product","2":"type-product","3":"status-publish","4":"has-post-thumbnail","6":"product_cat-les-elixirs-de-cactus","8":"first","9":"instock","10":"taxable","11":"shipping-taxable","12":"purchasable","13":"product-type-variable"},"etheme_brands":{"errors":{"invalid_taxonomy":["Invalid taxonomy."]},"error_data":[]},"jetpack_sharing_enabled":true,"jetpack-related-posts":[{"id":3360,"url":"https:\/\/artstella-elixirs-floraux.com\/en\/product\/beauty-cactus-15-ml-phi\/","url_meta":{"origin":3356,"position":0},"title":"BEAUTY CACTUS 15 ML PHI","author":"eveapprill","date":"9 March 2025","format":false,"excerpt":"Beauty cactus (Echinocereus scheeri) Permet de d\u00e9velopper la beaut\u00e9 int\u00e9rieure. Il favorise l'\u00e9quilibre au niveau du c\u0153ur. Les personnes plut\u00f4t retenues qui passent inaper\u00e7ues pourront d\u00e9velopper leur rayonnement. Les personnes qui donnent trop d'importance \u00e0 l'ext\u00e9riorisation pourront d\u00e9velopper humilit\u00e9 et modestie.","rel":"","context":"Similar post","block_context":{"text":"Similar post","link":""},"img":{"alt_text":"","src":"https:\/\/i0.wp.com\/artstella-elixirs-floraux.com\/wp-content\/uploads\/2025\/03\/wp-image361.png?resize=350%2C200&ssl=1","width":350,"height":200},"classes":[]},{"id":3365,"url":"https:\/\/artstella-elixirs-floraux.com\/en\/product\/inspiration-cactus-15-ml-phi\/","url_meta":{"origin":3356,"position":1},"title":"INSPIRATION CACTUS 15 ML PHI","author":"eveapprill","date":"9 March 2025","format":false,"excerpt":"Inspiration cactus (Echinopsis oxygona ) \u00c9largit et clarifie le plan mental. Il nous prot\u00e8ge des pens\u00e9es perturbatrices et des influences n\u00e9gatives et nous permet de d\u00e9velopper une vision plus claire de notre direction int\u00e9rieure.","rel":"","context":"Similar post","block_context":{"text":"Similar post","link":""},"img":{"alt_text":"","src":"https:\/\/i0.wp.com\/artstella-elixirs-floraux.com\/wp-content\/uploads\/2025\/03\/wp-image363.png?resize=350%2C200&ssl=1","width":350,"height":200},"classes":[]},{"id":3352,"url":"https:\/\/artstella-elixirs-floraux.com\/en\/product\/aura-cleansing-cactus-15ml-phi\/","url_meta":{"origin":3356,"position":2},"title":"AURA CLEANSING CACTUS 15ML PHI","author":"eveapprill","date":"9 March 2025","format":false,"excerpt":"Aura cleansing cactus (Cleistocactus strausii) Sert \u00e0 la purification et la r\u00e9g\u00e9n\u00e9ration de l'aura, en particulier du corps astral. Il convient \u00e9galement aux personnes qui ont un champ d'\u00e9nergie trop perm\u00e9able et qui ont des probl\u00e8mes de d\u00e9limitation. Il aide \u00e0 lib\u00e9rer l'aura d'\u00e9nergies parasites ou d'entit\u00e9s.","rel":"","context":"Similar post","block_context":{"text":"Similar post","link":""},"img":{"alt_text":"","src":"https:\/\/i0.wp.com\/artstella-elixirs-floraux.com\/wp-content\/uploads\/2025\/03\/wp-image359.png?resize=350%2C200&ssl=1","width":350,"height":200},"classes":[]},{"id":5446,"url":"https:\/\/artstella-elixirs-floraux.com\/en\/product\/sensitive-mimosa-pudica-10-ml-bl\/","url_meta":{"origin":3356,"position":3},"title":"Sensitive &#8211; Mimosa pudica 10 ML BL","author":"eveapprill","date":"9 March 2025","format":false,"excerpt":"Mimosa \/ Mimosa pudica (sensitive weed)\u00a0\u00a0\u00a0\u00a0\u00a0\u00a0\u00a0\u00a0\u00a0 Stimule l\u2019\u00e2me et apporte stabilit\u00e9, clart\u00e9 et force du mental. Pour choisir son chemin avec certitude et ne pas se laisser d\u00e9vier. Quand on se sent \u00e9touff\u00e9 par l\u2019autre ou pris dans un espace trop \u00e9troit.","rel":"","context":"Similar post","block_context":{"text":"Similar post","link":""},"img":{"alt_text":"","src":"","width":0,"height":0},"classes":[]},{"id":3847,"url":"https:\/\/artstella-elixirs-floraux.com\/en\/product\/crabe-phi-15-ml\/","url_meta":{"origin":3356,"position":4},"title":"CRABE PHI 15 ML","author":"eveapprill","date":"9 March 2025","format":false,"excerpt":"Crabe (Grapsus grapsus) Krebs L\u2019\u00e9lixir de crabe aide les personnes qui s\u2019isolent et se retirent de fa\u00e7on excessive dans la vie priv\u00e9e ainsi que celles qui sont trop prudentes \u00e0 s\u2019ouvrir.","rel":"","context":"Similar post","block_context":{"text":"Similar post","link":""},"img":{"alt_text":"","src":"","width":0,"height":0},"classes":[]},{"id":2243,"url":"https:\/\/artstella-elixirs-floraux.com\/en\/product\/one-sided-wintergreen-alaskan\/","url_meta":{"origin":3356,"position":5},"title":"One -sided wintergreen Alaskan","author":"eveapprill","date":"9 March 2025","format":false,"excerpt":"One -sided wintergreen. Pyrola secunda Dysfonctionnement de nos \u00ab\u00a0fronti\u00e8res\u00a0\u00bb, trop influenc\u00e9s par l'\u00e9nergie des autres, inconscient de l'influence et de l'action de l'\u00e9nergie sur les autres.","rel":"","context":"Similar post","block_context":{"text":"Similar post","link":""},"img":{"alt_text":"","src":"https:\/\/i0.wp.com\/artstella-elixirs-floraux.com\/wp-content\/uploads\/2025\/03\/wp-image570.png?resize=350%2C200&ssl=1","width":350,"height":200},"classes":[]}],"_links":{"self":[{"href":"https:\/\/artstella-elixirs-floraux.com\/en\/wp-json\/wp\/v2\/product\/3356","targetHints":{"allow":["GET"]}}],"collection":[{"href":"https:\/\/artstella-elixirs-floraux.com\/en\/wp-json\/wp\/v2\/product"}],"about":[{"href":"https:\/\/artstella-elixirs-floraux.com\/en\/wp-json\/wp\/v2\/types\/product"}],"version-history":[{"count":1,"href":"https:\/\/artstella-elixirs-floraux.com\/en\/wp-json\/wp\/v2\/product\/3356\/revisions"}],"predecessor-version":[{"id":10815,"href":"https:\/\/artstella-elixirs-floraux.com\/en\/wp-json\/wp\/v2\/product\/3356\/revisions\/10815"}],"wp:featuredmedia":[{"embeddable":true,"href":"https:\/\/artstella-elixirs-floraux.com\/en\/wp-json\/wp\/v2\/media\/3357"}],"wp:attachment":[{"href":"https:\/\/artstella-elixirs-floraux.com\/en\/wp-json\/wp\/v2\/media?parent=3356"}],"wp:term":[{"taxonomy":"product_brand","embeddable":true,"href":"https:\/\/artstella-elixirs-floraux.com\/en\/wp-json\/wp\/v2\/product_brand?post=3356"},{"taxonomy":"product_cat","embeddable":true,"href":"https:\/\/artstella-elixirs-floraux.com\/en\/wp-json\/wp\/v2\/product_cat?post=3356"},{"taxonomy":"product_tag","embeddable":true,"href":"https:\/\/artstella-elixirs-floraux.com\/en\/wp-json\/wp\/v2\/product_tag?post=3356"}],"curies":[{"name":"wp","href":"https:\/\/api.w.org\/{rel}","templated":true}]}}