{"id":3381,"date":"2025-03-09T13:10:41","date_gmt":"2025-03-09T13:10:41","guid":{"rendered":"https:\/\/artstella-elixirs-floraux.com\/product\/blueberry-cactus-15-ml-phi\/"},"modified":"2025-06-17T10:29:46","modified_gmt":"2025-06-17T10:29:46","slug":"blueberry-cactus-15-ml-phi","status":"publish","type":"product","link":"https:\/\/artstella-elixirs-floraux.com\/en\/product\/blueberry-cactus-15-ml-phi\/","title":{"rendered":"BLUEBERRY CACTUS 15 ML PHI"},"content":{"rendered":"","protected":false},"excerpt":{"rendered":"<p><strong><em>Blueberry cactus (Myrtillocactus geometrizans) <\/em><\/strong>favorise la d\u00e9limitation et la protection pour mieux int\u00e9grer le plan \u00e9motionnel. Il renforce et permet \u00e0 notre potentiel de se d\u00e9ployer enti\u00e8rement. Nous pouvons appr\u00e9cier la beaut\u00e9 dans la vie.<\/p>","protected":false},"featured_media":3382,"template":"","meta":[],"product_brand":[],"product_cat":[92],"product_tag":[],"class_list":{"0":"post-3381","1":"product","2":"type-product","3":"status-publish","4":"has-post-thumbnail","6":"product_cat-les-elixirs-de-cactus","8":"first","9":"instock","10":"taxable","11":"shipping-taxable","12":"purchasable","13":"product-type-variable"},"etheme_brands":{"errors":{"invalid_taxonomy":["Invalid taxonomy."]},"error_data":[]},"jetpack_sharing_enabled":true,"jetpack-related-posts":[{"id":2098,"url":"https:\/\/artstella-elixirs-floraux.com\/en\/product\/bog-blueberry-alaskan\/","url_meta":{"origin":3381,"position":0},"title":"Bog Blueberry Alaskan","author":"eveapprill","date":"9 March 2025","format":false,"excerpt":"Bog Blueberry Conception \u00ab donnant-donnant \u00bb de l'abondance, trop attach\u00e9 \u00e0 la forme mat\u00e9rielle de la manifestation de la vie.Permet de neutraliser les croyances limitant l'abondance sur tous les niveaux, encourage \u00e0 s'ouvrir \u00e0 l'abondance qui s'offre avec acceptation et gratitude.","rel":"","context":"Similar post","block_context":{"text":"Similar post","link":""},"img":{"alt_text":"","src":"https:\/\/i0.wp.com\/artstella-elixirs-floraux.com\/wp-content\/uploads\/2025\/03\/wp-image44.png?resize=350%2C200&ssl=1","width":350,"height":200},"classes":[]},{"id":2090,"url":"https:\/\/artstella-elixirs-floraux.com\/en\/product\/blueberry-pollen-alaskan\/","url_meta":{"origin":3381,"position":1},"title":"Blueberry Pollen Alaskan","author":"eveapprill","date":"9 March 2025","format":false,"excerpt":"Blueberry Pollen Alaska Pour ceux qui ne croient pas assez \u00e0 leur potentiel d'abondance, ont une faible id\u00e9e de la prosp\u00e9rit\u00e9, et connaissent des difficult\u00e9s \u00e0 recevoir des autres et de la terre. Permet une extension sur tous les niveaux pour s'accorder \u00e0 l'abondance ; facilite la dissolution des sch\u00e9mas\u2026","rel":"","context":"Similar post","block_context":{"text":"Similar post","link":""},"img":{"alt_text":"","src":"https:\/\/i0.wp.com\/artstella-elixirs-floraux.com\/wp-content\/uploads\/2025\/03\/wp-image42.webp?resize=350%2C200&ssl=1","width":350,"height":200},"classes":[]},{"id":4555,"url":"https:\/\/artstella-elixirs-floraux.com\/en\/product\/coffret-20-elixirs-de-cactus-15-ml\/","url_meta":{"origin":3381,"position":2},"title":"COFFRET 20 \u00e9lixirs de CACTUS 15 ML","author":"eveapprill","date":"9 March 2025","format":false,"excerpt":"Les 20 Elixirs de Cactus Les cactus et les plantes succulentes sont des plantes particuli\u00e8res. Leur sph\u00e8re d'action est \u00ab la protection et la d\u00e9limitation \u00bb.","rel":"","context":"Similar post","block_context":{"text":"Similar post","link":""},"img":{"alt_text":"","src":"https:\/\/i0.wp.com\/artstella-elixirs-floraux.com\/wp-content\/uploads\/2025\/03\/wp-image1161.png?resize=350%2C200&ssl=1","width":350,"height":200,"srcset":"https:\/\/i0.wp.com\/artstella-elixirs-floraux.com\/wp-content\/uploads\/2025\/03\/wp-image1161.png?resize=350%2C200&ssl=1 1x, https:\/\/i0.wp.com\/artstella-elixirs-floraux.com\/wp-content\/uploads\/2025\/03\/wp-image1161.png?resize=525%2C300&ssl=1 1.5x, https:\/\/i0.wp.com\/artstella-elixirs-floraux.com\/wp-content\/uploads\/2025\/03\/wp-image1161.png?resize=700%2C400&ssl=1 2x"},"classes":[]},{"id":5265,"url":"https:\/\/artstella-elixirs-floraux.com\/en\/product\/jeu-de-20-cartes-de-fleurs-de-cactus\/","url_meta":{"origin":3381,"position":3},"title":"Jeu de 20 cartes de fleurs de cactus","author":"eveapprill","date":"9 March 2025","format":false,"excerpt":"Jeu de 20 cartes de fleurs de cactus repr\u00e9sentant les fleurs avec lesquelles les \u00e9lixirs de cactus ont \u00e9t\u00e9 r\u00e9alis\u00e9s par Andr\u00e9as Korte","rel":"","context":"Similar post","block_context":{"text":"Similar post","link":""},"img":{"alt_text":"","src":"","width":0,"height":0},"classes":[]},{"id":3348,"url":"https:\/\/artstella-elixirs-floraux.com\/en\/product\/inner-cleansing-cactus-15-ml-phi\/","url_meta":{"origin":3381,"position":4},"title":"INNER CLEANSING CACTUS 15 ML PHI","author":"eveapprill","date":"9 March 2025","format":false,"excerpt":"Inner cleansing cactus (Cleistocactus Ritteri) Il nous aide \u00e0 \u00ab\u00a0dig\u00e9rer\u00a0\u00bb les impressions que nous recevons. Il favorise la purification des processus internes.","rel":"","context":"Similar post","block_context":{"text":"Similar post","link":""},"img":{"alt_text":"","src":"https:\/\/i0.wp.com\/artstella-elixirs-floraux.com\/wp-content\/uploads\/2025\/03\/wp-image358.png?resize=350%2C200&ssl=1","width":350,"height":200},"classes":[]},{"id":3377,"url":"https:\/\/artstella-elixirs-floraux.com\/en\/product\/formation-cactus-15-ml-phi\/","url_meta":{"origin":3381,"position":5},"title":"FORMATION CACTUS 15 ML PHI","author":"eveapprill","date":"9 March 2025","format":false,"excerpt":"Formation cactus (Mamillaria rubrograndis) Apporte une protection et une stabilit\u00e9 sur tous les plans de la forme, du plan cellulaire \u00e0 celui de l'information. Il soutient et renforce.","rel":"","context":"Similar post","block_context":{"text":"Similar post","link":""},"img":{"alt_text":"","src":"https:\/\/i0.wp.com\/artstella-elixirs-floraux.com\/wp-content\/uploads\/2025\/03\/wp-image366.png?resize=350%2C200&ssl=1","width":350,"height":200},"classes":[]}],"_links":{"self":[{"href":"https:\/\/artstella-elixirs-floraux.com\/en\/wp-json\/wp\/v2\/product\/3381","targetHints":{"allow":["GET"]}}],"collection":[{"href":"https:\/\/artstella-elixirs-floraux.com\/en\/wp-json\/wp\/v2\/product"}],"about":[{"href":"https:\/\/artstella-elixirs-floraux.com\/en\/wp-json\/wp\/v2\/types\/product"}],"version-history":[{"count":1,"href":"https:\/\/artstella-elixirs-floraux.com\/en\/wp-json\/wp\/v2\/product\/3381\/revisions"}],"predecessor-version":[{"id":10809,"href":"https:\/\/artstella-elixirs-floraux.com\/en\/wp-json\/wp\/v2\/product\/3381\/revisions\/10809"}],"wp:featuredmedia":[{"embeddable":true,"href":"https:\/\/artstella-elixirs-floraux.com\/en\/wp-json\/wp\/v2\/media\/3382"}],"wp:attachment":[{"href":"https:\/\/artstella-elixirs-floraux.com\/en\/wp-json\/wp\/v2\/media?parent=3381"}],"wp:term":[{"taxonomy":"product_brand","embeddable":true,"href":"https:\/\/artstella-elixirs-floraux.com\/en\/wp-json\/wp\/v2\/product_brand?post=3381"},{"taxonomy":"product_cat","embeddable":true,"href":"https:\/\/artstella-elixirs-floraux.com\/en\/wp-json\/wp\/v2\/product_cat?post=3381"},{"taxonomy":"product_tag","embeddable":true,"href":"https:\/\/artstella-elixirs-floraux.com\/en\/wp-json\/wp\/v2\/product_tag?post=3381"}],"curies":[{"name":"wp","href":"https:\/\/api.w.org\/{rel}","templated":true}]}}