{"id":3397,"date":"2025-03-09T13:10:55","date_gmt":"2025-03-09T13:10:55","guid":{"rendered":"https:\/\/artstella-elixirs-floraux.com\/product\/inside-outside-cactus-phi-15-ml\/"},"modified":"2025-06-17T10:19:19","modified_gmt":"2025-06-17T10:19:19","slug":"inside-outside-cactus-phi-15-ml","status":"publish","type":"product","link":"https:\/\/artstella-elixirs-floraux.com\/en\/product\/inside-outside-cactus-phi-15-ml\/","title":{"rendered":"INSIDE OUTSIDE CACTUS PHI 15 ML"},"content":{"rendered":"","protected":false},"excerpt":{"rendered":"<p><strong><em>Inside\/outside cactus (Pilosocereus pachycladus) <\/em><\/strong>facilite l&rsquo;\u00e9change entre \u00ab\u00a0l&rsquo;int\u00e9rieur\u00a0\u00bb et \u00ab\u00a0l&rsquo;ext\u00e9rieur\u00a0\u00bb au travers de la peau. Il renforce la sensation de d\u00e9limitation et nous permet de nous rendre compte plus clairement comment nous vivons ces \u00e9changes en nous-m\u00eames. Il prot\u00e8ge et r\u00e9g\u00e9n\u00e8re l&rsquo;\u00e9nergie de la peau.<strong><em><\/em><\/strong><\/p>","protected":false},"featured_media":3398,"template":"","meta":[],"product_brand":[],"product_cat":[92],"product_tag":[],"class_list":{"0":"post-3397","1":"product","2":"type-product","3":"status-publish","4":"has-post-thumbnail","6":"product_cat-les-elixirs-de-cactus","8":"first","9":"instock","10":"taxable","11":"shipping-taxable","12":"purchasable","13":"product-type-variable"},"etheme_brands":{"errors":{"invalid_taxonomy":["Invalid taxonomy."]},"error_data":[]},"jetpack_sharing_enabled":true,"jetpack-related-posts":[{"id":3407,"url":"https:\/\/artstella-elixirs-floraux.com\/en\/product\/love-cactus-15-ml-phi\/","url_meta":{"origin":3397,"position":0},"title":"LOVE CACTUS 15 ML PHI","author":"eveapprill","date":"9 March 2025","format":false,"excerpt":"Love cactus (Seticereus icosagonus) agit au niveau du deuxi\u00e8me chakra. Nous pouvons apprendre \u00e0 mieux utiliser nos \u00e9nergies cr\u00e9atrices, \u00e0 trouver la bonne mesure pour jouer avec elles et \u00e0 conserver notre int\u00e9grit\u00e9 dans les \u00e9changes avec les autres.","rel":"","context":"Similar post","block_context":{"text":"Similar post","link":""},"img":{"alt_text":"","src":"https:\/\/i0.wp.com\/artstella-elixirs-floraux.com\/wp-content\/uploads\/2025\/03\/wp-image375.png?resize=350%2C200&ssl=1","width":350,"height":200},"classes":[]},{"id":4555,"url":"https:\/\/artstella-elixirs-floraux.com\/en\/product\/coffret-20-elixirs-de-cactus-15-ml\/","url_meta":{"origin":3397,"position":1},"title":"COFFRET 20 \u00e9lixirs de CACTUS 15 ML","author":"eveapprill","date":"9 March 2025","format":false,"excerpt":"Les 20 Elixirs de Cactus Les cactus et les plantes succulentes sont des plantes particuli\u00e8res. Leur sph\u00e8re d'action est \u00ab la protection et la d\u00e9limitation \u00bb.","rel":"","context":"Similar post","block_context":{"text":"Similar post","link":""},"img":{"alt_text":"","src":"https:\/\/i0.wp.com\/artstella-elixirs-floraux.com\/wp-content\/uploads\/2025\/03\/wp-image1161.png?resize=350%2C200&ssl=1","width":350,"height":200,"srcset":"https:\/\/i0.wp.com\/artstella-elixirs-floraux.com\/wp-content\/uploads\/2025\/03\/wp-image1161.png?resize=350%2C200&ssl=1 1x, https:\/\/i0.wp.com\/artstella-elixirs-floraux.com\/wp-content\/uploads\/2025\/03\/wp-image1161.png?resize=525%2C300&ssl=1 1.5x, https:\/\/i0.wp.com\/artstella-elixirs-floraux.com\/wp-content\/uploads\/2025\/03\/wp-image1161.png?resize=700%2C400&ssl=1 2x"},"classes":[]},{"id":5265,"url":"https:\/\/artstella-elixirs-floraux.com\/en\/product\/jeu-de-20-cartes-de-fleurs-de-cactus\/","url_meta":{"origin":3397,"position":2},"title":"Jeu de 20 cartes de fleurs de cactus","author":"eveapprill","date":"9 March 2025","format":false,"excerpt":"Jeu de 20 cartes de fleurs de cactus repr\u00e9sentant les fleurs avec lesquelles les \u00e9lixirs de cactus ont \u00e9t\u00e9 r\u00e9alis\u00e9s par Andr\u00e9as Korte","rel":"","context":"Similar post","block_context":{"text":"Similar post","link":""},"img":{"alt_text":"","src":"","width":0,"height":0},"classes":[]},{"id":3348,"url":"https:\/\/artstella-elixirs-floraux.com\/en\/product\/inner-cleansing-cactus-15-ml-phi\/","url_meta":{"origin":3397,"position":3},"title":"INNER CLEANSING CACTUS 15 ML PHI","author":"eveapprill","date":"9 March 2025","format":false,"excerpt":"Inner cleansing cactus (Cleistocactus Ritteri) Il nous aide \u00e0 \u00ab\u00a0dig\u00e9rer\u00a0\u00bb les impressions que nous recevons. Il favorise la purification des processus internes.","rel":"","context":"Similar post","block_context":{"text":"Similar post","link":""},"img":{"alt_text":"","src":"https:\/\/i0.wp.com\/artstella-elixirs-floraux.com\/wp-content\/uploads\/2025\/03\/wp-image358.png?resize=350%2C200&ssl=1","width":350,"height":200},"classes":[]},{"id":3377,"url":"https:\/\/artstella-elixirs-floraux.com\/en\/product\/formation-cactus-15-ml-phi\/","url_meta":{"origin":3397,"position":4},"title":"FORMATION CACTUS 15 ML PHI","author":"eveapprill","date":"9 March 2025","format":false,"excerpt":"Formation cactus (Mamillaria rubrograndis) Apporte une protection et une stabilit\u00e9 sur tous les plans de la forme, du plan cellulaire \u00e0 celui de l'information. Il soutient et renforce.","rel":"","context":"Similar post","block_context":{"text":"Similar post","link":""},"img":{"alt_text":"","src":"https:\/\/i0.wp.com\/artstella-elixirs-floraux.com\/wp-content\/uploads\/2025\/03\/wp-image366.png?resize=350%2C200&ssl=1","width":350,"height":200},"classes":[]},{"id":3365,"url":"https:\/\/artstella-elixirs-floraux.com\/en\/product\/inspiration-cactus-15-ml-phi\/","url_meta":{"origin":3397,"position":5},"title":"INSPIRATION CACTUS 15 ML PHI","author":"eveapprill","date":"9 March 2025","format":false,"excerpt":"Inspiration cactus (Echinopsis oxygona ) \u00c9largit et clarifie le plan mental. Il nous prot\u00e8ge des pens\u00e9es perturbatrices et des influences n\u00e9gatives et nous permet de d\u00e9velopper une vision plus claire de notre direction int\u00e9rieure.","rel":"","context":"Similar post","block_context":{"text":"Similar post","link":""},"img":{"alt_text":"","src":"https:\/\/i0.wp.com\/artstella-elixirs-floraux.com\/wp-content\/uploads\/2025\/03\/wp-image363.png?resize=350%2C200&ssl=1","width":350,"height":200},"classes":[]}],"_links":{"self":[{"href":"https:\/\/artstella-elixirs-floraux.com\/en\/wp-json\/wp\/v2\/product\/3397","targetHints":{"allow":["GET"]}}],"collection":[{"href":"https:\/\/artstella-elixirs-floraux.com\/en\/wp-json\/wp\/v2\/product"}],"about":[{"href":"https:\/\/artstella-elixirs-floraux.com\/en\/wp-json\/wp\/v2\/types\/product"}],"version-history":[{"count":0,"href":"https:\/\/artstella-elixirs-floraux.com\/en\/wp-json\/wp\/v2\/product\/3397\/revisions"}],"wp:featuredmedia":[{"embeddable":true,"href":"https:\/\/artstella-elixirs-floraux.com\/en\/wp-json\/wp\/v2\/media\/3398"}],"wp:attachment":[{"href":"https:\/\/artstella-elixirs-floraux.com\/en\/wp-json\/wp\/v2\/media?parent=3397"}],"wp:term":[{"taxonomy":"product_brand","embeddable":true,"href":"https:\/\/artstella-elixirs-floraux.com\/en\/wp-json\/wp\/v2\/product_brand?post=3397"},{"taxonomy":"product_cat","embeddable":true,"href":"https:\/\/artstella-elixirs-floraux.com\/en\/wp-json\/wp\/v2\/product_cat?post=3397"},{"taxonomy":"product_tag","embeddable":true,"href":"https:\/\/artstella-elixirs-floraux.com\/en\/wp-json\/wp\/v2\/product_tag?post=3397"}],"curies":[{"name":"wp","href":"https:\/\/api.w.org\/{rel}","templated":true}]}}