{"id":3411,"date":"2025-03-09T13:11:06","date_gmt":"2025-03-09T13:11:06","guid":{"rendered":"https:\/\/artstella-elixirs-floraux.com\/product\/noble-heart-cactus-15ml-phi\/"},"modified":"2025-06-17T09:58:58","modified_gmt":"2025-06-17T09:58:58","slug":"noble-heart-cactus-15ml-phi","status":"publish","type":"product","link":"https:\/\/artstella-elixirs-floraux.com\/en\/product\/noble-heart-cactus-15ml-phi\/","title":{"rendered":"NOBLE HEART CACTUS 15ML PHI"},"content":{"rendered":"","protected":false},"excerpt":{"rendered":"<p><strong><em>Noble heart cactus (Stenocereus marginatus) <\/em><\/strong>favorise la droiture int\u00e9rieure. Cette attitude apporte un soutient \u00e9nerg\u00e9tique \u00e0 la colonne vert\u00e9brale et aide \u00e0 une ouverture du c\u0153ur juste et sinc\u00e8re.<\/p>","protected":false},"featured_media":3412,"template":"","meta":[],"product_brand":[],"product_cat":[92],"product_tag":[],"class_list":{"0":"post-3411","1":"product","2":"type-product","3":"status-publish","4":"has-post-thumbnail","6":"product_cat-les-elixirs-de-cactus","8":"first","9":"instock","10":"taxable","11":"shipping-taxable","12":"purchasable","13":"product-type-variable"},"etheme_brands":{"errors":{"invalid_taxonomy":["Invalid taxonomy."]},"error_data":[]},"jetpack_sharing_enabled":true,"jetpack-related-posts":[{"id":3407,"url":"https:\/\/artstella-elixirs-floraux.com\/en\/product\/love-cactus-15-ml-phi\/","url_meta":{"origin":3411,"position":0},"title":"LOVE CACTUS 15 ML PHI","author":"eveapprill","date":"9 March 2025","format":false,"excerpt":"Love cactus (Seticereus icosagonus) agit au niveau du deuxi\u00e8me chakra. Nous pouvons apprendre \u00e0 mieux utiliser nos \u00e9nergies cr\u00e9atrices, \u00e0 trouver la bonne mesure pour jouer avec elles et \u00e0 conserver notre int\u00e9grit\u00e9 dans les \u00e9changes avec les autres.","rel":"","context":"Similar post","block_context":{"text":"Similar post","link":""},"img":{"alt_text":"","src":"https:\/\/i0.wp.com\/artstella-elixirs-floraux.com\/wp-content\/uploads\/2025\/03\/wp-image375.png?resize=350%2C200&ssl=1","width":350,"height":200},"classes":[]},{"id":3344,"url":"https:\/\/artstella-elixirs-floraux.com\/en\/product\/release-cactus-15ml-phi\/","url_meta":{"origin":3411,"position":1},"title":"RELEASE CACTUS 15ML PHI","author":"eveapprill","date":"9 March 2025","format":false,"excerpt":"Release Cactus (Ceropegia Fusca) Il aide \u00e0 nous lib\u00e9rer d'anciens sch\u00e9mas ressentis comme n\u00e9gatifs. L'\u00e9lixir agit tr\u00e8s en profondeur : il atteint l'inconscient et la conscience cellulaire. Il permet de nettoyer les blocages et contribue \u00e0 nous r\u00e9g\u00e9n\u00e9rer.","rel":"","context":"Similar post","block_context":{"text":"Similar post","link":""},"img":{"alt_text":"","src":"https:\/\/i0.wp.com\/artstella-elixirs-floraux.com\/wp-content\/uploads\/2025\/03\/wp-image357.png?resize=350%2C200&ssl=1","width":350,"height":200},"classes":[]},{"id":3348,"url":"https:\/\/artstella-elixirs-floraux.com\/en\/product\/inner-cleansing-cactus-15-ml-phi\/","url_meta":{"origin":3411,"position":2},"title":"INNER CLEANSING CACTUS 15 ML PHI","author":"eveapprill","date":"9 March 2025","format":false,"excerpt":"Inner cleansing cactus (Cleistocactus Ritteri) Il nous aide \u00e0 \u00ab\u00a0dig\u00e9rer\u00a0\u00bb les impressions que nous recevons. Il favorise la purification des processus internes.","rel":"","context":"Similar post","block_context":{"text":"Similar post","link":""},"img":{"alt_text":"","src":"https:\/\/i0.wp.com\/artstella-elixirs-floraux.com\/wp-content\/uploads\/2025\/03\/wp-image358.png?resize=350%2C200&ssl=1","width":350,"height":200},"classes":[]},{"id":3377,"url":"https:\/\/artstella-elixirs-floraux.com\/en\/product\/formation-cactus-15-ml-phi\/","url_meta":{"origin":3411,"position":3},"title":"FORMATION CACTUS 15 ML PHI","author":"eveapprill","date":"9 March 2025","format":false,"excerpt":"Formation cactus (Mamillaria rubrograndis) Apporte une protection et une stabilit\u00e9 sur tous les plans de la forme, du plan cellulaire \u00e0 celui de l'information. Il soutient et renforce.","rel":"","context":"Similar post","block_context":{"text":"Similar post","link":""},"img":{"alt_text":"","src":"https:\/\/i0.wp.com\/artstella-elixirs-floraux.com\/wp-content\/uploads\/2025\/03\/wp-image366.png?resize=350%2C200&ssl=1","width":350,"height":200},"classes":[]},{"id":3352,"url":"https:\/\/artstella-elixirs-floraux.com\/en\/product\/aura-cleansing-cactus-15ml-phi\/","url_meta":{"origin":3411,"position":4},"title":"AURA CLEANSING CACTUS 15ML PHI","author":"eveapprill","date":"9 March 2025","format":false,"excerpt":"Aura cleansing cactus (Cleistocactus strausii) Sert \u00e0 la purification et la r\u00e9g\u00e9n\u00e9ration de l'aura, en particulier du corps astral. Il convient \u00e9galement aux personnes qui ont un champ d'\u00e9nergie trop perm\u00e9able et qui ont des probl\u00e8mes de d\u00e9limitation. Il aide \u00e0 lib\u00e9rer l'aura d'\u00e9nergies parasites ou d'entit\u00e9s.","rel":"","context":"Similar post","block_context":{"text":"Similar post","link":""},"img":{"alt_text":"","src":"https:\/\/i0.wp.com\/artstella-elixirs-floraux.com\/wp-content\/uploads\/2025\/03\/wp-image359.png?resize=350%2C200&ssl=1","width":350,"height":200},"classes":[]},{"id":3373,"url":"https:\/\/artstella-elixirs-floraux.com\/en\/product\/here-and-now-cactus-15ml-phi\/","url_meta":{"origin":3411,"position":5},"title":"HERE AND NOW CACTUS 15ML PHI","author":"eveapprill","date":"9 March 2025","format":false,"excerpt":"Here and now cactus (Hylocereus undatus) Aide \u00e0 accepter et \u00e0 aimer l'incarnation. Il facilite le contact avec la mati\u00e8re, l'amour envers la terre, la nature et notre propre corps. Il renforce \u00e9galement notre conscience des \u00e9nergies du corps.","rel":"","context":"Similar post","block_context":{"text":"Similar post","link":""},"img":{"alt_text":"","src":"https:\/\/i0.wp.com\/artstella-elixirs-floraux.com\/wp-content\/uploads\/2025\/03\/wp-image365.png?resize=350%2C200&ssl=1","width":350,"height":200},"classes":[]}],"_links":{"self":[{"href":"https:\/\/artstella-elixirs-floraux.com\/en\/wp-json\/wp\/v2\/product\/3411","targetHints":{"allow":["GET"]}}],"collection":[{"href":"https:\/\/artstella-elixirs-floraux.com\/en\/wp-json\/wp\/v2\/product"}],"about":[{"href":"https:\/\/artstella-elixirs-floraux.com\/en\/wp-json\/wp\/v2\/types\/product"}],"version-history":[{"count":1,"href":"https:\/\/artstella-elixirs-floraux.com\/en\/wp-json\/wp\/v2\/product\/3411\/revisions"}],"predecessor-version":[{"id":10801,"href":"https:\/\/artstella-elixirs-floraux.com\/en\/wp-json\/wp\/v2\/product\/3411\/revisions\/10801"}],"wp:featuredmedia":[{"embeddable":true,"href":"https:\/\/artstella-elixirs-floraux.com\/en\/wp-json\/wp\/v2\/media\/3412"}],"wp:attachment":[{"href":"https:\/\/artstella-elixirs-floraux.com\/en\/wp-json\/wp\/v2\/media?parent=3411"}],"wp:term":[{"taxonomy":"product_brand","embeddable":true,"href":"https:\/\/artstella-elixirs-floraux.com\/en\/wp-json\/wp\/v2\/product_brand?post=3411"},{"taxonomy":"product_cat","embeddable":true,"href":"https:\/\/artstella-elixirs-floraux.com\/en\/wp-json\/wp\/v2\/product_cat?post=3411"},{"taxonomy":"product_tag","embeddable":true,"href":"https:\/\/artstella-elixirs-floraux.com\/en\/wp-json\/wp\/v2\/product_tag?post=3411"}],"curies":[{"name":"wp","href":"https:\/\/api.w.org\/{rel}","templated":true}]}}