{"id":3415,"date":"2025-03-09T13:11:10","date_gmt":"2025-03-09T13:11:10","guid":{"rendered":"https:\/\/artstella-elixirs-floraux.com\/product\/earth-star-cactus-15-ml-phi\/"},"modified":"2025-06-17T09:56:15","modified_gmt":"2025-06-17T09:56:15","slug":"earth-star-cactus-15-ml-phi","status":"publish","type":"product","link":"https:\/\/artstella-elixirs-floraux.com\/en\/product\/earth-star-cactus-15-ml-phi\/","title":{"rendered":"EARTH STAR CACTUS 15 ML PHI"},"content":{"rendered":"","protected":false},"excerpt":{"rendered":"<p><strong><em>Earth star cactus (Stapelia Desmetiana) <\/em><\/strong>nettoie \u00e9nergiquement les \u00e9nergies de base. Il agit fortement sur le premier chakra en intensifiant notre lien \u00e0 notre M\u00e8re la Terre. Il accompagne les processus de \u00ab\u00a0d\u00e9sintoxication\u00a0\u00bb \u00e9motionnelle.<\/p>","protected":false},"featured_media":3416,"template":"","meta":[],"product_brand":[],"product_cat":[92],"product_tag":[],"class_list":{"0":"post-3415","1":"product","2":"type-product","3":"status-publish","4":"has-post-thumbnail","6":"product_cat-les-elixirs-de-cactus","8":"first","9":"instock","10":"taxable","11":"shipping-taxable","12":"purchasable","13":"product-type-variable"},"etheme_brands":{"errors":{"invalid_taxonomy":["Invalid taxonomy."]},"error_data":[]},"jetpack_sharing_enabled":true,"jetpack-related-posts":[{"id":3393,"url":"https:\/\/artstella-elixirs-floraux.com\/en\/product\/life-force-cactus-15ml-phi\/","url_meta":{"origin":3415,"position":0},"title":"LIFE FORCE CACTUS 15ML PHI","author":"eveapprill","date":"9 March 2025","format":false,"excerpt":"Life force cactus (Orbea variegate) Permet d'\u00e9tablir un contact avec la terre. Une \u00e9nergie nouvelle se r\u00e9pand en nous et renforce le rayonnement des forces vitales. De cette fa\u00e7on, les \u00e9nergies parasites sont repouss\u00e9es et la protection est renforc\u00e9e.","rel":"","context":"Similar post","block_context":{"text":"Similar post","link":""},"img":{"alt_text":"","src":"https:\/\/i0.wp.com\/artstella-elixirs-floraux.com\/wp-content\/uploads\/2025\/03\/wp-image370.png?resize=350%2C200&ssl=1","width":350,"height":200},"classes":[]},{"id":3352,"url":"https:\/\/artstella-elixirs-floraux.com\/en\/product\/aura-cleansing-cactus-15ml-phi\/","url_meta":{"origin":3415,"position":1},"title":"AURA CLEANSING CACTUS 15ML PHI","author":"eveapprill","date":"9 March 2025","format":false,"excerpt":"Aura cleansing cactus (Cleistocactus strausii) Sert \u00e0 la purification et la r\u00e9g\u00e9n\u00e9ration de l'aura, en particulier du corps astral. Il convient \u00e9galement aux personnes qui ont un champ d'\u00e9nergie trop perm\u00e9able et qui ont des probl\u00e8mes de d\u00e9limitation. Il aide \u00e0 lib\u00e9rer l'aura d'\u00e9nergies parasites ou d'entit\u00e9s.","rel":"","context":"Similar post","block_context":{"text":"Similar post","link":""},"img":{"alt_text":"","src":"https:\/\/i0.wp.com\/artstella-elixirs-floraux.com\/wp-content\/uploads\/2025\/03\/wp-image359.png?resize=350%2C200&ssl=1","width":350,"height":200},"classes":[]},{"id":2753,"url":"https:\/\/artstella-elixirs-floraux.com\/en\/product\/earth-terre-bush-white-light\/","url_meta":{"origin":3415,"position":2},"title":"EARTH (Terre) BUSH WHITE LIGHT","author":"eveapprill","date":"9 March 2025","format":false,"excerpt":"L\u2019\u00c9LIXIR TERRE (EARTH ESSENCE)\u00a0\u00e9t\u00e9 pr\u00e9par\u00e9 dans la grotte sacr\u00e9e du village de Patal Bhuvaneshwar au nord de l\u2019Inde. Au niveau \u00e9motionnel, il apporte la stabilit\u00e9.","rel":"","context":"Similar post","block_context":{"text":"Similar post","link":""},"img":{"alt_text":"","src":"https:\/\/i0.wp.com\/artstella-elixirs-floraux.com\/wp-content\/uploads\/2025\/03\/a4b34596-73c3-4e23-bbc2-6536f4fd1abf.jpg?resize=350%2C200&ssl=1","width":350,"height":200,"srcset":"https:\/\/i0.wp.com\/artstella-elixirs-floraux.com\/wp-content\/uploads\/2025\/03\/a4b34596-73c3-4e23-bbc2-6536f4fd1abf.jpg?resize=350%2C200&ssl=1 1x, https:\/\/i0.wp.com\/artstella-elixirs-floraux.com\/wp-content\/uploads\/2025\/03\/a4b34596-73c3-4e23-bbc2-6536f4fd1abf.jpg?resize=525%2C300&ssl=1 1.5x, https:\/\/i0.wp.com\/artstella-elixirs-floraux.com\/wp-content\/uploads\/2025\/03\/a4b34596-73c3-4e23-bbc2-6536f4fd1abf.jpg?resize=700%2C400&ssl=1 2x"},"classes":[]},{"id":3373,"url":"https:\/\/artstella-elixirs-floraux.com\/en\/product\/here-and-now-cactus-15ml-phi\/","url_meta":{"origin":3415,"position":3},"title":"HERE AND NOW CACTUS 15ML PHI","author":"eveapprill","date":"9 March 2025","format":false,"excerpt":"Here and now cactus (Hylocereus undatus) Aide \u00e0 accepter et \u00e0 aimer l'incarnation. Il facilite le contact avec la mati\u00e8re, l'amour envers la terre, la nature et notre propre corps. Il renforce \u00e9galement notre conscience des \u00e9nergies du corps.","rel":"","context":"Similar post","block_context":{"text":"Similar post","link":""},"img":{"alt_text":"","src":"https:\/\/i0.wp.com\/artstella-elixirs-floraux.com\/wp-content\/uploads\/2025\/03\/wp-image365.png?resize=350%2C200&ssl=1","width":350,"height":200},"classes":[]},{"id":3407,"url":"https:\/\/artstella-elixirs-floraux.com\/en\/product\/love-cactus-15-ml-phi\/","url_meta":{"origin":3415,"position":4},"title":"LOVE CACTUS 15 ML PHI","author":"eveapprill","date":"9 March 2025","format":false,"excerpt":"Love cactus (Seticereus icosagonus) agit au niveau du deuxi\u00e8me chakra. Nous pouvons apprendre \u00e0 mieux utiliser nos \u00e9nergies cr\u00e9atrices, \u00e0 trouver la bonne mesure pour jouer avec elles et \u00e0 conserver notre int\u00e9grit\u00e9 dans les \u00e9changes avec les autres.","rel":"","context":"Similar post","block_context":{"text":"Similar post","link":""},"img":{"alt_text":"","src":"https:\/\/i0.wp.com\/artstella-elixirs-floraux.com\/wp-content\/uploads\/2025\/03\/wp-image375.png?resize=350%2C200&ssl=1","width":350,"height":200},"classes":[]},{"id":3397,"url":"https:\/\/artstella-elixirs-floraux.com\/en\/product\/inside-outside-cactus-phi-15-ml\/","url_meta":{"origin":3415,"position":5},"title":"INSIDE OUTSIDE CACTUS PHI 15 ML","author":"eveapprill","date":"9 March 2025","format":false,"excerpt":"Inside\/outside cactus (Pilosocereus pachycladus) facilite l'\u00e9change entre \u00ab\u00a0l'int\u00e9rieur\u00a0\u00bb et \u00ab\u00a0l'ext\u00e9rieur\u00a0\u00bb au travers de la peau. Il renforce la sensation de d\u00e9limitation et nous permet de nous rendre compte plus clairement comment nous vivons ces \u00e9changes en nous-m\u00eames. Il prot\u00e8ge et r\u00e9g\u00e9n\u00e8re l'\u00e9nergie de la peau.","rel":"","context":"Similar post","block_context":{"text":"Similar post","link":""},"img":{"alt_text":"","src":"https:\/\/i0.wp.com\/artstella-elixirs-floraux.com\/wp-content\/uploads\/2025\/03\/wp-image371.png?resize=350%2C200&ssl=1","width":350,"height":200},"classes":[]}],"_links":{"self":[{"href":"https:\/\/artstella-elixirs-floraux.com\/en\/wp-json\/wp\/v2\/product\/3415","targetHints":{"allow":["GET"]}}],"collection":[{"href":"https:\/\/artstella-elixirs-floraux.com\/en\/wp-json\/wp\/v2\/product"}],"about":[{"href":"https:\/\/artstella-elixirs-floraux.com\/en\/wp-json\/wp\/v2\/types\/product"}],"version-history":[{"count":1,"href":"https:\/\/artstella-elixirs-floraux.com\/en\/wp-json\/wp\/v2\/product\/3415\/revisions"}],"predecessor-version":[{"id":10800,"href":"https:\/\/artstella-elixirs-floraux.com\/en\/wp-json\/wp\/v2\/product\/3415\/revisions\/10800"}],"wp:featuredmedia":[{"embeddable":true,"href":"https:\/\/artstella-elixirs-floraux.com\/en\/wp-json\/wp\/v2\/media\/3416"}],"wp:attachment":[{"href":"https:\/\/artstella-elixirs-floraux.com\/en\/wp-json\/wp\/v2\/media?parent=3415"}],"wp:term":[{"taxonomy":"product_brand","embeddable":true,"href":"https:\/\/artstella-elixirs-floraux.com\/en\/wp-json\/wp\/v2\/product_brand?post=3415"},{"taxonomy":"product_cat","embeddable":true,"href":"https:\/\/artstella-elixirs-floraux.com\/en\/wp-json\/wp\/v2\/product_cat?post=3415"},{"taxonomy":"product_tag","embeddable":true,"href":"https:\/\/artstella-elixirs-floraux.com\/en\/wp-json\/wp\/v2\/product_tag?post=3415"}],"curies":[{"name":"wp","href":"https:\/\/api.w.org\/{rel}","templated":true}]}}