{"id":3429,"date":"2025-03-09T13:11:21","date_gmt":"2025-03-09T13:11:21","guid":{"rendered":"https:\/\/artstella-elixirs-floraux.com\/product\/clavaire-cendree-phi-15-ml\/"},"modified":"2025-04-23T13:11:14","modified_gmt":"2025-04-23T13:11:14","slug":"clavaire-cendree-phi-15-ml","status":"publish","type":"product","link":"https:\/\/artstella-elixirs-floraux.com\/en\/product\/clavaire-cendree-phi-15-ml\/","title":{"rendered":"CLAVAIRE CENDREE PHI 15 ML"},"content":{"rendered":"","protected":false},"excerpt":{"rendered":"<p><span style=\"color: #008000\"><strong><em>Clavaire cendr\u00e9e (Clavulina cinerea) (Graue Koralle)<\/em><\/strong><\/span><\/p>\n<p>L&rsquo;\u00e9lixir poss\u00e8de une action fortement stimulante au plan mental. Il stimule \u00e9nerg\u00e9tiquement les processus du syst\u00e8me nerveux, ainsi que ceux de la perception et de la pens\u00e9e. Intellect et intuition sont harmonis\u00e9s.<\/p>","protected":false},"featured_media":3430,"template":"","meta":[],"product_brand":[],"product_cat":[93],"product_tag":[],"class_list":{"0":"post-3429","1":"product","2":"type-product","3":"status-publish","4":"has-post-thumbnail","6":"product_cat-les-elixirs-de-champignons","8":"first","9":"instock","10":"taxable","11":"shipping-taxable","12":"purchasable","13":"product-type-variable"},"etheme_brands":{"errors":{"invalid_taxonomy":["Invalid taxonomy."]},"error_data":[]},"jetpack_sharing_enabled":true,"jetpack-related-posts":[{"id":5148,"url":"https:\/\/artstella-elixirs-floraux.com\/en\/product\/chiron-phi-15-ml\/","url_meta":{"origin":3429,"position":0},"title":"CHIRON PHI 15 ML","author":"eveapprill","date":"9 March 2025","format":false,"excerpt":"Stimule les forces d'autogu\u00e9rison","rel":"","context":"Similar post","block_context":{"text":"Similar post","link":""},"img":{"alt_text":"","src":"","width":0,"height":0},"classes":[]},{"id":5478,"url":"https:\/\/artstella-elixirs-floraux.com\/en\/product\/rainbow-arc-en-ciel-30ml-bloesem\/","url_meta":{"origin":3429,"position":1},"title":"RAINBOW Arc en Ciel Bloesem Remedies","author":"eveapprill","date":"9 March 2025","format":false,"excerpt":"Rainbow - Arc en Ciel 30 ml Bloesem Remedies (Bourrache, Impatience, Monnaie du Pape, Coquelicot, Lamier rouge) \u00a0\u201cUn pont entre le ciel et la terre\u201d, cette combinaison d\u2019\u00e9lixirs\u00a0 favorise le d\u00e9veloppement personnel et stimule la cr\u00e9ativit\u00e9.\u00a0 Pour commencer \u00e0 neuf et laisser l\u2019ancien de c\u00f4t\u00e9.","rel":"","context":"Similar post","block_context":{"text":"Similar post","link":""},"img":{"alt_text":"","src":"","width":0,"height":0},"classes":[]},{"id":6066,"url":"https:\/\/artstella-elixirs-floraux.com\/en\/product\/elixir-ocean-n19-phi-15ml\/","url_meta":{"origin":3429,"position":2},"title":"ELIXIR OCEAN N\u00b019 PHI 15ML","author":"eveapprill","date":"9 March 2025","format":false,"excerpt":"L\u2019\u00e9lixir stimule \u00e9nerg\u00e9tiquement le m\u00e9tabolisme et les processus internes. Sur le plan \u00e9motionnel, l\u2019\u00e9lixir apporte une lib\u00e9ration int\u00e9rieure, il aide \u00e0 l\u00e2cher consciemment l\u2019ancien et des \u00e9motions de fa\u00e7on \u00e0 laisser la place \u00e0 de nouvelles id\u00e9es et suggestions.","rel":"","context":"Similar post","block_context":{"text":"Similar post","link":""},"img":{"alt_text":"","src":"https:\/\/i0.wp.com\/artstella-elixirs-floraux.com\/wp-content\/uploads\/2025\/03\/wp-image2057.png?resize=350%2C200&ssl=1","width":350,"height":200},"classes":[]},{"id":6361,"url":"https:\/\/artstella-elixirs-floraux.com\/en\/product\/spray-ocean-par-phi-50ml\/","url_meta":{"origin":3429,"position":3},"title":"Spray \u00ab\u00a0Oc\u00e9an\u00a0\u00bb par PHI 50ml","author":"eveapprill","date":"9 March 2025","format":false,"excerpt":"Spray 50ml R\u00e9g\u00e9n\u00e9ration issue des profondeurs de la mer. Pour le rafra\u00eechissement \u00e9nerg\u00e9tique, a un effet stimulant et r\u00e9g\u00e9n\u00e9rant. Activation de notre information originelle non falsifi\u00e9e.","rel":"","context":"Similar post","block_context":{"text":"Similar post","link":""},"img":{"alt_text":"","src":"https:\/\/i0.wp.com\/artstella-elixirs-floraux.com\/wp-content\/uploads\/2025\/03\/c4cb72a0-ce36-4bf3-9605-497fa4e82129.jpg?resize=350%2C200&ssl=1","width":350,"height":200,"srcset":"https:\/\/i0.wp.com\/artstella-elixirs-floraux.com\/wp-content\/uploads\/2025\/03\/c4cb72a0-ce36-4bf3-9605-497fa4e82129.jpg?resize=350%2C200&ssl=1 1x, https:\/\/i0.wp.com\/artstella-elixirs-floraux.com\/wp-content\/uploads\/2025\/03\/c4cb72a0-ce36-4bf3-9605-497fa4e82129.jpg?resize=525%2C300&ssl=1 1.5x, https:\/\/i0.wp.com\/artstella-elixirs-floraux.com\/wp-content\/uploads\/2025\/03\/c4cb72a0-ce36-4bf3-9605-497fa4e82129.jpg?resize=700%2C400&ssl=1 2x"},"classes":[]},{"id":2938,"url":"https:\/\/artstella-elixirs-floraux.com\/en\/product\/hematite-15-ml-phi\/","url_meta":{"origin":3429,"position":4},"title":"HEMATITE 15 ML PHI","author":"eveapprill","date":"9 March 2025","format":false,"excerpt":"H\u00e9matite (H\u00e4matit) Stimule notre \u00eatre par un bon enracinement. Il renforce la confiance en soi et am\u00e9liore la facult\u00e9 de penser.","rel":"","context":"Similar post","block_context":{"text":"Similar post","link":""},"img":{"alt_text":"","src":"https:\/\/i0.wp.com\/artstella-elixirs-floraux.com\/wp-content\/uploads\/2025\/03\/wp-image299.png?resize=350%2C200&ssl=1","width":350,"height":200},"classes":[]},{"id":2953,"url":"https:\/\/artstella-elixirs-floraux.com\/en\/product\/rubis-15-ml-phi\/","url_meta":{"origin":3429,"position":5},"title":"RUBIS 15 ML PHI","author":"eveapprill","date":"9 March 2025","format":false,"excerpt":"Rubis (Rubin) Stimule et stabilise les chakras de base et du c\u0153ur. Fortifie le chakra du c\u0153ur.","rel":"","context":"Similar post","block_context":{"text":"Similar post","link":""},"img":{"alt_text":"","src":"https:\/\/i0.wp.com\/artstella-elixirs-floraux.com\/wp-content\/uploads\/2025\/03\/wp-image304.png?resize=350%2C200&ssl=1","width":350,"height":200},"classes":[]}],"_links":{"self":[{"href":"https:\/\/artstella-elixirs-floraux.com\/en\/wp-json\/wp\/v2\/product\/3429","targetHints":{"allow":["GET"]}}],"collection":[{"href":"https:\/\/artstella-elixirs-floraux.com\/en\/wp-json\/wp\/v2\/product"}],"about":[{"href":"https:\/\/artstella-elixirs-floraux.com\/en\/wp-json\/wp\/v2\/types\/product"}],"version-history":[{"count":0,"href":"https:\/\/artstella-elixirs-floraux.com\/en\/wp-json\/wp\/v2\/product\/3429\/revisions"}],"wp:featuredmedia":[{"embeddable":true,"href":"https:\/\/artstella-elixirs-floraux.com\/en\/wp-json\/wp\/v2\/media\/3430"}],"wp:attachment":[{"href":"https:\/\/artstella-elixirs-floraux.com\/en\/wp-json\/wp\/v2\/media?parent=3429"}],"wp:term":[{"taxonomy":"product_brand","embeddable":true,"href":"https:\/\/artstella-elixirs-floraux.com\/en\/wp-json\/wp\/v2\/product_brand?post=3429"},{"taxonomy":"product_cat","embeddable":true,"href":"https:\/\/artstella-elixirs-floraux.com\/en\/wp-json\/wp\/v2\/product_cat?post=3429"},{"taxonomy":"product_tag","embeddable":true,"href":"https:\/\/artstella-elixirs-floraux.com\/en\/wp-json\/wp\/v2\/product_tag?post=3429"}],"curies":[{"name":"wp","href":"https:\/\/api.w.org\/{rel}","templated":true}]}}