{"id":3435,"date":"2025-03-09T13:11:25","date_gmt":"2025-03-09T13:11:25","guid":{"rendered":"https:\/\/artstella-elixirs-floraux.com\/product\/masse-dhercule-15-ml-phi\/"},"modified":"2025-04-23T13:09:52","modified_gmt":"2025-04-23T13:09:52","slug":"masse-dhercule-15-ml-phi","status":"publish","type":"product","link":"https:\/\/artstella-elixirs-floraux.com\/en\/product\/masse-dhercule-15-ml-phi\/","title":{"rendered":"MASSE D&rsquo;HERCULE 15 ML PHI"},"content":{"rendered":"","protected":false},"excerpt":{"rendered":"<p><span style=\"color: #008000;\"><strong><em>Masse d\u2019Hercule (Clavariadelphus pistillaris) (Herkuleskeule)<\/em><\/strong><\/span><\/p>\n<p>L&rsquo;\u00e9lixir nous relie directement \u00e0 notre moi sup\u00e9rieur (\u00e0 partir du 8\u00e8me chakra). Par ce contact, nous pouvons reconna\u00eetre clairement ce qui est juste et important pour nous en ce moment et pouvons donc mieux orienter notre \u00e9nergie.<\/p>","protected":false},"featured_media":3436,"template":"","meta":[],"product_brand":[],"product_cat":[93],"product_tag":[],"class_list":{"0":"post-3435","1":"product","2":"type-product","3":"status-publish","4":"has-post-thumbnail","6":"product_cat-les-elixirs-de-champignons","8":"first","9":"instock","10":"taxable","11":"shipping-taxable","12":"purchasable","13":"product-type-variable"},"etheme_brands":{"errors":{"invalid_taxonomy":["Invalid taxonomy."]},"error_data":[]},"jetpack_sharing_enabled":true,"jetpack-related-posts":[{"id":3910,"url":"https:\/\/artstella-elixirs-floraux.com\/en\/product\/salamandre-a-e-15-ml-phi\/","url_meta":{"origin":3435,"position":0},"title":"SALAMANDRE A.E 15 ML PHI","author":"eveapprill","date":"9 March 2025","format":false,"excerpt":"Salamandre (Salamandra maculosa) Feuersalamander nous ram\u00e8ne en douceur vers notre pass\u00e9 et nous aide \u00e0 retrouver des \u00e9v\u00e9nements anciens que nous pouvons int\u00e9grer.","rel":"","context":"Similar post","block_context":{"text":"Similar post","link":""},"img":{"alt_text":"","src":"","width":0,"height":0},"classes":[]},{"id":5518,"url":"https:\/\/artstella-elixirs-floraux.com\/en\/product\/orque\/","url_meta":{"origin":3435,"position":1},"title":"ORQUE","author":"eveapprill","date":"9 March 2025","format":false,"excerpt":"ORQUE - Orca (Orcinus Orca) Cet \u00e9lixir a une forte action au niveau du chakra du c\u0153ur et nous relie \u00e0 la cinqui\u00e8me dimension. Il nous relie \u00e0 notre force int\u00e9rieure et nous permet de puiser dans notre potentiel de cr\u00e9ation, pour nous relier \u00e0 la lumi\u00e8re. Dans cette dimension,\u2026","rel":"","context":"Similar post","block_context":{"text":"Similar post","link":""},"img":{"alt_text":"","src":"https:\/\/i0.wp.com\/artstella-elixirs-floraux.com\/wp-content\/uploads\/2025\/03\/wp-image1754.png?resize=350%2C200&ssl=1","width":350,"height":200},"classes":[]},{"id":3336,"url":"https:\/\/artstella-elixirs-floraux.com\/en\/product\/shadow-cactus-15ml-phi\/","url_meta":{"origin":3435,"position":2},"title":"SHADOW CACTUS 15ML PHI","author":"eveapprill","date":"9 March 2025","format":false,"excerpt":"Shadow cactus (Caalluma russelliana) Lib\u00e8re les tensions du plexus solaire. Nous prenons conscience des processus int\u00e9rieurs et pouvons ainsi nous en lib\u00e9rer. Nous pouvons nous s\u00e9parer de nos \u00ab\u00a0ombres\u00a0\u00bb et apprendre \u00e0 accepter la \u00ab\u00a0mort\u00a0\u00bb pour vivre une vie plus consciente.","rel":"","context":"Similar post","block_context":{"text":"Similar post","link":""},"img":{"alt_text":"","src":"https:\/\/i0.wp.com\/artstella-elixirs-floraux.com\/wp-content\/uploads\/2025\/03\/wp-image355.png?resize=350%2C200&ssl=1","width":350,"height":200},"classes":[]},{"id":6169,"url":"https:\/\/artstella-elixirs-floraux.com\/en\/product\/artichaut-sylfos-15ml\/","url_meta":{"origin":3435,"position":3},"title":"Artichaut Sylfos 15ml","author":"eveapprill","date":"9 March 2025","format":false,"excerpt":"ARTICHAUT Cynarascolynus\u00a0 Confiance Nous accompagne pour faire face aux peurs qui apparaissent quand nous sommes seuls avec nous-m\u00eames et\u00a0 dans l\u2019ins\u00e9curit\u00e9.","rel":"","context":"Similar post","block_context":{"text":"Similar post","link":""},"img":{"alt_text":"","src":"https:\/\/i0.wp.com\/artstella-elixirs-floraux.com\/wp-content\/uploads\/2025\/03\/wp-image2174.png?resize=350%2C200&ssl=1","width":350,"height":200,"srcset":"https:\/\/i0.wp.com\/artstella-elixirs-floraux.com\/wp-content\/uploads\/2025\/03\/wp-image2174.png?resize=350%2C200&ssl=1 1x, https:\/\/i0.wp.com\/artstella-elixirs-floraux.com\/wp-content\/uploads\/2025\/03\/wp-image2174.png?resize=525%2C300&ssl=1 1.5x, https:\/\/i0.wp.com\/artstella-elixirs-floraux.com\/wp-content\/uploads\/2025\/03\/wp-image2174.png?resize=700%2C400&ssl=1 2x"},"classes":[]},{"id":5406,"url":"https:\/\/artstella-elixirs-floraux.com\/en\/product\/mazarina-azul-sylfos\/","url_meta":{"origin":3435,"position":4},"title":"MAZARINA AZUL SYLFOS","author":"eveapprill","date":"9 March 2025","format":false,"excerpt":"40 \u2013 MAZARINA AZUL\/ MAZARINE BLEUE \u00a0\u00a0Cyaniris semiargus Conscience \u2013 Cause et Effet Cet \u00e9lixir nous aide \u00e0 \u00eatre plus conscients, non seulement de ce \u00e0 quoi nous pensons, mais aussi avec qui nous sommes en connexion pour la cause de ce dont nous pensons.","rel":"","context":"Similar post","block_context":{"text":"Similar post","link":""},"img":{"alt_text":"","src":"","width":0,"height":0},"classes":[]},{"id":5992,"url":"https:\/\/artstella-elixirs-floraux.com\/en\/product\/cobre-violeta-sylfos-pap-15-ml\/","url_meta":{"origin":3435,"position":5},"title":"COBRE VIOLETA SYLFOS PAP 15 ml","author":"eveapprill","date":"9 March 2025","format":false,"excerpt":"COBRE VIOLETA \/ CUIVRE VIOLET Lycaena helle Prosp\u00e9rit\u00e9 - Responsabilit\u00e9 Permet de comprendre que prosp\u00e9rit\u00e9 et abondance dont nous pouvons disposer d\u00e9pend uniquement de nous. Nous ne pouvons compter sur personne en dehors de nous; il faut chercher \u00e0 l\u2019int\u00e9rieur et nous connecter avec notre propre prosp\u00e9rit\u00e9.","rel":"","context":"Similar post","block_context":{"text":"Similar post","link":""},"img":{"alt_text":"","src":"","width":0,"height":0},"classes":[]}],"_links":{"self":[{"href":"https:\/\/artstella-elixirs-floraux.com\/en\/wp-json\/wp\/v2\/product\/3435","targetHints":{"allow":["GET"]}}],"collection":[{"href":"https:\/\/artstella-elixirs-floraux.com\/en\/wp-json\/wp\/v2\/product"}],"about":[{"href":"https:\/\/artstella-elixirs-floraux.com\/en\/wp-json\/wp\/v2\/types\/product"}],"version-history":[{"count":0,"href":"https:\/\/artstella-elixirs-floraux.com\/en\/wp-json\/wp\/v2\/product\/3435\/revisions"}],"wp:featuredmedia":[{"embeddable":true,"href":"https:\/\/artstella-elixirs-floraux.com\/en\/wp-json\/wp\/v2\/media\/3436"}],"wp:attachment":[{"href":"https:\/\/artstella-elixirs-floraux.com\/en\/wp-json\/wp\/v2\/media?parent=3435"}],"wp:term":[{"taxonomy":"product_brand","embeddable":true,"href":"https:\/\/artstella-elixirs-floraux.com\/en\/wp-json\/wp\/v2\/product_brand?post=3435"},{"taxonomy":"product_cat","embeddable":true,"href":"https:\/\/artstella-elixirs-floraux.com\/en\/wp-json\/wp\/v2\/product_cat?post=3435"},{"taxonomy":"product_tag","embeddable":true,"href":"https:\/\/artstella-elixirs-floraux.com\/en\/wp-json\/wp\/v2\/product_tag?post=3435"}],"curies":[{"name":"wp","href":"https:\/\/api.w.org\/{rel}","templated":true}]}}