{"id":3438,"date":"2025-03-09T13:11:27","date_gmt":"2025-03-09T13:11:27","guid":{"rendered":"https:\/\/artstella-elixirs-floraux.com\/product\/collybie-confluente-phi-15-ml\/"},"modified":"2025-04-23T13:08:20","modified_gmt":"2025-04-23T13:08:20","slug":"collybie-confluente-phi-15-ml","status":"publish","type":"product","link":"https:\/\/artstella-elixirs-floraux.com\/en\/product\/collybie-confluente-phi-15-ml\/","title":{"rendered":"COLLYBIE CONFLUENTE PHI 15 ML"},"content":{"rendered":"","protected":false},"excerpt":{"rendered":"<p><strong><em>Collybie confluente (Collybia confluens) (Knopfstieliger R\u00fcbling) <\/em><\/strong><\/p>\n<p>L&rsquo;\u00e9lixir agit sur nos \u00ab\u00a0antennes de l&rsquo;esprit\u00a0\u00bb, et \u00e9largit le rayon de nos perceptions. Nous devenons plus sensibles aux plans \u00e9nerg\u00e9tiques. Action sur les cheveux au niveau de l&rsquo;information en tant qu&rsquo;\u00a0\u00ab\u00a0antennes physiques\u00a0\u00bb.<\/p>","protected":false},"featured_media":3439,"template":"","meta":[],"product_brand":[],"product_cat":[93],"product_tag":[],"class_list":{"0":"post-3438","1":"product","2":"type-product","3":"status-publish","4":"has-post-thumbnail","6":"product_cat-les-elixirs-de-champignons","8":"first","9":"instock","10":"taxable","11":"shipping-taxable","12":"purchasable","13":"product-type-variable"},"etheme_brands":{"errors":{"invalid_taxonomy":["Invalid taxonomy."]},"error_data":[]},"jetpack_sharing_enabled":true,"jetpack-related-posts":[{"id":3448,"url":"https:\/\/artstella-elixirs-floraux.com\/en\/product\/collybie-a-pied-vel-phi-15-ml\/","url_meta":{"origin":3438,"position":0},"title":"COLLYBIE A PIED VEL PHI 15 ML","author":"eveapprill","date":"9 March 2025","format":false,"excerpt":"Collybie \u00e0 pied velout\u00e9 (Flammulina velutipes) (Samtfusstr\u00fcbling) L'\u00e9lixir procure la l\u00e9g\u00e8ret\u00e9 et fra\u00eecheur pour de nouveaux sch\u00e9mas de pens\u00e9e. Il aide \u00e0 l\u00e2cher des sch\u00e9mas anciens en amenant un vent nouveau, vivifiant, p\u00e9tillant.","rel":"","context":"Similar post","block_context":{"text":"Similar post","link":""},"img":{"alt_text":"","src":"https:\/\/i0.wp.com\/artstella-elixirs-floraux.com\/wp-content\/uploads\/2025\/03\/wp-image324.png?resize=350%2C200&ssl=1","width":350,"height":200},"classes":[]},{"id":5172,"url":"https:\/\/artstella-elixirs-floraux.com\/en\/product\/rascasse-volante-15-ml-phi\/","url_meta":{"origin":3438,"position":1},"title":"RASCASSE VOLANTE 15 ML PHI","author":"eveapprill","date":"9 March 2025","format":false,"excerpt":"Rascasse volante\u00a0\u00a0 (Pterois miles) Rotfeuerfisch\u00a0\u00a0 Ce poisson venimeux peut parfois s\u2019av\u00e9rer mortel pour les humains. L\u2019\u00e9lixir soutient \u00e9nerg\u00e9tiquement la d\u00e9toxification de tout l\u2019organisme, en soutenant notamment les reins et le foie.","rel":"","context":"Similar post","block_context":{"text":"Similar post","link":""},"img":{"alt_text":"","src":"","width":0,"height":0},"classes":[]}],"_links":{"self":[{"href":"https:\/\/artstella-elixirs-floraux.com\/en\/wp-json\/wp\/v2\/product\/3438","targetHints":{"allow":["GET"]}}],"collection":[{"href":"https:\/\/artstella-elixirs-floraux.com\/en\/wp-json\/wp\/v2\/product"}],"about":[{"href":"https:\/\/artstella-elixirs-floraux.com\/en\/wp-json\/wp\/v2\/types\/product"}],"version-history":[{"count":0,"href":"https:\/\/artstella-elixirs-floraux.com\/en\/wp-json\/wp\/v2\/product\/3438\/revisions"}],"wp:featuredmedia":[{"embeddable":true,"href":"https:\/\/artstella-elixirs-floraux.com\/en\/wp-json\/wp\/v2\/media\/3439"}],"wp:attachment":[{"href":"https:\/\/artstella-elixirs-floraux.com\/en\/wp-json\/wp\/v2\/media?parent=3438"}],"wp:term":[{"taxonomy":"product_brand","embeddable":true,"href":"https:\/\/artstella-elixirs-floraux.com\/en\/wp-json\/wp\/v2\/product_brand?post=3438"},{"taxonomy":"product_cat","embeddable":true,"href":"https:\/\/artstella-elixirs-floraux.com\/en\/wp-json\/wp\/v2\/product_cat?post=3438"},{"taxonomy":"product_tag","embeddable":true,"href":"https:\/\/artstella-elixirs-floraux.com\/en\/wp-json\/wp\/v2\/product_tag?post=3438"}],"curies":[{"name":"wp","href":"https:\/\/api.w.org\/{rel}","templated":true}]}}