{"id":3441,"date":"2025-03-09T13:11:30","date_gmt":"2025-03-09T13:11:30","guid":{"rendered":"https:\/\/artstella-elixirs-floraux.com\/product\/tete-de-moine-15ml-phi\/"},"modified":"2025-04-23T13:06:43","modified_gmt":"2025-04-23T13:06:43","slug":"tete-de-moine-15ml-phi","status":"publish","type":"product","link":"https:\/\/artstella-elixirs-floraux.com\/en\/product\/tete-de-moine-15ml-phi\/","title":{"rendered":"TETE DE MOINE 15ML PHI"},"content":{"rendered":"","protected":false},"excerpt":{"rendered":"<p><span style=\"color: #008000;\"><strong><em>T\u00eate de moine (Clitocybe geotropa) (M\u00f6nschskopf )<\/em><\/strong><\/span><\/p>\n<p>Lib\u00e8re les blocages et d\u00e9sordres du 1er et 2\u00e8me chakras. Il renforce la vitalit\u00e9 et nettoie \u00e9nerg\u00e9tiquement l&rsquo;information de poison des champignons parasites. Son action nettoie et d\u00e9sintoxique \u00e9nerg\u00e9tiquement.<\/p>","protected":false},"featured_media":3442,"template":"","meta":[],"product_brand":[],"product_cat":[93],"product_tag":[],"class_list":{"0":"post-3441","1":"product","2":"type-product","3":"status-publish","4":"has-post-thumbnail","6":"product_cat-les-elixirs-de-champignons","8":"first","9":"instock","10":"taxable","11":"shipping-taxable","12":"purchasable","13":"product-type-variable"},"etheme_brands":{"errors":{"invalid_taxonomy":["Invalid taxonomy."]},"error_data":[]},"jetpack_sharing_enabled":true,"jetpack-related-posts":[{"id":6064,"url":"https:\/\/artstella-elixirs-floraux.com\/en\/product\/elixir-ocean-n18-phi-15ml\/","url_meta":{"origin":3441,"position":0},"title":"ELIXIR OCEAN N\u00b018 PHI 15ML","author":"eveapprill","date":"9 March 2025","format":false,"excerpt":"L\u2019\u00e9lixir aide \u00e0 nettoyer le corps mental. Son action commence dans la zone de la t\u00eate, les pens\u00e9es peuvent s\u2019\u00e9claircir et \u00eatre trait\u00e9es avec plus de facilit\u00e9. La t\u00eate est libre, les pens\u00e9es claires et conscientes. Ensuite, cette lumi\u00e8re coule dans le corps.","rel":"","context":"Similar post","block_context":{"text":"Similar post","link":""},"img":{"alt_text":"","src":"","width":0,"height":0},"classes":[]},{"id":4574,"url":"https:\/\/artstella-elixirs-floraux.com\/en\/product\/purification-alaska\/","url_meta":{"origin":3441,"position":1},"title":"PURIFICATION SPRAY ALASKA","author":"eveapprill","date":"9 March 2025","format":false,"excerpt":"Purification Existe en gouttes et en spray. Contient : Black Tourmaline Firerweed . Portage Glacier.\u00a0 Sweetgrass .Permet de nettoyer et purifier votre maison, l\u2019environnement de votre travail, ou votre champ \u00e9nerg\u00e9tique.","rel":"","context":"Similar post","block_context":{"text":"Similar post","link":""},"img":{"alt_text":"","src":"https:\/\/i0.wp.com\/artstella-elixirs-floraux.com\/wp-content\/uploads\/2025\/03\/purification-pt-1.jpg?resize=350%2C200&ssl=1","width":350,"height":200},"classes":[]},{"id":2704,"url":"https:\/\/artstella-elixirs-floraux.com\/en\/product\/purification-gouttes-alaska\/","url_meta":{"origin":3441,"position":2},"title":"PURIFICATION \u00ab\u00a0gouttes\u00a0\u00bb ALASKA","author":"eveapprill","date":"9 March 2025","format":false,"excerpt":"Purification Existe en gouttes et en spray. Contient : Black Tourmaline Firerweed . Portage Glacier.\u00a0 Sweetgrass .Permet de nettoyer et purifier votre maison, l\u2019environnement de votre travail, ou votre champ \u00e9nerg\u00e9tique.","rel":"","context":"Similar post","block_context":{"text":"Similar post","link":""},"img":{"alt_text":"","src":"https:\/\/i0.wp.com\/artstella-elixirs-floraux.com\/wp-content\/uploads\/2025\/03\/fe2d0dd4-a7e2-464c-a38d-e2ff91c0394a.jpg?resize=350%2C200&ssl=1","width":350,"height":200,"srcset":"https:\/\/i0.wp.com\/artstella-elixirs-floraux.com\/wp-content\/uploads\/2025\/03\/fe2d0dd4-a7e2-464c-a38d-e2ff91c0394a.jpg?resize=350%2C200&ssl=1 1x, https:\/\/i0.wp.com\/artstella-elixirs-floraux.com\/wp-content\/uploads\/2025\/03\/fe2d0dd4-a7e2-464c-a38d-e2ff91c0394a.jpg?resize=525%2C300&ssl=1 1.5x, https:\/\/i0.wp.com\/artstella-elixirs-floraux.com\/wp-content\/uploads\/2025\/03\/fe2d0dd4-a7e2-464c-a38d-e2ff91c0394a.jpg?resize=700%2C400&ssl=1 2x"},"classes":[]},{"id":5560,"url":"https:\/\/artstella-elixirs-floraux.com\/en\/product\/petite-oseille-sylfos-15-ml\/","url_meta":{"origin":3441,"position":3},"title":"PETITE OSEILLE SYLFOS 15 ML","author":"eveapprill","date":"9 March 2025","format":false,"excerpt":"PETITE OSEILLE\u00a0Rumex acetosella Pardon, Compassion, nettoyant du karma \u00a0 \u00a0 Permet d\u2019affronter les situations \u00e9motionnelles \u00e9prouvantes en gardant la t\u00eate froide.","rel":"","context":"Similar post","block_context":{"text":"Similar post","link":""},"img":{"alt_text":"","src":"","width":0,"height":0},"classes":[]},{"id":3938,"url":"https:\/\/artstella-elixirs-floraux.com\/en\/product\/fourmi-phi-15-ml\/","url_meta":{"origin":3441,"position":4},"title":"FOURMI PHI 15 ML","author":"eveapprill","date":"27 May 2025","format":false,"excerpt":"Fourmi (Formicoidea) Ameise\u00a0 Il aide \u00e0 r\u00e9guler \u00e9nerg\u00e9tiquement l'acidit\u00e9 dans le corps,","rel":"","context":"Similar post","block_context":{"text":"Similar post","link":""},"img":{"alt_text":"","src":"","width":0,"height":0},"classes":[]},{"id":6209,"url":"https:\/\/artstella-elixirs-floraux.com\/en\/product\/elixir-ocean-n25-phi-15-ml\/","url_meta":{"origin":3441,"position":5},"title":"ELIXIR OCEAN N\u00b025 PHI 15 ML","author":"eveapprill","date":"9 March 2025","format":false,"excerpt":"ELIXIR OCEAN N\u00b025 agit \u00e9nerg\u00e9tiquement sur la peau. Nous prenons conscience de son r\u00f4le d\u2019enveloppe protectrice ce qui en favorise une stimulation \u00e9nerg\u00e9tique. (Les processus de r\u00e9g\u00e9n\u00e9ration sont soutenus \u00e9nerg\u00e9tiquement). Il a un effet nettoyant \u00e9nerg\u00e9tique sur l\u2019organisme \u2013 d\u00e9toxification par l\u2019excr\u00e9tion de l\u2019eau. La lymphe et la miction sont\u2026","rel":"","context":"Similar post","block_context":{"text":"Similar post","link":""},"img":{"alt_text":"","src":"","width":0,"height":0},"classes":[]}],"_links":{"self":[{"href":"https:\/\/artstella-elixirs-floraux.com\/en\/wp-json\/wp\/v2\/product\/3441","targetHints":{"allow":["GET"]}}],"collection":[{"href":"https:\/\/artstella-elixirs-floraux.com\/en\/wp-json\/wp\/v2\/product"}],"about":[{"href":"https:\/\/artstella-elixirs-floraux.com\/en\/wp-json\/wp\/v2\/types\/product"}],"version-history":[{"count":0,"href":"https:\/\/artstella-elixirs-floraux.com\/en\/wp-json\/wp\/v2\/product\/3441\/revisions"}],"wp:featuredmedia":[{"embeddable":true,"href":"https:\/\/artstella-elixirs-floraux.com\/en\/wp-json\/wp\/v2\/media\/3442"}],"wp:attachment":[{"href":"https:\/\/artstella-elixirs-floraux.com\/en\/wp-json\/wp\/v2\/media?parent=3441"}],"wp:term":[{"taxonomy":"product_brand","embeddable":true,"href":"https:\/\/artstella-elixirs-floraux.com\/en\/wp-json\/wp\/v2\/product_brand?post=3441"},{"taxonomy":"product_cat","embeddable":true,"href":"https:\/\/artstella-elixirs-floraux.com\/en\/wp-json\/wp\/v2\/product_cat?post=3441"},{"taxonomy":"product_tag","embeddable":true,"href":"https:\/\/artstella-elixirs-floraux.com\/en\/wp-json\/wp\/v2\/product_tag?post=3441"}],"curies":[{"name":"wp","href":"https:\/\/api.w.org\/{rel}","templated":true}]}}