{"id":3444,"date":"2025-03-09T13:11:32","date_gmt":"2025-03-09T13:11:32","guid":{"rendered":"https:\/\/artstella-elixirs-floraux.com\/product\/pezize-orangee-15-ml-phi\/"},"modified":"2025-04-23T12:46:10","modified_gmt":"2025-04-23T12:46:10","slug":"pezize-orangee-15-ml-phi","status":"publish","type":"product","link":"https:\/\/artstella-elixirs-floraux.com\/en\/product\/pezize-orangee-15-ml-phi\/","title":{"rendered":"PEZIZE ORANGEE 15 ML PHI"},"content":{"rendered":"","protected":false},"excerpt":{"rendered":"<p><strong><em><span style=\"color: #008000\">\u00a0Pezize orang\u00e9e (Aleuria aurantia) (Orangebecherling)<\/span> <br \/><\/em><\/strong><\/p>\n<p>L&rsquo;\u00e9lixir am\u00e9liore l&rsquo;\u00e9quilibre entre la mati\u00e8re et l&rsquo;esprit, autant pour ceux qui sont trop accroch\u00e9s \u00e0 la mati\u00e8re que pour ceux qui sont uniquement tourn\u00e9s vers l&rsquo;esprit et n\u00e9gligent les besoins du corps.<\/p>","protected":false},"featured_media":3445,"template":"","meta":[],"product_brand":[],"product_cat":[93],"product_tag":[],"class_list":{"0":"post-3444","1":"product","2":"type-product","3":"status-publish","4":"has-post-thumbnail","6":"product_cat-les-elixirs-de-champignons","8":"first","9":"instock","10":"taxable","11":"shipping-taxable","12":"purchasable","13":"product-type-simple"},"etheme_brands":{"errors":{"invalid_taxonomy":["Invalid taxonomy."]},"error_data":[]},"jetpack_sharing_enabled":true,"jetpack-related-posts":[{"id":5970,"url":"https:\/\/artstella-elixirs-floraux.com\/en\/product\/strophaire-orangee-bloesem-10-ml\/","url_meta":{"origin":3444,"position":0},"title":"STROPHAIRE ORANG\u00c9E BLOESEM 10 ML","author":"eveapprill","date":"9 March 2025","format":false,"excerpt":"STROPHAIRE ORANG\u00c9E - ORANJERODE STROPHARIA \u2013Stropharia aurantiaca C\u2019est un champignon tr\u00e8s rare qui est originaire de l\u2019Australie et dont les spores ont \u00e9t\u00e9 apport\u00e9es par les vents jusqu\u2019aux Pays-Bas. Son action a trait \u00e0 la tristesse li\u00e9e au sentiment de ne pas appartenir \u00e0 la Terre, avec pour r\u00e9sultat d\u2019\u00eatre\u2026","rel":"","context":"Similar post","block_context":{"text":"Similar post","link":""},"img":{"alt_text":"","src":"","width":0,"height":0},"classes":[]},{"id":6276,"url":"https:\/\/artstella-elixirs-floraux.com\/en\/product\/flor-de-lis-sylfos-15ml\/","url_meta":{"origin":3444,"position":1},"title":"FLOR de LIS SYLFOS 15ML","author":"eveapprill","date":"9 March 2025","format":false,"excerpt":"FLOR de LIS \/ LYS des AZTEQUES (Spekeliaformosissima) V\u00e9rit\u00e9 et Concentration. Protection psychique Convient \u00e0 ceux qui se trompent sur eux-m\u00eames ; \u00e0 ceux qui sont incapables de concentrer leur attention, de sorte qu'ils interrompent ce qu'ils font ou se perdent dans des pr\u00e9occupations sans rapport avec l'activit\u00e9 en cours,\u2026","rel":"","context":"Similar post","block_context":{"text":"Similar post","link":""},"img":{"alt_text":"","src":"https:\/\/i0.wp.com\/artstella-elixirs-floraux.com\/wp-content\/uploads\/2025\/03\/wp-image2227.png?resize=350%2C200&ssl=1","width":350,"height":200},"classes":[]},{"id":3619,"url":"https:\/\/artstella-elixirs-floraux.com\/en\/product\/35-mercutio-ltoe-15-ml\/","url_meta":{"origin":3444,"position":2},"title":"Mercutio LTOE 15 ML","author":"eveapprill","date":"9 March 2025","format":false,"excerpt":"Mercutio \/ Mercutio : prend son nom du merveilleux personnage de la pi\u00e8ce Shakespearienne Rom\u00e9o et Juliette, un personnage qui a de l\u2019assurance, de l\u2019esprit et la r\u00e9plique facile. Indiqu\u00e9 \u00e0 ceux qui se prennent trop au s\u00e9rieux et pour les \u00e9tudiants qui se laissent intimider.","rel":"","context":"Similar post","block_context":{"text":"Similar post","link":""},"img":{"alt_text":"Mercutio LTOE 15 ML","src":"https:\/\/i0.wp.com\/artstella-elixirs-floraux.com\/wp-content\/uploads\/2025\/03\/76ec69a4-ab5b-4b83-af4d-22b1ec5f7da0.jpg?resize=350%2C200&ssl=1","width":350,"height":200,"srcset":"https:\/\/i0.wp.com\/artstella-elixirs-floraux.com\/wp-content\/uploads\/2025\/03\/76ec69a4-ab5b-4b83-af4d-22b1ec5f7da0.jpg?resize=350%2C200&ssl=1 1x, https:\/\/i0.wp.com\/artstella-elixirs-floraux.com\/wp-content\/uploads\/2025\/03\/76ec69a4-ab5b-4b83-af4d-22b1ec5f7da0.jpg?resize=525%2C300&ssl=1 1.5x, https:\/\/i0.wp.com\/artstella-elixirs-floraux.com\/wp-content\/uploads\/2025\/03\/76ec69a4-ab5b-4b83-af4d-22b1ec5f7da0.jpg?resize=700%2C400&ssl=1 2x"},"classes":[]},{"id":5651,"url":"https:\/\/artstella-elixirs-floraux.com\/en\/product\/capucine-10-ml\/","url_meta":{"origin":3444,"position":3},"title":"Capucine 10 ml","author":"eveapprill","date":"9 March 2025","format":false,"excerpt":"Capucine Vitalit\u00e9, ouverture d\u2019esprit. Recommand\u00e9 \u00e0 ceux qui privil\u00e9gient trop l\u2019intellect et le mental au d\u00e9triment du corps physique. Stimule la vitalit\u00e9.","rel":"","context":"Similar post","block_context":{"text":"Similar post","link":""},"img":{"alt_text":"","src":"https:\/\/i0.wp.com\/artstella-elixirs-floraux.com\/wp-content\/uploads\/2025\/03\/wp-image2384.png?resize=350%2C200&ssl=1","width":350,"height":200},"classes":[]},{"id":5944,"url":"https:\/\/artstella-elixirs-floraux.com\/en\/product\/olivier-15ml-deva\/","url_meta":{"origin":3444,"position":4},"title":"Olivier 15ml DEVA","author":"eveapprill","date":"9 March 2025","format":false,"excerpt":"Olivier - Olive Olea europaea R\u00e9g\u00e9n\u00e9ration, vitalit\u00e9 Apaise l'esprit, fortifie le corps et redonne go\u00fbt \u00e0 la vie. Pour ceux qui ont trop donn\u00e9 d'eux-m\u00eames et qui ont \u00e9puis\u00e9 toute leur \u00e9nergie.","rel":"","context":"Similar post","block_context":{"text":"Similar post","link":""},"img":{"alt_text":"","src":"","width":0,"height":0},"classes":[]},{"id":5724,"url":"https:\/\/artstella-elixirs-floraux.com\/en\/product\/menthe-poivree-10ml-deva\/","url_meta":{"origin":3444,"position":5},"title":"Menthe poivr\u00e9e 10ml DEVA","author":"eveapprill","date":"9 March 2025","format":false,"excerpt":"Menthe Poivr\u00e9e Attention, vivacit\u00e9 d\u2019esprit. Pour surmonter la paresse mentale et la tendance \u00e0 l\u2019endormissement. Pour ceux qui manifestent de la \u00ablourdeur mentale\u00bb suite \u00e0 un exc\u00e8s d\u2019activit\u00e9 intellectuelle.","rel":"","context":"Similar post","block_context":{"text":"Similar post","link":""},"img":{"alt_text":"","src":"https:\/\/i0.wp.com\/artstella-elixirs-floraux.com\/wp-content\/uploads\/2025\/03\/wp-image2420.png?resize=350%2C200&ssl=1","width":350,"height":200},"classes":[]}],"_links":{"self":[{"href":"https:\/\/artstella-elixirs-floraux.com\/en\/wp-json\/wp\/v2\/product\/3444","targetHints":{"allow":["GET"]}}],"collection":[{"href":"https:\/\/artstella-elixirs-floraux.com\/en\/wp-json\/wp\/v2\/product"}],"about":[{"href":"https:\/\/artstella-elixirs-floraux.com\/en\/wp-json\/wp\/v2\/types\/product"}],"version-history":[{"count":0,"href":"https:\/\/artstella-elixirs-floraux.com\/en\/wp-json\/wp\/v2\/product\/3444\/revisions"}],"wp:featuredmedia":[{"embeddable":true,"href":"https:\/\/artstella-elixirs-floraux.com\/en\/wp-json\/wp\/v2\/media\/3445"}],"wp:attachment":[{"href":"https:\/\/artstella-elixirs-floraux.com\/en\/wp-json\/wp\/v2\/media?parent=3444"}],"wp:term":[{"taxonomy":"product_brand","embeddable":true,"href":"https:\/\/artstella-elixirs-floraux.com\/en\/wp-json\/wp\/v2\/product_brand?post=3444"},{"taxonomy":"product_cat","embeddable":true,"href":"https:\/\/artstella-elixirs-floraux.com\/en\/wp-json\/wp\/v2\/product_cat?post=3444"},{"taxonomy":"product_tag","embeddable":true,"href":"https:\/\/artstella-elixirs-floraux.com\/en\/wp-json\/wp\/v2\/product_tag?post=3444"}],"curies":[{"name":"wp","href":"https:\/\/api.w.org\/{rel}","templated":true}]}}