{"id":3470,"date":"2025-03-09T13:11:52","date_gmt":"2025-03-09T13:11:52","guid":{"rendered":"https:\/\/artstella-elixirs-floraux.com\/product\/grassette-des-alpes-15-ml-phi\/"},"modified":"2025-06-17T16:49:00","modified_gmt":"2025-06-17T16:49:00","slug":"grassette-des-alpes-15-ml-phi","status":"publish","type":"product","link":"https:\/\/artstella-elixirs-floraux.com\/en\/product\/grassette-des-alpes-15-ml-phi\/","title":{"rendered":"GRASSETTE DES ALPES 15 ML PHI"},"content":{"rendered":"","protected":false},"excerpt":{"rendered":"<p><span style=\"color: #008000;\"><strong><em>Grassette des Alpes (Pinguicula alpina) (Alpenfettkraut) <\/em><\/strong><\/span><\/p>\n<p>Nettoyage des diff\u00e9rents plans \u00e9nerg\u00e9tiques et dispersion des \u00ab\u00a0poisons\u00a0\u00bb \u00e9motionnels. Par les pens\u00e9es n\u00e9gatives et critiques, nous surchargeons nous-m\u00eames notre champ \u00e9nerg\u00e9tique. L&rsquo;\u00e9lixir nous aide \u00e0 d\u00e9gager notre corps et notre aura de ces charges.<\/p>","protected":false},"featured_media":3471,"template":"","meta":[],"product_brand":[],"product_cat":[130],"product_tag":[],"class_list":{"0":"post-3470","1":"product","2":"type-product","3":"status-publish","4":"has-post-thumbnail","6":"product_cat-les-elixris-de-fleurs-carnivores","8":"first","9":"instock","10":"taxable","11":"shipping-taxable","12":"purchasable","13":"product-type-simple"},"etheme_brands":{"errors":{"invalid_taxonomy":["Invalid taxonomy."]},"error_data":[]},"jetpack_sharing_enabled":true,"jetpack-related-posts":[{"id":5996,"url":"https:\/\/artstella-elixirs-floraux.com\/en\/product\/compl-stabilite-energetique-15ml\/","url_meta":{"origin":3470,"position":0},"title":"Compl \u00ab\u00a0STABILITE ENERGETIQUE\u00a0\u00bb PHI","author":"eveapprill","date":"9 March 2025","format":false,"excerpt":"Ce complexe offre une grande protection \u00e9nerg\u00e9tique. Il permet d'activer les forces d'auto-gu\u00e9rison. Il favorise l\u2019\u00e9quilibre \u00e9nerg\u00e9tique et la paix int\u00e9rieure. Peut \u00eatre ing\u00e9r\u00e9. \u00a0","rel":"","context":"Similar post","block_context":{"text":"Similar post","link":""},"img":{"alt_text":"","src":"https:\/\/i0.wp.com\/artstella-elixirs-floraux.com\/wp-content\/uploads\/2025\/03\/c52153c1-04b2-4c98-adc5-176c44cc545b.jpg?resize=350%2C200&ssl=1","width":350,"height":200,"srcset":"https:\/\/i0.wp.com\/artstella-elixirs-floraux.com\/wp-content\/uploads\/2025\/03\/c52153c1-04b2-4c98-adc5-176c44cc545b.jpg?resize=350%2C200&ssl=1 1x, https:\/\/i0.wp.com\/artstella-elixirs-floraux.com\/wp-content\/uploads\/2025\/03\/c52153c1-04b2-4c98-adc5-176c44cc545b.jpg?resize=525%2C300&ssl=1 1.5x, https:\/\/i0.wp.com\/artstella-elixirs-floraux.com\/wp-content\/uploads\/2025\/03\/c52153c1-04b2-4c98-adc5-176c44cc545b.jpg?resize=700%2C400&ssl=1 2x"},"classes":[]},{"id":5994,"url":"https:\/\/artstella-elixirs-floraux.com\/en\/product\/collier-stabilite-energetique\/","url_meta":{"origin":3470,"position":1},"title":"COLLIER \u00ab\u00a0STABILITE ENERGETIQUE\u00a0\u00bb","author":"eveapprill","date":"9 March 2025","format":false,"excerpt":"Ce pendentif fait main offre une grande protection \u00e9nerg\u00e9tique\u00a0.","rel":"","context":"Similar post","block_context":{"text":"Similar post","link":""},"img":{"alt_text":"","src":"https:\/\/i0.wp.com\/artstella-elixirs-floraux.com\/wp-content\/uploads\/2025\/03\/wp-image2016.png?resize=350%2C200&ssl=1","width":350,"height":200},"classes":[]},{"id":6209,"url":"https:\/\/artstella-elixirs-floraux.com\/en\/product\/elixir-ocean-n25-phi-15-ml\/","url_meta":{"origin":3470,"position":2},"title":"ELIXIR OCEAN N\u00b025 PHI 15 ML","author":"eveapprill","date":"9 March 2025","format":false,"excerpt":"ELIXIR OCEAN N\u00b025 agit \u00e9nerg\u00e9tiquement sur la peau. Nous prenons conscience de son r\u00f4le d\u2019enveloppe protectrice ce qui en favorise une stimulation \u00e9nerg\u00e9tique. (Les processus de r\u00e9g\u00e9n\u00e9ration sont soutenus \u00e9nerg\u00e9tiquement). Il a un effet nettoyant \u00e9nerg\u00e9tique sur l\u2019organisme \u2013 d\u00e9toxification par l\u2019excr\u00e9tion de l\u2019eau. La lymphe et la miction sont\u2026","rel":"","context":"Similar post","block_context":{"text":"Similar post","link":""},"img":{"alt_text":"","src":"","width":0,"height":0},"classes":[]},{"id":5045,"url":"https:\/\/artstella-elixirs-floraux.com\/en\/product\/aragonite-7-5-ml-gem-sup\/","url_meta":{"origin":3470,"position":3},"title":"ARAGONITE 7.5 ML GEM SUP","author":"eveapprill","date":"9 March 2025","format":false,"excerpt":"Aragonite - Aragonite Indication : mauvaise hygi\u00e8ne \u00e9nerg\u00e9tique; incapacit\u00e9 \u00e0 garder un \u00e9quilibre psychique\u00a0; exc\u00e8s de stimulation due \u00e0 un manque d\u2019enracinement\u00a0; tendance \u00e0 se m\u00e9langer \u00e9nerg\u00e9tiquement avec les autres.","rel":"","context":"Similar post","block_context":{"text":"Similar post","link":""},"img":{"alt_text":"","src":"https:\/\/i0.wp.com\/artstella-elixirs-floraux.com\/wp-content\/uploads\/2025\/03\/wp-image1399.png?resize=350%2C200&ssl=1","width":350,"height":200},"classes":[]},{"id":6030,"url":"https:\/\/artstella-elixirs-floraux.com\/en\/product\/elixir-ocean-n01-phi15ml\/","url_meta":{"origin":3470,"position":4},"title":"ELIXIR OCEAN N\u00b001 PHI15ML","author":"eveapprill","date":"9 March 2025","format":false,"excerpt":"L\u2019action \u00e9nerg\u00e9tique de l\u2019\u00e9lixir va directement aux cellules. L\u2019information des cellules retrouve son \u00e9tat originel inchang\u00e9. Agit \u00e9nerg\u00e9tiquement sur l\u2019\u00e9change cellulaire et l\u2019oxyg\u00e9nation. L\u2019information de l\u2019ADN est \u00ab\u00a0nettoy\u00e9e\u00a0\u00bb \u00e9nerg\u00e9tiquement.","rel":"","context":"Similar post","block_context":{"text":"Similar post","link":""},"img":{"alt_text":"","src":"","width":0,"height":0},"classes":[]},{"id":4574,"url":"https:\/\/artstella-elixirs-floraux.com\/en\/product\/purification-alaska\/","url_meta":{"origin":3470,"position":5},"title":"PURIFICATION SPRAY ALASKA","author":"eveapprill","date":"9 March 2025","format":false,"excerpt":"Purification Existe en gouttes et en spray. Contient : Black Tourmaline Firerweed . Portage Glacier.\u00a0 Sweetgrass .Permet de nettoyer et purifier votre maison, l\u2019environnement de votre travail, ou votre champ \u00e9nerg\u00e9tique.","rel":"","context":"Similar post","block_context":{"text":"Similar post","link":""},"img":{"alt_text":"","src":"https:\/\/i0.wp.com\/artstella-elixirs-floraux.com\/wp-content\/uploads\/2025\/03\/purification-pt-1.jpg?resize=350%2C200&ssl=1","width":350,"height":200},"classes":[]}],"_links":{"self":[{"href":"https:\/\/artstella-elixirs-floraux.com\/en\/wp-json\/wp\/v2\/product\/3470","targetHints":{"allow":["GET"]}}],"collection":[{"href":"https:\/\/artstella-elixirs-floraux.com\/en\/wp-json\/wp\/v2\/product"}],"about":[{"href":"https:\/\/artstella-elixirs-floraux.com\/en\/wp-json\/wp\/v2\/types\/product"}],"version-history":[{"count":2,"href":"https:\/\/artstella-elixirs-floraux.com\/en\/wp-json\/wp\/v2\/product\/3470\/revisions"}],"predecessor-version":[{"id":10902,"href":"https:\/\/artstella-elixirs-floraux.com\/en\/wp-json\/wp\/v2\/product\/3470\/revisions\/10902"}],"wp:featuredmedia":[{"embeddable":true,"href":"https:\/\/artstella-elixirs-floraux.com\/en\/wp-json\/wp\/v2\/media\/3471"}],"wp:attachment":[{"href":"https:\/\/artstella-elixirs-floraux.com\/en\/wp-json\/wp\/v2\/media?parent=3470"}],"wp:term":[{"taxonomy":"product_brand","embeddable":true,"href":"https:\/\/artstella-elixirs-floraux.com\/en\/wp-json\/wp\/v2\/product_brand?post=3470"},{"taxonomy":"product_cat","embeddable":true,"href":"https:\/\/artstella-elixirs-floraux.com\/en\/wp-json\/wp\/v2\/product_cat?post=3470"},{"taxonomy":"product_tag","embeddable":true,"href":"https:\/\/artstella-elixirs-floraux.com\/en\/wp-json\/wp\/v2\/product_tag?post=3470"}],"curies":[{"name":"wp","href":"https:\/\/api.w.org\/{rel}","templated":true}]}}