{"id":3477,"date":"2025-03-09T13:11:58","date_gmt":"2025-03-09T13:11:58","guid":{"rendered":"https:\/\/artstella-elixirs-floraux.com\/product\/active-serenity-ltoe-15-ml\/"},"modified":"2026-05-06T17:44:49","modified_gmt":"2026-05-06T17:44:49","slug":"serenite-active-ltoe-15-ml","status":"publish","type":"product","link":"https:\/\/artstella-elixirs-floraux.com\/en\/product\/serenite-active-ltoe-15-ml\/","title":{"rendered":"Active Serenity LTOE 15 ml"},"content":{"rendered":"<p><span style=\"color: #008000;\"><strong>S\u00e9r\u00e9nit\u00e9 active\/<\/strong><strong>Active Serenity<\/strong><\/span><\/p>\n<p>Un excellent rem\u00e8de contre la fatigue et la d\u00e9tresse, ce complexe agit essentiellement sur les centres du corps mental. Il soulage la tension dans le tronc c\u00e9r\u00e9bral, le chakra alta major (en arri\u00e8re de la t\u00eate) et les lobes frontaux afin de faciliter la pens\u00e9e critique et la prise de d\u00e9cision. Le chakra coronal s\u2019ouvre alors vers une nouvelle perspective \u00e9clair\u00e9e et une capacit\u00e9 mentale \u00e0 la fois calme et \u00e9nergique. Ce complexe est tout indiqu\u00e9 pour les p\u00e9riodes de transition majeures de la vie.<\/p>","protected":false},"excerpt":{"rendered":"<p><span style=\"color: #008000;\"><strong>S\u00e9r\u00e9nit\u00e9 active\/<\/strong><strong>Active Serenity<\/strong><\/span><\/p>\n<p>Un excellent rem\u00e8de contre la fatigue et la d\u00e9tresse, ce complexe agit essentiellement sur les centres du corps mental.<\/p>","protected":false},"featured_media":7563,"template":"","meta":[],"product_brand":[],"product_cat":[131],"product_tag":[],"class_list":{"0":"post-3477","1":"product","2":"type-product","3":"status-publish","4":"has-post-thumbnail","6":"product_cat-les-composes","8":"first","9":"instock","10":"taxable","11":"shipping-taxable","12":"purchasable","13":"product-type-simple"},"etheme_brands":{"errors":{"invalid_taxonomy":["Invalid taxonomy."]},"error_data":[]},"jetpack_sharing_enabled":true,"jetpack-related-posts":[{"id":3499,"url":"https:\/\/artstella-elixirs-floraux.com\/en\/product\/happy-relief-ltoe-15-ml\/","url_meta":{"origin":3477,"position":0},"title":"HAPPY RELIEF LTOE 15 ML","author":"eveapprill","date":"9 March 2025","format":false,"excerpt":"\u00a0Heureux soulagement \/Happy Relief Ce complexe apporte du bonheur et une \u00e9nergie vitale \u00e0 la fois douce et dynamique. Il est surprenant\u00a0 \u00e0 quel point ce complexe rend heureux, tout en soulageant la d\u00e9tresse et les tensions mentales et \u00e9motionnelles.","rel":"","context":"Similar post","block_context":{"text":"Similar post","link":""},"img":{"alt_text":"","src":"https:\/\/i0.wp.com\/artstella-elixirs-floraux.com\/wp-content\/uploads\/2025\/03\/71c05749-40b8-4b08-b170-fcbcf19b9429.jpg?resize=350%2C200&ssl=1","width":350,"height":200,"srcset":"https:\/\/i0.wp.com\/artstella-elixirs-floraux.com\/wp-content\/uploads\/2025\/03\/71c05749-40b8-4b08-b170-fcbcf19b9429.jpg?resize=350%2C200&ssl=1 1x, https:\/\/i0.wp.com\/artstella-elixirs-floraux.com\/wp-content\/uploads\/2025\/03\/71c05749-40b8-4b08-b170-fcbcf19b9429.jpg?resize=525%2C300&ssl=1 1.5x, https:\/\/i0.wp.com\/artstella-elixirs-floraux.com\/wp-content\/uploads\/2025\/03\/71c05749-40b8-4b08-b170-fcbcf19b9429.jpg?resize=700%2C400&ssl=1 2x"},"classes":[]},{"id":5588,"url":"https:\/\/artstella-elixirs-floraux.com\/en\/product\/pyramide-kephren-phi-15-ml\/","url_meta":{"origin":3477,"position":1},"title":"PYRAMIDE Kephren PHI 15 ML","author":"eveapprill","date":"9 March 2025","format":false,"excerpt":"Pyramide de Kh\u00e9phren En partant du chakra du c\u0153ur, cette \u00e9nergie monte et communique avec le corps mental et les chakras sup\u00e9rieurs. L\u2019\u00e9lixir active \u00e9nergiquement le cerveau. Pour \u00e9quilibrer \u00e9nergiquement\u00a0 notre \u00e9volution.","rel":"","context":"Similar post","block_context":{"text":"Similar post","link":""},"img":{"alt_text":"","src":"https:\/\/i0.wp.com\/artstella-elixirs-floraux.com\/wp-content\/uploads\/2025\/03\/wp-image2169.png?resize=350%2C200&ssl=1","width":350,"height":200,"srcset":"https:\/\/i0.wp.com\/artstella-elixirs-floraux.com\/wp-content\/uploads\/2025\/03\/wp-image2169.png?resize=350%2C200&ssl=1 1x, https:\/\/i0.wp.com\/artstella-elixirs-floraux.com\/wp-content\/uploads\/2025\/03\/wp-image2169.png?resize=525%2C300&ssl=1 1.5x, https:\/\/i0.wp.com\/artstella-elixirs-floraux.com\/wp-content\/uploads\/2025\/03\/wp-image2169.png?resize=700%2C400&ssl=1 2x"},"classes":[]},{"id":6317,"url":"https:\/\/artstella-elixirs-floraux.com\/en\/product\/troisieme-chakra-weae-30ml\/","url_meta":{"origin":3477,"position":2},"title":"TROISIEME CHAKRA WEAE 30ML","author":"eveapprill","date":"9 March 2025","format":false,"excerpt":"Third Chakra Essence fournit un soutien pour recevoir les cadeaux du troisi\u00e8me chakra, y compris: revendiquer et exprimer notre pouvoir personnel sain, renforcer et \u00e9quilibrer notre corps mental, agir dans le monde avec d\u00e9termination et engagement. \u00a0 \u00a0","rel":"","context":"Similar post","block_context":{"text":"Similar post","link":""},"img":{"alt_text":"","src":"https:\/\/i0.wp.com\/artstella-elixirs-floraux.com\/wp-content\/uploads\/2025\/03\/916895f6-2f0a-436e-958b-2cb102cd33c3.jpg?resize=350%2C200&ssl=1","width":350,"height":200,"srcset":"https:\/\/i0.wp.com\/artstella-elixirs-floraux.com\/wp-content\/uploads\/2025\/03\/916895f6-2f0a-436e-958b-2cb102cd33c3.jpg?resize=350%2C200&ssl=1 1x, https:\/\/i0.wp.com\/artstella-elixirs-floraux.com\/wp-content\/uploads\/2025\/03\/916895f6-2f0a-436e-958b-2cb102cd33c3.jpg?resize=525%2C300&ssl=1 1.5x, https:\/\/i0.wp.com\/artstella-elixirs-floraux.com\/wp-content\/uploads\/2025\/03\/916895f6-2f0a-436e-958b-2cb102cd33c3.jpg?resize=700%2C400&ssl=1 2x"},"classes":[]},{"id":6070,"url":"https:\/\/artstella-elixirs-floraux.com\/en\/product\/elixir-ocean-n21-phi-15ml\/","url_meta":{"origin":3477,"position":3},"title":"ELIXIR OCEAN N\u00b021 PHI 15ML","author":"eveapprill","date":"9 March 2025","format":false,"excerpt":"Sur un plan \u00e9nerg\u00e9tique, cet \u00e9lixir agit comme un tonique de tout le corps. Le syst\u00e8me nerveux est renforc\u00e9 et \u00e9quilibr\u00e9. Apporte une forte action de r\u00e9g\u00e9n\u00e9ration, \u00e9galement au niveau du 2\u00e8me chakra. Renforcement de la force vitale du corps.","rel":"","context":"Similar post","block_context":{"text":"Similar post","link":""},"img":{"alt_text":"","src":"https:\/\/i0.wp.com\/artstella-elixirs-floraux.com\/wp-content\/uploads\/2025\/03\/wp-image2059.png?resize=350%2C200&ssl=1","width":350,"height":200},"classes":[]},{"id":5163,"url":"https:\/\/artstella-elixirs-floraux.com\/en\/product\/corail-cervau-phi-15-ml\/","url_meta":{"origin":3477,"position":4},"title":"Corail Cervau PHI 15 ml","author":"eveapprill","date":"9 March 2025","format":false,"excerpt":"Corail cerveau (Platygyra lamellia) Hirnkoralle\u00a0 Ce corail forme des colonies de plusieurs m\u00e8tres de hauteur. Sa structure montre une analogie avec le cerveau.","rel":"","context":"Similar post","block_context":{"text":"Similar post","link":""},"img":{"alt_text":"","src":"https:\/\/i0.wp.com\/artstella-elixirs-floraux.com\/wp-content\/uploads\/2025\/03\/808b3546-c9bc-4cf6-ab18-e0e8c809d5a0.jpg?resize=350%2C200&ssl=1","width":350,"height":200,"srcset":"https:\/\/i0.wp.com\/artstella-elixirs-floraux.com\/wp-content\/uploads\/2025\/03\/808b3546-c9bc-4cf6-ab18-e0e8c809d5a0.jpg?resize=350%2C200&ssl=1 1x, https:\/\/i0.wp.com\/artstella-elixirs-floraux.com\/wp-content\/uploads\/2025\/03\/808b3546-c9bc-4cf6-ab18-e0e8c809d5a0.jpg?resize=525%2C300&ssl=1 1.5x, https:\/\/i0.wp.com\/artstella-elixirs-floraux.com\/wp-content\/uploads\/2025\/03\/808b3546-c9bc-4cf6-ab18-e0e8c809d5a0.jpg?resize=700%2C400&ssl=1 2x"},"classes":[]},{"id":5996,"url":"https:\/\/artstella-elixirs-floraux.com\/en\/product\/compl-stabilite-energetique-15ml\/","url_meta":{"origin":3477,"position":5},"title":"Compl \u00ab\u00a0STABILITE ENERGETIQUE\u00a0\u00bb PHI","author":"eveapprill","date":"9 March 2025","format":false,"excerpt":"Ce complexe offre une grande protection \u00e9nerg\u00e9tique. Il permet d'activer les forces d'auto-gu\u00e9rison. Il favorise l\u2019\u00e9quilibre \u00e9nerg\u00e9tique et la paix int\u00e9rieure. Peut \u00eatre ing\u00e9r\u00e9. \u00a0","rel":"","context":"Similar post","block_context":{"text":"Similar post","link":""},"img":{"alt_text":"","src":"https:\/\/i0.wp.com\/artstella-elixirs-floraux.com\/wp-content\/uploads\/2025\/03\/c52153c1-04b2-4c98-adc5-176c44cc545b.jpg?resize=350%2C200&ssl=1","width":350,"height":200,"srcset":"https:\/\/i0.wp.com\/artstella-elixirs-floraux.com\/wp-content\/uploads\/2025\/03\/c52153c1-04b2-4c98-adc5-176c44cc545b.jpg?resize=350%2C200&ssl=1 1x, https:\/\/i0.wp.com\/artstella-elixirs-floraux.com\/wp-content\/uploads\/2025\/03\/c52153c1-04b2-4c98-adc5-176c44cc545b.jpg?resize=525%2C300&ssl=1 1.5x, https:\/\/i0.wp.com\/artstella-elixirs-floraux.com\/wp-content\/uploads\/2025\/03\/c52153c1-04b2-4c98-adc5-176c44cc545b.jpg?resize=700%2C400&ssl=1 2x"},"classes":[]}],"_links":{"self":[{"href":"https:\/\/artstella-elixirs-floraux.com\/en\/wp-json\/wp\/v2\/product\/3477","targetHints":{"allow":["GET"]}}],"collection":[{"href":"https:\/\/artstella-elixirs-floraux.com\/en\/wp-json\/wp\/v2\/product"}],"about":[{"href":"https:\/\/artstella-elixirs-floraux.com\/en\/wp-json\/wp\/v2\/types\/product"}],"version-history":[{"count":1,"href":"https:\/\/artstella-elixirs-floraux.com\/en\/wp-json\/wp\/v2\/product\/3477\/revisions"}],"predecessor-version":[{"id":12680,"href":"https:\/\/artstella-elixirs-floraux.com\/en\/wp-json\/wp\/v2\/product\/3477\/revisions\/12680"}],"wp:featuredmedia":[{"embeddable":true,"href":"https:\/\/artstella-elixirs-floraux.com\/en\/wp-json\/wp\/v2\/media\/7563"}],"wp:attachment":[{"href":"https:\/\/artstella-elixirs-floraux.com\/en\/wp-json\/wp\/v2\/media?parent=3477"}],"wp:term":[{"taxonomy":"product_brand","embeddable":true,"href":"https:\/\/artstella-elixirs-floraux.com\/en\/wp-json\/wp\/v2\/product_brand?post=3477"},{"taxonomy":"product_cat","embeddable":true,"href":"https:\/\/artstella-elixirs-floraux.com\/en\/wp-json\/wp\/v2\/product_cat?post=3477"},{"taxonomy":"product_tag","embeddable":true,"href":"https:\/\/artstella-elixirs-floraux.com\/en\/wp-json\/wp\/v2\/product_tag?post=3477"}],"curies":[{"name":"wp","href":"https:\/\/api.w.org\/{rel}","templated":true}]}}