{"id":3481,"date":"2025-03-09T13:12:00","date_gmt":"2025-03-09T13:12:00","guid":{"rendered":"https:\/\/artstella-elixirs-floraux.com\/product\/celestial-defender-ltoe-15-ml\/"},"modified":"2026-05-06T17:43:14","modified_gmt":"2026-05-06T17:43:14","slug":"celestial-defender-ltoe-15-ml","status":"publish","type":"product","link":"https:\/\/artstella-elixirs-floraux.com\/en\/product\/celestial-defender-ltoe-15-ml\/","title":{"rendered":"CELESTIAL DEFENDER LTOE 15 ML"},"content":{"rendered":"","protected":false},"excerpt":{"rendered":"<p><strong><em>Celestial Defender \/ Defenseur c\u00e9leste <\/em><\/strong><strong><em>(<\/em><\/strong><em>Defender from the Dark et de Celestial Siren)<\/em><em>\u00a0<\/em>: invite \u00e0 s\u2019ouvrir au divin en douceur. Il peut y avoir un certain risque de manque de protection dans le voyage transcendantal. En cr\u00e9ant un espace de protection, l\u2019effet de Celestial Siren peut mieux se d\u00e9ployer. D\u2019une fa\u00e7on g\u00e9n\u00e9rale, on peut ressentir une t\u00eate plus claire.<\/p>","protected":false},"featured_media":9924,"template":"","meta":[],"product_brand":[],"product_cat":[131],"product_tag":[],"class_list":{"0":"post-3481","1":"product","2":"type-product","3":"status-publish","4":"has-post-thumbnail","6":"product_cat-les-composes","8":"first","9":"instock","10":"taxable","11":"shipping-taxable","12":"purchasable","13":"product-type-simple"},"etheme_brands":{"errors":{"invalid_taxonomy":["Invalid taxonomy."]},"error_data":[]},"jetpack_sharing_enabled":true,"jetpack-related-posts":[{"id":3557,"url":"https:\/\/artstella-elixirs-floraux.com\/en\/product\/9-celestial-siren-ltoe-15-ml\/","url_meta":{"origin":3481,"position":0},"title":"CELESTIAL SIREN LTOE 15 ML","author":"eveapprill","date":"9 March 2025","format":false,"excerpt":"Celestial siren \/ Sir\u00e8ne c\u00e9leste (Dendrobium lawesii)Favorable \u00e0 la m\u00e9ditation. Permet d\u2019atteindre une attitude int\u00e9rieure de calme et de silence. Les pens\u00e9es n\u00e9gatives sont souffl\u00e9es telles des bougies.","rel":"","context":"Similar post","block_context":{"text":"Similar post","link":""},"img":{"alt_text":"","src":"https:\/\/i0.wp.com\/artstella-elixirs-floraux.com\/wp-content\/uploads\/2025\/03\/f89166a4-b22a-4ff5-9fa5-1b29deb20102.jpg?resize=350%2C200&ssl=1","width":350,"height":200,"srcset":"https:\/\/i0.wp.com\/artstella-elixirs-floraux.com\/wp-content\/uploads\/2025\/03\/f89166a4-b22a-4ff5-9fa5-1b29deb20102.jpg?resize=350%2C200&ssl=1 1x, https:\/\/i0.wp.com\/artstella-elixirs-floraux.com\/wp-content\/uploads\/2025\/03\/f89166a4-b22a-4ff5-9fa5-1b29deb20102.jpg?resize=525%2C300&ssl=1 1.5x, https:\/\/i0.wp.com\/artstella-elixirs-floraux.com\/wp-content\/uploads\/2025\/03\/f89166a4-b22a-4ff5-9fa5-1b29deb20102.jpg?resize=700%2C400&ssl=1 2x"},"classes":[]},{"id":6185,"url":"https:\/\/artstella-elixirs-floraux.com\/en\/product\/celebration-15-ml-ltoe\/","url_meta":{"origin":3481,"position":1},"title":"CELEBRATION 15 ML LTOE","author":"eveapprill","date":"9 March 2025","format":false,"excerpt":"Celestial siren - Sir\u00e8ne c\u00e9leste (Dendrobium lawesii) Favorable \u00e0 la m\u00e9ditation. Permet d\u2019atteindre une attitude int\u00e9rieure de calme et de silence. Les pens\u00e9es n\u00e9gatives sont souffl\u00e9es telles des bougies.","rel":"","context":"Similar post","block_context":{"text":"Similar post","link":""},"img":{"alt_text":"","src":"https:\/\/i0.wp.com\/artstella-elixirs-floraux.com\/wp-content\/uploads\/2025\/03\/0597375b-4703-441c-a0c7-7bfc63b4e47c.jpg?resize=350%2C200&ssl=1","width":350,"height":200,"srcset":"https:\/\/i0.wp.com\/artstella-elixirs-floraux.com\/wp-content\/uploads\/2025\/03\/0597375b-4703-441c-a0c7-7bfc63b4e47c.jpg?resize=350%2C200&ssl=1 1x, https:\/\/i0.wp.com\/artstella-elixirs-floraux.com\/wp-content\/uploads\/2025\/03\/0597375b-4703-441c-a0c7-7bfc63b4e47c.jpg?resize=525%2C300&ssl=1 1.5x, https:\/\/i0.wp.com\/artstella-elixirs-floraux.com\/wp-content\/uploads\/2025\/03\/0597375b-4703-441c-a0c7-7bfc63b4e47c.jpg?resize=700%2C400&ssl=1 2x"},"classes":[]},{"id":5247,"url":"https:\/\/artstella-elixirs-floraux.com\/en\/product\/defend-protect-and-purify-15-ml\/","url_meta":{"origin":3481,"position":2},"title":"DEFEND PROTECT AND PURIFY 15 ML","author":"eveapprill","date":"9 March 2025","format":false,"excerpt":"Defend Protect & Purify ( compos\u00e9 de Defender frome the Dark, Protective Presence et Joyous Purification) Aide \u00e0 nettoyer le corps \u00e9th\u00e9rique des entit\u00e9s de bases \u00e9nergies. A tester en relation avec le 1er et le 2\u00e8me chakra. Peut \u00eatre utilis\u00e9 aussi bien par voie orale que de fa\u00e7on externe.","rel":"","context":"Similar post","block_context":{"text":"Similar post","link":""},"img":{"alt_text":"","src":"https:\/\/i0.wp.com\/artstella-elixirs-floraux.com\/wp-content\/uploads\/2025\/03\/ecb69ce2-ef0f-4bad-8272-8f4b7737aef1.jpg?resize=350%2C200&ssl=1","width":350,"height":200,"srcset":"https:\/\/i0.wp.com\/artstella-elixirs-floraux.com\/wp-content\/uploads\/2025\/03\/ecb69ce2-ef0f-4bad-8272-8f4b7737aef1.jpg?resize=350%2C200&ssl=1 1x, https:\/\/i0.wp.com\/artstella-elixirs-floraux.com\/wp-content\/uploads\/2025\/03\/ecb69ce2-ef0f-4bad-8272-8f4b7737aef1.jpg?resize=525%2C300&ssl=1 1.5x, https:\/\/i0.wp.com\/artstella-elixirs-floraux.com\/wp-content\/uploads\/2025\/03\/ecb69ce2-ef0f-4bad-8272-8f4b7737aef1.jpg?resize=700%2C400&ssl=1 2x"},"classes":[]},{"id":3487,"url":"https:\/\/artstella-elixirs-floraux.com\/en\/product\/defender-of-the-light-ltoe-15ml\/","url_meta":{"origin":3481,"position":3},"title":"DEFENDER OF THE LIGHT LTOE 15ML","author":"eveapprill","date":"9 March 2025","format":false,"excerpt":"Defender of Ligth \/ D\u00e9fenseur de la lumi\u00e8re * (Defender from the Dark et Violacea Veritas), L\u2019effet de Viola Veritas ouvrant et activant le troisi\u00e8me \u0153il peut amener la personne \u00e0 faire face \u00e0 des \u00e9nergies n\u00e9gatives, pouvant troubler la psych\u00e9.","rel":"","context":"Similar post","block_context":{"text":"Similar post","link":""},"img":{"alt_text":"","src":"https:\/\/i0.wp.com\/artstella-elixirs-floraux.com\/wp-content\/uploads\/2025\/03\/0c234c02-a4d7-4c04-87cb-0336c64d2c8a.jpg?resize=350%2C200&ssl=1","width":350,"height":200,"srcset":"https:\/\/i0.wp.com\/artstella-elixirs-floraux.com\/wp-content\/uploads\/2025\/03\/0c234c02-a4d7-4c04-87cb-0336c64d2c8a.jpg?resize=350%2C200&ssl=1 1x, https:\/\/i0.wp.com\/artstella-elixirs-floraux.com\/wp-content\/uploads\/2025\/03\/0c234c02-a4d7-4c04-87cb-0336c64d2c8a.jpg?resize=525%2C300&ssl=1 1.5x, https:\/\/i0.wp.com\/artstella-elixirs-floraux.com\/wp-content\/uploads\/2025\/03\/0c234c02-a4d7-4c04-87cb-0336c64d2c8a.jpg?resize=700%2C400&ssl=1 2x"},"classes":[]},{"id":5488,"url":"https:\/\/artstella-elixirs-floraux.com\/en\/product\/shield-of-light-spray\/","url_meta":{"origin":3481,"position":4},"title":"SHIELD OF LIGHT SPRAY","author":"eveapprill","date":"9 March 2025","format":false,"excerpt":"Shield of light - Bouclier de lumi\u00e8re Parmi les derni\u00e8res cr\u00e9ations de Don Denis en collaboration du Dr. Adrian Brito-Babapulle, voici un nouveau compos\u00e9 majeur pour se prot\u00e9ger des \u00e9nergies sombres. Sa formule permet \u00e0 l\u2019aura de refl\u00e9ter tel un miroir, de fa\u00e7on \u00e0 ce que de telles \u00e9nergies ne\u2026","rel":"","context":"Similar post","block_context":{"text":"Similar post","link":""},"img":{"alt_text":"","src":"","width":0,"height":0},"classes":[]},{"id":5340,"url":"https:\/\/artstella-elixirs-floraux.com\/en\/product\/defend-and-protect\/","url_meta":{"origin":3481,"position":5},"title":"DEFEND and PROTECT SPRAY","author":"eveapprill","date":"9 March 2025","format":false,"excerpt":"Defend and Protect \/ D\u00e9fense et Protection \u00a0(Defender from the Dark et protective Presence) Il y a une similarit\u00e9 entre ces deux orchid\u00e9es en ce qu\u2019elles apportent une attention \u00e0 toute \u00e9preuve face aux influences malignes. Quand on doit faire face \u00e0 des entit\u00e9s n\u00e9gatives, ce compos\u00e9 apporte une armure\u2026","rel":"","context":"Similar post","block_context":{"text":"Similar post","link":""},"img":{"alt_text":"","src":"https:\/\/i0.wp.com\/artstella-elixirs-floraux.com\/wp-content\/uploads\/2025\/03\/wp-image1738.png?resize=350%2C200&ssl=1","width":350,"height":200},"classes":[]}],"_links":{"self":[{"href":"https:\/\/artstella-elixirs-floraux.com\/en\/wp-json\/wp\/v2\/product\/3481","targetHints":{"allow":["GET"]}}],"collection":[{"href":"https:\/\/artstella-elixirs-floraux.com\/en\/wp-json\/wp\/v2\/product"}],"about":[{"href":"https:\/\/artstella-elixirs-floraux.com\/en\/wp-json\/wp\/v2\/types\/product"}],"version-history":[{"count":1,"href":"https:\/\/artstella-elixirs-floraux.com\/en\/wp-json\/wp\/v2\/product\/3481\/revisions"}],"predecessor-version":[{"id":12678,"href":"https:\/\/artstella-elixirs-floraux.com\/en\/wp-json\/wp\/v2\/product\/3481\/revisions\/12678"}],"wp:featuredmedia":[{"embeddable":true,"href":"https:\/\/artstella-elixirs-floraux.com\/en\/wp-json\/wp\/v2\/media\/9924"}],"wp:attachment":[{"href":"https:\/\/artstella-elixirs-floraux.com\/en\/wp-json\/wp\/v2\/media?parent=3481"}],"wp:term":[{"taxonomy":"product_brand","embeddable":true,"href":"https:\/\/artstella-elixirs-floraux.com\/en\/wp-json\/wp\/v2\/product_brand?post=3481"},{"taxonomy":"product_cat","embeddable":true,"href":"https:\/\/artstella-elixirs-floraux.com\/en\/wp-json\/wp\/v2\/product_cat?post=3481"},{"taxonomy":"product_tag","embeddable":true,"href":"https:\/\/artstella-elixirs-floraux.com\/en\/wp-json\/wp\/v2\/product_tag?post=3481"}],"curies":[{"name":"wp","href":"https:\/\/api.w.org\/{rel}","templated":true}]}}