{"id":3487,"date":"2025-03-09T13:12:04","date_gmt":"2025-03-09T13:12:04","guid":{"rendered":"https:\/\/artstella-elixirs-floraux.com\/product\/defender-of-the-light-ltoe-15ml\/"},"modified":"2026-05-06T17:41:01","modified_gmt":"2026-05-06T17:41:01","slug":"defender-of-the-light-ltoe-15ml","status":"publish","type":"product","link":"https:\/\/artstella-elixirs-floraux.com\/en\/product\/defender-of-the-light-ltoe-15ml\/","title":{"rendered":"DEFENDER OF THE LIGHT LTOE 15ML"},"content":{"rendered":"<p><strong><em>Defender of Ligth \/ D\u00e9fenseur de la lumi\u00e8re *<\/em><\/strong> <em>(Defender from the Dark et <\/em><em>Violacea Veritas)<\/em>, L\u2019effet de Viola Veritas ouvrant et activant le troisi\u00e8me \u0153il peut amener la personne \u00e0 faire face \u00e0 des \u00e9nergies n\u00e9gatives, pouvant troubler la psych\u00e9. Defender of the ligth apporte une sorte de parapluie de protection, permettant \u00e0 l\u2019action de Viola Veritas de pouvoir soutenir une exp\u00e9rience profonde de transformation. Il est possible de ressentir un \u00e9veil du 3<sup>\u00e8me<\/sup> \u0153il accompagn\u00e9e d\u2019une grande acuit\u00e9 de perception, tout en se sentant prot\u00e9g\u00e9.<\/p>","protected":false},"excerpt":{"rendered":"<p><strong><em>Defender of Ligth \/ D\u00e9fenseur de la lumi\u00e8re *<\/em><\/strong> <em>(Defender from the Dark et <\/em><em>Violacea Veritas)<\/em>, L\u2019effet de Viola Veritas ouvrant et activant le troisi\u00e8me \u0153il peut amener la personne \u00e0 faire face \u00e0 des \u00e9nergies n\u00e9gatives, pouvant troubler la psych\u00e9.<\/p>","protected":false},"featured_media":7662,"template":"","meta":[],"product_brand":[],"product_cat":[131],"product_tag":[],"class_list":{"0":"post-3487","1":"product","2":"type-product","3":"status-publish","4":"has-post-thumbnail","6":"product_cat-les-composes","8":"first","9":"instock","10":"taxable","11":"shipping-taxable","12":"purchasable","13":"product-type-simple"},"etheme_brands":{"errors":{"invalid_taxonomy":["Invalid taxonomy."]},"error_data":[]},"jetpack_sharing_enabled":true,"jetpack-related-posts":[{"id":3489,"url":"https:\/\/artstella-elixirs-floraux.com\/en\/product\/defender-of-the-source-15-ml-ltoe\/","url_meta":{"origin":3487,"position":0},"title":"DEFENDER OF THE SOURCE 15 ML LTOE","author":"eveapprill","date":"9 March 2025","format":false,"excerpt":"Defender of the Source \/ D\u00e9fense de la Source\u00a0 (compos\u00e9 de Defender from the Dark et Source of Life).\u00a0 Ce compos\u00e9 prot\u00e8gera la r\u00e9gion du chakra sacr\u00e9 contre l\u2019interf\u00e9rence de ces \u00e9nergies n\u00e9gatives. Cet \u00e9lixir semble agir comme un gardien des portes de l\u2019\u00e2me","rel":"","context":"Similar post","block_context":{"text":"Similar post","link":""},"img":{"alt_text":"","src":"https:\/\/i0.wp.com\/artstella-elixirs-floraux.com\/wp-content\/uploads\/2025\/03\/1daefbf9-9d3a-4242-991c-8fc13d1e5a8a.jpg?resize=350%2C200&ssl=1","width":350,"height":200,"srcset":"https:\/\/i0.wp.com\/artstella-elixirs-floraux.com\/wp-content\/uploads\/2025\/03\/1daefbf9-9d3a-4242-991c-8fc13d1e5a8a.jpg?resize=350%2C200&ssl=1 1x, https:\/\/i0.wp.com\/artstella-elixirs-floraux.com\/wp-content\/uploads\/2025\/03\/1daefbf9-9d3a-4242-991c-8fc13d1e5a8a.jpg?resize=525%2C300&ssl=1 1.5x, https:\/\/i0.wp.com\/artstella-elixirs-floraux.com\/wp-content\/uploads\/2025\/03\/1daefbf9-9d3a-4242-991c-8fc13d1e5a8a.jpg?resize=700%2C400&ssl=1 2x"},"classes":[]},{"id":3485,"url":"https:\/\/artstella-elixirs-floraux.com\/en\/product\/defend-and-protect-15-ml-ltoe\/","url_meta":{"origin":3487,"position":1},"title":"DEFEND AND PROTECT 15 ML LTOE","author":"eveapprill","date":"9 March 2025","format":false,"excerpt":"Defend and Protect \/ D\u00e9fense et Protection * (Defender from the Dark et Protective Presence) Il y a une similarit\u00e9 entre ces deux orchid\u00e9es en ce qu\u2019elles apportent une attention \u00e0 toute \u00e9preuve face aux influences malignes. Quand on doit faire face \u00e0 des entit\u00e9s n\u00e9gatives, ce compos\u00e9 apporte une\u2026","rel":"","context":"Similar post","block_context":{"text":"Similar post","link":""},"img":{"alt_text":"","src":"https:\/\/i0.wp.com\/artstella-elixirs-floraux.com\/wp-content\/uploads\/2025\/03\/56bfa7bf-53e2-4519-8fed-67e2d0d481ea.jpg?resize=350%2C200&ssl=1","width":350,"height":200,"srcset":"https:\/\/i0.wp.com\/artstella-elixirs-floraux.com\/wp-content\/uploads\/2025\/03\/56bfa7bf-53e2-4519-8fed-67e2d0d481ea.jpg?resize=350%2C200&ssl=1 1x, https:\/\/i0.wp.com\/artstella-elixirs-floraux.com\/wp-content\/uploads\/2025\/03\/56bfa7bf-53e2-4519-8fed-67e2d0d481ea.jpg?resize=525%2C300&ssl=1 1.5x, https:\/\/i0.wp.com\/artstella-elixirs-floraux.com\/wp-content\/uploads\/2025\/03\/56bfa7bf-53e2-4519-8fed-67e2d0d481ea.jpg?resize=700%2C400&ssl=1 2x"},"classes":[]},{"id":5340,"url":"https:\/\/artstella-elixirs-floraux.com\/en\/product\/defend-and-protect\/","url_meta":{"origin":3487,"position":2},"title":"DEFEND and PROTECT SPRAY","author":"eveapprill","date":"9 March 2025","format":false,"excerpt":"Defend and Protect \/ D\u00e9fense et Protection \u00a0(Defender from the Dark et protective Presence) Il y a une similarit\u00e9 entre ces deux orchid\u00e9es en ce qu\u2019elles apportent une attention \u00e0 toute \u00e9preuve face aux influences malignes. Quand on doit faire face \u00e0 des entit\u00e9s n\u00e9gatives, ce compos\u00e9 apporte une armure\u2026","rel":"","context":"Similar post","block_context":{"text":"Similar post","link":""},"img":{"alt_text":"","src":"https:\/\/i0.wp.com\/artstella-elixirs-floraux.com\/wp-content\/uploads\/2025\/03\/wp-image1738.png?resize=350%2C200&ssl=1","width":350,"height":200},"classes":[]},{"id":3481,"url":"https:\/\/artstella-elixirs-floraux.com\/en\/product\/celestial-defender-ltoe-15-ml\/","url_meta":{"origin":3487,"position":3},"title":"CELESTIAL DEFENDER LTOE 15 ML","author":"eveapprill","date":"9 March 2025","format":false,"excerpt":"Celestial Defender \/ Defenseur c\u00e9leste (Defender from the Dark et de Celestial Siren)\u00a0: invite \u00e0 s\u2019ouvrir au divin en douceur. Il peut y avoir un certain risque de manque de protection dans le voyage transcendantal. En cr\u00e9ant un espace de protection, l\u2019effet de Celestial Siren peut mieux se d\u00e9ployer. D\u2019une\u2026","rel":"","context":"Similar post","block_context":{"text":"Similar post","link":""},"img":{"alt_text":"","src":"https:\/\/i0.wp.com\/artstella-elixirs-floraux.com\/wp-content\/uploads\/2025\/03\/d9ad2e65-71c0-4959-abee-9c1ddf9aaa2c.jpg?resize=350%2C200&ssl=1","width":350,"height":200,"srcset":"https:\/\/i0.wp.com\/artstella-elixirs-floraux.com\/wp-content\/uploads\/2025\/03\/d9ad2e65-71c0-4959-abee-9c1ddf9aaa2c.jpg?resize=350%2C200&ssl=1 1x, https:\/\/i0.wp.com\/artstella-elixirs-floraux.com\/wp-content\/uploads\/2025\/03\/d9ad2e65-71c0-4959-abee-9c1ddf9aaa2c.jpg?resize=525%2C300&ssl=1 1.5x, https:\/\/i0.wp.com\/artstella-elixirs-floraux.com\/wp-content\/uploads\/2025\/03\/d9ad2e65-71c0-4959-abee-9c1ddf9aaa2c.jpg?resize=700%2C400&ssl=1 2x"},"classes":[]},{"id":3713,"url":"https:\/\/artstella-elixirs-floraux.com\/en\/product\/defender-from-the-dark-spray\/","url_meta":{"origin":3487,"position":4},"title":"DEFENDER from the DARK SPRAY","author":"eveapprill","date":"9 March 2025","format":false,"excerpt":"Defender from the Dark (Protection de l\u2019obscurit\u00e9) En r\u00e9ponse aux d\u00e9fis dus au changement \u00e9nerg\u00e9tique global, cette orchid\u00e9e a demand\u00e9 \u00e0 \u00eatre pr\u00e9par\u00e9e en \u00e9lixir, en octobre 2010. Elle rappelle les images de Tolkien. Ainsi, bien que connaissant l\u2019ombre, elle n\u2019est pas de l\u2019ombre. \"Bleu\" : avec les huiles essentielles\u2026","rel":"","context":"Similar post","block_context":{"text":"Similar post","link":""},"img":{"alt_text":"sprays d\u00e9fense","src":"https:\/\/i0.wp.com\/artstella-elixirs-floraux.com\/wp-content\/uploads\/2025\/03\/wp-image1735.png?resize=350%2C200&ssl=1","width":350,"height":200},"classes":[]},{"id":5247,"url":"https:\/\/artstella-elixirs-floraux.com\/en\/product\/defend-protect-and-purify-15-ml\/","url_meta":{"origin":3487,"position":5},"title":"DEFEND PROTECT AND PURIFY 15 ML","author":"eveapprill","date":"9 March 2025","format":false,"excerpt":"Defend Protect & Purify ( compos\u00e9 de Defender frome the Dark, Protective Presence et Joyous Purification) Aide \u00e0 nettoyer le corps \u00e9th\u00e9rique des entit\u00e9s de bases \u00e9nergies. A tester en relation avec le 1er et le 2\u00e8me chakra. Peut \u00eatre utilis\u00e9 aussi bien par voie orale que de fa\u00e7on externe.","rel":"","context":"Similar post","block_context":{"text":"Similar post","link":""},"img":{"alt_text":"","src":"https:\/\/i0.wp.com\/artstella-elixirs-floraux.com\/wp-content\/uploads\/2025\/03\/ecb69ce2-ef0f-4bad-8272-8f4b7737aef1.jpg?resize=350%2C200&ssl=1","width":350,"height":200,"srcset":"https:\/\/i0.wp.com\/artstella-elixirs-floraux.com\/wp-content\/uploads\/2025\/03\/ecb69ce2-ef0f-4bad-8272-8f4b7737aef1.jpg?resize=350%2C200&ssl=1 1x, https:\/\/i0.wp.com\/artstella-elixirs-floraux.com\/wp-content\/uploads\/2025\/03\/ecb69ce2-ef0f-4bad-8272-8f4b7737aef1.jpg?resize=525%2C300&ssl=1 1.5x, https:\/\/i0.wp.com\/artstella-elixirs-floraux.com\/wp-content\/uploads\/2025\/03\/ecb69ce2-ef0f-4bad-8272-8f4b7737aef1.jpg?resize=700%2C400&ssl=1 2x"},"classes":[]}],"_links":{"self":[{"href":"https:\/\/artstella-elixirs-floraux.com\/en\/wp-json\/wp\/v2\/product\/3487","targetHints":{"allow":["GET"]}}],"collection":[{"href":"https:\/\/artstella-elixirs-floraux.com\/en\/wp-json\/wp\/v2\/product"}],"about":[{"href":"https:\/\/artstella-elixirs-floraux.com\/en\/wp-json\/wp\/v2\/types\/product"}],"version-history":[{"count":1,"href":"https:\/\/artstella-elixirs-floraux.com\/en\/wp-json\/wp\/v2\/product\/3487\/revisions"}],"predecessor-version":[{"id":12675,"href":"https:\/\/artstella-elixirs-floraux.com\/en\/wp-json\/wp\/v2\/product\/3487\/revisions\/12675"}],"wp:featuredmedia":[{"embeddable":true,"href":"https:\/\/artstella-elixirs-floraux.com\/en\/wp-json\/wp\/v2\/media\/7662"}],"wp:attachment":[{"href":"https:\/\/artstella-elixirs-floraux.com\/en\/wp-json\/wp\/v2\/media?parent=3487"}],"wp:term":[{"taxonomy":"product_brand","embeddable":true,"href":"https:\/\/artstella-elixirs-floraux.com\/en\/wp-json\/wp\/v2\/product_brand?post=3487"},{"taxonomy":"product_cat","embeddable":true,"href":"https:\/\/artstella-elixirs-floraux.com\/en\/wp-json\/wp\/v2\/product_cat?post=3487"},{"taxonomy":"product_tag","embeddable":true,"href":"https:\/\/artstella-elixirs-floraux.com\/en\/wp-json\/wp\/v2\/product_tag?post=3487"}],"curies":[{"name":"wp","href":"https:\/\/api.w.org\/{rel}","templated":true}]}}